{"id":7181,"date":"2019-09-04T21:58:40","date_gmt":"2019-09-04T21:58:40","guid":{"rendered":"https:\/\/transparencia.bahiadebanderas.gob.mx\/?page_id=7181"},"modified":"2021-07-31T02:11:04","modified_gmt":"2021-07-31T02:11:04","slug":"i-marco-programatico-presupuestal","status":"publish","type":"page","link":"https:\/\/transparencia.bahiadebanderas.gob.mx\/?page_id=7181","title":{"rendered":"II. Marco Program\u00e1tico Presupuestal"},"content":{"rendered":"<p>[vc_row][vc_column][vc_tta_tour active_section=\u00bb1&#8243;][vc_tta_section i_icon_fontawesome=\u00bbfa fa-file-text-o\u00bb add_icon=\u00bbtrue\u00bb tab_id=\u00bb1567632651776-c1ad208f-6354&#8243; title=\u00bbPlanes de Desarrollo\u00bb][vc_column_text]<a href=\"https:\/\/transparencia.bahiadebanderas.gob.mx\/transparencia20172021\/B-PLAN%20DE%20DESARROLLO\/PMD%20ORIGINAL.pdf\">Plan Municipal de Desarrollo 2017-2021<\/a><\/p>\n<p><a href=\"https:\/\/transparencia.bahiadebanderas.gob.mx\/transparencia20172021\/D-PLANES%20DE%20DESARROLLO\/PlanMunDesUrbano.pdf\">Plan de Desarrollo Urbano<\/a>[\/vc_column_text][vc_separator][\/vc_tta_section][vc_tta_section i_icon_fontawesome=\u00bbfa fa-file-text-o\u00bb add_icon=\u00bbtrue\u00bb tab_id=\u00bb1567632546403-8d25df7f-f880&#8243; title=\u00bbProgramas\u00bb][vc_column_text]<a href=\"https:\/\/transparencia.bahiadebanderas.gob.mx\/?page_id=5883\">Programas Operativos Anuales<\/a><\/p>\n<p>[\/vc_column_text][\/vc_tta_section][vc_tta_section i_icon_fontawesome=\u00bbfa fa-file-text-o\u00bb add_icon=\u00bbtrue\u00bb title=\u00bbPrograma anual de evaluaciones\u00bb tab_id=\u00bb1596817921543-ff3824a4-be1f\u00bb][vc_column_text]<span style=\"font-size: 14pt;\"><a href=\"https:\/\/transparencia.bahiadebanderas.gob.mx\/ARTICULO33\/XL\/PRIMER%20TR%202020\/PAE%202020.pdf\">Ejercicio 2020<\/a><\/span><\/p>\n<p><span style=\"font-size: 14pt;\"><a href=\"https:\/\/transparencia.bahiadebanderas.gob.mx\/ARTICULO33\/XL\/PRIMER%20TR%202021\/EGRESOS\/PAE%202021.pdf\">Ejercicio 2021<\/a><\/span>[\/vc_column_text][\/vc_tta_section][vc_tta_section title=\u00bbProgramas Sociales\u00bb tab_id=\u00bb1627490271087-5d4f3a26-6039&#8243;][vc_column_text]<\/p>\n<header class=\"entry-header penci-entry-header\">\n<h1 class=\"entry-title penci-entry-title penci-title-left\"><a href=\"https:\/\/transparencia.bahiadebanderas.gob.mx\/?page_id=5914\"><strong><span style=\"font-size: 12pt;\">XV. La informaci\u00f3n de los programas de subsidios, est\u00edmulos, aportaciones y apoyos, en el que se deber\u00e1 informar respecto de los programas de transferencia, de servicios, de infraestructura social y de subsidios.<\/span><\/strong><\/a><\/h1>\n<header class=\"entry-header penci-entry-header\">\n<h1 class=\"entry-title penci-entry-title penci-title-left\"><a href=\"https:\/\/transparencia.bahiadebanderas.gob.mx\/?page_id=6047\"><strong><span style=\"font-size: 12pt;\">XXXVIII. Los programas que ofrecen, incluyendo informaci\u00f3n sobre la poblaci\u00f3n, objetivo y destino, as\u00ed como los tr\u00e1mites, tiempos de respuesta, requisitos y formatos para acceder a los mismos.<\/span><\/strong><\/a><\/h1>\n<\/header>\n<div class=\"penci-entry-content entry-content\">\n<section class=\"vc_section\">\n<div class=\"vc_row wpb_row vc_row_859867 vc_row-fluid penci-pb-row\">\n<div class=\"wpb_column vc_column_container vc_col-sm-12 penci-col-12\">\n<div class=\"vc_column-inner wpb_column vc_column_container vc_col-sm-12 penci-col-12 \">\n<div class=\"wpb_wrapper\">\n<div class=\"vc_tta-container\" data-vc-action=\"collapse\">\n<div class=\"vc_general vc_tta vc_tta-accordion vc_tta-color-grey vc_tta-style-modern vc_tta-shape-rounded vc_tta-o-shape-group vc_tta-controls-align-left\">\n<div class=\"vc_tta-panels-container\">\n<div class=\"vc_tta-panels\">\n<div id=\"1548871344492-caee7b00-962b\" class=\"vc_tta-panel vc_active\" data-vc-content=\".vc_tta-panel-body\">\n<div class=\"vc_tta-panel-heading\">\n<h4 class=\"vc_tta-panel-title vc_tta-controls-icon-position-left\"><\/h4>\n<\/div>\n<\/div>\n<\/div>\n<\/div>\n<\/div>\n<\/div>\n<\/div>\n<\/div>\n<\/div>\n<\/div>\n<\/section>\n<\/div>\n<\/header>\n<div class=\"penci-entry-content entry-content\">\n<section class=\"vc_section\">\n<div class=\"vc_row wpb_row vc_row_10524698 vc_row-fluid penci-pb-row\">\n<div class=\"wpb_column vc_column_container vc_col-sm-12 penci-col-12\">\n<div class=\"vc_column-inner wpb_column vc_column_container vc_col-sm-12 penci-col-12 \">\n<div class=\"wpb_wrapper\">\n<div class=\"vc_tta-container\" data-vc-action=\"collapseAll\">\n<div class=\"vc_general vc_tta vc_tta-accordion vc_tta-color-grey vc_tta-style-classic vc_tta-shape-rounded vc_tta-o-shape-group vc_tta-controls-align-left vc_tta-o-all-clickable\">\n<div class=\"vc_tta-panels-container\">\n<div class=\"vc_tta-panels\">\n<div id=\"1589042432496-4032c905-6b52\" class=\"vc_tta-panel vc_active\" data-vc-content=\".vc_tta-panel-body\">\n<div class=\"vc_tta-panel-heading\">\n<h4 class=\"vc_tta-panel-title vc_tta-controls-icon-position-left\"><\/h4>\n<\/div>\n<\/div>\n<\/div>\n<\/div>\n<\/div>\n<\/div>\n<\/div>\n<\/div>\n<\/div>\n<\/div>\n<\/section>\n<\/div>\n<p>[\/vc_column_text][\/vc_tta_section][vc_tta_section title=\u00bbCalendario de Reuniones de Cabildo\u00bb tab_id=\u00bb1627490896430-dff35f0c-5edb\u00bb][vc_column_text]<strong>PRIMER TRIMESTRE 2021<\/strong><\/p>\n<p><a href=\"https:\/\/transparencia.bahiadebanderas.gob.mx\/ARTICULO39\/F\/2021\/SECRETARIA\/LTAIPEN_Art_39_In_f1%20ok.xlsx\">Formato 1f. Calendario de Sesiones del Cabildo<\/a><\/p>\n<p><a href=\"https:\/\/transparencia.bahiadebanderas.gob.mx\/ARTICULO39\/F\/2021\/SECRETARIA\/LTAIPEN_Art_39_In_f2%20%284%29.xlsx\">Formato 2f. Sesiones Celebradas del Cabildo<\/a><\/p>\n<p><strong>SEGUNDO TRIMESTRE 2021<\/strong><\/p>\n<p><a href=\"https:\/\/transparencia.bahiadebanderas.gob.mx\/ARTICULO39\/F\/2021\/JULIO\/SECRETARIA\/LTAIPEN_Art_39_In_f1%20ok.xlsx\">Formato 1f. Calendario de Sesiones del Cabildo<\/a><\/p>\n<p><a href=\"https:\/\/transparencia.bahiadebanderas.gob.mx\/ARTICULO39\/F\/2021\/JULIO\/SECRETARIA\/LTAIPEN_Art_39_In_f2%20%284%29.xlsx\">Formato 2f. Sesiones Celebradas del Cabildo<\/a>[\/vc_column_text][\/vc_tta_section][vc_tta_section i_icon_fontawesome=\u00bbfa fa-file-text-o\u00bb add_icon=\u00bbtrue\u00bb tab_id=\u00bb1568236887037-70bebb3f-f759&#8243; title=\u00bbIniciativa de Ley de Ingresos\u00bb][vc_column_text]<a href=\"https:\/\/transparencia.bahiadebanderas.gob.mx\/aRegional\/2021\/INGRESOS\/Iniciativa%20de%20Ley%20de%20Ingresos..pdf\">Iniciativa de Ley de Ingresos<\/a><\/p>\n<p><a href=\"https:\/\/transparencia.bahiadebanderas.gob.mx\/aRegional\/2021\/INGRESOS\/Proyeccion%20de%20Ingresos-LDF.pdf\">Proyecciones de Ingresos-LDF\/Resultados de Ingresos-LDF<\/a><\/p>\n<p><a href=\"https:\/\/transparencia.bahiadebanderas.gob.mx\/aRegional\/2021\/INGRESOS\/Resultados%20de%20Ingresos-LDF.pdf\">Resultado de Ingresos &#8211; LDF (Formato 7c)<\/a><\/p>\n<p><a href=\"https:\/\/transparencia.bahiadebanderas.gob.mx\/aRegional\/2\/FORMATO%20DE%20INFORM%20AD%20LI.pdf\">Formato de informaci\u00f3n adicional a la iniciativa de Ley de Ingresos (CONAC).<\/a>[\/vc_column_text][\/vc_tta_section][vc_tta_section title=\u00bbLey de Ingresos\u00bb tab_id=\u00bb1627491960598-8ae1e761-19fa\u00bb][vc_column_text]<a href=\"http:\/\/bahiadebanderas.gob.mx\/docs\/Ley_de_ingresos2019.pdf\">Ley de Ingresos 2019<\/a><\/p>\n<p><a href=\"https:\/\/transparencia.bahiadebanderas.gob.mx\/ARTICULO33\/I\/CUARTO%20TR%202019\/LEY%20DE%20INGRESOS%202020.pdf\">Ley de Ingresos 2020<\/a><\/p>\n<p><a href=\"https:\/\/transparencia.bahiadebanderas.gob.mx\/ARTICULO33\/I\/PRIMER%20TR%202021\/LEY%20DE%20INGRESOS%202021.pdf\">Ley de Ingresos 2021<\/a>[\/vc_column_text][\/vc_tta_section][vc_tta_section i_icon_fontawesome=\u00bbfa fa-file-text-o\u00bb add_icon=\u00bbtrue\u00bb title=\u00bbTasas y tarifas del Impuesto Predial\u00bb tab_id=\u00bb1596828158783-41a2a8bc-9193&#8243;][vc_column_text]<a href=\"https:\/\/transparencia.bahiadebanderas.gob.mx\/ARTICULO33\/I\/PRIMER%20TR%202021\/LEY%20DE%20INGRESOS%202021.pdf\">Tasas y tarifas del Impuesto Predial<\/a>[\/vc_column_text][vc_message]Las tasas y tarifas del impuesto predial se encuentran en el cuerpo de la \u00abLey de Ingresos\u00bb[\/vc_message][\/vc_tta_section][vc_tta_section title=\u00bbCuotas por contribuciones de mejora\u00bb tab_id=\u00bb1627493340927-1b0f1d96-c51b\u00bb][vc_column_text]<a href=\"https:\/\/transparencia.bahiadebanderas.gob.mx\/ARTICULO33\/I\/PRIMER%20TR%202021\/LEY%20DE%20INGRESOS%202021.pdf\">Cuotas por contribuciones de mejora<\/a>[\/vc_column_text][vc_message]Las Cuotas por Contribuciones de mejora se encuentran en el cuerpo de la \u00abLey de Ingresos\u00bb[\/vc_message][\/vc_tta_section][vc_tta_section title=\u00bbValores Catastrales\u00bb tab_id=\u00bb1627660550049-ba417fac-1cc1&#8243;][vc_column_text]<a href=\"https:\/\/transparencia.bahiadebanderas.gob.mx\/aRegional\/2021\/INGRESOS\/LEY%20DE%20INGRESOS%202021.pdf\">Valores Catastrales<\/a>[\/vc_column_text][vc_message]Los Valores Catastrales se encuentran en el cuerpo de la \u00abLey de Ingresos\u00bb[\/vc_message][\/vc_tta_section][vc_tta_section i_icon_fontawesome=\u00bbfa fa-file-text-o\u00bb add_icon=\u00bbtrue\u00bb tab_id=\u00bb1568238050525-973f8dc1-3068&#8243; title=\u00bbProyecto de Presupuesto de Egresos\u00bb][vc_column_text]<a href=\"https:\/\/transparencia.bahiadebanderas.gob.mx\/?page_id=5971\">Proyecto de Presupuesto de Egresos\u00a0<\/a><\/p>\n<p><a href=\"https:\/\/transparencia.bahiadebanderas.gob.mx\/aRegional\/2021\/EGRESOS\/2021%20PROYECCIONES%20DE%20EGRESOS%20PARA%202021%20-%20LDF.pdf\">Proyecciones de Egresos-LDF\/Resultados de Egresos-LDF<\/a><\/p>\n<p><a href=\"https:\/\/transparencia.bahiadebanderas.gob.mx\/aRegional\/2021\/EGRESOS\/RESULTADOS%20DE%20EGRESOS%20JUNIO%202021%20-%20LDF.pdf\">Resultado de Egresos-LDF (Formato 7b)<\/a>[\/vc_column_text][\/vc_tta_section][vc_tta_section i_icon_fontawesome=\u00bbfa fa-file-text-o\u00bb add_icon=\u00bbtrue\u00bb tab_id=\u00bb1568238270384-df8045e6-4c89&#8243; title=\u00bbPresupuesto de Egresos\u00bb][vc_column_text]<a href=\"https:\/\/transparencia.bahiadebanderas.gob.mx\/ARTICULO33\/I\/PRIMER%20TR%202021\/PE%20311220%20%2802%29%20BB.pdf\">Presupuesto de Egresos 2021<\/a><\/p>\n<p><a href=\"https:\/\/transparencia.bahiadebanderas.gob.mx\/ARTICULO33\/I\/CUARTO%20TR%202019\/Presupuesto%20de%20Egresos%202020.pdf\">Presupuesto de Egresos 2020<\/a><\/p>\n<p><a href=\"https:\/\/transparencia.bahiadebanderas.gob.mx\/transparencia20172021\/I\/CUARTO%20TR%202018\/PE%20261218%20(01)%20BB.pdf\">Presupuesto de Egresos 2019<\/a><\/p>\n<p>[\/vc_column_text][\/vc_tta_section][vc_tta_section i_icon_fontawesome=\u00bbfa fa-file-text-o\u00bb add_icon=\u00bbtrue\u00bb tab_id=\u00bb1568238550468-6cb48ffc-0bd8&#8243; title=\u00bbPresupuesto Ciudadano\u00bb][vc_column_text]<a href=\"https:\/\/bahiadebanderas.gob.mx\/x\/Contabilidad_Gubernamental\/Transparencia_CONAC\/2021\/Difusi%C3%B3n%20a%20la%20Ciudadania%20de%20la%20Ley%20de%20Ingresos%20y%20del%20Ppto.%20de%20Egresos\/Difusi%C3%B3n%20a%20la%20ciudadania%20Ley%20de%20Ingresos%20y%20Presupuesto%20de%20Egresos%202021.pdf\">2021<\/a>[\/vc_column_text][\/vc_tta_section][vc_tta_section title=\u00bbValores unitarios para el suelo, construcciones y predios r\u00fasticos\u00bb tab_id=\u00bb1627494461125-420ce714-3334&#8243;][vc_column_text]<a href=\"https:\/\/transparencia.bahiadebanderas.gob.mx\/aRegional\/2021\/CATASTRO\/TABLA%20DE%20VALORES%202017%20V2.pdf\">Valores unitarios para suelo, construcciones y predios r\u00fasticos<\/a>[\/vc_column_text][\/vc_tta_section][vc_tta_section title=\u00bbTarifas para el cobro de agua potable\u00bb tab_id=\u00bb1627495854578-62af2282-c4fe\u00bb][vc_column_text]<a href=\"https:\/\/transparencia.bahiadebanderas.gob.mx\/ARTICULO33\/I\/PRIMER%20TR%202021\/LEY%20DE%20INGRESOS%202021.pdf\">Tarifas para el cobro de agua potable<\/a><\/p>\n<p>[\/vc_column_text][vc_message]Las Tarifas para el cobro de agua potable se encuentran en el cuerpo de la \u00abLey de Ingresos\u00bb[\/vc_message][\/vc_tta_section][vc_tta_section title=\u00bbCartera de proyectos a realizar con recursos del Fondo\u00bb tab_id=\u00bb1627496456725-338db5be-625d\u00bb el_class=\u00bbde Aportaciones para la Infraestructura Social Municipal (FISM-DF).\u00bb][vc_column_text]<a href=\"https:\/\/transparencia.bahiadebanderas.gob.mx\/aRegional\/2021\/DESARROLLO%20Y%20BIENESTAR%20SOCIAL\/OFICIO%20-%20AREGIONAL.pdf\">Cartera de proyectos a realizar con recursos del Fondo de Aportaciones para la Infraestructura Social Municipal (FISM-DF).<\/a>[\/vc_column_text][\/vc_tta_section][\/vc_tta_tour][vc_message]Los Valores unitarios para suelo, construcciones y predios r\u00fasticos se encuentran en el cuerpo de la \u00abLey de Ingresos\u00bb[\/vc_message][\/vc_column][\/vc_row][vc_row][vc_column][\/vc_column][\/vc_row]<\/p>\n","protected":false},"excerpt":{"rendered":"<p>[vc_row][vc_column][vc_tta_tour active_section=\u00bb1&#8243;][vc_tta_section i_icon_fontawesome=\u00bbfa fa-file-text-o\u00bb add_icon=\u00bbtrue\u00bb tab_id=\u00bb1567632651776-c1ad208f-6354&#8243; title=\u00bbPlanes de Desarrollo\u00bb][vc_column_text]Plan Municipal de Desarrollo 2017-2021 Plan de Desarrollo Urbano[\/vc_column_text][vc_separator][\/vc_tta_section][vc_tta_section i_icon_fontawesome=\u00bbfa fa-file-text-o\u00bb add_icon=\u00bbtrue\u00bb tab_id=\u00bb1567632546403-8d25df7f-f880&#8243; title=\u00bbProgramas\u00bb][vc_column_text]Programas Operativos Anuales [\/vc_column_text][\/vc_tta_section][vc_tta_section i_icon_fontawesome=\u00bbfa fa-file-text-o\u00bb add_icon=\u00bbtrue\u00bb title=\u00bbPrograma anual de evaluaciones\u00bb tab_id=\u00bb1596817921543-ff3824a4-be1f\u00bb][vc_column_text]Ejercicio 2020 Ejercicio 2021[\/vc_column_text][\/vc_tta_section][vc_tta_section title=\u00bbProgramas Sociales\u00bb tab_id=\u00bb1627490271087-5d4f3a26-6039&#8243;][vc_column_text] XV. La informaci\u00f3n de los programas de subsidios, est\u00edmulos, aportaciones y apoyos, en el que se [&hellip;]<\/p>\n","protected":false},"author":1,"featured_media":0,"parent":0,"menu_order":0,"comment_status":"closed","ping_status":"closed","template":"","meta":{"footnotes":""},"class_list":["post-7181","page","type-page","status-publish","hentry"],"_links":{"self":[{"href":"https:\/\/transparencia.bahiadebanderas.gob.mx\/index.php?rest_route=\/wp\/v2\/pages\/7181","targetHints":{"allow":["GET"]}}],"collection":[{"href":"https:\/\/transparencia.bahiadebanderas.gob.mx\/index.php?rest_route=\/wp\/v2\/pages"}],"about":[{"href":"https:\/\/transparencia.bahiadebanderas.gob.mx\/index.php?rest_route=\/wp\/v2\/types\/page"}],"author":[{"embeddable":true,"href":"https:\/\/transparencia.bahiadebanderas.gob.mx\/index.php?rest_route=\/wp\/v2\/users\/1"}],"replies":[{"embeddable":true,"href":"https:\/\/transparencia.bahiadebanderas.gob.mx\/index.php?rest_route=%2Fwp%2Fv2%2Fcomments&post=7181"}],"version-history":[{"count":57,"href":"https:\/\/transparencia.bahiadebanderas.gob.mx\/index.php?rest_route=\/wp\/v2\/pages\/7181\/revisions"}],"predecessor-version":[{"id":9179,"href":"https:\/\/transparencia.bahiadebanderas.gob.mx\/index.php?rest_route=\/wp\/v2\/pages\/7181\/revisions\/9179"}],"wp:attachment":[{"href":"https:\/\/transparencia.bahiadebanderas.gob.mx\/index.php?rest_route=%2Fwp%2Fv2%2Fmedia&parent=7181"}],"curies":[{"name":"wp","href":"https:\/\/api.w.org\/{rel}","templated":true}]}}