{"id":7059,"date":"2019-09-02T22:53:38","date_gmt":"2019-09-02T22:53:38","guid":{"rendered":"https:\/\/transparencia.bahiadebanderas.gob.mx\/?page_id=7059"},"modified":"2026-03-18T16:01:13","modified_gmt":"2026-03-18T16:01:13","slug":"f-las-actas-de-sesiones-de-cabildo","status":"publish","type":"page","link":"https:\/\/transparencia.bahiadebanderas.gob.mx\/?page_id=7059","title":{"rendered":"F) Las actas de sesiones de Cabildo"},"content":{"rendered":"<p>[vc_section][vc_row][vc_column][vc_tta_accordion][vc_tta_section i_icon_fontawesome=\u00bbfa fa-calendar-check-o\u00bb add_icon=\u00bbtrue\u00bb title=\u00bbEJERCICIO 2025&#8243; tab_id=\u00bb1668613175986-d4c2ea8b-0616&#8243;][vc_column_text]&nbsp;<\/p>\n<p><a href=\"https:\/\/transparencia.bahiadebanderas.gob.mx\/ARTICULO39\/D\/2025\/4TO%20TR%202025\/F\/LTAIPEN_Art_39_In_f1.xlsx\">Formato 1f. Calendario de Sesiones del Cabildo<\/a><\/p>\n<p><a href=\"https:\/\/transparencia.bahiadebanderas.gob.mx\/ARTICULO39\/D\/2025\/4TO%20TR%202025\/F\/LTAIPEN_Art_39_In_f2.xlsx\">Formato 2f. Sesiones Celebradas del Cabildo<\/a>[\/vc_column_text][\/vc_tta_section][\/vc_tta_accordion][\/vc_column][\/vc_row][\/vc_section][vc_section][vc_row][vc_column][vc_tta_accordion][vc_tta_section i_icon_fontawesome=\u00bbfa fa-calendar-check-o\u00bb add_icon=\u00bbtrue\u00bb title=\u00bbEJERCICIO 2024&#8243; tab_id=\u00bb1744325123111-d485bbfd-b90f\u00bb][vc_column_text]&nbsp;<\/p>\n<p><a href=\"https:\/\/transparencia.bahiadebanderas.gob.mx\/ARTICULO39\/F\/2024\/3ER%20TR%202024\/GACETAS\/LTAIPEN_Art_39_In_f1.xlsx\">Formato 1f. Calendario de Sesiones del Cabildo<\/a><\/p>\n<p><a href=\"https:\/\/transparencia.bahiadebanderas.gob.mx\/ARTICULO39\/F\/2024\/3ER%20TR%202024\/GACETAS\/LTAIPEN_Art_39_In_f2.xlsx\">Formato 2f. Sesiones Celebradas del Cabildo<\/a>[\/vc_column_text][\/vc_tta_section][\/vc_tta_accordion][\/vc_column][\/vc_row][\/vc_section][vc_row][vc_column][vc_column_text]<span style=\"color: #82193e;\"><strong>Per\u00edodo de actualizaci\u00f3n:<\/strong><\/span> trimestral<br \/>\n<span style=\"color: #82193e;\"><strong>Ultima actualizaci\u00f3n:<\/strong><\/span> 27 de Ene de 2026<br \/>\n<span style=\"color: #82193e;\"><strong>\u00c1rea que genera la informaci\u00f3n:<\/strong> <\/span>Secretar\u00eda del Ayuntamiento[\/vc_column_text][\/vc_column][\/vc_row]<\/p>\n","protected":false},"excerpt":{"rendered":"<p>[vc_section][vc_row][vc_column][vc_tta_accordion][vc_tta_section i_icon_fontawesome=\u00bbfa fa-calendar-check-o\u00bb add_icon=\u00bbtrue\u00bb title=\u00bbEJERCICIO 2025&#8243; tab_id=\u00bb1668613175986-d4c2ea8b-0616&#8243;][vc_column_text]&nbsp; Formato 1f. Calendario de Sesiones del Cabildo Formato 2f. Sesiones Celebradas del Cabildo[\/vc_column_text][\/vc_tta_section][\/vc_tta_accordion][\/vc_column][\/vc_row][\/vc_section][vc_section][vc_row][vc_column][vc_tta_accordion][vc_tta_section i_icon_fontawesome=\u00bbfa fa-calendar-check-o\u00bb add_icon=\u00bbtrue\u00bb title=\u00bbEJERCICIO 2024&#8243; tab_id=\u00bb1744325123111-d485bbfd-b90f\u00bb][vc_column_text]&nbsp; Formato 1f. Calendario de Sesiones del Cabildo Formato 2f. Sesiones Celebradas del Cabildo[\/vc_column_text][\/vc_tta_section][\/vc_tta_accordion][\/vc_column][\/vc_row][\/vc_section][vc_row][vc_column][vc_column_text]Per\u00edodo de actualizaci\u00f3n: trimestral Ultima actualizaci\u00f3n: 27 de Ene de 2026 \u00c1rea que genera la informaci\u00f3n: Secretar\u00eda [&hellip;]<\/p>\n","protected":false},"author":1,"featured_media":0,"parent":7045,"menu_order":0,"comment_status":"closed","ping_status":"closed","template":"","meta":{"footnotes":""},"class_list":["post-7059","page","type-page","status-publish","hentry"],"_links":{"self":[{"href":"https:\/\/transparencia.bahiadebanderas.gob.mx\/index.php?rest_route=\/wp\/v2\/pages\/7059","targetHints":{"allow":["GET"]}}],"collection":[{"href":"https:\/\/transparencia.bahiadebanderas.gob.mx\/index.php?rest_route=\/wp\/v2\/pages"}],"about":[{"href":"https:\/\/transparencia.bahiadebanderas.gob.mx\/index.php?rest_route=\/wp\/v2\/types\/page"}],"author":[{"embeddable":true,"href":"https:\/\/transparencia.bahiadebanderas.gob.mx\/index.php?rest_route=\/wp\/v2\/users\/1"}],"replies":[{"embeddable":true,"href":"https:\/\/transparencia.bahiadebanderas.gob.mx\/index.php?rest_route=%2Fwp%2Fv2%2Fcomments&post=7059"}],"version-history":[{"count":95,"href":"https:\/\/transparencia.bahiadebanderas.gob.mx\/index.php?rest_route=\/wp\/v2\/pages\/7059\/revisions"}],"predecessor-version":[{"id":21248,"href":"https:\/\/transparencia.bahiadebanderas.gob.mx\/index.php?rest_route=\/wp\/v2\/pages\/7059\/revisions\/21248"}],"up":[{"embeddable":true,"href":"https:\/\/transparencia.bahiadebanderas.gob.mx\/index.php?rest_route=\/wp\/v2\/pages\/7045"}],"wp:attachment":[{"href":"https:\/\/transparencia.bahiadebanderas.gob.mx\/index.php?rest_route=%2Fwp%2Fv2%2Fmedia&parent=7059"}],"curies":[{"name":"wp","href":"https:\/\/api.w.org\/{rel}","templated":true}]}}