{"id":7056,"date":"2019-09-02T23:13:02","date_gmt":"2019-09-02T23:13:02","guid":{"rendered":"https:\/\/transparencia.bahiadebanderas.gob.mx\/?page_id=7056"},"modified":"2026-05-08T17:46:50","modified_gmt":"2026-05-08T17:46:50","slug":"i-la-informacion-relativa-a-la-materia-de-subsidios-identificando-la-poblacion-objeto-el-proposito-o-destino-principal-y-la-temporalidad-de-su-otorgamiento","status":"publish","type":"page","link":"https:\/\/transparencia.bahiadebanderas.gob.mx\/?page_id=7056","title":{"rendered":"I) La informaci\u00f3n relativa a la materia de subsidios, identificando la poblaci\u00f3n objeto, el prop\u00f3sito o destino principal y la temporalidad de su otorgamiento."},"content":{"rendered":"<p>[vc_section][vc_row][vc_column][vc_tta_accordion active_section=\u00bb1&#8243; title=\u00bbEjercicio 2025&#8243;][vc_tta_section i_icon_fontawesome=\u00bbfa fa-calendar-check-o\u00bb add_icon=\u00bbtrue\u00bb title=\u00bbTercer Trimestre\u00bb tab_id=\u00bb1778265712719-bf0b8adc-eca1&#8243;][vc_column_text]<a href=\"https:\/\/transparencia.bahiadebanderas.gob.mx\/ARTICULO39\/I\/2025\/3ER%20TR%202025\/TESORERIA\/LTAIPEN_Art_39_Inc_i.xlsx\">Formato I.i. Informaci\u00f3n en Materia de Subsidios<\/a>[\/vc_column_text][\/vc_tta_section][vc_tta_section i_icon_fontawesome=\u00bbfa fa-calendar-check-o\u00bb add_icon=\u00bbtrue\u00bb title=\u00bbSegundo Trimestre\u00bb tab_id=\u00bb1778265712719-bc6f1649-0775&#8243;][vc_column_text]Formato I.i. Informaci\u00f3n en Materia de Subsidios[\/vc_column_text][\/vc_tta_section][vc_tta_section i_icon_fontawesome=\u00bbfa fa-calendar-check-o\u00bb add_icon=\u00bbtrue\u00bb title=\u00bbPrimer Trimestre\u00bb tab_id=\u00bb1778265712720-8dee73f4-45e2&#8243;][vc_column_text]Formato I.i. Informaci\u00f3n en Materia de Subsidios[\/vc_column_text][\/vc_tta_section][\/vc_tta_accordion][vc_tta_accordion active_section=\u00bb1&#8243; title=\u00bbEjercicio 2023&#8243;][vc_tta_section i_icon_fontawesome=\u00bbfa fa-calendar-check-o\u00bb add_icon=\u00bbtrue\u00bb title=\u00bbCuarto Trimestre\u00bb tab_id=\u00bb1744386253498-8ea08f0e-c028&#8243;][vc_column_text]<a href=\"https:\/\/transparencia.bahiadebanderas.gob.mx\/ARTICULO39\/I\/2023\/4TO%20TR%202023\/TESORERIA\/LTAIPEN_Art_39_Inc_i.xlsx\">Formato I.i. Informaci\u00f3n en Materia de Subsidios<\/a>[\/vc_column_text][\/vc_tta_section][vc_tta_section i_icon_fontawesome=\u00bbfa fa-calendar-check-o\u00bb add_icon=\u00bbtrue\u00bb title=\u00bbTercer Trimestre\u00bb tab_id=\u00bb1744386253498-d609651c-425f\u00bb][vc_column_text]<a href=\"https:\/\/transparencia.bahiadebanderas.gob.mx\/ARTICULO39\/I\/2023\/3ER%20TR%202023\/LTAIPEN_Art_39_Inc_i.xlsx\">Formato I.i. Informaci\u00f3n en Materia de Subsidios<\/a>[\/vc_column_text][\/vc_tta_section][vc_tta_section i_icon_fontawesome=\u00bbfa fa-calendar-check-o\u00bb add_icon=\u00bbtrue\u00bb title=\u00bbSegundo Trimestre\u00bb tab_id=\u00bb1744386253498-ebb62f3f-9af6&#8243;][vc_column_text]<a href=\"https:\/\/transparencia.bahiadebanderas.gob.mx\/ARTICULO39\/I\/2023\/1ER%20TR%202023\/LTAIPEN_Art_39_Inc_i.xlsx\">Formato I.i. Informaci\u00f3n en Materia de Subsidios<\/a>[\/vc_column_text][\/vc_tta_section][vc_tta_section i_icon_fontawesome=\u00bbfa fa-calendar-check-o\u00bb add_icon=\u00bbtrue\u00bb title=\u00bbPrimer Trimestre\u00bb tab_id=\u00bb1744386253498-389f9231-e401&#8243;][vc_column_text]<a href=\"https:\/\/transparencia.bahiadebanderas.gob.mx\/ARTICULO39\/I\/2023\/1ER%20TR%202023\/LTAIPEN_Art_39_Inc_i.xlsx\">Formato I.i. Informaci\u00f3n en Materia de Subsidios<\/a>[\/vc_column_text][\/vc_tta_section][\/vc_tta_accordion][vc_tta_accordion active_section=\u00bb1&#8243; title=\u00bbEjercicio 2024&#8243;][vc_tta_section i_icon_fontawesome=\u00bbfa fa-calendar-check-o\u00bb add_icon=\u00bbtrue\u00bb title=\u00bbCuarto Trimestre\u00bb tab_id=\u00bb1744386300026-5abcbd50-fe65&#8243;][vc_column_text]Formato I.i. Informaci\u00f3n en Materia de Subsidios[\/vc_column_text][\/vc_tta_section][vc_tta_section i_icon_fontawesome=\u00bbfa fa-calendar-check-o\u00bb add_icon=\u00bbtrue\u00bb title=\u00bbTercer Trimestre\u00bb tab_id=\u00bb1744386300026-523d0755-3b60&#8243;][vc_column_text]Formato I.i. Informaci\u00f3n en Materia de Subsidios[\/vc_column_text][\/vc_tta_section][vc_tta_section i_icon_fontawesome=\u00bbfa fa-calendar-check-o\u00bb add_icon=\u00bbtrue\u00bb title=\u00bbSegundo Trimestre\u00bb tab_id=\u00bb1744386300026-aec6c0ce-2dd7&#8243;][vc_column_text]Formato I.i. Informaci\u00f3n en Materia de Subsidios[\/vc_column_text][\/vc_tta_section][vc_tta_section i_icon_fontawesome=\u00bbfa fa-calendar-check-o\u00bb add_icon=\u00bbtrue\u00bb title=\u00bbPrimer Trimestre\u00bb tab_id=\u00bb1744386300027-8a5597e1-214b\u00bb][vc_column_text]Formato I.i. Informaci\u00f3n en Materia de Subsidios[\/vc_column_text][\/vc_tta_section][\/vc_tta_accordion][vc_tta_accordion active_section=\u00bb1&#8243; title=\u00bbEjercicio 2022&#8243;][vc_tta_section i_icon_fontawesome=\u00bbfa fa-calendar-check-o\u00bb add_icon=\u00bbtrue\u00bb title=\u00bbCuarto Trimestre\u00bb tab_id=\u00bb1685983203948-7e0d57fe-0fac\u00bb][vc_column_text]<a href=\"https:\/\/transparencia.bahiadebanderas.gob.mx\/ARTICULO39\/I\/2022\/4TO%20TR%202022\/LTAIPEN_Art_39_Inc_i.xlsx\">Formato I.i. Informaci\u00f3n en Materia de Subsidios<\/a>[\/vc_column_text][\/vc_tta_section][vc_tta_section i_icon_fontawesome=\u00bbfa fa-calendar-check-o\u00bb add_icon=\u00bbtrue\u00bb title=\u00bbTercer Trimestre\u00bb tab_id=\u00bb1685983203948-a270b968-580e\u00bb][vc_column_text]<a href=\"https:\/\/transparencia.bahiadebanderas.gob.mx\/ARTICULO39\/I\/2022\/3ER%20TR%202022\/LTAIPEN_Art_39_Inc_i.xlsx\">Formato I.i. Informaci\u00f3n en Materia de Subsidios<\/a>[\/vc_column_text][\/vc_tta_section][vc_tta_section i_icon_fontawesome=\u00bbfa fa-calendar-check-o\u00bb add_icon=\u00bbtrue\u00bb title=\u00bbSegundoTrimestre\u00bb tab_id=\u00bb1685983203948-c18f4659-0b67&#8243;][vc_column_text]<a href=\"https:\/\/transparencia.bahiadebanderas.gob.mx\/ARTICULO39\/I\/2022\/2DO%20TR%202022\/LTAIPEN_Art_39_Inc_i.xlsx\">Formato I.i. Informaci\u00f3n en Materia de Subsidios<\/a>[\/vc_column_text][\/vc_tta_section][vc_tta_section i_icon_fontawesome=\u00bbfa fa-calendar-check-o\u00bb add_icon=\u00bbtrue\u00bb title=\u00bbPrimer Trimestre 2022&#8243; tab_id=\u00bb1685983203949-c38b32e0-39cd\u00bb][vc_column_text]<a href=\"https:\/\/transparencia.bahiadebanderas.gob.mx\/ARTICULO39\/I\/2022\/LTAIPEN_Art_39_Inc_i.xlsx\">Formato I.i. Informaci\u00f3n en Materia de Subsidios<\/a>[\/vc_column_text][\/vc_tta_section][\/vc_tta_accordion][vc_tta_accordion active_section=\u00bb1&#8243; title=\u00bbEjercicio 2021&#8243;][vc_tta_section i_icon_fontawesome=\u00bbfa fa-calendar-check-o\u00bb add_icon=\u00bbtrue\u00bb title=\u00bbCuarto Trimestre 2021&#8243; tab_id=\u00bb1651271343021-a4ea14d7-cf3d\u00bb][vc_column_text]<span style=\"color: #82193e;\"><a style=\"color: #82193e;\" href=\"https:\/\/transparencia.bahiadebanderas.gob.mx\/ARTICULO39\/I\/2021\/CUARTO%20TR%202021\/LTAIPEN_Art_39_Inc_i.xlsx\" target=\"_blank\" rel=\"noopener noreferrer\">Formato I.i. Informaci\u00f3n en Materia de Subsidios<\/a><\/span>[\/vc_column_text][\/vc_tta_section][vc_tta_section i_icon_fontawesome=\u00bbfa fa-calendar-check-o\u00bb add_icon=\u00bbtrue\u00bb title=\u00bbTercer Trimestre 2021&#8243; tab_id=\u00bb1651271343065-634b3f67-0bc2&#8243;][vc_column_text]<span style=\"color: #82193e;\"><a style=\"color: #82193e;\" href=\"https:\/\/transparencia.bahiadebanderas.gob.mx\/ARTICULO39\/I\/2021\/TERCER%20TR%202021\/TESORERIA\/LTAIPEN_Art_39_Inc_i.xlsx\" target=\"_blank\" rel=\"noopener noreferrer\">Formato I.i. Informaci\u00f3n en Materia de Subsidios<\/a><\/span>[\/vc_column_text][\/vc_tta_section][vc_tta_section i_icon_fontawesome=\u00bbfa fa-calendar-check-o\u00bb add_icon=\u00bbtrue\u00bb title=\u00bbSegundo Trimestre 2021&#8243; tab_id=\u00bb1651271343105-ec2c46c8-a136&#8243;][vc_column_text]<a href=\"https:\/\/transparencia.bahiadebanderas.gob.mx\/ARTICULO39\/I\/2021\/SEGUNDO%20TR%202021\/TESORERIA\/LTAIPEN_Art_39_Inc_i.xlsx\" target=\"_blank\" rel=\"noopener noreferrer\">Formato I.i. Informaci\u00f3n en Materia de Subsidios<\/a>[\/vc_column_text][\/vc_tta_section][vc_tta_section i_icon_fontawesome=\u00bbfa fa-calendar-check-o\u00bb add_icon=\u00bbtrue\u00bb title=\u00bbPrimer Trimestre 2021&#8243; tab_id=\u00bb1651271343143-d1a8506f-d864&#8243;][vc_column_text]<a href=\"https:\/\/transparencia.bahiadebanderas.gob.mx\/ARTICULO39\/I\/2021\/PRIMER%20TR%202021\/NOMINAS\/art%2039%20fraccion%20I%20inciso%20h%20resultado%20de%20las%20evaluaciones.pdf\">Formato I.i. Informaci\u00f3n en Materia de Subsidios<\/a>[\/vc_column_text][\/vc_tta_section][\/vc_tta_accordion][\/vc_column][\/vc_row][\/vc_section][vc_row][vc_column][vc_column_text]<span style=\"color: #82193e;\"><strong>Per\u00edodo de actualizaci\u00f3n:<\/strong><\/span> trimestral<br \/>\n<span style=\"color: #82193e;\"><strong>Ultima actualizaci\u00f3n:<\/strong><\/span> 27 de Oct de 2025<br \/>\n<span style=\"color: #82193e;\"><strong>\u00c1rea que genera la informaci\u00f3n:<\/strong><\/span> Tesorer\u00eda[\/vc_column_text][\/vc_column][\/vc_row]<\/p>\n","protected":false},"excerpt":{"rendered":"<p>[vc_section][vc_row][vc_column][vc_tta_accordion active_section=\u00bb1&#8243; title=\u00bbEjercicio 2025&#8243;][vc_tta_section i_icon_fontawesome=\u00bbfa fa-calendar-check-o\u00bb add_icon=\u00bbtrue\u00bb title=\u00bbTercer Trimestre\u00bb tab_id=\u00bb1778265712719-bf0b8adc-eca1&#8243;][vc_column_text]Formato I.i. Informaci\u00f3n en Materia de Subsidios[\/vc_column_text][\/vc_tta_section][vc_tta_section i_icon_fontawesome=\u00bbfa fa-calendar-check-o\u00bb add_icon=\u00bbtrue\u00bb title=\u00bbSegundo Trimestre\u00bb tab_id=\u00bb1778265712719-bc6f1649-0775&#8243;][vc_column_text]Formato I.i. Informaci\u00f3n en Materia de Subsidios[\/vc_column_text][\/vc_tta_section][vc_tta_section i_icon_fontawesome=\u00bbfa fa-calendar-check-o\u00bb add_icon=\u00bbtrue\u00bb title=\u00bbPrimer Trimestre\u00bb tab_id=\u00bb1778265712720-8dee73f4-45e2&#8243;][vc_column_text]Formato I.i. Informaci\u00f3n en Materia de Subsidios[\/vc_column_text][\/vc_tta_section][\/vc_tta_accordion][vc_tta_accordion active_section=\u00bb1&#8243; title=\u00bbEjercicio 2023&#8243;][vc_tta_section i_icon_fontawesome=\u00bbfa fa-calendar-check-o\u00bb add_icon=\u00bbtrue\u00bb title=\u00bbCuarto Trimestre\u00bb tab_id=\u00bb1744386253498-8ea08f0e-c028&#8243;][vc_column_text]Formato I.i. Informaci\u00f3n en Materia de Subsidios[\/vc_column_text][\/vc_tta_section][vc_tta_section [&hellip;]<\/p>\n","protected":false},"author":1,"featured_media":0,"parent":7045,"menu_order":0,"comment_status":"closed","ping_status":"closed","template":"","meta":{"footnotes":""},"class_list":["post-7056","page","type-page","status-publish","hentry"],"_links":{"self":[{"href":"https:\/\/transparencia.bahiadebanderas.gob.mx\/index.php?rest_route=\/wp\/v2\/pages\/7056","targetHints":{"allow":["GET"]}}],"collection":[{"href":"https:\/\/transparencia.bahiadebanderas.gob.mx\/index.php?rest_route=\/wp\/v2\/pages"}],"about":[{"href":"https:\/\/transparencia.bahiadebanderas.gob.mx\/index.php?rest_route=\/wp\/v2\/types\/page"}],"author":[{"embeddable":true,"href":"https:\/\/transparencia.bahiadebanderas.gob.mx\/index.php?rest_route=\/wp\/v2\/users\/1"}],"replies":[{"embeddable":true,"href":"https:\/\/transparencia.bahiadebanderas.gob.mx\/index.php?rest_route=%2Fwp%2Fv2%2Fcomments&post=7056"}],"version-history":[{"count":37,"href":"https:\/\/transparencia.bahiadebanderas.gob.mx\/index.php?rest_route=\/wp\/v2\/pages\/7056\/revisions"}],"predecessor-version":[{"id":21342,"href":"https:\/\/transparencia.bahiadebanderas.gob.mx\/index.php?rest_route=\/wp\/v2\/pages\/7056\/revisions\/21342"}],"up":[{"embeddable":true,"href":"https:\/\/transparencia.bahiadebanderas.gob.mx\/index.php?rest_route=\/wp\/v2\/pages\/7045"}],"wp:attachment":[{"href":"https:\/\/transparencia.bahiadebanderas.gob.mx\/index.php?rest_route=%2Fwp%2Fv2%2Fmedia&parent=7056"}],"curies":[{"name":"wp","href":"https:\/\/api.w.org\/{rel}","templated":true}]}}