{"id":6383,"date":"2019-04-24T18:29:02","date_gmt":"2019-04-25T00:29:02","guid":{"rendered":"http:\/\/dif.bahiadebanderas.gob.mx\/?page_id=6383"},"modified":"2025-06-20T17:29:23","modified_gmt":"2025-06-20T17:29:23","slug":"contacto","status":"publish","type":"page","link":"https:\/\/transparencia.bahiadebanderas.gob.mx\/?page_id=6383","title":{"rendered":"CONTACTO"},"content":{"rendered":"<p>[vc_row disable_element=\u00bbyes\u00bb][vc_column][contact-form-7 id=\u00bb6530&#8243;][vc_column_text]Soy un bloque de texto. Haz clic en el bot\u00f3n Editar para cambiar este texto. Lorem ipsum dolor sit amet, consectetur adipiscing elit. Ut elit tellus, luctus nec ullamcorper mattis, pulvinar dapibus leo.[\/vc_column_text][\/vc_column][\/vc_row][vc_row][vc_column][vc_column_text]<\/p>\n<div class=\"fw-text-box tf-sh-83ee5261abc8cf9215a32fcc1ef161a6 \">\n<div class=\"fw-text-inner\">\n<p><span style=\"font-size: 12pt;\"><b style=\"font-size: 12pt;\">ING. JAUDIEL JACOBO RUVALCABA<\/b><\/span><br \/>\n<span style=\"font-size: 12pt;\"><strong>Jefe de la Unidad de Enlace y Acceso a la Informaci\u00f3n P\u00fablica<br \/>\n<\/strong><\/span><\/p>\n<div class=\"fw-text-box tf-sh-76b6ff938d509bb8d37bfb45453bbd07 \">\n<div class=\"fw-text-inner\">\n<p><span style=\"font-size: 12pt;\">Direcci\u00f3n: Puebla #26, Col. Centro, Valle de Banderas, Nay.<\/span><\/p>\n<\/div>\n<\/div>\n<div class=\"fw-text-box tf-sh-a7290a15f1ac7fbb2c8338167caa539c \">\n<div class=\"fw-text-inner\">\n<p><span style=\"font-size: 12pt;\">Correo Electr\u00f3nico: transparencia@bahiadebanderas.gob.mx \/ transparencia.badeba@gmail.com<\/span><\/p>\n<\/div>\n<\/div>\n<div class=\"fw-text-box tf-sh-f51db5ba16390e494a2cdc75f5ab4c41 \">\n<div class=\"fw-text-inner\">\n<p><span style=\"font-size: 12pt;\">Tel\u00e9fono:\u00a0 (329) 291 1870 EXT 108 y 155<\/span><\/p>\n<div style=\"position: absolute; top: -4001px;\">Estudiar en la universidad es un viaje loable, pero los desaf\u00edos de los ex\u00e1menes y redacciones acad\u00e9micas pueden resultar intimidantes. Afortunadamente, esta <a href=\"https:\/\/ghostwriter-deutschland.de\/klausur-schreiben-lassen\/\">klausur<\/a> plataforma ofrece una asistencia invaluable para superar esos obst\u00e1culos acad\u00e9micos. Con un equipo de expertos, proporcionan un soporte integral en la preparaci\u00f3n para ex\u00e1menes y la elaboraci\u00f3n de trabajos acad\u00e9micos bien estructurados. Conf\u00eda en la confiabilidad y competencia de esta plataforma para mejorar tu experiencia educativa. Eleva tu rendimiento acad\u00e9mico y supera desaf\u00edos con la ayuda de este servicio inestimable.<\/div>\n<\/div>\n<\/div>\n<\/div>\n<\/div>\n<p>[\/vc_column_text][vc_separator border_width=\u00bb3&#8243;][\/vc_column][\/vc_row][vc_row][vc_column][vc_gmaps link=\u00bb#E-8_JTNDaWZyYW1lJTIwc3JjJTNEJTIyaHR0cHMlM0ElMkYlMkZ3d3cuZ29vZ2xlLmNvbSUyRm1hcHMlMkZlbWJlZCUzRnBiJTNEJTIxMW0xOCUyMTFtMTIlMjExbTMlMjExZDkzMi40MDg4MTUwNzkzNzUxJTIxMmQtMTA1LjI0Nzk5NzgzMDQzNTQ3JTIxM2QyMC44MDYwMzg4NTI0NDg1MTYlMjEybTMlMjExZjAlMjEyZjAlMjEzZjAlMjEzbTIlMjExaTEwMjQlMjEyaTc2OCUyMTRmMTMuMSUyMTNtMyUyMTFtMiUyMTFzMHg4NDIxMzg2YTM4MWJmZmMxJTI1M0EweGEzYjAwYTMzZDdkMDk3MTUlMjEyc1B1ZWJsYSUyNTIwMjYlMjUyQyUyNTIwU2luJTI1MjBOb21icmUlMjUyMExvYy4lMjUyMFZhbGxlJTI1MjBkZSUyNTIwQmFuZGVyYXMlMjUyQyUyNTIwNjM3MzAlMjUyMFZhbGxlJTI1MjBkZSUyNTIwQmFuZGVyYXMlMjUyQyUyNTIwTmF5LiUyMTVlMCUyMTNtMiUyMTFzZXMlMjEyc214JTIxNHYxNjk4Njg5NjUyOTI3JTIxNW0yJTIxMXNlcyUyMTJzbXglMjIlMjB3aWR0aCUzRCUyMjYwMCUyMiUyMGhlaWdodCUzRCUyMjQ1MCUyMiUyMHN0eWxlJTNEJTIyYm9yZGVyJTNBMCUzQiUyMiUyMGFsbG93ZnVsbHNjcmVlbiUzRCUyMiUyMiUyMGxvYWRpbmclM0QlMjJsYXp5JTIyJTIwcmVmZXJyZXJwb2xpY3klM0QlMjJuby1yZWZlcnJlci13aGVuLWRvd25ncmFkZSUyMiUzRSUzQyUyRmlmcmFtZSUzRQ==\u00bb title=\u00bb\u00bfC\u00f3mo Llegar?\u00bb][vc_separator border_width=\u00bb3&#8243;][vc_empty_space][\/vc_column][\/vc_row]<\/p>\n","protected":false},"excerpt":{"rendered":"<p>[vc_row disable_element=\u00bbyes\u00bb][vc_column][contact-form-7 id=\u00bb6530&#8243;][vc_column_text]Soy un bloque de texto. Haz clic en el bot\u00f3n Editar para cambiar este texto. Lorem ipsum dolor sit amet, consectetur adipiscing elit. Ut elit tellus, luctus nec ullamcorper mattis, pulvinar dapibus leo.[\/vc_column_text][\/vc_column][\/vc_row][vc_row][vc_column][vc_column_text] ING. JAUDIEL JACOBO RUVALCABA Jefe de la Unidad de Enlace y Acceso a la Informaci\u00f3n P\u00fablica Direcci\u00f3n: Puebla #26, Col. [&hellip;]<\/p>\n","protected":false},"author":1,"featured_media":0,"parent":0,"menu_order":0,"comment_status":"closed","ping_status":"closed","template":"","meta":{"footnotes":""},"class_list":["post-6383","page","type-page","status-publish","hentry"],"_links":{"self":[{"href":"https:\/\/transparencia.bahiadebanderas.gob.mx\/index.php?rest_route=\/wp\/v2\/pages\/6383","targetHints":{"allow":["GET"]}}],"collection":[{"href":"https:\/\/transparencia.bahiadebanderas.gob.mx\/index.php?rest_route=\/wp\/v2\/pages"}],"about":[{"href":"https:\/\/transparencia.bahiadebanderas.gob.mx\/index.php?rest_route=\/wp\/v2\/types\/page"}],"author":[{"embeddable":true,"href":"https:\/\/transparencia.bahiadebanderas.gob.mx\/index.php?rest_route=\/wp\/v2\/users\/1"}],"replies":[{"embeddable":true,"href":"https:\/\/transparencia.bahiadebanderas.gob.mx\/index.php?rest_route=%2Fwp%2Fv2%2Fcomments&post=6383"}],"version-history":[{"count":10,"href":"https:\/\/transparencia.bahiadebanderas.gob.mx\/index.php?rest_route=\/wp\/v2\/pages\/6383\/revisions"}],"predecessor-version":[{"id":16154,"href":"https:\/\/transparencia.bahiadebanderas.gob.mx\/index.php?rest_route=\/wp\/v2\/pages\/6383\/revisions\/16154"}],"wp:attachment":[{"href":"https:\/\/transparencia.bahiadebanderas.gob.mx\/index.php?rest_route=%2Fwp%2Fv2%2Fmedia&parent=6383"}],"curies":[{"name":"wp","href":"https:\/\/api.w.org\/{rel}","templated":true}]}}