{"id":6087,"date":"2019-01-30T18:31:10","date_gmt":"2019-01-31T00:31:10","guid":{"rendered":"http:\/\/dif.bahiadebanderas.gob.mx\/?page_id=6087"},"modified":"2025-11-12T15:57:51","modified_gmt":"2025-11-12T15:57:51","slug":"obligaciones-aplicables-ultimo-parrafo-del-articulo-33","status":"publish","type":"page","link":"https:\/\/transparencia.bahiadebanderas.gob.mx\/?page_id=6087","title":{"rendered":"Obligaciones aplicables (\u00daLTIMO P\u00c1RRAFO DEL ART\u00cdCULO 33)"},"content":{"rendered":"<p>[vc_section][vc_row][vc_column][vc_tta_accordion style=\u00bbmodern\u00bb active_section=\u00bb1&#8243; title=\u00bbEjercicio 2025&#8243;][vc_tta_section i_icon_fontawesome=\u00bbfa fa-calendar-check-o\u00bb add_icon=\u00bbtrue\u00bb title=\u00bbRubros Aplicables a p\u00e1ginas de Internet\u00bb tab_id=\u00bb1548199587896-6d1df781-2d12&#8243;][vc_column_text]<a href=\"https:\/\/transparencia.bahiadebanderas.gob.mx\/ARTICULO33\/ULTIMO%20PARRAFO\/2025\/3ER%20TR%202025\/ULTIMO%20PARRAFO\/ASIGNACION%20DE%20FORMATOS.xlsx\"><span style=\"color: #82193e;\">Tabla de aplicabilidad de las Obligaciones de Transparencia Comunes Art\u00edculo 33<\/span><\/a><\/p>\n<p><a href=\"https:\/\/transparencia.bahiadebanderas.gob.mx\/ARTICULO33\/ULTIMO%20PARRAFO\/2024\/3ER%20TR%202024\/tabla%20de%20actualizacion2022%20XI%20Ayto%20BADEBA%201.pdf\"><span style=\"color: #82193e;\">Tabla de Actualizaci\u00f3n y Conservaci\u00f3n de la Informaci\u00f3n Art\u00edculo 33 y Art\u00edculo 39\u00a0<\/span><\/a><\/p>\n<p>&nbsp;<\/p>\n<p><span style=\"color: #82193e;\"><strong><span style=\"color: #000000;\">Ejercicio 2025<\/span><\/strong><br \/>\n<a href=\"https:\/\/transparencia.bahiadebanderas.gob.mx\/ARTICULO33\/ULTIMO%20PARRAFO\/2025\/2DO%20TR%202025\/TRANSPARENCIA\/LTAIPEN_Art_33.xlsx\">Formato \u00daltimo P\u00e1rrafo del Art\u00edculo 33<\/a><\/span>[\/vc_column_text][\/vc_tta_section][\/vc_tta_accordion][\/vc_column][\/vc_row][\/vc_section][vc_section][vc_row][vc_column][vc_tta_accordion style=\u00bbmodern\u00bb active_section=\u00bb1&#8243; title=\u00bbEjercicio 2024&#8243;][vc_tta_section i_icon_fontawesome=\u00bbfa fa-calendar-check-o\u00bb add_icon=\u00bbtrue\u00bb title=\u00bbRubros Aplicables a p\u00e1ginas de Internet\u00bb tab_id=\u00bb1744316398872-eab0c72f-d677&#8243;][vc_column_text]<span style=\"color: #82193e;\"><a style=\"color: #82193e;\" href=\"https:\/\/transparencia.bahiadebanderas.gob.mx\/ARTICULO33\/ULTIMO%20PARRAFO\/2024\/3ER%20TR%202024\/ASIGNACION%20DE%20FORMATOS.xlsx\">Tabla de aplicabilidad de las Obligaciones de Transparencia Comunes Art\u00edculo 33<\/a><\/span><\/p>\n<p><span style=\"color: #82193e;\"><a style=\"color: #82193e;\" href=\"https:\/\/transparencia.bahiadebanderas.gob.mx\/ARTICULO33\/ULTIMO%20PARRAFO\/2024\/3ER%20TR%202024\/tabla%20de%20actualizacion2022%20XI%20Ayto%20BADEBA%201.pdf\">Tabla de Actualizaci\u00f3n y Conservaci\u00f3n de la Informaci\u00f3n Art\u00edculo 33 y Art\u00edculo 39\u00a0<\/a><\/span><\/p>\n<p>&nbsp;<\/p>\n<p><span style=\"color: #82193e;\"><strong><span style=\"color: #000000;\">Ejercicio 2024<\/span><\/strong><br \/>\n<a style=\"color: #82193e;\" href=\"https:\/\/transparencia.bahiadebanderas.gob.mx\/ARTICULO33\/ULTIMO%20PARRAFO\/2024\/3ER%20TR%202024\/LTAIPEN_Art_33.xlsx\" target=\"_blank\" rel=\"noopener noreferrer\">Formato \u00daltimo P\u00e1rrafo del Art\u00edculo 33<\/a><\/span>[\/vc_column_text][\/vc_tta_section][\/vc_tta_accordion][\/vc_column][\/vc_row][\/vc_section][vc_row][vc_column][vc_column_text]<span style=\"color: #82193e;\"><strong>Per\u00edodo de actualizaci\u00f3n:<\/strong><\/span> anual<br \/>\n<span style=\"color: #82193e;\"><strong>Ultima actualizaci\u00f3n:<\/strong> <\/span>27 de Octubre de 2025<br \/>\n<span style=\"color: #82193e;\"><strong>\u00c1rea que genera la informaci\u00f3n:<\/strong><\/span> Jefatura de Enlace y Acceso P\u00fablico a la Informaci\u00f3n[\/vc_column_text][\/vc_column][\/vc_row]<\/p>\n","protected":false},"excerpt":{"rendered":"<p>[vc_section][vc_row][vc_column][vc_tta_accordion style=\u00bbmodern\u00bb active_section=\u00bb1&#8243; title=\u00bbEjercicio 2025&#8243;][vc_tta_section i_icon_fontawesome=\u00bbfa fa-calendar-check-o\u00bb add_icon=\u00bbtrue\u00bb title=\u00bbRubros Aplicables a p\u00e1ginas de Internet\u00bb tab_id=\u00bb1548199587896-6d1df781-2d12&#8243;][vc_column_text]Tabla de aplicabilidad de las Obligaciones de Transparencia Comunes Art\u00edculo 33 Tabla de Actualizaci\u00f3n y Conservaci\u00f3n de la Informaci\u00f3n Art\u00edculo 33 y Art\u00edculo 39\u00a0 &nbsp; Ejercicio 2025 Formato \u00daltimo P\u00e1rrafo del Art\u00edculo 33[\/vc_column_text][\/vc_tta_section][\/vc_tta_accordion][\/vc_column][\/vc_row][\/vc_section][vc_section][vc_row][vc_column][vc_tta_accordion style=\u00bbmodern\u00bb active_section=\u00bb1&#8243; title=\u00bbEjercicio 2024&#8243;][vc_tta_section i_icon_fontawesome=\u00bbfa fa-calendar-check-o\u00bb add_icon=\u00bbtrue\u00bb title=\u00bbRubros [&hellip;]<\/p>\n","protected":false},"author":1,"featured_media":0,"parent":5733,"menu_order":0,"comment_status":"closed","ping_status":"closed","template":"","meta":{"footnotes":""},"class_list":["post-6087","page","type-page","status-publish","hentry"],"_links":{"self":[{"href":"https:\/\/transparencia.bahiadebanderas.gob.mx\/index.php?rest_route=\/wp\/v2\/pages\/6087","targetHints":{"allow":["GET"]}}],"collection":[{"href":"https:\/\/transparencia.bahiadebanderas.gob.mx\/index.php?rest_route=\/wp\/v2\/pages"}],"about":[{"href":"https:\/\/transparencia.bahiadebanderas.gob.mx\/index.php?rest_route=\/wp\/v2\/types\/page"}],"author":[{"embeddable":true,"href":"https:\/\/transparencia.bahiadebanderas.gob.mx\/index.php?rest_route=\/wp\/v2\/users\/1"}],"replies":[{"embeddable":true,"href":"https:\/\/transparencia.bahiadebanderas.gob.mx\/index.php?rest_route=%2Fwp%2Fv2%2Fcomments&post=6087"}],"version-history":[{"count":34,"href":"https:\/\/transparencia.bahiadebanderas.gob.mx\/index.php?rest_route=\/wp\/v2\/pages\/6087\/revisions"}],"predecessor-version":[{"id":16697,"href":"https:\/\/transparencia.bahiadebanderas.gob.mx\/index.php?rest_route=\/wp\/v2\/pages\/6087\/revisions\/16697"}],"up":[{"embeddable":true,"href":"https:\/\/transparencia.bahiadebanderas.gob.mx\/index.php?rest_route=\/wp\/v2\/pages\/5733"}],"wp:attachment":[{"href":"https:\/\/transparencia.bahiadebanderas.gob.mx\/index.php?rest_route=%2Fwp%2Fv2%2Fmedia&parent=6087"}],"curies":[{"name":"wp","href":"https:\/\/api.w.org\/{rel}","templated":true}]}}