{"id":6086,"date":"2019-01-30T18:29:10","date_gmt":"2019-01-31T00:29:10","guid":{"rendered":"http:\/\/dif.bahiadebanderas.gob.mx\/?page_id=6086"},"modified":"2026-03-13T16:04:59","modified_gmt":"2026-03-13T16:04:59","slug":"xlix-cualquier-otra-informacion-que-sea-de-utilidad-o-se-considere-relevante","status":"publish","type":"page","link":"https:\/\/transparencia.bahiadebanderas.gob.mx\/?page_id=6086","title":{"rendered":"XLIX. Cualquier otra informaci\u00f3n que sea de utilidad o se considere relevante."},"content":{"rendered":"<p>[vc_section][vc_row][vc_column][vc_tta_accordion style=\u00bbmodern\u00bb active_section=\u00bb1&#8243; title=\u00bbEjercicio 2025&#8243;][vc_tta_section i_icon_fontawesome=\u00bbfa fa-calendar-check-o\u00bb add_icon=\u00bbtrue\u00bb title=\u00bbCuarto Trimestre\u00bb tab_id=\u00bb1668610517372-e291c4d9-1af5&#8243;][vc_column_text]<a href=\"https:\/\/transparencia.bahiadebanderas.gob.mx\/ARTICULO33\/XLIX\/2025\/4TO%20TR%202025\/TRANSPARENCIA\/LTAIPEN_Art_33_Fr_XLIX_a.xlsx\"><span style=\"color: #82193e;\">Formato -XLIXa. Informaci\u00f3n de Inter\u00e9s P\u00fablico<\/span><\/a><\/p>\n<p><a href=\"https:\/\/transparencia.bahiadebanderas.gob.mx\/ARTICULO33\/XLIX\/2025\/4TO%20TR%202025\/TRANSPARENCIA\/LTAIPEN_Art_33_Fr_XLIX_b.xlsx\"><span style=\"color: #82193e;\">Formato -XLIXb. Preguntas Frecuentes<\/span><\/a><\/p>\n<p><a href=\"https:\/\/transparencia.bahiadebanderas.gob.mx\/ARTICULO33\/XLIX\/2025\/4TO%20TR%202025\/TRANSPARENCIA\/LTAIPEN_Art_33_Fr_XLIX_c.xlsx\"><span style=\"color: #82193e;\">Formato -XLIXc. Transparencia Proactiva<\/span><\/a>[\/vc_column_text][\/vc_tta_section][vc_tta_section i_icon_fontawesome=\u00bbfa fa-calendar-check-o\u00bb add_icon=\u00bbtrue\u00bb title=\u00bbTercer Trimestre\u00bb tab_id=\u00bb1773421244779-7e153492-3f02&#8243;][vc_column_text]<a href=\"https:\/\/transparencia.bahiadebanderas.gob.mx\/ARTICULO33\/XLIX\/2025\/3ER%20TR%202025\/TRANSPARENCIA\/LTAIPEN_Art_33_Fr_XLIX_a.xlsx\"><span style=\"color: #82193e;\">Formato -XLIXa. Informaci\u00f3n de Inter\u00e9s P\u00fablico<\/span><\/a><\/p>\n<p><a href=\"https:\/\/transparencia.bahiadebanderas.gob.mx\/ARTICULO33\/XLIX\/2025\/3ER%20TR%202025\/TRANSPARENCIA\/LTAIPEN_Art_33_Fr_XLIX_b.xlsx\"><span style=\"color: #82193e;\">Formato -XLIXb. Preguntas Frecuentes<\/span><\/a><\/p>\n<p><a href=\"https:\/\/transparencia.bahiadebanderas.gob.mx\/ARTICULO33\/XLIX\/2025\/3ER%20TR%202025\/TRANSPARENCIA\/LTAIPEN_Art_33_Fr_XLIX_c.xlsx\"><span style=\"color: #82193e;\">Formato -XLIXc. Transparencia Proactiva<\/span><\/a>[\/vc_column_text][\/vc_tta_section][vc_tta_section i_icon_fontawesome=\u00bbfa fa-calendar-check-o\u00bb add_icon=\u00bbtrue\u00bb title=\u00bbSegundo Trimestre\u00bb tab_id=\u00bb1762882980043-31f1a94a-8042&#8243;][vc_column_text]<a href=\"https:\/\/transparencia.bahiadebanderas.gob.mx\/ARTICULO33\/XLIX\/2025\/2DO%20TR%202025\/TRANSPARENCIA\/LTAIPEN_Art_33_Fr_XLIX_a.xlsx\"><span style=\"color: #82193e;\">Formato -XLIXa. Informaci\u00f3n de Inter\u00e9s P\u00fablico<\/span><\/a><\/p>\n<p><a href=\"https:\/\/transparencia.bahiadebanderas.gob.mx\/ARTICULO33\/XLIX\/2025\/2DO%20TR%202025\/TRANSPARENCIA\/LTAIPEN_Art_33_Fr_XLIX_b.xlsx\"><span style=\"color: #82193e;\">Formato -XLIXb. Preguntas Frecuentes<\/span><\/a><\/p>\n<p><a href=\"https:\/\/transparencia.bahiadebanderas.gob.mx\/ARTICULO33\/XLIX\/2025\/2DO%20TR%202025\/TRANSPARENCIA\/LTAIPEN_Art_33_Fr_XLIX_c.xlsx\"><span style=\"color: #82193e;\">Formato -XLIXc. Transparencia Proactiva<\/span><\/a>[\/vc_column_text][\/vc_tta_section][vc_tta_section i_icon_fontawesome=\u00bbfa fa-calendar-check-o\u00bb add_icon=\u00bbtrue\u00bb title=\u00bbPrimer Trimestre\u00bb tab_id=\u00bb1754675604149-c24f41b6-e72e\u00bb][vc_column_text]<a href=\"https:\/\/transparencia.bahiadebanderas.gob.mx\/ARTICULO33\/XLIX\/2025\/1ER%20TR%202025\/TRANSPARENCIA\/LTAIPEN_Art_33_Fr_XLIX_a.xlsx\"><span style=\"color: #82193e;\">Formato -XLIXa. Informaci\u00f3n de Inter\u00e9s P\u00fablico<\/span><\/a><\/p>\n<p><a href=\"https:\/\/transparencia.bahiadebanderas.gob.mx\/ARTICULO33\/XLIX\/2025\/1ER%20TR%202025\/TRANSPARENCIA\/LTAIPEN_Art_33_Fr_XLIX_b.xlsx\"><span style=\"color: #82193e;\">Formato -XLIXb. Preguntas Frecuentes<\/span><\/a><\/p>\n<p><a href=\"https:\/\/transparencia.bahiadebanderas.gob.mx\/ARTICULO33\/XLIX\/2025\/1ER%20TR%202025\/TRANSPARENCIA\/LTAIPEN_Art_33_Fr_XLIX_c.xlsx\"><span style=\"color: #82193e;\">Formato -XLIXc. Transparencia Proactiva<\/span><\/a>[\/vc_column_text][\/vc_tta_section][\/vc_tta_accordion][\/vc_column][\/vc_row][\/vc_section][vc_section][vc_row][vc_column][vc_tta_accordion style=\u00bbmodern\u00bb active_section=\u00bb1&#8243; title=\u00bbEjercicio 2024&#8243;][vc_tta_section i_icon_fontawesome=\u00bbfa fa-calendar-check-o\u00bb add_icon=\u00bbtrue\u00bb title=\u00bbPrimer Trimestre\u00bb tab_id=\u00bb1744316854442-62315096-6374&#8243;][vc_column_text]<span style=\"color: #82193e;\"><a style=\"color: #82193e;\" href=\"https:\/\/transparencia.bahiadebanderas.gob.mx\/ARTICULO33\/XLIX\/2024\/3ER%20TR%202024\/TRANSPARENCIA\/LTAIPEN_Art_33_Fr_XLIX_a.xlsx\" target=\"_blank\" rel=\"noopener noreferrer\">Formato -XLIXa. Informaci\u00f3n de Inter\u00e9s P\u00fablico<\/a><\/span><\/p>\n<p><a href=\"https:\/\/transparencia.bahiadebanderas.gob.mx\/ARTICULO33\/XLIX\/2024\/3ER%20TR%202024\/TRANSPARENCIA\/LTAIPEN_Art_33_Fr_XLIX_b.xlsx\"><span style=\"color: #82193e;\">Formato -XLIXb. Preguntas Frecuentes<\/span><\/a><\/p>\n<p><span style=\"color: #82193e;\"><a style=\"color: #82193e;\" href=\"https:\/\/transparencia.bahiadebanderas.gob.mx\/ARTICULO33\/XLIX\/2024\/3ER%20TR%202024\/TRANSPARENCIA\/LTAIPEN_Art_33_Fr_XLIX_c.xlsx\" target=\"_blank\" rel=\"noopener noreferrer\">Formato -XLIXc. Transparencia Proactiva<\/a><\/span>[\/vc_column_text][\/vc_tta_section][\/vc_tta_accordion][\/vc_column][\/vc_row][\/vc_section][vc_section][vc_row][vc_column][vc_tta_accordion style=\u00bbmodern\u00bb active_section=\u00bb1&#8243; title=\u00bbEjercicio 2023&#8243;][vc_tta_section i_icon_fontawesome=\u00bbfa fa-calendar-check-o\u00bb add_icon=\u00bbtrue\u00bb title=\u00bbCuarto Trimestre\u00bb tab_id=\u00bb1715193572749-b2bc4ed4-de39&#8243;][vc_column_text]<span style=\"color: #82193e;\"><a style=\"color: #82193e;\" href=\"https:\/\/transparencia.bahiadebanderas.gob.mx\/ARTICULO33\/XLIX\/2023\/4TO%20TR%202023\/LTAIPEN_Art_33_Fr_XLIX_a.xlsx\" target=\"_blank\" rel=\"noopener noreferrer\">Formato -XLIXa. Informaci\u00f3n de Inter\u00e9s P\u00fablico<\/a><\/span><\/p>\n<p><a href=\"https:\/\/transparencia.bahiadebanderas.gob.mx\/ARTICULO33\/XLIX\/2023\/4TO%20TR%202023\/LTAIPEN_Art_33_Fr_XLIX_b.xlsx\"><span style=\"color: #82193e;\">Formato -XLIXb. Preguntas Frecuentes<\/span><\/a><\/p>\n<p><span style=\"color: #82193e;\"><a style=\"color: #82193e;\" href=\"https:\/\/transparencia.bahiadebanderas.gob.mx\/ARTICULO33\/XLIX\/2023\/4TO%20TR%202023\/LTAIPEN_Art_33_Fr_XLIX_c.xlsx\" target=\"_blank\" rel=\"noopener noreferrer\">Formato -XLIXc. Transparencia Proactiva<\/a><\/span>[\/vc_column_text][\/vc_tta_section][\/vc_tta_accordion][\/vc_column][\/vc_row][\/vc_section][vc_row][vc_column][vc_column_text]<a href=\"https:\/\/transparencia.bahiadebanderas.gob.mx\/wp-content\/uploads\/2025\/03\/PAA-2025.pdf\">PAA 2025<\/a> (Programa Anual de Adquisiciones)<\/p>\n<p><span style=\"color: #82193e;\"><strong>Per\u00edodo de actualizaci\u00f3n:<\/strong><\/span> trimestral<br \/>\n<span style=\"color: #82193e;\"><strong>Ultima actualizaci\u00f3n:<\/strong><\/span> 27 de Oct de 2025<br \/>\n<span style=\"color: #82193e;\"><strong>\u00c1rea que genera la informaci\u00f3n:<\/strong><\/span> Secretar\u00eda del Ayuntamiento\/Jefatura de Enlace y Acceso P\u00fablico a la Informaci\u00f3n[\/vc_column_text][\/vc_column][\/vc_row]<\/p>\n","protected":false},"excerpt":{"rendered":"<p>[vc_section][vc_row][vc_column][vc_tta_accordion style=\u00bbmodern\u00bb active_section=\u00bb1&#8243; title=\u00bbEjercicio 2025&#8243;][vc_tta_section i_icon_fontawesome=\u00bbfa fa-calendar-check-o\u00bb add_icon=\u00bbtrue\u00bb title=\u00bbCuarto Trimestre\u00bb tab_id=\u00bb1668610517372-e291c4d9-1af5&#8243;][vc_column_text]Formato -XLIXa. Informaci\u00f3n de Inter\u00e9s P\u00fablico Formato -XLIXb. Preguntas Frecuentes Formato -XLIXc. Transparencia Proactiva[\/vc_column_text][\/vc_tta_section][vc_tta_section i_icon_fontawesome=\u00bbfa fa-calendar-check-o\u00bb add_icon=\u00bbtrue\u00bb title=\u00bbTercer Trimestre\u00bb tab_id=\u00bb1773421244779-7e153492-3f02&#8243;][vc_column_text]Formato -XLIXa. Informaci\u00f3n de Inter\u00e9s P\u00fablico Formato -XLIXb. Preguntas Frecuentes Formato -XLIXc. Transparencia Proactiva[\/vc_column_text][\/vc_tta_section][vc_tta_section i_icon_fontawesome=\u00bbfa fa-calendar-check-o\u00bb add_icon=\u00bbtrue\u00bb title=\u00bbSegundo Trimestre\u00bb tab_id=\u00bb1762882980043-31f1a94a-8042&#8243;][vc_column_text]Formato -XLIXa. Informaci\u00f3n de Inter\u00e9s P\u00fablico Formato [&hellip;]<\/p>\n","protected":false},"author":1,"featured_media":0,"parent":5733,"menu_order":0,"comment_status":"closed","ping_status":"closed","template":"","meta":{"footnotes":""},"class_list":["post-6086","page","type-page","status-publish","hentry"],"_links":{"self":[{"href":"https:\/\/transparencia.bahiadebanderas.gob.mx\/index.php?rest_route=\/wp\/v2\/pages\/6086","targetHints":{"allow":["GET"]}}],"collection":[{"href":"https:\/\/transparencia.bahiadebanderas.gob.mx\/index.php?rest_route=\/wp\/v2\/pages"}],"about":[{"href":"https:\/\/transparencia.bahiadebanderas.gob.mx\/index.php?rest_route=\/wp\/v2\/types\/page"}],"author":[{"embeddable":true,"href":"https:\/\/transparencia.bahiadebanderas.gob.mx\/index.php?rest_route=\/wp\/v2\/users\/1"}],"replies":[{"embeddable":true,"href":"https:\/\/transparencia.bahiadebanderas.gob.mx\/index.php?rest_route=%2Fwp%2Fv2%2Fcomments&post=6086"}],"version-history":[{"count":48,"href":"https:\/\/transparencia.bahiadebanderas.gob.mx\/index.php?rest_route=\/wp\/v2\/pages\/6086\/revisions"}],"predecessor-version":[{"id":21240,"href":"https:\/\/transparencia.bahiadebanderas.gob.mx\/index.php?rest_route=\/wp\/v2\/pages\/6086\/revisions\/21240"}],"up":[{"embeddable":true,"href":"https:\/\/transparencia.bahiadebanderas.gob.mx\/index.php?rest_route=\/wp\/v2\/pages\/5733"}],"wp:attachment":[{"href":"https:\/\/transparencia.bahiadebanderas.gob.mx\/index.php?rest_route=%2Fwp%2Fv2%2Fmedia&parent=6086"}],"curies":[{"name":"wp","href":"https:\/\/api.w.org\/{rel}","templated":true}]}}