{"id":6085,"date":"2019-01-30T18:25:06","date_gmt":"2019-01-31T00:25:06","guid":{"rendered":"http:\/\/dif.bahiadebanderas.gob.mx\/?page_id=6085"},"modified":"2025-11-11T16:31:57","modified_gmt":"2025-11-11T16:31:57","slug":"xlviii-el-seguimiento-de-las-obligaciones-de-responsabilidad-hacendarias","status":"publish","type":"page","link":"https:\/\/transparencia.bahiadebanderas.gob.mx\/?page_id=6085","title":{"rendered":"XLVIII. El seguimiento de las obligaciones de responsabilidad hacendarias establecidas en los conveniosos sobre los niveles de endeudamiento elevado de los entes p\u00fablicos, respectivos."},"content":{"rendered":"<p>[vc_section][vc_row][vc_column][vc_tta_accordion style=\u00bbmodern\u00bb active_section=\u00bb1&#8243; title=\u00bbEjercicio 2025&#8243;][vc_tta_section i_icon_fontawesome=\u00bbfa fa-calendar-check-o\u00bb add_icon=\u00bbtrue\u00bb title=\u00bbTercer Trimestre\u00bb tab_id=\u00bb1694622018651-625dd186-5ce7&#8243;][vc_column_text]<a href=\"https:\/\/transparencia.bahiadebanderas.gob.mx\/ARTICULO33\/XLVIII\/2025\/3ER%20TR%202025\/TESORERIA\/LTAIPEN_Art_33_Fr_XLVIII_a.xlsx\">FormatoXLVIIIa. Seguimiento de las Obligaciones Hacendarias<\/a><\/p>\n<p><a href=\"https:\/\/transparencia.bahiadebanderas.gob.mx\/ARTICULO33\/XLVIII\/2025\/3ER%20TR%202025\/TESORERIA\/LTAIPEN_Art_33_Fr_XLVIII_b.xlsx\">Formato XLVIIIb. La Secretar\u00eda de Administraci\u00f3n y Finanzas o Instancia Correspondiente Incluir\u00e1 Adem\u00e1s: Seguimiento de las Obligaciones Hacendarias<\/a>[\/vc_column_text][\/vc_tta_section][vc_tta_section i_icon_fontawesome=\u00bbfa fa-calendar-check-o\u00bb add_icon=\u00bbtrue\u00bb title=\u00bbSegundo Trimestre\u00bb tab_id=\u00bb1762881260972-0fb1bdd1-3abd\u00bb][vc_column_text]<a href=\"https:\/\/transparencia.bahiadebanderas.gob.mx\/ARTICULO33\/XLVIII\/2025\/2DO%20TR%202025\/TESORERIA\/LTAIPEN_Art_33_Fr_XLVIII_a.xlsx\">FormatoXLVIIIa. Seguimiento de las Obligaciones Hacendarias<\/a><\/p>\n<p><a href=\"https:\/\/transparencia.bahiadebanderas.gob.mx\/ARTICULO33\/XLVIII\/2025\/2DO%20TR%202025\/TESORERIA\/LTAIPEN_Art_33_Fr_XLVIII_b.xlsx\">Formato XLVIIIb. La Secretar\u00eda de Administraci\u00f3n y Finanzas o Instancia Correspondiente Incluir\u00e1 Adem\u00e1s: Seguimiento de las Obligaciones Hacendarias<\/a>[\/vc_column_text][\/vc_tta_section][vc_tta_section i_icon_fontawesome=\u00bbfa fa-calendar-check-o\u00bb add_icon=\u00bbtrue\u00bb title=\u00bbPrimer Trimestre\u00bb tab_id=\u00bb1755712544572-8bda0526-5331&#8243;][vc_column_text]<a href=\"https:\/\/transparencia.bahiadebanderas.gob.mx\/ARTICULO33\/XLVIII\/2025\/1ER%20TR%202025\/TESORERIA\/LTAIPEN_Art_33_Fr_XLVIII_a.xlsx\">FormatoXLVIIIa. Seguimiento de las Obligaciones Hacendarias<\/a><\/p>\n<p><a href=\"https:\/\/transparencia.bahiadebanderas.gob.mx\/ARTICULO33\/XLVIII\/2025\/1ER%20TR%202025\/TESORERIA\/LTAIPEN_Art_33_Fr_XLVIII_b.xlsx\">Formato XLVIIIb. La Secretar\u00eda de Administraci\u00f3n y Finanzas o Instancia Correspondiente Incluir\u00e1 Adem\u00e1s: Seguimiento de las Obligaciones Hacendarias<\/a>[\/vc_column_text][\/vc_tta_section][\/vc_tta_accordion][\/vc_column][\/vc_row][\/vc_section][vc_section][vc_row][vc_column][vc_tta_accordion style=\u00bbmodern\u00bb active_section=\u00bb1&#8243; title=\u00bbEjercicio 2024&#8243;][vc_tta_section i_icon_fontawesome=\u00bbfa fa-calendar-check-o\u00bb add_icon=\u00bbtrue\u00bb title=\u00bbCuarto Trimestre\u00bb tab_id=\u00bb1744316224856-fca0a9dc-5f91&#8243;][vc_column_text]FormatoXLVIIIa. Seguimiento de las Obligaciones Hacendarias<\/p>\n<p>Formato XLVIIIb. La Secretar\u00eda de Administraci\u00f3n y Finanzas o Instancia Correspondiente Incluir\u00e1 Adem\u00e1s: Seguimiento de las Obligaciones Hacendarias[\/vc_column_text][\/vc_tta_section][vc_tta_section i_icon_fontawesome=\u00bbfa fa-calendar-check-o\u00bb add_icon=\u00bbtrue\u00bb title=\u00bbTercer Trimestre\u00bb tab_id=\u00bb1744316224856-c691bba9-8430&#8243;][vc_column_text]<a href=\"https:\/\/transparencia.bahiadebanderas.gob.mx\/ARTICULO33\/XLVIII\/2024\/3ER%20TR%202024\/TESORERIA\/LTAIPEN_Art_33_Fr_XLVIII_a.xlsx\">FormatoXLVIIIa. Seguimiento de las Obligaciones Hacendarias<\/a><\/p>\n<p><a href=\"https:\/\/transparencia.bahiadebanderas.gob.mx\/ARTICULO33\/XLVIII\/2024\/3ER%20TR%202024\/TESORERIA\/LTAIPEN_Art_33_Fr_XLVIII_b.xlsx\">Formato XLVIIIb. La Secretar\u00eda de Administraci\u00f3n y Finanzas o Instancia Correspondiente Incluir\u00e1 Adem\u00e1s: Seguimiento de las Obligaciones Hacendarias<\/a>[\/vc_column_text][\/vc_tta_section][vc_tta_section i_icon_fontawesome=\u00bbfa fa-calendar-check-o\u00bb add_icon=\u00bbtrue\u00bb title=\u00bbSegundo Trimestre\u00bb tab_id=\u00bb1744316224857-e39846b2-e18f\u00bb][vc_column_text]<a href=\"https:\/\/transparencia.bahiadebanderas.gob.mx\/ARTICULO33\/XLVIII\/2023\/2DO%20TR%202023\/LTAIPEN_Art_33_Fr_XLVIII_a.xlsx\">FormatoXLVIIIa. Seguimiento de las Obligaciones Hacendarias<\/a><\/p>\n<p><a href=\"https:\/\/transparencia.bahiadebanderas.gob.mx\/ARTICULO33\/XLVIII\/2023\/2DO%20TR%202023\/LTAIPEN_Art_33_Fr_XLVIII_b.xlsx\">Formato XLVIIIb. La Secretar\u00eda de Administraci\u00f3n y Finanzas o Instancia Correspondiente Incluir\u00e1 Adem\u00e1s: Seguimiento de las Obligaciones Hacendarias<\/a>[\/vc_column_text][\/vc_tta_section][vc_tta_section i_icon_fontawesome=\u00bbfa fa-calendar-check-o\u00bb add_icon=\u00bbtrue\u00bb title=\u00bbPrimer Trimestre\u00bb tab_id=\u00bb1744316224857-e84a9bf4-5365&#8243;][vc_column_text]<a href=\"https:\/\/transparencia.bahiadebanderas.gob.mx\/ARTICULO33\/XLVIII\/2023\/1ER%20TR%202023\/LTAIPEN_Art_33_Fr_XLVIII_a.xlsx\">FormatoXLVIIIa. Seguimiento de las Obligaciones Hacendarias<\/a><\/p>\n<p><a href=\"https:\/\/transparencia.bahiadebanderas.gob.mx\/ARTICULO33\/XLVIII\/2023\/1ER%20TR%202023\/LTAIPEN_Art_33_Fr_XLVIII_b.xlsx\">Formato XLVIIIb. La Secretar\u00eda de Administraci\u00f3n y Finanzas o Instancia Correspondiente Incluir\u00e1 Adem\u00e1s: Seguimiento de las Obligaciones Hacendarias<\/a>[\/vc_column_text][\/vc_tta_section][\/vc_tta_accordion][\/vc_column][\/vc_row][\/vc_section][vc_row][vc_column][vc_column_text]<span style=\"color: #82193e;\"><strong>Per\u00edodo de actualizaci\u00f3n:<\/strong><\/span> trimestral<br \/>\n<span style=\"color: #82193e;\"><strong>Ultima actualizaci\u00f3n:<\/strong><\/span> 27 de Oct de 2025<br \/>\n<span style=\"color: #82193e;\"><strong>\u00c1rea que genera la informaci\u00f3n:<\/strong> <\/span>Tesorer\u00eda[\/vc_column_text][\/vc_column][\/vc_row]<\/p>\n","protected":false},"excerpt":{"rendered":"<p>[vc_section][vc_row][vc_column][vc_tta_accordion style=\u00bbmodern\u00bb active_section=\u00bb1&#8243; title=\u00bbEjercicio 2025&#8243;][vc_tta_section i_icon_fontawesome=\u00bbfa fa-calendar-check-o\u00bb add_icon=\u00bbtrue\u00bb title=\u00bbTercer Trimestre\u00bb tab_id=\u00bb1694622018651-625dd186-5ce7&#8243;][vc_column_text]FormatoXLVIIIa. Seguimiento de las Obligaciones Hacendarias Formato XLVIIIb. La Secretar\u00eda de Administraci\u00f3n y Finanzas o Instancia Correspondiente Incluir\u00e1 Adem\u00e1s: Seguimiento de las Obligaciones Hacendarias[\/vc_column_text][\/vc_tta_section][vc_tta_section i_icon_fontawesome=\u00bbfa fa-calendar-check-o\u00bb add_icon=\u00bbtrue\u00bb title=\u00bbSegundo Trimestre\u00bb tab_id=\u00bb1762881260972-0fb1bdd1-3abd\u00bb][vc_column_text]FormatoXLVIIIa. Seguimiento de las Obligaciones Hacendarias Formato XLVIIIb. La Secretar\u00eda de Administraci\u00f3n y Finanzas o Instancia [&hellip;]<\/p>\n","protected":false},"author":1,"featured_media":0,"parent":5733,"menu_order":0,"comment_status":"closed","ping_status":"closed","template":"","meta":{"footnotes":""},"class_list":["post-6085","page","type-page","status-publish","hentry"],"_links":{"self":[{"href":"https:\/\/transparencia.bahiadebanderas.gob.mx\/index.php?rest_route=\/wp\/v2\/pages\/6085","targetHints":{"allow":["GET"]}}],"collection":[{"href":"https:\/\/transparencia.bahiadebanderas.gob.mx\/index.php?rest_route=\/wp\/v2\/pages"}],"about":[{"href":"https:\/\/transparencia.bahiadebanderas.gob.mx\/index.php?rest_route=\/wp\/v2\/types\/page"}],"author":[{"embeddable":true,"href":"https:\/\/transparencia.bahiadebanderas.gob.mx\/index.php?rest_route=\/wp\/v2\/users\/1"}],"replies":[{"embeddable":true,"href":"https:\/\/transparencia.bahiadebanderas.gob.mx\/index.php?rest_route=%2Fwp%2Fv2%2Fcomments&post=6085"}],"version-history":[{"count":50,"href":"https:\/\/transparencia.bahiadebanderas.gob.mx\/index.php?rest_route=\/wp\/v2\/pages\/6085\/revisions"}],"predecessor-version":[{"id":16691,"href":"https:\/\/transparencia.bahiadebanderas.gob.mx\/index.php?rest_route=\/wp\/v2\/pages\/6085\/revisions\/16691"}],"up":[{"embeddable":true,"href":"https:\/\/transparencia.bahiadebanderas.gob.mx\/index.php?rest_route=\/wp\/v2\/pages\/5733"}],"wp:attachment":[{"href":"https:\/\/transparencia.bahiadebanderas.gob.mx\/index.php?rest_route=%2Fwp%2Fv2%2Fmedia&parent=6085"}],"curies":[{"name":"wp","href":"https:\/\/api.w.org\/{rel}","templated":true}]}}