{"id":6084,"date":"2019-01-30T18:19:48","date_gmt":"2019-01-31T00:19:48","guid":{"rendered":"http:\/\/dif.bahiadebanderas.gob.mx\/?page_id=6084"},"modified":"2026-03-12T21:56:29","modified_gmt":"2026-03-12T21:56:29","slug":"xlvii-para-efectos-estadisticos-el-listado-de-solicitudes-a-las-empresas","status":"publish","type":"page","link":"https:\/\/transparencia.bahiadebanderas.gob.mx\/?page_id=6084","title":{"rendered":"XLVII. Para efectos estad\u00edsticos el listado de solicitudes a las empresas concesionarias de telecomunicaciones y proveedor de servicios  o aplicaciones de Internet."},"content":{"rendered":"<p>[vc_section][vc_row][vc_column][vc_column_text]<strong>El H. XI Ayuntamiento Constitucional de Bah\u00eda de Banderas, Nayarit, no genera ni detenta la informaci\u00f3n relativa al listado de solicitudes a las empresas concesionarias de telecomunicaciones y proveedores de servicios o aplicaciones de Internet para la intervenci\u00f3n de comunicaciones privadas, el acceso al registro de comunicaciones y la localizaci\u00f3n geogr\u00e1fica en tiempo real de equipos de comunicaci\u00f3n, en t\u00e9rminos de los art\u00edculos 291, 294, 300 y 303 del C\u00f3digo Nacional de Procedimientos Penales y art\u00edculos 297 del Registro de comunicaciones, aunado a que no cuentan con atribuciones de procuraci\u00f3n, impartici\u00f3n o administraci\u00f3n de justicia y no est\u00e1n relacionados con materia de seguridad nacional.<\/strong>[\/vc_column_text][vc_tta_accordion style=\u00bbmodern\u00bb active_section=\u00bb1&#8243; title=\u00bbEjercicio 2025&#8243;][vc_tta_section i_icon_fontawesome=\u00bbfa fa-calendar-check-o\u00bb add_icon=\u00bbtrue\u00bb title=\u00bbCuarto Trimestre\u00bb tab_id=\u00bb1731440303218-e0609ce0-0dee\u00bb][vc_column_text]<a href=\"https:\/\/transparencia.bahiadebanderas.gob.mx\/ARTICULO33\/XLVII\/2025\/4TO%20TR%202025\/TRANSPARENCIA\/LTAIPEN_Art_33_Fr_XLVII_a.xlsx\">Formato XLVIIa. Solicitudes de Intervenci\u00f3n de Comunicaciones<\/a><\/p>\n<p>F<a href=\"https:\/\/transparencia.bahiadebanderas.gob.mx\/ARTICULO33\/XLVII\/2025\/4TO%20TR%202025\/TRANSPARENCIA\/LTAIPEN_Art_33_Fr_XLVII_b.xlsx\">ormato XLVIIb. Solicitudes de Registro de Comunicaciones y de Registro de Localizaci\u00f3n Geogr\u00e1fica<\/a><\/p>\n<p>&nbsp;[\/vc_column_text][\/vc_tta_section][vc_tta_section i_icon_fontawesome=\u00bbfa fa-calendar-check-o\u00bb add_icon=\u00bbtrue\u00bb title=\u00bbTercer Trimestre\u00bb tab_id=\u00bb1773355940410-946266f9-9dc8&#8243;][vc_column_text]<a href=\"https:\/\/transparencia.bahiadebanderas.gob.mx\/ARTICULO33\/XLVII\/2025\/3ER%20TR%202025\/TRANSPARENCIA\/LTAIPEN_Art_33_Fr_XLVII_a.xlsx\">Formato XLVIIa. Solicitudes de Intervenci\u00f3n de Comunicaciones<\/a><\/p>\n<p>F<a href=\"https:\/\/transparencia.bahiadebanderas.gob.mx\/ARTICULO33\/XLVII\/2025\/3ER%20TR%202025\/TRANSPARENCIA\/LTAIPEN_Art_33_Fr_XLVII_b.xlsx\">ormato XLVIIb. Solicitudes de Registro de Comunicaciones y de Registro de Localizaci\u00f3n Geogr\u00e1fica<\/a><\/p>\n<p>&nbsp;[\/vc_column_text][\/vc_tta_section][vc_tta_section i_icon_fontawesome=\u00bbfa fa-calendar-check-o\u00bb add_icon=\u00bbtrue\u00bb title=\u00bbSegundo Trimestre\u00bb tab_id=\u00bb1762880299981-4a2740a9-46ce\u00bb][vc_column_text]<a href=\"https:\/\/transparencia.bahiadebanderas.gob.mx\/ARTICULO33\/XLVII\/2025\/2DO%20TR%202025\/TRANSPARENCIA\/LTAIPEN_Art_33_Fr_XLVII_a.xlsx\">Formato XLVIIa. Solicitudes de Intervenci\u00f3n de Comunicaciones<\/a><\/p>\n<p>F<a href=\"https:\/\/transparencia.bahiadebanderas.gob.mx\/ARTICULO33\/XLVII\/2025\/2DO%20TR%202025\/TRANSPARENCIA\/LTAIPEN_Art_33_Fr_XLVII_b.xlsx\">ormato XLVIIb. Solicitudes de Registro de Comunicaciones y de Registro de Localizaci\u00f3n Geogr\u00e1fica<\/a><\/p>\n<p>&nbsp;[\/vc_column_text][\/vc_tta_section][vc_tta_section i_icon_fontawesome=\u00bbfa fa-calendar-check-o\u00bb add_icon=\u00bbtrue\u00bb title=\u00bbPrimer Trimestre\u00bb tab_id=\u00bb1754677406917-421e53c9-9db3&#8243;][vc_column_text]<a href=\"https:\/\/transparencia.bahiadebanderas.gob.mx\/ARTICULO33\/XLVII\/2025\/1ER%20TR%202025\/UNIDAD%20DE%20TRANSPARENCIA\/LTAIPEN_Art_33_Fr_XLVII_a.xlsx\">Formato XLVIIa. Solicitudes de Intervenci\u00f3n de Comunicaciones<\/a><\/p>\n<p>F<a href=\"https:\/\/transparencia.bahiadebanderas.gob.mx\/ARTICULO33\/XLVII\/2025\/1ER%20TR%202025\/UNIDAD%20DE%20TRANSPARENCIA\/LTAIPEN_Art_33_Fr_XLVII_b.xlsx\">ormato XLVIIb. Solicitudes de Registro de Comunicaciones y de Registro de Localizaci\u00f3n Geogr\u00e1fica<\/a><\/p>\n<p>Formato XLVIIc. Mensaje[\/vc_column_text][\/vc_tta_section][\/vc_tta_accordion][\/vc_column][\/vc_row][\/vc_section][vc_section][vc_row][vc_column][vc_column_text]<strong>El H. XI Ayuntamiento Constitucional de Bah\u00eda de Banderas, Nayarit, no genera ni detenta la informaci\u00f3n relativa al listado de solicitudes a las empresas concesionarias de telecomunicaciones y proveedores de servicios o aplicaciones de Internet para la intervenci\u00f3n de comunicaciones privadas, el acceso al registro de comunicaciones y la localizaci\u00f3n geogr\u00e1fica en tiempo real de equipos de comunicaci\u00f3n, en t\u00e9rminos de los art\u00edculos 291, 294, 300 y 303 del C\u00f3digo Nacional de Procedimientos Penales y art\u00edculos 297 del Registro de comunicaciones, aunado a que no cuentan con atribuciones de procuraci\u00f3n, impartici\u00f3n o administraci\u00f3n de justicia y no est\u00e1n relacionados con materia de seguridad nacional.<\/strong>[\/vc_column_text][vc_tta_accordion style=\u00bbmodern\u00bb active_section=\u00bb1&#8243; title=\u00bbEjercicio 2024&#8243;][vc_tta_section i_icon_fontawesome=\u00bbfa fa-calendar-check-o\u00bb add_icon=\u00bbtrue\u00bb title=\u00bbCuarto Trimestre\u00bb tab_id=\u00bb1744316318536-f027bf9b-3ed2&#8243;][vc_column_text]Formato XLVIIa. Solicitudes de Intervenci\u00f3n de Comunicaciones<\/p>\n<p>Formato XLVIIb. Solicitudes de Registro de Comunicaciones y de Registro de Localizaci\u00f3n Geogr\u00e1fica<\/p>\n<p>Formato XLVIIc. Mensaje[\/vc_column_text][\/vc_tta_section][vc_tta_section i_icon_fontawesome=\u00bbfa fa-calendar-check-o\u00bb add_icon=\u00bbtrue\u00bb title=\u00bbTercer Trimestre\u00bb tab_id=\u00bb1744316318536-c0f4919c-5348&#8243;][vc_column_text]<a href=\"https:\/\/transparencia.bahiadebanderas.gob.mx\/ARTICULO33\/XLVII\/2024\/3ER%20TR%202024\/TRANSPARENCIA\/LTAIPEN_Art_33_Fr_XLVII_a.xlsx\" target=\"_blank\" rel=\"noopener noreferrer\">Formato XLVIIa. Solicitudes de Intervenci\u00f3n de Comunicaciones<\/a><\/p>\n<p><a href=\"https:\/\/transparencia.bahiadebanderas.gob.mx\/ARTICULO33\/XLVII\/2024\/3ER%20TR%202024\/TRANSPARENCIA\/LTAIPEN_Art_33_Fr_XLVII_b.xlsx\" target=\"_blank\" rel=\"noopener noreferrer\">Formato XLVIIb. Solicitudes de Registro de Comunicaciones y de Registro de Localizaci\u00f3n Geogr\u00e1fica<\/a><\/p>\n<p><a href=\"https:\/\/transparencia.bahiadebanderas.gob.mx\/ARTICULO33\/XLVII\/2023\/1ER%20TR%202023\/LTAIPEN_Art_33_Fr_XLVII_c.xlsx\" target=\"_blank\" rel=\"noopener noreferrer\">Formato XLVIIc. Mensaje<\/a>[\/vc_column_text][\/vc_tta_section][vc_tta_section i_icon_fontawesome=\u00bbfa fa-calendar-check-o\u00bb add_icon=\u00bbtrue\u00bb title=\u00bbSegundo Trimestre\u00bb tab_id=\u00bb1744316318536-fe97cce5-5970&#8243;][vc_column_text]<a href=\"https:\/\/transparencia.bahiadebanderas.gob.mx\/ARTICULO33\/XLVII\/2024\/1ER%20TR%202024\/TRANSPARENCIA\/LTAIPEN_Art_33_Fr_XLVII_a.xlsx\" target=\"_blank\" rel=\"noopener noreferrer\">Formato XLVIIa. Solicitudes de Intervenci\u00f3n de Comunicaciones<\/a><\/p>\n<p><a href=\"https:\/\/transparencia.bahiadebanderas.gob.mx\/ARTICULO33\/XLVII\/2024\/1ER%20TR%202024\/TRANSPARENCIA\/LTAIPEN_Art_33_Fr_XLVII_b.xlsx\" target=\"_blank\" rel=\"noopener noreferrer\">Formato XLVIIb. Solicitudes de Registro de Comunicaciones y de Registro de Localizaci\u00f3n Geogr\u00e1fica<\/a><\/p>\n<p><a href=\"https:\/\/transparencia.bahiadebanderas.gob.mx\/ARTICULO33\/XLVII\/2023\/1ER%20TR%202023\/LTAIPEN_Art_33_Fr_XLVII_c.xlsx\" target=\"_blank\" rel=\"noopener noreferrer\">Formato XLVIIc. Mensaje<\/a>[\/vc_column_text][\/vc_tta_section][vc_tta_section i_icon_fontawesome=\u00bbfa fa-calendar-check-o\u00bb add_icon=\u00bbtrue\u00bb title=\u00bbPrimer Trimestre\u00bb tab_id=\u00bb1744316318536-be5e7453-4d3e\u00bb][vc_column_text]<a href=\"https:\/\/transparencia.bahiadebanderas.gob.mx\/ARTICULO33\/XLVII\/2024\/1ER%20TR%202024\/TRANSPARENCIA\/LTAIPEN_Art_33_Fr_XLVII_a.xlsx\" target=\"_blank\" rel=\"noopener noreferrer\">Formato XLVIIa. Solicitudes de Intervenci\u00f3n de Comunicaciones<\/a><\/p>\n<p><a href=\"https:\/\/transparencia.bahiadebanderas.gob.mx\/ARTICULO33\/XLVII\/2024\/1ER%20TR%202024\/TRANSPARENCIA\/LTAIPEN_Art_33_Fr_XLVII_b.xlsx\" target=\"_blank\" rel=\"noopener noreferrer\">Formato XLVIIb. Solicitudes de Registro de Comunicaciones y de Registro de Localizaci\u00f3n Geogr\u00e1fica<\/a><\/p>\n<p><a href=\"https:\/\/transparencia.bahiadebanderas.gob.mx\/ARTICULO33\/XLVII\/2023\/1ER%20TR%202023\/LTAIPEN_Art_33_Fr_XLVII_c.xlsx\" target=\"_blank\" rel=\"noopener noreferrer\">Formato XLVIIc. Mensaje<\/a>[\/vc_column_text][\/vc_tta_section][\/vc_tta_accordion][\/vc_column][\/vc_row][\/vc_section][vc_section][vc_row][vc_column][vc_column_text]<strong>El H. XI Ayuntamiento Constitucional de Bah\u00eda de Banderas, Nayarit, no genera ni detenta la informaci\u00f3n relativa al listado de solicitudes a las empresas concesionarias de telecomunicaciones y proveedores de servicios o aplicaciones de Internet para la intervenci\u00f3n de comunicaciones privadas, el acceso al registro de comunicaciones y la localizaci\u00f3n geogr\u00e1fica en tiempo real de equipos de comunicaci\u00f3n, en t\u00e9rminos de los art\u00edculos 291, 294, 300 y 303 del C\u00f3digo Nacional de Procedimientos Penales y art\u00edculos 297 del Registro de comunicaciones, aunado a que no cuentan con atribuciones de procuraci\u00f3n, impartici\u00f3n o administraci\u00f3n de justicia y no est\u00e1n relacionados con materia de seguridad nacional.<\/strong>[\/vc_column_text][vc_tta_accordion style=\u00bbmodern\u00bb active_section=\u00bb1&#8243; title=\u00bbEjercicio 2023&#8243;][vc_tta_section i_icon_fontawesome=\u00bbfa fa-calendar-check-o\u00bb add_icon=\u00bbtrue\u00bb title=\u00bbCuarto Trimestre\u00bb tab_id=\u00bb1715120674649-7a37f298-a70a\u00bb][vc_column_text]<a href=\"https:\/\/transparencia.bahiadebanderas.gob.mx\/ARTICULO33\/XLVII\/LTAIPEN_Art_33_Fr_XLVII_a.xlsx\" target=\"_blank\" rel=\"noopener noreferrer\">Formato XLVIIa. Solicitudes de Intervenci\u00f3n de Comunicaciones<\/a><\/p>\n<p><a href=\"https:\/\/transparencia.bahiadebanderas.gob.mx\/ARTICULO33\/XLVII\/LTAIPEN_Art_33_Fr_XLVII_b.xlsx\" target=\"_blank\" rel=\"noopener noreferrer\">Formato XLVIIb. Solicitudes de Registro de Comunicaciones y de Registro de Localizaci\u00f3n Geogr\u00e1fica<\/a><\/p>\n<p><a href=\"https:\/\/transparencia.bahiadebanderas.gob.mx\/ARTICULO33\/XLVII\/2024\/1ER%20TR%202024\/TRANSPARENCIA\/LTAIPEN_Art_33_Fr_XLVII_c.xlsx\" target=\"_blank\" rel=\"noopener noreferrer\">Formato XLVIIc. Mensaje<\/a>[\/vc_column_text][\/vc_tta_section][vc_tta_section i_icon_fontawesome=\u00bbfa fa-calendar-check-o\u00bb add_icon=\u00bbtrue\u00bb title=\u00bbTercer Trimestre\u00bb tab_id=\u00bb1715120674649-d6d10428-04a3&#8243;][vc_column_text]<a href=\"https:\/\/transparencia.bahiadebanderas.gob.mx\/ARTICULO33\/XLVII\/2023\/3ER%20TR%202023\/LTAIPEN_Art_33_Fr_XLVII_a.xlsx\" target=\"_blank\" rel=\"noopener noreferrer\">Formato XLVIIa. Solicitudes de Intervenci\u00f3n de Comunicaciones<\/a><\/p>\n<p><a href=\"https:\/\/transparencia.bahiadebanderas.gob.mx\/ARTICULO33\/XLVII\/2023\/3ER%20TR%202023\/LTAIPEN_Art_33_Fr_XLVII_b.xlsx\" target=\"_blank\" rel=\"noopener noreferrer\">Formato XLVIIb. Solicitudes de Registro de Comunicaciones y de Registro de Localizaci\u00f3n Geogr\u00e1fica<\/a><\/p>\n<p><a href=\"https:\/\/transparencia.bahiadebanderas.gob.mx\/ARTICULO33\/XLVII\/2023\/3ER%20TR%202023\/LTAIPEN_Art_33_Fr_XLVII_c.xlsx\" target=\"_blank\" rel=\"noopener noreferrer\">Formato XLVIIc. Mensaje<\/a>[\/vc_column_text][\/vc_tta_section][vc_tta_section i_icon_fontawesome=\u00bbfa fa-calendar-check-o\u00bb add_icon=\u00bbtrue\u00bb title=\u00bbSegundo Trimestre\u00bb tab_id=\u00bb1715120674649-83a9a3b0-682b\u00bb][vc_column_text]<a href=\"https:\/\/transparencia.bahiadebanderas.gob.mx\/ARTICULO33\/XLVII\/2023\/2DO%20TR%202023\/LTAIPEN_Art_33_Fr_XLVII_a.xlsx\" target=\"_blank\" rel=\"noopener noreferrer\">Formato XLVIIa. Solicitudes de Intervenci\u00f3n de Comunicaciones<\/a><\/p>\n<p><a href=\"https:\/\/transparencia.bahiadebanderas.gob.mx\/ARTICULO33\/XLVII\/2023\/2DO%20TR%202023\/LTAIPEN_Art_33_Fr_XLVII_b.xlsx\" target=\"_blank\" rel=\"noopener noreferrer\">Formato XLVIIb. Solicitudes de Registro de Comunicaciones y de Registro de Localizaci\u00f3n Geogr\u00e1fica<\/a><\/p>\n<p><a href=\"https:\/\/transparencia.bahiadebanderas.gob.mx\/ARTICULO33\/XLVII\/2023\/2DO%20TR%202023\/LTAIPEN_Art_33_Fr_XLVII_c.xlsx\" target=\"_blank\" rel=\"noopener noreferrer\">Formato XLVIIc. Mensaje<\/a>[\/vc_column_text][\/vc_tta_section][vc_tta_section i_icon_fontawesome=\u00bbfa fa-calendar-check-o\u00bb add_icon=\u00bbtrue\u00bb title=\u00bbPrimer Trimestre\u00bb tab_id=\u00bb1715120674650-42f00e94-0293&#8243;][vc_column_text]<a href=\"https:\/\/transparencia.bahiadebanderas.gob.mx\/ARTICULO33\/XLVII\/2023\/1ER%20TR%202023\/LTAIPEN_Art_33_Fr_XLVII_a.xlsx\" target=\"_blank\" rel=\"noopener noreferrer\">Formato XLVIIa. Solicitudes de Intervenci\u00f3n de Comunicaciones<\/a><\/p>\n<p><a href=\"https:\/\/transparencia.bahiadebanderas.gob.mx\/ARTICULO33\/XLVII\/2023\/1ER%20TR%202023\/LTAIPEN_Art_33_Fr_XLVII_b.xlsx\" target=\"_blank\" rel=\"noopener noreferrer\">Formato XLVIIb. Solicitudes de Registro de Comunicaciones y de Registro de Localizaci\u00f3n Geogr\u00e1fica<\/a><\/p>\n<p><a href=\"https:\/\/transparencia.bahiadebanderas.gob.mx\/ARTICULO33\/XLVII\/2023\/1ER%20TR%202023\/LTAIPEN_Art_33_Fr_XLVII_c.xlsx\" target=\"_blank\" rel=\"noopener noreferrer\">Formato XLVIIc. Mensaje<\/a>[\/vc_column_text][\/vc_tta_section][\/vc_tta_accordion][\/vc_column][\/vc_row][\/vc_section][vc_row][vc_column][vc_column_text]<span style=\"color: #82193e;\"><strong>Per\u00edodo de actualizaci\u00f3n:<\/strong> <\/span>trimestral<br \/>\n<span style=\"color: #82193e;\"><strong>Ultima actualizaci\u00f3n:<\/strong><\/span> 27 de Octubre de 2025<br \/>\n<span style=\"color: #82193e;\"><strong>\u00c1rea que genera la informaci\u00f3n:<\/strong> <\/span>Secretar\u00eda del Ayuntamiento\/Jefatura de Enlace y Acceso P\u00fablico a la Informaci\u00f3n[\/vc_column_text][\/vc_column][\/vc_row]<\/p>\n","protected":false},"excerpt":{"rendered":"<p>[vc_section][vc_row][vc_column][vc_column_text]El H. XI Ayuntamiento Constitucional de Bah\u00eda de Banderas, Nayarit, no genera ni detenta la informaci\u00f3n relativa al listado de solicitudes a las empresas concesionarias de telecomunicaciones y proveedores de servicios o aplicaciones de Internet para la intervenci\u00f3n de comunicaciones privadas, el acceso al registro de comunicaciones y la localizaci\u00f3n geogr\u00e1fica en tiempo real de [&hellip;]<\/p>\n","protected":false},"author":1,"featured_media":0,"parent":5733,"menu_order":0,"comment_status":"closed","ping_status":"closed","template":"","meta":{"footnotes":""},"class_list":["post-6084","page","type-page","status-publish","hentry"],"_links":{"self":[{"href":"https:\/\/transparencia.bahiadebanderas.gob.mx\/index.php?rest_route=\/wp\/v2\/pages\/6084","targetHints":{"allow":["GET"]}}],"collection":[{"href":"https:\/\/transparencia.bahiadebanderas.gob.mx\/index.php?rest_route=\/wp\/v2\/pages"}],"about":[{"href":"https:\/\/transparencia.bahiadebanderas.gob.mx\/index.php?rest_route=\/wp\/v2\/types\/page"}],"author":[{"embeddable":true,"href":"https:\/\/transparencia.bahiadebanderas.gob.mx\/index.php?rest_route=\/wp\/v2\/users\/1"}],"replies":[{"embeddable":true,"href":"https:\/\/transparencia.bahiadebanderas.gob.mx\/index.php?rest_route=%2Fwp%2Fv2%2Fcomments&post=6084"}],"version-history":[{"count":46,"href":"https:\/\/transparencia.bahiadebanderas.gob.mx\/index.php?rest_route=\/wp\/v2\/pages\/6084\/revisions"}],"predecessor-version":[{"id":21239,"href":"https:\/\/transparencia.bahiadebanderas.gob.mx\/index.php?rest_route=\/wp\/v2\/pages\/6084\/revisions\/21239"}],"up":[{"embeddable":true,"href":"https:\/\/transparencia.bahiadebanderas.gob.mx\/index.php?rest_route=\/wp\/v2\/pages\/5733"}],"wp:attachment":[{"href":"https:\/\/transparencia.bahiadebanderas.gob.mx\/index.php?rest_route=%2Fwp%2Fv2%2Fmedia&parent=6084"}],"curies":[{"name":"wp","href":"https:\/\/api.w.org\/{rel}","templated":true}]}}