{"id":6068,"date":"2019-01-30T17:18:14","date_gmt":"2019-01-30T23:18:14","guid":{"rendered":"http:\/\/dif.bahiadebanderas.gob.mx\/?page_id=6067"},"modified":"2026-03-11T19:40:28","modified_gmt":"2026-03-11T19:40:28","slug":"xlv-el-catalogo-de-disposiciones-y-guia-de-archivo-documental","status":"publish","type":"page","link":"https:\/\/transparencia.bahiadebanderas.gob.mx\/?page_id=6068","title":{"rendered":"XLV. El cat\u00e1logo de disposiciones y gu\u00eda de archivo documental."},"content":{"rendered":"<p>[vc_section][vc_row][vc_column][vc_tta_accordion style=\u00bbmodern\u00bb active_section=\u00bb1&#8243;][vc_tta_section i_icon_fontawesome=\u00bbfa fa-calendar-check-o\u00bb add_icon=\u00bbtrue\u00bb title=\u00bbEJERCICIO 2025&#8243; tab_id=\u00bb1630345492235-5a24b47a-8f3b\u00bb][vc_column_text]<a href=\"https:\/\/transparencia.bahiadebanderas.gob.mx\/ARTICULO33\/XLV\/2025\/4TO%20TR%202025\/GACETA\/GACETA\/45a-LGT_Art_70_Fr_XLV.xlsx\"><span style=\"color: #82193e;\">Formato XLVa. Cat\u00e1logo de Disposici\u00f3n Documental y Gu\u00eda Simple de Archivos<\/span><\/a><\/p>\n<p><a href=\"https:\/\/transparencia.bahiadebanderas.gob.mx\/ARTICULO33\/XLV\/2025\/4TO%20TR%202025\/GACETA\/GACETA\/45b-LGT_Art_70_Fr_XLV.xlsx\"><span style=\"color: #82193e;\">Formato XLVb. Cat\u00e1logo de Disposici\u00f3n Documental y Gu\u00eda Simple de Archivos<\/span><\/a><\/p>\n<p><a href=\"https:\/\/transparencia.bahiadebanderas.gob.mx\/ARTICULO33\/XLV\/2025\/4TO%20TR%202025\/GACETA\/GACETA\/45c-LGT_Art_70_Fr_XLV.xlsx\"><span style=\"color: #82193e;\">Formato XLVc. Cat\u00e1logo de Disposici\u00f3n Documental y Gu\u00eda Simple de Archivos<\/span><\/a>[\/vc_column_text][\/vc_tta_section][\/vc_tta_accordion][vc_tta_accordion style=\u00bbmodern\u00bb active_section=\u00bb1&#8243;][vc_tta_section i_icon_fontawesome=\u00bbfa fa-calendar-check-o\u00bb add_icon=\u00bbtrue\u00bb title=\u00bbEJERCICIO 2024&#8243; tab_id=\u00bb1744315849423-60081d32-51c3&#8243;][vc_column_text]<span style=\"color: #82193e;\">Formato XLV. Cat\u00e1logo de Disposici\u00f3n Documental y Gu\u00eda Simple de Archivos<\/span>[\/vc_column_text][\/vc_tta_section][\/vc_tta_accordion][vc_tta_accordion style=\u00bbmodern\u00bb active_section=\u00bb1&#8243;][vc_tta_section i_icon_fontawesome=\u00bbfa fa-calendar-check-o\u00bb add_icon=\u00bbtrue\u00bb title=\u00bbEJERCICIO 2023&#8243; tab_id=\u00bb1744315847455-0286c16c-315c\u00bb][vc_column_text]<span style=\"color: #82193e;\"><a style=\"color: #82193e;\" href=\"https:\/\/transparencia.bahiadebanderas.gob.mx\/ARTICULO33\/XLV\/2024\/3ER%20TR%202024\/GACETA\/45c-LGT_Art_70_Fr_XLV.xlsx\">Formato XLV. Cat\u00e1logo de Disposici\u00f3n Documental y Gu\u00eda Simple de Archivos<\/a><\/span>[\/vc_column_text][\/vc_tta_section][\/vc_tta_accordion][\/vc_column][\/vc_row][\/vc_section][vc_row][vc_column][vc_column_text]<span style=\"color: #82193e;\"><strong>Per\u00edodo de actualizaci\u00f3n:<\/strong> <\/span>anual<br \/>\n<span style=\"color: #82193e;\"><strong>Ultima actualizaci\u00f3n: <\/strong><\/span>27 de Enero del 2026<br \/>\n<span style=\"color: #82193e;\"><strong>\u00c1rea que genera la informaci\u00f3n:<\/strong><\/span> Secretar\u00eda del Ayuntamiento\/Jefatura de Gaceta y Archivo Municipal[\/vc_column_text][\/vc_column][\/vc_row]<\/p>\n","protected":false},"excerpt":{"rendered":"<p>[vc_section][vc_row][vc_column][vc_tta_accordion style=\u00bbmodern\u00bb active_section=\u00bb1&#8243;][vc_tta_section i_icon_fontawesome=\u00bbfa fa-calendar-check-o\u00bb add_icon=\u00bbtrue\u00bb title=\u00bbEJERCICIO 2025&#8243; tab_id=\u00bb1630345492235-5a24b47a-8f3b\u00bb][vc_column_text]Formato XLVa. Cat\u00e1logo de Disposici\u00f3n Documental y Gu\u00eda Simple de Archivos Formato XLVb. Cat\u00e1logo de Disposici\u00f3n Documental y Gu\u00eda Simple de Archivos Formato XLVc. Cat\u00e1logo de Disposici\u00f3n Documental y Gu\u00eda Simple de Archivos[\/vc_column_text][\/vc_tta_section][\/vc_tta_accordion][vc_tta_accordion style=\u00bbmodern\u00bb active_section=\u00bb1&#8243;][vc_tta_section i_icon_fontawesome=\u00bbfa fa-calendar-check-o\u00bb add_icon=\u00bbtrue\u00bb title=\u00bbEJERCICIO 2024&#8243; tab_id=\u00bb1744315849423-60081d32-51c3&#8243;][vc_column_text]Formato XLV. Cat\u00e1logo de Disposici\u00f3n Documental y [&hellip;]<\/p>\n","protected":false},"author":1,"featured_media":0,"parent":5733,"menu_order":0,"comment_status":"closed","ping_status":"closed","template":"","meta":{"footnotes":""},"class_list":["post-6068","page","type-page","status-publish","hentry"],"_links":{"self":[{"href":"https:\/\/transparencia.bahiadebanderas.gob.mx\/index.php?rest_route=\/wp\/v2\/pages\/6068","targetHints":{"allow":["GET"]}}],"collection":[{"href":"https:\/\/transparencia.bahiadebanderas.gob.mx\/index.php?rest_route=\/wp\/v2\/pages"}],"about":[{"href":"https:\/\/transparencia.bahiadebanderas.gob.mx\/index.php?rest_route=\/wp\/v2\/types\/page"}],"author":[{"embeddable":true,"href":"https:\/\/transparencia.bahiadebanderas.gob.mx\/index.php?rest_route=\/wp\/v2\/users\/1"}],"replies":[{"embeddable":true,"href":"https:\/\/transparencia.bahiadebanderas.gob.mx\/index.php?rest_route=%2Fwp%2Fv2%2Fcomments&post=6068"}],"version-history":[{"count":26,"href":"https:\/\/transparencia.bahiadebanderas.gob.mx\/index.php?rest_route=\/wp\/v2\/pages\/6068\/revisions"}],"predecessor-version":[{"id":21234,"href":"https:\/\/transparencia.bahiadebanderas.gob.mx\/index.php?rest_route=\/wp\/v2\/pages\/6068\/revisions\/21234"}],"up":[{"embeddable":true,"href":"https:\/\/transparencia.bahiadebanderas.gob.mx\/index.php?rest_route=\/wp\/v2\/pages\/5733"}],"wp:attachment":[{"href":"https:\/\/transparencia.bahiadebanderas.gob.mx\/index.php?rest_route=%2Fwp%2Fv2%2Fmedia&parent=6068"}],"curies":[{"name":"wp","href":"https:\/\/api.w.org\/{rel}","templated":true}]}}