{"id":5976,"date":"2019-01-28T13:58:00","date_gmt":"2019-01-28T19:58:00","guid":{"rendered":"http:\/\/dif.bahiadebanderas.gob.mx\/?page_id=5976"},"modified":"2026-03-02T21:55:29","modified_gmt":"2026-03-02T21:55:29","slug":"xxxiii-los-convenios-de-coordinacion","status":"publish","type":"page","link":"https:\/\/transparencia.bahiadebanderas.gob.mx\/?page_id=5976","title":{"rendered":"XXXIII. Los convenios de coordinaci\u00f3n que celebren con la federaci\u00f3n, otros estados o municipios, partidos pol\u00edticos, instituciones de ense\u00f1anza o cualquier organizaci\u00f3n y los de concertaci\u00f3n con los sectores social y privado."},"content":{"rendered":"<p>[vc_section][vc_row][vc_column][vc_tta_accordion style=\u00bbmodern\u00bb active_section=\u00bb1&#8243; collapsible_all=\u00bbtrue\u00bb][vc_tta_section i_icon_fontawesome=\u00bbfa fa-calendar-check-o\u00bb add_icon=\u00bbtrue\u00bb title=\u00bbEjercicio 2025&#8243; tab_id=\u00bb1684274195283-2062185d-5682&#8243;][vc_column_text]<\/p>\n<table style=\"width: 709px; height: 724px;\">\n<tbody>\n<tr class=\"default-row\" style=\"background-color: #82193e;\">\n<td style=\"width: 24.4444%; height: 48px;\"><span style=\"color: #ffffff;\">\u00c1REA ADMINISTRATIVA<\/span><\/td>\n<td style=\"width: 19.7221%; height: 48px;\"><span style=\"color: #ffffff;\">PRIMER TRIMESTRE<\/span><\/td>\n<td style=\"width: 19.5834%; height: 48px;\"><span style=\"color: #ffffff;\">SEGUNDO TRIMESTRE<\/span><\/td>\n<td style=\"width: 21.3614%; height: 48px;\"><span style=\"color: #ffffff;\">TERCER TRIMESTRE<\/span><\/td>\n<td style=\"width: 15.5081%; height: 48px;\"><span style=\"color: #ffffff;\">CUARTO TRIMESTRE<\/span><\/td>\n<\/tr>\n<tr class=\"default-row\" style=\"height: 130px;\">\n<td style=\"width: 24.4444%; height: 130px;\">\n<p>\u00c1REA QUE GENERA LA INFORMACI\u00d3N: Direcci\u00f3n Jur\u00eddica<\/p>\n<p>&nbsp;<\/td>\n<td style=\"width: 19.7221%; height: 130px;\"><a href=\"https:\/\/transparencia.bahiadebanderas.gob.mx\/wp-content\/uploads\/2018\/04\/LTAIPEN_Art_33_Fr_XXXIII.xlsx\"><span style=\"color: #82193e;\">Formato -XXXIII. Convenios de Coordinaci\u00f3n, de Concertaci\u00f3n con el Sector Social o Privado<\/span><\/a><\/td>\n<td style=\"width: 19.5834%; height: 130px;\"><a href=\"https:\/\/transparencia.bahiadebanderas.gob.mx\/ARTICULO33\/XXXIII\/2025\/2DO%20TR%202025\/JURIDICO\/LTAIPEN_Art_33_Fr_XXXIII.xlsx\"><span style=\"color: #82193e;\">Formato -XXXIII. Convenios de Coordinaci\u00f3n, de Concertaci\u00f3n con el Sector Social o Privado<\/span><\/a><\/td>\n<td style=\"width: 21.3614%; height: 130px;\"><a href=\"https:\/\/transparencia.bahiadebanderas.gob.mx\/ARTICULO33\/XXXIII\/2025\/3ER%20TR%202025\/JURIDICO\/LTAIPEN_Art_33_Fr_XXXIII.xlsx\"><span style=\"color: #82193e;\">Formato -XXXIII. Convenios de Coordinaci\u00f3n, de Concertaci\u00f3n con el Sector Social o Privado<\/span><\/a><\/td>\n<td style=\"width: 15.5081%; height: 130px;\"><a href=\"https:\/\/transparencia.bahiadebanderas.gob.mx\/ARTICULO33\/XXXIII\/2025\/4TO%20TR%202025\/JURIDICO\/LTAIPEN_Art_33_Fr_XXXIII.xlsx\"><span style=\"color: #82193e;\">Formato -XXXIII. Convenios de Coordinaci\u00f3n, de Concertaci\u00f3n con el Sector Social o Privado<\/span><\/a><\/td>\n<\/tr>\n<tr style=\"height: 24px;\">\n<td style=\"width: 24.4444%; height: 24px;\"><\/td>\n<td style=\"width: 19.7221%; height: 24px;\"><\/td>\n<td style=\"width: 19.5834%; height: 24px;\"><\/td>\n<td style=\"width: 21.3614%; height: 24px;\"><\/td>\n<td style=\"width: 15.5081%; height: 24px;\"><\/td>\n<\/tr>\n<tr style=\"height: 120px;\">\n<td style=\"width: 24.4444%; height: 120px;\">\n<p>\u00c1REA QUE GENERA LA INFORMACI\u00d3N: Sindicatura<\/p>\n<p>&nbsp;<\/td>\n<td style=\"width: 19.7221%; height: 120px;\"><a href=\"https:\/\/transparencia.bahiadebanderas.gob.mx\/wp-content\/uploads\/2018\/04\/LTAIPEN_Art_33_Fr_XXXIII-1.xlsx\"><span style=\"color: #82193e;\">Formato -XXXIII. Convenios de Coordinaci\u00f3n, de Concertaci\u00f3n con el Sector Social o Privado<\/span><\/a><\/td>\n<td style=\"width: 19.5834%; height: 120px;\"><a href=\"https:\/\/transparencia.bahiadebanderas.gob.mx\/ARTICULO33\/XXXIII\/2025\/2DO%20TR%202025\/SINDICATURA\/LTAIPEN_Art_33_Fr_XXXIII.xlsx\"><span style=\"color: #82193e;\">Formato -XXXIII. Convenios de Coordinaci\u00f3n, de Concertaci\u00f3n con el Sector Social o Privado<\/span><\/a><\/td>\n<td style=\"width: 21.3614%; height: 120px;\"><a href=\"https:\/\/transparencia.bahiadebanderas.gob.mx\/ARTICULO33\/XXXIII\/2025\/3ER%20TR%202025\/SINDICATURA\/LTAIPEN_Art_33_Fr_XXXIII.xlsx\"><span style=\"color: #82193e;\">Formato -XXXIII. Convenios de Coordinaci\u00f3n, de Concertaci\u00f3n con el Sector Social o Privado<\/span><\/a><\/td>\n<td style=\"width: 15.5081%; height: 120px;\"><a href=\"https:\/\/transparencia.bahiadebanderas.gob.mx\/ARTICULO33\/XXXIII\/2025\/4TO%20TR%202025\/SINDICATURA\/LTAIPEN_Art_33_Fr_XXXIII%20%281%29.xlsx\"><span style=\"color: #82193e;\">Formato -XXXIII. Convenios de Coordinaci\u00f3n, de Concertaci\u00f3n con el Sector Social o Privado<\/span><\/a><\/td>\n<\/tr>\n<\/tbody>\n<\/table>\n<p>[\/vc_column_text][\/vc_tta_section][\/vc_tta_accordion][\/vc_column][\/vc_row][\/vc_section][vc_section][vc_row][vc_column][vc_tta_accordion style=\u00bbmodern\u00bb active_section=\u00bb1&#8243; collapsible_all=\u00bbtrue\u00bb][vc_tta_section i_icon_fontawesome=\u00bbfa fa-calendar-check-o\u00bb add_icon=\u00bbtrue\u00bb title=\u00bbEjercicio 2024&#8243; tab_id=\u00bb1744313326698-95bb13fa-0041&#8243;][vc_column_text]<\/p>\n<table style=\"width: 100.758%; height: 322px;\">\n<tbody>\n<tr class=\"default-row\" style=\"background-color: #82193e;\">\n<td style=\"width: 24.4444%; height: 48px;\"><span style=\"color: #ffffff;\">\u00c1REA ADMINISTRATIVA<\/span><\/td>\n<td style=\"width: 19.7221%; height: 48px;\"><span style=\"color: #ffffff;\">PRIMER TRIMESTRE<\/span><\/td>\n<td style=\"width: 19.5834%; height: 48px;\"><span style=\"color: #ffffff;\">SEGUNDO TRIMESTRE<\/span><\/td>\n<td style=\"width: 21.3614%; height: 48px;\"><span style=\"color: #ffffff;\">TERCER TRIMESTRE<\/span><\/td>\n<td style=\"width: 15.5081%; height: 48px;\"><span style=\"color: #ffffff;\">CUARTO TRIMESTRE<\/span><\/td>\n<\/tr>\n<tr class=\"default-row\" style=\"height: 130px;\">\n<td style=\"width: 24.4444%; height: 130px;\">\n<p>\u00c1REA QUE GENERA LA INFORMACI\u00d3N: Direcci\u00f3n Jur\u00eddica<\/p>\n<p>&nbsp;<\/td>\n<td style=\"width: 19.7221%; height: 130px;\"><span style=\"color: #82193e;\"><a style=\"color: #82193e;\" href=\"https:\/\/transparencia.bahiadebanderas.gob.mx\/ARTICULO33\/XXXIII\/2024\/1ER%20TR%202024\/JURIDICO\/LTAIPEN_Art_33_Fr_XXXIII.xlsx\" target=\"_blank\" rel=\"noopener noreferrer\">Formato -XXXIII. Convenios de Coordinaci\u00f3n, de Concertaci\u00f3n con el Sector Social o Privado<\/a><\/span><\/td>\n<td style=\"width: 19.5834%; height: 130px;\"><span style=\"color: #82193e;\"><a style=\"color: #82193e;\" href=\"https:\/\/transparencia.bahiadebanderas.gob.mx\/ARTICULO33\/XXXIII\/2024\/1ER%20TR%202024\/JURIDICO\/LTAIPEN_Art_33_Fr_XXXIII.xlsx\" target=\"_blank\" rel=\"noopener noreferrer\">Formato -XXXIII. Convenios de Coordinaci\u00f3n, de Concertaci\u00f3n con el Sector Social o Privado<\/a><\/span><\/td>\n<td style=\"width: 21.3614%; height: 130px;\"><span style=\"color: #82193e;\"><a style=\"color: #82193e;\" href=\"https:\/\/transparencia.bahiadebanderas.gob.mx\/ARTICULO33\/XXXIII\/2024\/3ER%20TR%202024\/JURIDICO\/LTAIPEN_Art_33_Fr_XXXIII.xlsx\" target=\"_blank\" rel=\"noopener noreferrer\">Formato -XXXIII. Convenios de Coordinaci\u00f3n, de Concertaci\u00f3n con el Sector Social o Privado<\/a><\/span><\/td>\n<td style=\"width: 15.5081%; height: 130px;\"><\/td>\n<\/tr>\n<tr style=\"height: 24px;\">\n<td style=\"width: 24.4444%; height: 24px;\"><\/td>\n<td style=\"width: 19.7221%; height: 24px;\"><\/td>\n<td style=\"width: 19.5834%; height: 24px;\"><\/td>\n<td style=\"width: 21.3614%; height: 24px;\"><\/td>\n<td style=\"width: 15.5081%; height: 24px;\"><\/td>\n<\/tr>\n<tr style=\"height: 120px;\">\n<td style=\"width: 24.4444%; height: 120px;\">\n<p>\u00c1REA QUE GENERA LA INFORMACI\u00d3N: Sindicatura<\/p>\n<p>&nbsp;<\/td>\n<td style=\"width: 19.7221%; height: 120px;\"><a href=\"https:\/\/transparencia.bahiadebanderas.gob.mx\/ARTICULO33\/XXXIII\/2024\/1ER%20TR%202024\/SIDICATURA\/LTAIPEN_Art_33_Fr_XXXIII%20%281%29.xlsx\"><span style=\"color: #82193e;\">Formato -XXXIII. Convenios de Coordinaci\u00f3n, de Concertaci\u00f3n con el Sector Social o Privado<\/span><\/a><\/td>\n<td style=\"width: 19.5834%; height: 120px;\"><a href=\"https:\/\/transparencia.bahiadebanderas.gob.mx\/ARTICULO33\/XXXIII\/2024\/1ER%20TR%202024\/SIDICATURA\/LTAIPEN_Art_33_Fr_XXXIII%20%281%29.xlsx\"><span style=\"color: #82193e;\">XXXIII. Convenios de Coordinaci\u00f3n, de Concertaci\u00f3n con el Sector Social o Privado<\/span><\/a><\/td>\n<td style=\"width: 21.3614%; height: 120px;\"><a href=\"https:\/\/transparencia.bahiadebanderas.gob.mx\/ARTICULO33\/XXXIII\/2024\/3ER%20TR%202024\/SINDICATURA\/LTAIPEN_Art_33_Fr_XXXIII%20%281%29.xlsx\"><span style=\"color: #82193e;\">XXXIII. Convenios de Coordinaci\u00f3n, de Concertaci\u00f3n con el Sector Social o Privado<\/span><\/a><\/td>\n<td style=\"width: 15.5081%; height: 120px;\"><\/td>\n<\/tr>\n<\/tbody>\n<\/table>\n<p>[\/vc_column_text][\/vc_tta_section][\/vc_tta_accordion][\/vc_column][\/vc_row][\/vc_section][vc_section][vc_row][vc_column][vc_tta_accordion style=\u00bbmodern\u00bb active_section=\u00bb1&#8243; collapsible_all=\u00bbtrue\u00bb][vc_tta_section i_icon_fontawesome=\u00bbfa fa-calendar-check-o\u00bb add_icon=\u00bbtrue\u00bb title=\u00bbEjercicio 2023&#8243; tab_id=\u00bb1715964391920-2d7a94fd-7de3&#8243;][vc_column_text]<\/p>\n<table style=\"width: 100.758%; height: 322px;\">\n<tbody>\n<tr class=\"default-row\" style=\"background-color: #82193e;\">\n<td style=\"width: 24.4444%; height: 48px;\"><span style=\"color: #ffffff;\">\u00c1REA ADMINISTRATIVA<\/span><\/td>\n<td style=\"width: 19.7221%; height: 48px;\"><span style=\"color: #ffffff;\">PRIMER TRIMESTRE<\/span><\/td>\n<td style=\"width: 19.5834%; height: 48px;\"><span style=\"color: #ffffff;\">SEGUNDO TRIMESTRE<\/span><\/td>\n<td style=\"width: 20.9874%; height: 48px;\"><span style=\"color: #ffffff;\">TERCER TRIMESTRE<\/span><\/td>\n<td style=\"width: 15.8821%; height: 48px;\"><span style=\"color: #ffffff;\">CUARTO TRIMESTRE<\/span><\/td>\n<\/tr>\n<tr class=\"default-row\" style=\"height: 130px;\">\n<td style=\"width: 24.4444%; height: 130px;\">\n<p>\u00c1REA QUE GENERA LA INFORMACI\u00d3N: Direcci\u00f3n Jur\u00eddica<\/p>\n<p>&nbsp;<\/td>\n<td style=\"width: 19.7221%; height: 130px;\"><span style=\"color: #82193e;\"><a style=\"color: #82193e;\" href=\"https:\/\/transparencia.bahiadebanderas.gob.mx\/ARTICULO33\/XXXIII\/2023\/1ER%20TR%202023\/JURIDICO\/LTAIPEN_Art_33_Fr_XXXIII.xlsx\" target=\"_blank\" rel=\"noopener noreferrer\">Formato -XXXIII. Convenios de Coordinaci\u00f3n, de Concertaci\u00f3n con el Sector Social o Privado<\/a><\/span><\/td>\n<td style=\"width: 19.5834%; height: 130px;\"><span style=\"color: #82193e;\"><a style=\"color: #82193e;\" href=\"https:\/\/transparencia.bahiadebanderas.gob.mx\/ARTICULO33\/XXXIII\/2023\/1ER%20TR%202023\/JURIDICO\/LTAIPEN_Art_33_Fr_XXXIII.xlsx\" target=\"_blank\" rel=\"noopener noreferrer\">Formato -XXXIII. Convenios de Coordinaci\u00f3n, de Concertaci\u00f3n con el Sector Social o Privado<\/a><\/span><\/td>\n<td style=\"width: 20.9874%; height: 130px;\"><span style=\"color: #82193e;\"><a style=\"color: #82193e;\" href=\"https:\/\/transparencia.bahiadebanderas.gob.mx\/ARTICULO33\/XXXIII\/2023\/3ER%20TR%202023\/JURIDICO\/LTAIPEN_Art_33_Fr_XXXIII.xlsx\" target=\"_blank\" rel=\"noopener noreferrer\">Formato -XXXIII. Convenios de Coordinaci\u00f3n, de Concertaci\u00f3n con el Sector Social o Privado<\/a><\/span><\/td>\n<td style=\"width: 15.8821%; height: 130px;\"><a href=\"https:\/\/transparencia.bahiadebanderas.gob.mx\/ARTICULO33\/XXXIII\/2023\/4TO%20TR%202023\/JURIDICO\/LTAIPEN_Art_33_Fr_XXXIII.xlsx\"><span style=\"color: #82193e;\">Formato -XXXIII. Convenios de Coordinaci\u00f3n, de Concertaci\u00f3n con el Sector Social o Privado<\/span><\/a><\/td>\n<\/tr>\n<tr style=\"height: 24px;\">\n<td style=\"width: 24.4444%; height: 24px;\"><\/td>\n<td style=\"width: 19.7221%; height: 24px;\"><\/td>\n<td style=\"width: 19.5834%; height: 24px;\"><\/td>\n<td style=\"width: 20.9874%; height: 24px;\"><\/td>\n<td style=\"width: 15.8821%; height: 24px;\"><\/td>\n<\/tr>\n<tr style=\"height: 120px;\">\n<td style=\"width: 24.4444%; height: 120px;\">\n<p>\u00c1REA QUE GENERA LA INFORMACI\u00d3N: Sindicatura<\/p>\n<p>&nbsp;<\/td>\n<td style=\"width: 19.7221%; height: 120px;\"><a href=\"https:\/\/transparencia.bahiadebanderas.gob.mx\/ARTICULO33\/XXXIII\/2023\/1ER%20TR%202023\/SINDICATURA\/LTAIPEN_Art_33_Fr_XXXIII%20%281%29.xlsx\"><span style=\"color: #82193e;\">Formato -XXXIII. Convenios de Coordinaci\u00f3n, de Concertaci\u00f3n con el Sector Social o Privado<\/span><\/a><\/td>\n<td style=\"width: 19.5834%; height: 120px;\"><a href=\"https:\/\/transparencia.bahiadebanderas.gob.mx\/ARTICULO33\/XXXIII\/2023\/2DO%20TR%202023\/SINDICO\/LTAIPEN_Art_33_Fr_XXXIII%20%281%29.xlsx\"><span style=\"color: #82193e;\">Formato -XXXIII. Convenios de Coordinaci\u00f3n, de Concertaci\u00f3n con el Sector Social o Privado<\/span><\/a><\/td>\n<td style=\"width: 20.9874%; height: 120px;\"><a href=\"https:\/\/transparencia.bahiadebanderas.gob.mx\/ARTICULO33\/XXXIII\/2023\/3ER%20TR%202023\/JURIDICO\/LTAIPEN_Art_33_Fr_XXXIII.xlsx\"><span style=\"color: #82193e;\">Formato -XXXIII. Convenios de Coordinaci\u00f3n, de Concertaci\u00f3n con el Sector Social o Privado<\/span><\/a><\/td>\n<td style=\"width: 15.8821%; height: 120px;\"><a href=\"https:\/\/transparencia.bahiadebanderas.gob.mx\/ARTICULO33\/XXXIII\/2023\/4TO%20TR%202023\/Sindicatura\/LTAIPEN_Art_33_Fr_XXXIII_pnt.xlsx\"><span style=\"color: #82193e;\">Formato -XXXIII. Convenios de Coordinaci\u00f3n, de Concertaci\u00f3n con el Sector Social o Privado<\/span><\/a><\/td>\n<\/tr>\n<\/tbody>\n<\/table>\n<p>[\/vc_column_text][\/vc_tta_section][\/vc_tta_accordion][vc_tta_accordion style=\u00bbmodern\u00bb active_section=\u00bb1&#8243; collapsible_all=\u00bbtrue\u00bb][vc_tta_section i_icon_fontawesome=\u00bbfa fa-calendar-check-o\u00bb add_icon=\u00bbtrue\u00bb title=\u00bbEjercicio 2022&#8243; tab_id=\u00bb1715964391921-4076447a-430e\u00bb][vc_column_text]<\/p>\n<table style=\"width: 100.758%; height: 322px;\">\n<tbody>\n<tr class=\"default-row\" style=\"background-color: #82193e;\">\n<td style=\"width: 24.4444%; height: 48px;\"><span style=\"color: #ffffff;\">\u00c1REA ADMINISTRATIVA<\/span><\/td>\n<td style=\"width: 19.7221%; height: 48px;\"><span style=\"color: #ffffff;\">PRIMER TRIMESTRE<\/span><\/td>\n<td style=\"width: 19.5834%; height: 48px;\"><span style=\"color: #ffffff;\">SEGUNDO TRIMESTRE<\/span><\/td>\n<td style=\"width: 20.9874%; height: 48px;\"><span style=\"color: #ffffff;\">TERCER TRIMESTRE<\/span><\/td>\n<td style=\"width: 15.8821%; height: 48px;\"><span style=\"color: #ffffff;\">CUARTO TRIMESTRE<\/span><\/td>\n<\/tr>\n<tr class=\"default-row\" style=\"height: 130px;\">\n<td style=\"width: 24.4444%; height: 130px;\">\n<p>\u00c1REA QUE GENERA LA INFORMACI\u00d3N: Direcci\u00f3n Jur\u00eddica<\/p>\n<p>&nbsp;<\/td>\n<td style=\"width: 19.7221%; height: 130px;\"><span style=\"color: #82193e;\"><a style=\"color: #82193e;\" href=\"https:\/\/transparencia.bahiadebanderas.gob.mx\/ARTICULO33\/XXXIII\/2022\/JURIDICO\/LTAIPEN_Art_33_Fr_XXXIII.xlsx\" target=\"_blank\" rel=\"noopener noreferrer\">Formato -XXXIII. Convenios de Coordinaci\u00f3n, de Concertaci\u00f3n con el Sector Social o Privado<\/a><\/span><\/td>\n<td style=\"width: 19.5834%; height: 130px;\"><span style=\"color: #82193e;\"><a style=\"color: #82193e;\" href=\"https:\/\/transparencia.bahiadebanderas.gob.mx\/ARTICULO33\/XXXIII\/2022\/2DO%20TR%202022\/JURIDICO\/LTAIPEN_Art_33_Fr_XXXIII.xlsx\" target=\"_blank\" rel=\"noopener noreferrer\">Formato -XXXIII. Convenios de Coordinaci\u00f3n, de Concertaci\u00f3n con el Sector Social o Privado<\/a><\/span><\/td>\n<td style=\"width: 20.9874%; height: 130px;\"><span style=\"color: #82193e;\"><a style=\"color: #82193e;\" href=\"https:\/\/transparencia.bahiadebanderas.gob.mx\/ARTICULO33\/XXXIII\/2022\/TERCER%20TRIMESTRE\/LTAIPEN_Art_33_Fr_XXXIII%20jur.xlsx\" target=\"_blank\" rel=\"noopener noreferrer\">Formato -XXXIII. Convenios de Coordinaci\u00f3n, de Concertaci\u00f3n con el Sector Social o Privado<\/a><\/span><\/td>\n<td style=\"width: 15.8821%; height: 130px;\"><span style=\"color: #82193e;\"><a style=\"color: #82193e;\" href=\"https:\/\/transparencia.bahiadebanderas.gob.mx\/ARTICULO33\/XXXIII\/2022\/4to%20TR%202022\/LTAIPEN_Art_33_Fr_XXXIII%20juridico.xlsx\" target=\"_blank\" rel=\"noopener noreferrer\">Formato -XXXIII. Convenios de Coordinaci\u00f3n, de Concertaci\u00f3n con el Sector Social o Privado<\/a><\/span><\/td>\n<\/tr>\n<tr style=\"height: 24px;\">\n<td style=\"width: 24.4444%; height: 24px;\"><\/td>\n<td style=\"width: 19.7221%; height: 24px;\"><\/td>\n<td style=\"width: 19.5834%; height: 24px;\"><\/td>\n<td style=\"width: 20.9874%; height: 24px;\"><\/td>\n<td style=\"width: 15.8821%; height: 24px;\"><\/td>\n<\/tr>\n<tr style=\"height: 120px;\">\n<td style=\"width: 24.4444%; height: 120px;\">\n<p>\u00c1REA QUE GENERA LA INFORMACI\u00d3N: Sindicatura<\/p>\n<p>&nbsp;<\/td>\n<td style=\"width: 19.7221%; height: 120px;\"><a href=\"https:\/\/transparencia.bahiadebanderas.gob.mx\/ARTICULO33\/XXXIII\/2022\/SINDICO\/LTAIPEN_Art_33_Fr_XXXIII.xlsx\"><span style=\"color: #82193e;\">Formato -XXXIII. Convenios de Coordinaci\u00f3n, de Concertaci\u00f3n con el Sector Social o Privado<\/span><\/a><\/td>\n<td style=\"width: 19.5834%; height: 120px;\"><span style=\"color: #82193e;\"><a style=\"color: #82193e;\" href=\"https:\/\/transparencia.bahiadebanderas.gob.mx\/ARTICULO33\/XXXIII\/2022\/2DO%20TR%202022\/SINDICATURA%20MUNICIPAL\/LTAIPEN_Art_33_Fr_XXXIII.xlsx\" target=\"_blank\" rel=\"noopener noreferrer\">Formato -XXXIII. Convenios de Coordinaci\u00f3n, de Concertaci\u00f3n con el Sector Social o Privado<\/a><\/span><\/td>\n<td style=\"width: 20.9874%; height: 120px;\"><span style=\"color: #82193e;\"><a style=\"color: #82193e;\" href=\"https:\/\/transparencia.bahiadebanderas.gob.mx\/ARTICULO33\/XXXIII\/2022\/TERCER%20TRIMESTRE\/LTAIPEN_Art_33_Fr_XXXIII%20Sindico.xlsx\" target=\"_blank\" rel=\"noopener noreferrer\">Formato -XXXIII. Convenios de Coordinaci\u00f3n, de Concertaci\u00f3n con el Sector Social o Privado<\/a><\/span><\/td>\n<td style=\"width: 15.8821%; height: 120px;\"><span style=\"color: #82193e;\"><a style=\"color: #82193e;\" href=\"https:\/\/transparencia.bahiadebanderas.gob.mx\/ARTICULO33\/XXXIII\/2022\/4to%20TR%202022\/LTAIPEN_Art_33_Fr_XXXIII%20sindicatura.xlsx\" target=\"_blank\" rel=\"noopener noreferrer\">Formato -XXXIII. Convenios de Coordinaci\u00f3n, de Concertaci\u00f3n con el Sector Social o Privado<\/a><\/span><\/td>\n<\/tr>\n<\/tbody>\n<\/table>\n<p>[\/vc_column_text][\/vc_tta_section][\/vc_tta_accordion][\/vc_column][\/vc_row][\/vc_section][vc_row][vc_column][vc_column_text]<span style=\"color: #82193e;\"><strong>Per\u00edodo de actualizaci\u00f3n:<\/strong> <\/span>trimestral<br \/>\n<span style=\"color: #82193e;\"><strong>Ultima actualizaci\u00f3n:<\/strong> <\/span>\u00a002 de May de 2025[\/vc_column_text][\/vc_column][\/vc_row][vc_row][vc_column][\/vc_column][\/vc_row]<\/p>\n","protected":false},"excerpt":{"rendered":"<p>[vc_section][vc_row][vc_column][vc_tta_accordion style=\u00bbmodern\u00bb active_section=\u00bb1&#8243; collapsible_all=\u00bbtrue\u00bb][vc_tta_section i_icon_fontawesome=\u00bbfa fa-calendar-check-o\u00bb add_icon=\u00bbtrue\u00bb title=\u00bbEjercicio 2025&#8243; tab_id=\u00bb1684274195283-2062185d-5682&#8243;][vc_column_text] \u00c1REA ADMINISTRATIVA PRIMER TRIMESTRE SEGUNDO TRIMESTRE TERCER TRIMESTRE CUARTO TRIMESTRE \u00c1REA QUE GENERA LA INFORMACI\u00d3N: Direcci\u00f3n Jur\u00eddica &nbsp; Formato -XXXIII. Convenios de Coordinaci\u00f3n, de Concertaci\u00f3n con el Sector Social o Privado Formato -XXXIII. Convenios de Coordinaci\u00f3n, de Concertaci\u00f3n con el Sector Social o Privado Formato [&hellip;]<\/p>\n","protected":false},"author":1,"featured_media":0,"parent":5733,"menu_order":0,"comment_status":"closed","ping_status":"closed","template":"","meta":{"footnotes":""},"class_list":["post-5976","page","type-page","status-publish","hentry"],"_links":{"self":[{"href":"https:\/\/transparencia.bahiadebanderas.gob.mx\/index.php?rest_route=\/wp\/v2\/pages\/5976","targetHints":{"allow":["GET"]}}],"collection":[{"href":"https:\/\/transparencia.bahiadebanderas.gob.mx\/index.php?rest_route=\/wp\/v2\/pages"}],"about":[{"href":"https:\/\/transparencia.bahiadebanderas.gob.mx\/index.php?rest_route=\/wp\/v2\/types\/page"}],"author":[{"embeddable":true,"href":"https:\/\/transparencia.bahiadebanderas.gob.mx\/index.php?rest_route=\/wp\/v2\/users\/1"}],"replies":[{"embeddable":true,"href":"https:\/\/transparencia.bahiadebanderas.gob.mx\/index.php?rest_route=%2Fwp%2Fv2%2Fcomments&post=5976"}],"version-history":[{"count":62,"href":"https:\/\/transparencia.bahiadebanderas.gob.mx\/index.php?rest_route=\/wp\/v2\/pages\/5976\/revisions"}],"predecessor-version":[{"id":21214,"href":"https:\/\/transparencia.bahiadebanderas.gob.mx\/index.php?rest_route=\/wp\/v2\/pages\/5976\/revisions\/21214"}],"up":[{"embeddable":true,"href":"https:\/\/transparencia.bahiadebanderas.gob.mx\/index.php?rest_route=\/wp\/v2\/pages\/5733"}],"wp:attachment":[{"href":"https:\/\/transparencia.bahiadebanderas.gob.mx\/index.php?rest_route=%2Fwp%2Fv2%2Fmedia&parent=5976"}],"curies":[{"name":"wp","href":"https:\/\/api.w.org\/{rel}","templated":true}]}}