{"id":5969,"date":"2019-01-28T13:26:38","date_gmt":"2019-01-28T19:26:38","guid":{"rendered":"http:\/\/dif.bahiadebanderas.gob.mx\/?page_id=5969"},"modified":"2026-02-26T18:07:16","modified_gmt":"2026-02-26T18:07:16","slug":"xxix-los-informes-que-por-disposicion-legal-generen-los-sujetos-obligados","status":"publish","type":"page","link":"https:\/\/transparencia.bahiadebanderas.gob.mx\/?page_id=5969","title":{"rendered":"XXIX. Los informes que por disposici\u00f3n legal generen los sujetos obligados, el \u00e1rea responsable y el fundamento legal que obliga a su generaci\u00f3n."},"content":{"rendered":"<p>[vc_section][vc_row][vc_column][vc_tta_accordion][vc_tta_section title=\u00bbEJERCICIO 2025&#8243; tab_id=\u00bb1567438565661-05606115-44bc\u00bb][vc_column_text]<\/p>\n<table style=\"width: 99.7903%; height: 49px;\">\n<tbody>\n<tr class=\"default-row\" style=\"height: 24px; background-color: #801a3d;\">\n<td style=\"width: 131px; height: 24px;\"><span style=\"color: #ffffff;\"><strong>PRIMER TRIMESTRE<\/strong><\/span><\/td>\n<td style=\"width: 140px; height: 24px;\"><span style=\"color: #ffffff;\"><strong>SEGUNDO TRIMESTRE<\/strong><\/span><\/td>\n<td style=\"width: 132px; height: 24px;\"><span style=\"color: #ffffff;\"><strong>TERCER TRIMESTRE<\/strong><\/span><\/td>\n<td style=\"width: 134px; height: 24px;\"><span style=\"color: #ffffff;\"><strong>CUARTO TRIMESTRE<\/strong><\/span><\/td>\n<\/tr>\n<tr style=\"height: 25px;\">\n<td style=\"width: 131px; height: 25px;\"><a href=\"https:\/\/transparencia.bahiadebanderas.gob.mx\/ARTICULO33\/XXIX\/2025\/1%20TR%202025\/TRANSP\/LTAIPEN_Art_33_Fr_XXIX.xlsx\"><span style=\"color: #82193e;\">Formato XXIX. Informes Emitidos<\/span><\/a><\/td>\n<td style=\"width: 140px; height: 25px;\"><a href=\"https:\/\/transparencia.bahiadebanderas.gob.mx\/ARTICULO33\/XXIX\/2025\/2DO%20TR%202025\/UNIDAD%20DE%20TRANSPARENCIA\/LTAIPEN_Art_33_Fr_XXIX.xlsx\"><span style=\"color: #82193e;\">Formato XXIX. Informes Emitidos<\/span><\/a><\/td>\n<td style=\"width: 132px; height: 25px;\"><a href=\"https:\/\/transparencia.bahiadebanderas.gob.mx\/ARTICULO33\/XXIX\/2025\/3ER%20TR%202025\/TRANSPARENCIA\/LTAIPEN_Art_33_Fr_XXIX.xlsx\"><span style=\"color: #82193e;\">Formato XXIX. Informes Emitidos<\/span><\/a><\/td>\n<td style=\"width: 134px; height: 25px;\"><a href=\"https:\/\/transparencia.bahiadebanderas.gob.mx\/ARTICULO33\/XXIX\/2025\/4TO%20TR%202025\/TRANSPARENCIA\/LTAIPEN_Art_33_Fr_XXIX.xlsx\"><span style=\"color: #82193e;\">Formato XXIX. Informes Emitidos<\/span><\/a><\/td>\n<\/tr>\n<\/tbody>\n<\/table>\n<p><a href=\"https:\/\/transparencia.bahiadebanderas.gob.mx\/ARTICULO33\/XXIX\/2025\/1%20TR%202025\/TRANSP\/LTAIPEN_Art_33_Fr_XXIX.xlsx\"><span style=\"color: #82193e;\"><strong>\u00c1rea que Posee y Genera la Informaci\u00f3n: Secretar\u00eda del Ayuntamiento\/Jefatura Unidad de Enlace y Acceso P\u00fablico a la Informaci\u00f3n<\/strong><\/span><\/a>[\/vc_column_text][vc_column_text]<\/p>\n<table style=\"width: 99.7903%; height: 72px;\">\n<tbody>\n<tr class=\"default-row\" style=\"height: 24px; background-color: #801a3d;\">\n<td style=\"width: 131px; height: 24px;\"><span style=\"color: #ffffff;\"><strong>PRIMER TRIMESTRE<\/strong><\/span><\/td>\n<td style=\"width: 140px; height: 24px;\"><span style=\"color: #ffffff;\"><strong>SEGUNDO TRIMESTRE<\/strong><\/span><\/td>\n<td style=\"width: 132px; height: 24px;\"><span style=\"color: #ffffff;\"><strong>TERCER TRIMESTRE<\/strong><\/span><\/td>\n<td style=\"width: 134px; height: 24px;\"><span style=\"color: #ffffff;\"><strong>CUARTO TRIMESTRE<\/strong><\/span><\/td>\n<\/tr>\n<tr style=\"height: 48px;\">\n<td style=\"width: 131px; height: 48px;\"><a href=\"https:\/\/transparencia.bahiadebanderas.gob.mx\/ARTICULO33\/XXIX\/2025\/1%20TR%202025\/COMUN%20ESTR\/LTAIPEN_Art_33_Fr_XXIX%20%281%29.xlsx\"><span style=\"color: #82193e;\">Formato XXIX. Informes Emitidos<\/span><\/a><\/td>\n<td style=\"width: 140px; height: 48px;\"><a href=\"https:\/\/transparencia.bahiadebanderas.gob.mx\/ARTICULO33\/XXIX\/2025\/2DO%20TR%202025\/COMUNICACION%20ESTRATEGICA\/LTAIPEN_Art_33_Fr_XXIX.xlsx\"><span style=\"color: #82193e;\">Formato XXIX. Informes Emitidos<\/span><\/a><\/td>\n<td style=\"width: 132px; height: 48px;\"><a href=\"https:\/\/transparencia.bahiadebanderas.gob.mx\/ARTICULO33\/XXIX\/2025\/3ER%20TR%202025\/COMUNICACION%20ESTRATEGICA\/LTAIPEN_Art_33_Fr_XXIX.xlsx\"><span style=\"color: #82193e;\">Formato XXIX. Informes Emitidos<\/span><\/a><\/td>\n<td style=\"width: 134px; height: 48px;\"><a href=\"https:\/\/transparencia.bahiadebanderas.gob.mx\/ARTICULO33\/XXIX\/2025\/4TO%20TR%202025\/COMUNICACION%20ESTRATEGICA\/LTAIPEN_Art_33_Fr_XXIX%20%281%29.xlsx\"><span style=\"color: #82193e;\">Formato XXIX. Informes Emitidos<\/span><\/a><\/td>\n<\/tr>\n<\/tbody>\n<\/table>\n<p><span style=\"color: #82193e;\"><strong>\u00c1rea que Posee y Genera la Informaci\u00f3n: Despacho del Presidente\/Comunicaci\u00f3n Estrat\u00e9gica<\/strong><\/span>[\/vc_column_text][\/vc_tta_section][\/vc_tta_accordion][\/vc_column][\/vc_row][\/vc_section][vc_section][vc_row][vc_column][vc_tta_accordion][vc_tta_section title=\u00bbEJERCICIO 2024&#8243; tab_id=\u00bb1744313013923-c63760bc-c843&#8243;][vc_column_text]<\/p>\n<table style=\"width: 99.7903%; height: 49px;\">\n<tbody>\n<tr class=\"default-row\" style=\"height: 24px; background-color: #801a3d;\">\n<td style=\"width: 131px; height: 24px;\"><span style=\"color: #ffffff;\"><strong>PRIMER TRIMESTRE<\/strong><\/span><\/td>\n<td style=\"width: 140px; height: 24px;\"><span style=\"color: #ffffff;\"><strong>SEGUNDO TRIMESTRE<\/strong><\/span><\/td>\n<td style=\"width: 132px; height: 24px;\"><span style=\"color: #ffffff;\"><strong>TERCER TRIMESTRE<\/strong><\/span><\/td>\n<td style=\"width: 134px; height: 24px;\"><span style=\"color: #ffffff;\"><strong>CUARTO TRIMESTRE<\/strong><\/span><\/td>\n<\/tr>\n<tr style=\"height: 25px;\">\n<td style=\"width: 131px; height: 25px;\"><a href=\"https:\/\/transparencia.bahiadebanderas.gob.mx\/ARTICULO33\/XXIX\/2024\/1ER%20TR%202024\/TRANSPARENCIA\/LTAIPEN_Art_33_Fr_XXIX%20%281%29.xlsx\"><span style=\"color: #82193e;\">Formato XXIX. Informes Emitidos<\/span><\/a><\/td>\n<td style=\"width: 140px; height: 25px;\"><a href=\"https:\/\/transparencia.bahiadebanderas.gob.mx\/ARTICULO33\/XXIX\/2024\/1ER%20TR%202024\/TRANSPARENCIA\/LTAIPEN_Art_33_Fr_XXIX%20%281%29.xlsx\"><span style=\"color: #82193e;\">Formato XXIX. Informes Emitidos<\/span><\/a><\/td>\n<td style=\"width: 132px; height: 25px;\"><a href=\"https:\/\/transparencia.bahiadebanderas.gob.mx\/ARTICULO33\/XXIX\/2024\/3ER%20TR%202024\/TRANSPARENCIA\/LTAIPEN_Art_33_Fr_XXIX.xlsx\"><span style=\"color: #82193e;\">Formato XXIX. Informes Emitidos<\/span><\/a><\/td>\n<td style=\"width: 134px; height: 25px;\"><\/td>\n<\/tr>\n<\/tbody>\n<\/table>\n<p><span style=\"color: #82193e;\"><strong>\u00c1rea que Posee y Genera la Informaci\u00f3n: Secretar\u00eda del Ayuntamiento\/Jefatura Unidad de Enlace y Acceso P\u00fablico a la Informaci\u00f3n<\/strong><\/span>[\/vc_column_text][vc_column_text]<\/p>\n<table style=\"width: 99.7903%; height: 72px;\">\n<tbody>\n<tr class=\"default-row\" style=\"height: 24px; background-color: #801a3d;\">\n<td style=\"width: 131px; height: 24px;\"><span style=\"color: #ffffff;\"><strong>PRIMER TRIMESTRE<\/strong><\/span><\/td>\n<td style=\"width: 140px; height: 24px;\"><span style=\"color: #ffffff;\"><strong>SEGUNDO TRIMESTRE<\/strong><\/span><\/td>\n<td style=\"width: 132px; height: 24px;\"><span style=\"color: #ffffff;\"><strong>TERCER TRIMESTRE<\/strong><\/span><\/td>\n<td style=\"width: 134px; height: 24px;\"><span style=\"color: #ffffff;\"><strong>CUARTO TRIMESTRE<\/strong><\/span><\/td>\n<\/tr>\n<tr style=\"height: 48px;\">\n<td style=\"width: 131px; height: 48px;\"><a href=\"https:\/\/transparencia.bahiadebanderas.gob.mx\/ARTICULO33\/XXIX\/2024\/1ER%20TR%202024\/COMUNICACION\/LTAIPEN_Art_33_Fr_XXIX.xlsx\"><span style=\"color: #82193e;\">Formato XXIX. Informes Emitidos<\/span><\/a><\/td>\n<td style=\"width: 140px; height: 48px;\"><a href=\"https:\/\/transparencia.bahiadebanderas.gob.mx\/ARTICULO33\/XXIX\/2024\/1ER%20TR%202024\/COMUNICACION\/LTAIPEN_Art_33_Fr_XXIX.xlsx\"><span style=\"color: #82193e;\">Formato XXIX. Informes Emitidos<\/span><\/a><\/td>\n<td style=\"width: 132px; height: 48px;\"><a href=\"https:\/\/transparencia.bahiadebanderas.gob.mx\/ARTICULO33\/XXIX\/2024\/COMUN%20ESTR\/LTAIPEN_Art_33_Fr_XXIX%20%281%29.xlsx\"><span style=\"color: #82193e;\">Formato XXIX. Informes Emitidos<\/span><\/a><\/td>\n<td style=\"width: 134px; height: 48px;\"><a href=\"https:\/\/transparencia.bahiadebanderas.gob.mx\/ARTICULO33\/XXIX\/2024\/COMUN%20ESTR\/LTAIPEN_Art_33_Fr_XXIX%20%281%29.xlsx\"><span style=\"color: #82193e;\">Formato XXIX. Informes Emitidos<\/span><\/a><\/td>\n<\/tr>\n<\/tbody>\n<\/table>\n<p><span style=\"color: #82193e;\"><strong>\u00c1rea que Posee y Genera la Informaci\u00f3n: Despacho del Presidente\/Comunicaci\u00f3n Estrat\u00e9gica<\/strong><\/span>[\/vc_column_text][\/vc_tta_section][\/vc_tta_accordion][\/vc_column][\/vc_row][\/vc_section][vc_section][vc_row][vc_column][vc_tta_accordion][vc_tta_section title=\u00bbEJERCICIO 2023&#8243; tab_id=\u00bb1715889612783-bcc2ef61-f465&#8243;][vc_column_text]<\/p>\n<table style=\"width: 99.7903%; height: 49px;\">\n<tbody>\n<tr class=\"default-row\" style=\"height: 24px; background-color: #801a3d;\">\n<td style=\"width: 131px; height: 24px;\"><span style=\"color: #ffffff;\"><strong>PRIMER TRIMESTRE<\/strong><\/span><\/td>\n<td style=\"width: 140px; height: 24px;\"><span style=\"color: #ffffff;\"><strong>SEGUNDO TRIMESTRE<\/strong><\/span><\/td>\n<td style=\"width: 132px; height: 24px;\"><span style=\"color: #ffffff;\"><strong>TERCER TRIMESTRE<\/strong><\/span><\/td>\n<td style=\"width: 134px; height: 24px;\"><span style=\"color: #ffffff;\"><strong>CUARTO TRIMESTRE<\/strong><\/span><\/td>\n<\/tr>\n<tr style=\"height: 25px;\">\n<td style=\"width: 131px; height: 25px;\"><a href=\"https:\/\/transparencia.bahiadebanderas.gob.mx\/ARTICULO33\/XXIX\/2023\/1ER%20TR%202023\/TRANSPARENCIA\/LTAIPEN_Art_33_Fr_XXIX.xlsx\"><span style=\"color: #82193e;\">Formato XXIX. Informes Emitidos<\/span><\/a><\/td>\n<td style=\"width: 140px; height: 25px;\"><a href=\"https:\/\/transparencia.bahiadebanderas.gob.mx\/ARTICULO33\/XXIX\/2023\/2DO%20TR%202023\/TRANSPARENCIA\/LTAIPEN_Art_33_Fr_XXIX.xlsx\"><span style=\"color: #82193e;\">Formato XXIX. Informes Emitidos<\/span><\/a><\/td>\n<td style=\"width: 132px; height: 25px;\"><a href=\"https:\/\/transparencia.bahiadebanderas.gob.mx\/ARTICULO33\/XXVIII\/2023\/3ER%20TR%202023\/TRANSPARENCIA\/LTAIPEN_Art_33_Fr_XXIX.xlsx\"><span style=\"color: #82193e;\">Formato XXIX. Informes Emitidos<\/span><\/a><\/td>\n<td style=\"width: 134px; height: 25px;\"><a href=\"https:\/\/transparencia.bahiadebanderas.gob.mx\/ARTICULO33\/XXIX\/2023\/4TO%20TR%202023\/LTAIPEN_Art_33_Fr_XXIX.xlsx\"><span style=\"color: #82193e;\">Formato XXIX. Informes Emitidos<\/span><\/a><\/td>\n<\/tr>\n<\/tbody>\n<\/table>\n<p><span style=\"color: #82193e;\"><strong>\u00c1rea que Posee y Genera la Informaci\u00f3n: Secretar\u00eda del Ayuntamiento\/Jefatura Unidad de Enlace y Acceso P\u00fablico a la Informaci\u00f3n<\/strong><\/span>[\/vc_column_text][vc_column_text]<\/p>\n<table style=\"width: 99.7903%; height: 72px;\">\n<tbody>\n<tr class=\"default-row\" style=\"height: 24px; background-color: #801a3d;\">\n<td style=\"width: 131px; height: 24px;\"><span style=\"color: #ffffff;\"><strong>PRIMER TRIMESTRE<\/strong><\/span><\/td>\n<td style=\"width: 140px; height: 24px;\"><span style=\"color: #ffffff;\"><strong>SEGUNDO TRIMESTRE<\/strong><\/span><\/td>\n<td style=\"width: 132px; height: 24px;\"><span style=\"color: #ffffff;\"><strong>TERCER TRIMESTRE<\/strong><\/span><\/td>\n<td style=\"width: 134px; height: 24px;\"><span style=\"color: #ffffff;\"><strong>CUARTO TRIMESTRE<\/strong><\/span><\/td>\n<\/tr>\n<tr style=\"height: 48px;\">\n<td style=\"width: 131px; height: 48px;\"><a href=\"https:\/\/transparencia.bahiadebanderas.gob.mx\/ARTICULO33\/XXIX\/2023\/1ER%20TR%202023\/COMUNICACION\/LTAIPEN_Art_33_Fr_XXIX.xlsx\"><span style=\"color: #82193e;\">Formato XXIX. Informes Emitidos<\/span><\/a><\/td>\n<td style=\"width: 140px; height: 48px;\"><a href=\"https:\/\/transparencia.bahiadebanderas.gob.mx\/ARTICULO33\/XXIX\/2023\/2DO%20TR%202023\/COMUNICACION\/LTAIPEN_Art_33_Fr_XXIX%20%281%29.xlsx\"><span style=\"color: #82193e;\">Formato XXIX. Informes Emitidos<\/span><\/a><\/td>\n<td style=\"width: 132px; height: 48px;\"><a href=\"https:\/\/transparencia.bahiadebanderas.gob.mx\/ARTICULO33\/XXVIII\/2023\/3ER%20TR%202023\/COMUNICACION\/LTAIPEN_Art_33_Fr_XXIX.xlsx\"><span style=\"color: #82193e;\">Formato XXIX. Informes Emitidos<\/span><\/a><\/td>\n<td style=\"width: 134px; height: 48px;\"><a href=\"https:\/\/transparencia.bahiadebanderas.gob.mx\/ARTICULO33\/XXIX\/2023\/4TO%20TR%202023\/LTAIPEN_Art_33_Fr_XXIX%20comsoc.xlsx\"><span style=\"color: #82193e;\">Formato XXIX. Informes Emitidos<\/span><\/a><\/td>\n<\/tr>\n<\/tbody>\n<\/table>\n<p><span style=\"color: #82193e;\"><strong>\u00c1rea que Posee y Genera la Informaci\u00f3n: Despacho del Presidente\/Comunicaci\u00f3n Estrat\u00e9gica<\/strong><\/span>[\/vc_column_text][\/vc_tta_section][\/vc_tta_accordion][\/vc_column][\/vc_row][\/vc_section][vc_row][vc_column][vc_column_text]<span style=\"color: #82193e;\"><strong>Per\u00edodo de actualizaci\u00f3n:<\/strong><\/span> trimestral<br \/>\n<span style=\"color: #82193e;\"><strong>Ultima actualizaci\u00f3n:\u00a0<\/strong><\/span> 27 de Ene de 2026[\/vc_column_text][\/vc_column][\/vc_row][vc_row][vc_column][\/vc_column][\/vc_row]<\/p>\n","protected":false},"excerpt":{"rendered":"<p>[vc_section][vc_row][vc_column][vc_tta_accordion][vc_tta_section title=\u00bbEJERCICIO 2025&#8243; tab_id=\u00bb1567438565661-05606115-44bc\u00bb][vc_column_text] PRIMER TRIMESTRE SEGUNDO TRIMESTRE TERCER TRIMESTRE CUARTO TRIMESTRE Formato XXIX. Informes Emitidos Formato XXIX. Informes Emitidos Formato XXIX. Informes Emitidos Formato XXIX. Informes Emitidos \u00c1rea que Posee y Genera la Informaci\u00f3n: Secretar\u00eda del Ayuntamiento\/Jefatura Unidad de Enlace y Acceso P\u00fablico a la Informaci\u00f3n[\/vc_column_text][vc_column_text] PRIMER TRIMESTRE SEGUNDO TRIMESTRE TERCER TRIMESTRE CUARTO TRIMESTRE [&hellip;]<\/p>\n","protected":false},"author":1,"featured_media":0,"parent":5733,"menu_order":0,"comment_status":"closed","ping_status":"closed","template":"","meta":{"footnotes":""},"class_list":["post-5969","page","type-page","status-publish","hentry"],"_links":{"self":[{"href":"https:\/\/transparencia.bahiadebanderas.gob.mx\/index.php?rest_route=\/wp\/v2\/pages\/5969","targetHints":{"allow":["GET"]}}],"collection":[{"href":"https:\/\/transparencia.bahiadebanderas.gob.mx\/index.php?rest_route=\/wp\/v2\/pages"}],"about":[{"href":"https:\/\/transparencia.bahiadebanderas.gob.mx\/index.php?rest_route=\/wp\/v2\/types\/page"}],"author":[{"embeddable":true,"href":"https:\/\/transparencia.bahiadebanderas.gob.mx\/index.php?rest_route=\/wp\/v2\/users\/1"}],"replies":[{"embeddable":true,"href":"https:\/\/transparencia.bahiadebanderas.gob.mx\/index.php?rest_route=%2Fwp%2Fv2%2Fcomments&post=5969"}],"version-history":[{"count":68,"href":"https:\/\/transparencia.bahiadebanderas.gob.mx\/index.php?rest_route=\/wp\/v2\/pages\/5969\/revisions"}],"predecessor-version":[{"id":21208,"href":"https:\/\/transparencia.bahiadebanderas.gob.mx\/index.php?rest_route=\/wp\/v2\/pages\/5969\/revisions\/21208"}],"up":[{"embeddable":true,"href":"https:\/\/transparencia.bahiadebanderas.gob.mx\/index.php?rest_route=\/wp\/v2\/pages\/5733"}],"wp:attachment":[{"href":"https:\/\/transparencia.bahiadebanderas.gob.mx\/index.php?rest_route=%2Fwp%2Fv2%2Fmedia&parent=5969"}],"curies":[{"name":"wp","href":"https:\/\/api.w.org\/{rel}","templated":true}]}}