{"id":5963,"date":"2019-01-28T10:43:58","date_gmt":"2019-01-28T16:43:58","guid":{"rendered":"http:\/\/dif.bahiadebanderas.gob.mx\/?page_id=5963"},"modified":"2026-02-25T19:12:46","modified_gmt":"2026-02-25T19:12:46","slug":"xxviii-la-informacion-de-los-resultados-sobre-procedimientos-de-adjudicacion-directa-invitacion-restringida-y-licitacion-de-cualquier-naturaleza","status":"publish","type":"page","link":"https:\/\/transparencia.bahiadebanderas.gob.mx\/?page_id=5963","title":{"rendered":"XXVIII. La informaci\u00f3n de los resultados sobre procedimientos de adjudicaci\u00f3n directa, invitaci\u00f3n restringida y licitaci\u00f3n de cualquier naturaleza, incluyendo la versi\u00f3n p\u00fablica del expediente respectivo y de los contratos celebrados."},"content":{"rendered":"<p>[vc_section][vc_row][vc_column][vc_tta_accordion active_section=\u00bb1&#8243;][vc_tta_section i_icon_fontawesome=\u00bbfa fa-calendar-check-o\u00bb add_icon=\u00bbtrue\u00bb title=\u00bbEJERCICIO 2025&#8243; tab_id=\u00bb1684172503088-b3457e93-9e6b\u00bb][vc_column_text]<\/p>\n<table style=\"border-collapse: collapse; width: 682px; height: 234px;\">\n<tbody>\n<tr style=\"background-color: #801a3d;\">\n<td><span style=\"font-size: 12pt; color: #ffffff;\"><strong>PRIMER TRIMESTRE<\/strong><\/span><\/td>\n<td><span style=\"font-size: 12pt; color: #ffffff;\"><strong>SEGUNDO TRIMESTRE<\/strong><\/span><\/td>\n<td><span style=\"font-size: 12pt; color: #ffffff;\"><strong>TERCER TRIMESTRE<\/strong><\/span><\/td>\n<td><span style=\"font-size: 12pt; color: #ffffff;\"><strong>CUARTO TRIMESTRE<\/strong><\/span><\/td>\n<\/tr>\n<tr>\n<td style=\"width: 25%;\">\n<p><a href=\"https:\/\/transparencia.bahiadebanderas.gob.mx\/ARTICULO33\/XXVIII\/2025\/1ER%20TR%202025\/OBRAS%20PUBLICAS\/28-LGT_Art_70_Fr_XXVIII.xlsx\"><span style=\"color: #82193e;\">Formato XXVIIIa. Resultados de Procedimientos de Licitaci\u00f3n P\u00fablica e Invitaci\u00f3n Restringida Realizados<\/span><\/a><\/p>\n<p><a href=\"https:\/\/transparencia.bahiadebanderas.gob.mx\/ARTICULO33\/XXVIII\/2025\/1ER%20TR%202025\/OBRAS%20PUBLICAS\/28-LGT_Art_70_Fr_XXVIII%20B.xlsx\"><span style=\"color: #82193e;\">Formato XXVIIIb. Resultados de Procedimientos de Adjudicaci\u00f3n Directa Realizados<\/span><\/a><\/td>\n<td style=\"width: 25%;\"><a href=\"https:\/\/transparencia.bahiadebanderas.gob.mx\/ARTICULO33\/XXVIII\/2025\/2DO%20TR%202025\/OBRAS%20PUBLICAS\/28-LGT_Art_70_Fr_XXVIII.xlsx\"><span style=\"color: #82193e;\">Formato XXVIIIb. Resultados de Procedimientos de Adjudicaci\u00f3n Directa Realizados<\/span><\/a><\/td>\n<td style=\"width: 25%;\"><a href=\"https:\/\/transparencia.bahiadebanderas.gob.mx\/ARTICULO33\/XXVIII\/2025\/3ER%20TR%202025\/LICITACIONES\/28-LGT_Art_70_Fr_XXVIII.xlsx\"><span style=\"color: #82193e;\">Formato XXVIIIb. Resultados de Procedimientos de Adjudicaci\u00f3n Directa Realizados<\/span><\/a><\/td>\n<td style=\"width: 25%;\"><a href=\"https:\/\/transparencia.bahiadebanderas.gob.mx\/ARTICULO33\/XXVIII\/2025\/4TO%20TR%202025\/LICITACION%20DE%20OBRA\/28-LGT_Art_70_Fr_XXVIII.xlsx\"><span style=\"color: #82193e;\">Formato XXVIIIb. Resultados de Procedimientos de Adjudicaci\u00f3n Directa Realizados<\/span><\/a><\/td>\n<\/tr>\n<\/tbody>\n<\/table>\n<p>[\/vc_column_text][\/vc_tta_section][\/vc_tta_accordion][\/vc_column][\/vc_row][\/vc_section][vc_section][vc_row][vc_column][vc_tta_accordion active_section=\u00bb1&#8243;][vc_tta_section i_icon_fontawesome=\u00bbfa fa-calendar-check-o\u00bb add_icon=\u00bbtrue\u00bb title=\u00bbEJERCICIO 2024&#8243; tab_id=\u00bb1744312792283-85f94b50-33c3&#8243;][vc_column_text]<\/p>\n<table style=\"border-collapse: collapse; width: 100%;\">\n<tbody>\n<tr style=\"background-color: #801a3d;\">\n<td><span style=\"font-size: 12pt; color: #ffffff;\"><strong>PRIMER TRIMESTRE<\/strong><\/span><\/td>\n<td><span style=\"font-size: 12pt; color: #ffffff;\"><strong>SEGUNDO TRIMESTRE<\/strong><\/span><\/td>\n<td><span style=\"font-size: 12pt; color: #ffffff;\"><strong>TERCER TRIMESTRE<\/strong><\/span><\/td>\n<td><span style=\"font-size: 12pt; color: #ffffff;\"><strong>CUARTO TRIMESTRE<\/strong><\/span><\/td>\n<\/tr>\n<tr>\n<td style=\"width: 25%;\">\n<p><span style=\"color: #82193e;\"><a style=\"color: #82193e;\" href=\"https:\/\/transparencia.bahiadebanderas.gob.mx\/ARTICULO33\/XXVIII\/2023\/1ER%20TR%202023\/LTAIPEN_Art_33_Fr_XXVIII_a.xlsx\" target=\"_blank\" rel=\"noopener noreferrer\">Formato XXVIIIa. Resultados de Procedimientos de Licitaci\u00f3n P\u00fablica e Invitaci\u00f3n Restringida Realizados<\/a><\/span><\/p>\n<p><span style=\"color: #82193e;\"><a style=\"color: #82193e;\" href=\"https:\/\/transparencia.bahiadebanderas.gob.mx\/ARTICULO33\/XXVIII\/2024\/1ER%20TR%202024\/LICITACIONES\/28-LGT_Art_70_Fr_XXVIII.xlsx\" target=\"_blank\" rel=\"noopener noreferrer\">Formato XXVIIIb. Resultados de Procedimientos de Adjudicaci\u00f3n Directa Realizados<\/a><\/span><\/td>\n<td style=\"width: 25%;\">\n<p><span style=\"color: #82193e;\"><a style=\"color: #82193e;\" href=\"https:\/\/transparencia.bahiadebanderas.gob.mx\/ARTICULO33\/XXVIII\/2023\/1ER%20TR%202023\/LTAIPEN_Art_33_Fr_XXVIII_a.xlsx\" target=\"_blank\" rel=\"noopener noreferrer\">Formato XXVIIIa. Resultados de Procedimientos de Licitaci\u00f3n P\u00fablica e Invitaci\u00f3n Restringida Realizados<\/a><\/span><\/p>\n<p><span style=\"color: #82193e;\"><a style=\"color: #82193e;\" href=\"https:\/\/transparencia.bahiadebanderas.gob.mx\/ARTICULO33\/XXVIII\/2024\/1ER%20TR%202024\/LICITACIONES\/28-LGT_Art_70_Fr_XXVIII.xlsx\" target=\"_blank\" rel=\"noopener noreferrer\">Formato XXVIIIb. Resultados de Procedimientos de Adjudicaci\u00f3n Directa Realizados<\/a><\/span><\/td>\n<td style=\"width: 25%;\">\n<p><span style=\"color: #82193e;\"><a style=\"color: #82193e;\" href=\"https:\/\/transparencia.bahiadebanderas.gob.mx\/ARTICULO33\/XXVIII\/2024\/3ER%20TR%202024\/OBRAS%20PUBLICAS\/28-LGT_Art_70_Fr_XXVIII.xlsx\" target=\"_blank\" rel=\"noopener noreferrer\">Formato XXVIIIa. Resultados de Procedimientos de Licitaci\u00f3n P\u00fablica e Invitaci\u00f3n Restringida Realizados<\/a><\/span><\/p>\n<p><span style=\"color: #82193e;\"><a style=\"color: #82193e;\" href=\"https:\/\/transparencia.bahiadebanderas.gob.mx\/ARTICULO33\/XXVIII\/2024\/1ER%20TR%202024\/LICITACIONES\/28-LGT_Art_70_Fr_XXVIII.xlsx\" target=\"_blank\" rel=\"noopener noreferrer\">Formato XXVIIIb. Resultados de Procedimientos de Adjudicaci\u00f3n Directa Realizados<\/a><\/span><\/td>\n<td style=\"width: 25%;\">\n<p><span style=\"color: #82193e;\">Formato XXVIIIa. Resultados de Procedimientos de Licitaci\u00f3n P\u00fablica e Invitaci\u00f3n Restringida Realizados<\/span><\/p>\n<p><span style=\"color: #82193e;\">Formato XXVIIIb. Resultados de Procedimientos de Adjudicaci\u00f3n Directa Realizados<\/span><\/td>\n<\/tr>\n<\/tbody>\n<\/table>\n<p>[\/vc_column_text][\/vc_tta_section][\/vc_tta_accordion][\/vc_column][\/vc_row][\/vc_section][vc_row][vc_column][vc_column_text]<span style=\"color: #82193e;\"><strong>Per\u00edodo de actualizaci\u00f3n:<\/strong><\/span> trimestral<br \/>\n<span style=\"color: #82193e;\"><strong>Ultima actualizaci\u00f3n:<\/strong>\u00a0 <\/span>\u00a027 de Enero\u00a0 2026<br \/>\n<span style=\"color: #82193e;\"><strong>\u00c1rea que genera la informaci\u00f3n:<\/strong><\/span> Direcci\u00f3n de Obras P\u00fablicas\/Licitaciones[\/vc_column_text][\/vc_column][\/vc_row]<\/p>\n","protected":false},"excerpt":{"rendered":"<p>[vc_section][vc_row][vc_column][vc_tta_accordion active_section=\u00bb1&#8243;][vc_tta_section i_icon_fontawesome=\u00bbfa fa-calendar-check-o\u00bb add_icon=\u00bbtrue\u00bb title=\u00bbEJERCICIO 2025&#8243; tab_id=\u00bb1684172503088-b3457e93-9e6b\u00bb][vc_column_text] PRIMER TRIMESTRE SEGUNDO TRIMESTRE TERCER TRIMESTRE CUARTO TRIMESTRE Formato XXVIIIa. Resultados de Procedimientos de Licitaci\u00f3n P\u00fablica e Invitaci\u00f3n Restringida Realizados Formato XXVIIIb. Resultados de Procedimientos de Adjudicaci\u00f3n Directa Realizados Formato XXVIIIb. Resultados de Procedimientos de Adjudicaci\u00f3n Directa Realizados Formato XXVIIIb. Resultados de Procedimientos de Adjudicaci\u00f3n Directa Realizados [&hellip;]<\/p>\n","protected":false},"author":1,"featured_media":0,"parent":5733,"menu_order":0,"comment_status":"closed","ping_status":"closed","template":"","meta":{"footnotes":""},"class_list":["post-5963","page","type-page","status-publish","hentry"],"_links":{"self":[{"href":"https:\/\/transparencia.bahiadebanderas.gob.mx\/index.php?rest_route=\/wp\/v2\/pages\/5963","targetHints":{"allow":["GET"]}}],"collection":[{"href":"https:\/\/transparencia.bahiadebanderas.gob.mx\/index.php?rest_route=\/wp\/v2\/pages"}],"about":[{"href":"https:\/\/transparencia.bahiadebanderas.gob.mx\/index.php?rest_route=\/wp\/v2\/types\/page"}],"author":[{"embeddable":true,"href":"https:\/\/transparencia.bahiadebanderas.gob.mx\/index.php?rest_route=\/wp\/v2\/users\/1"}],"replies":[{"embeddable":true,"href":"https:\/\/transparencia.bahiadebanderas.gob.mx\/index.php?rest_route=%2Fwp%2Fv2%2Fcomments&post=5963"}],"version-history":[{"count":46,"href":"https:\/\/transparencia.bahiadebanderas.gob.mx\/index.php?rest_route=\/wp\/v2\/pages\/5963\/revisions"}],"predecessor-version":[{"id":21206,"href":"https:\/\/transparencia.bahiadebanderas.gob.mx\/index.php?rest_route=\/wp\/v2\/pages\/5963\/revisions\/21206"}],"up":[{"embeddable":true,"href":"https:\/\/transparencia.bahiadebanderas.gob.mx\/index.php?rest_route=\/wp\/v2\/pages\/5733"}],"wp:attachment":[{"href":"https:\/\/transparencia.bahiadebanderas.gob.mx\/index.php?rest_route=%2Fwp%2Fv2%2Fmedia&parent=5963"}],"curies":[{"name":"wp","href":"https:\/\/api.w.org\/{rel}","templated":true}]}}