{"id":5957,"date":"2019-01-28T10:30:35","date_gmt":"2019-01-28T16:30:35","guid":{"rendered":"http:\/\/dif.bahiadebanderas.gob.mx\/?page_id=5957"},"modified":"2026-01-27T22:00:39","modified_gmt":"2026-01-27T22:00:39","slug":"xxiii-los-gastos-destinados-a-gastos-relativos-de-comunicacion-social-y-publicidad","status":"publish","type":"page","link":"https:\/\/transparencia.bahiadebanderas.gob.mx\/?page_id=5957","title":{"rendered":"XXIII. Los gastos destinados a gastos relativos de Comunicaci\u00f3n Social y publicidad oficial desglosada por tipo de medio, proveedores, n\u00famero de contrato y concepto de campa\u00f1a."},"content":{"rendered":"<p>[vc_section][vc_row][vc_column][vc_tta_accordion active_section=\u00bb1&#8243;][vc_tta_section title=\u00bbEjercicio 2025&#8243; tab_id=\u00bb1567199172910-796ae0b1-4dbe\u00bb][vc_column_text]<\/p>\n<table style=\"width: 613px; height: 457px;\">\n<tbody>\n<tr style=\"background-color: #821a3e;\">\n<td style=\"width: 27.0833%; text-align: center; height: 41px;\">\n<h6><span style=\"color: #ffffff; font-size: 14pt;\"><strong>Primer Trimestre<\/strong><\/span><\/h6>\n<\/td>\n<td style=\"width: 25.9722%; text-align: center; height: 41px;\">\n<h6><span style=\"color: #ffffff; font-size: 14pt;\"><strong>Segundo Trimestre<\/strong><\/span><\/h6>\n<\/td>\n<td style=\"width: 25.9722%; text-align: center; height: 41px;\">\n<h6><span style=\"color: #ffffff; font-size: 14pt;\"><strong>Tercer Trimestre<\/strong><\/span><\/h6>\n<\/td>\n<td style=\"width: 20.8333%; text-align: center; height: 41px;\">\n<h6><span style=\"color: #ffffff; font-size: 14pt;\"><strong>Cuarto Trimestre<\/strong><\/span><\/h6>\n<\/td>\n<\/tr>\n<tr style=\"height: 48px;\">\n<td style=\"width: 27.0833%; height: 48px;\"><span style=\"font-size: 10pt; color: #82193e;\"><a style=\"color: #82193e;\" href=\"https:\/\/transparencia.bahiadebanderas.gob.mx\/ARTICULO33\/XXIII\/2025\/1ER%20TR%20\/LTAIPEN_Art_33_Fr_XXIII_a%20%281%29.xlsx\" rel=\"noopener noreferrer\">Formato XXIIIa. Programa Anual de Comunicaci\u00f3n Social o Equivalente<\/a><\/span><\/td>\n<td style=\"width: 25.9722%; height: 48px;\"><span style=\"font-size: 10pt; color: #82193e;\"><a style=\"color: #82193e;\" href=\"https:\/\/transparencia.bahiadebanderas.gob.mx\/ARTICULO33\/XXIII\/2025\/2DO%20TR%202025\/COMUNICACION\/COM%20ESTR\/LTAIPEN_Art_33_Fr_XXIII_a%20%281%29.xlsx\" rel=\"noopener noreferrer\">Formato XXIIIa. Programa Anual de Comunicaci\u00f3n Social o Equivalente<\/a><\/span><\/td>\n<td style=\"width: 25.9722%; height: 48px;\">\u00a0<span style=\"font-size: 10pt; color: #82193e;\"><a style=\"color: #82193e;\" href=\"https:\/\/transparencia.bahiadebanderas.gob.mx\/ARTICULO33\/XXIII\/2025\/3ER%20TR%202025\/COMUNICACION%20ESTRATEGICA\/LTAIPEN_Art_33_Fr_XXIII_a.xlsx\" rel=\"noopener noreferrer\">Formato XXIIIa. Programa Anual de Comunicaci\u00f3n Social o Equivalente<\/a><\/span><\/td>\n<td style=\"width: 20.8333%; height: 48px;\">\u00a0<span style=\"font-size: 10pt; color: #82193e;\"><a style=\"color: #82193e;\" href=\"https:\/\/transparencia.bahiadebanderas.gob.mx\/ARTICULO33\/XXIII\/2025\/4TO%20TR%202025\/COMUN.%20ESTRATEGICA\/LTAIPEN_Art_33_Fr_XXIII_a.xlsx\" rel=\"noopener noreferrer\">Formato XXIIIa. Programa Anual de Comunicaci\u00f3n Social o Equivalente<\/a><\/span><\/td>\n<\/tr>\n<tr style=\"height: 96px;\">\n<td style=\"width: 27.0833%; height: 96px;\"><a href=\"https:\/\/transparencia.bahiadebanderas.gob.mx\/ARTICULO33\/XXIII\/2025\/1ER%20TR%202025\/COMUNICACION%20ESTR\/LTAIPEN_Art_33_Fr_XXIII_b_1.xlsx\"><span style=\"font-size: 10pt; color: #82193e;\">Formato XXIIIb. Erogaci\u00f3n de Recursos por Contrataci\u00f3n de Servicios de Impresi\u00f3n,Difusi\u00f3n y Publicidad<\/span><\/a><\/td>\n<td style=\"width: 25.9722%; height: 96px;\"><a href=\"https:\/\/transparencia.bahiadebanderas.gob.mx\/ARTICULO33\/XXIII\/2025\/2DO%20TR%202025\/COMUNICACION\/~%24LTAIPEN_Art_33_Fr_XXIII_b_1.xlsx\"><span style=\"font-size: 10pt; color: #82193e;\">Formato XXIIIb. Erogaci\u00f3n de Recursos por Contrataci\u00f3n de Servicios de Impresi\u00f3n,Difusi\u00f3n y Publicidad<\/span><\/a><\/td>\n<td style=\"width: 25.9722%; height: 96px;\"><a href=\"https:\/\/transparencia.bahiadebanderas.gob.mx\/ARTICULO33\/XXIII\/2025\/3ER%20TR%202025\/COMUNICACION%20ESTRATEGICA\/LTAIPEN_Art_33_Fr_XXIII_b_1.xlsx\"><span style=\"font-size: 10pt; color: #82193e;\">Formato XXIIIb. Erogaci\u00f3n de Recursos por Contrataci\u00f3n de Servicios de Impresi\u00f3n,Difusi\u00f3n y Publicidad<\/span><\/a><\/td>\n<td style=\"width: 20.8333%; height: 96px;\"><a href=\"https:\/\/transparencia.bahiadebanderas.gob.mx\/ARTICULO33\/XXIII\/2025\/4TO%20TR%202025\/COMUN.%20ESTRATEGICA\/LTAIPEN_Art_33_Fr_XXIII_b_1.xlsx\"><span style=\"font-size: 10pt; color: #82193e;\">Formato XXIIIb. Erogaci\u00f3n de Recursos por Contrataci\u00f3n de Servicios de Impresi\u00f3n,Difusi\u00f3n y Publicidad<\/span><\/a><\/td>\n<\/tr>\n<tr style=\"height: 70px;\">\n<td style=\"width: 27.0833%; height: 70px;\"><span style=\"font-size: 10pt; color: #82193e;\"><a style=\"color: #82193e;\" href=\"https:\/\/transparencia.bahiadebanderas.gob.mx\/ARTICULO33\/XXIII\/2025\/1ER%20TR%20\/LTAIPEN_Art_33_Fr_XXIII_c.xlsx\" rel=\"noopener noreferrer\">Formato XXIIIc. Utilizaci\u00f3n de los Tiempos Oficiales: Tiempo de Estado y Tiempo Fiscal<\/a><\/span><\/td>\n<td style=\"width: 25.9722%; height: 70px;\"><span style=\"font-size: 10pt; color: #82193e;\"><a style=\"color: #82193e;\" href=\"https:\/\/transparencia.bahiadebanderas.gob.mx\/ARTICULO33\/XXIII\/2025\/2DO%20TR%202025\/COMUNICACION\/LTAIPEN_Art_33_Fr_XXIII_c.xlsx\" rel=\"noopener noreferrer\">Formato XXIIIc. Utilizaci\u00f3n de los Tiempos Oficiales: Tiempo de Estado y Tiempo Fiscal<\/a><\/span><\/td>\n<td style=\"width: 25.9722%; height: 70px;\"><span style=\"font-size: 10pt; color: #82193e;\"><a style=\"color: #82193e;\" href=\"https:\/\/transparencia.bahiadebanderas.gob.mx\/ARTICULO33\/XXIII\/2025\/3ER%20TR%202025\/COMUNICACION%20ESTRATEGICA\/LTAIPEN_Art_33_Fr_XXIII_c.xlsx\" rel=\"noopener noreferrer\">Formato XXIIIc. Utilizaci\u00f3n de los Tiempos Oficiales: Tiempo de Estado y Tiempo Fiscal<\/a><\/span><\/td>\n<td style=\"width: 20.8333%; height: 70px;\"><span style=\"font-size: 10pt; color: #82193e;\"><a style=\"color: #82193e;\" href=\"https:\/\/transparencia.bahiadebanderas.gob.mx\/ARTICULO33\/XXIII\/2025\/4TO%20TR%202025\/COMUN.%20ESTRATEGICA\/LTAIPEN_Art_33_Fr_XXIII_c.xlsx\" rel=\"noopener noreferrer\">Formato XXIIIc. Utilizaci\u00f3n de los Tiempos Oficiales: Tiempo de Estado y Tiempo Fiscal<\/a><\/span><\/td>\n<\/tr>\n<tr style=\"height: 72px;\">\n<td style=\"width: 27.0833%; height: 72px;\"><\/td>\n<td style=\"width: 25.9722%; height: 72px;\"><\/td>\n<td style=\"width: 25.9722%; height: 72px;\"><\/td>\n<td style=\"width: 20.8333%; height: 72px;\"><\/td>\n<\/tr>\n<\/tbody>\n<\/table>\n<p>[\/vc_column_text][\/vc_tta_section][\/vc_tta_accordion][\/vc_column][\/vc_row][\/vc_section][vc_section][vc_row][vc_column][vc_tta_accordion active_section=\u00bb1&#8243;][vc_tta_section title=\u00bbEjercicio 2024&#8243; tab_id=\u00bb1744311937395-1a116ba8-e477&#8243;][vc_column_text]<\/p>\n<table style=\"width: 100%; height: 327px;\">\n<tbody>\n<tr style=\"background-color: #821a3e;\">\n<td style=\"width: 27.0833%; text-align: center; height: 41px;\">\n<h6><span style=\"color: #ffffff; font-size: 14pt;\"><strong>Primer Trimestre<\/strong><\/span><\/h6>\n<\/td>\n<td style=\"width: 25.9722%; text-align: center; height: 41px;\">\n<h6><span style=\"color: #ffffff; font-size: 14pt;\"><strong>Segundo Trimestre<\/strong><\/span><\/h6>\n<\/td>\n<td style=\"width: 25.9722%; text-align: center; height: 41px;\">\n<h6><span style=\"color: #ffffff; font-size: 14pt;\"><strong>Tercer Trimestre<\/strong><\/span><\/h6>\n<\/td>\n<td style=\"width: 20.8333%; text-align: center; height: 41px;\">\n<h6><span style=\"color: #ffffff; font-size: 14pt;\"><strong>Cuarto Trimestre<\/strong><\/span><\/h6>\n<\/td>\n<\/tr>\n<tr style=\"height: 48px;\">\n<td style=\"width: 27.0833%; height: 48px;\"><span style=\"font-size: 10pt; color: #82193e;\"><a style=\"color: #82193e;\" href=\"https:\/\/transparencia.bahiadebanderas.gob.mx\/ARTICULO33\/XXIII\/2024\/1ER%20TR%202024\/COMUNICACION%20ESTRATEGICA\/LTAIPEN_Art_33_Fr_XXIII_a.xlsx\" rel=\"noopener noreferrer\">Formato XXIIIa. Programa Anual de Comunicaci\u00f3n Social o Equivalente<\/a><\/span><\/td>\n<td style=\"width: 25.9722%; height: 48px;\"><span style=\"font-size: 10pt; color: #82193e;\"><a style=\"color: #82193e;\" href=\"https:\/\/transparencia.bahiadebanderas.gob.mx\/ARTICULO33\/XXIII\/2024\/2DO%20TR%202024\/COMUNICACION%20ESTRATEGICA\/LTAIPEN_Art_33_Fr_XXIII_a.xlsx\" rel=\"noopener noreferrer\">Formato XXIIIa. Programa Anual de Comunicaci\u00f3n Social o Equivalente<\/a><\/span><\/td>\n<td style=\"width: 25.9722%; height: 48px;\"><span style=\"font-size: 10pt; color: #82193e;\"><a style=\"color: #82193e;\" href=\"https:\/\/transparencia.bahiadebanderas.gob.mx\/ARTICULO33\/XXIII\/2024\/3ER%20TR%202024\/LTAIPEN_Art_33_Fr_XXIII_a.xlsx\" rel=\"noopener noreferrer\">Formato XXIIIa. Programa Anual de Comunicaci\u00f3n Social o Equivalente<\/a><\/span><\/td>\n<td style=\"width: 20.8333%; height: 48px;\"><span style=\"font-size: 10pt; color: #82193e;\"><a style=\"color: #82193e;\" href=\"https:\/\/transparencia.bahiadebanderas.gob.mx\/ARTICULO33\/XXIII\/2024\/4TO%20TR%202024\/LTAIPEN_Art_33_Fr_XXIII_a%20%281%29.xlsx\" rel=\"noopener noreferrer\">Formato XXIIIa. Programa Anual de Comunicaci\u00f3n Social o Equivalente<\/a><\/span><\/td>\n<\/tr>\n<tr style=\"height: 96px;\">\n<td style=\"width: 27.0833%; height: 96px;\"><span style=\"font-size: 10pt; color: #82193e;\"><a style=\"color: #82193e;\" href=\"https:\/\/transparencia.bahiadebanderas.gob.mx\/ARTICULO33\/XXIII\/2024\/1ER%20TR%202024\/COMUNICACION%20ESTRATEGICA\/LTAIPEN_Art_33_Fr_XXIII_b.xlsx\" rel=\"noopener noreferrer\">Formato XXIIIb. Erogaci\u00f3n de Recursos por Contrataci\u00f3n de Servicios de Impresi\u00f3n,Difusi\u00f3n y Publicidad<\/a><\/span><\/td>\n<td style=\"width: 25.9722%; height: 96px;\"><span style=\"font-size: 10pt; color: #82193e;\"><a style=\"color: #82193e;\" href=\"https:\/\/transparencia.bahiadebanderas.gob.mx\/ARTICULO33\/XXIII\/2024\/1ER%20TR%202024\/COMUNICACION%20ESTRATEGICA\/LTAIPEN_Art_33_Fr_XXIII_b.xlsx\" rel=\"noopener noreferrer\">Formato XXIIIb. Erogaci\u00f3n de Recursos por Contrataci\u00f3n de Servicios de Impresi\u00f3n,Difusi\u00f3n y Publicidad<\/a><\/span><\/td>\n<td style=\"width: 25.9722%; height: 96px;\"><span style=\"font-size: 10pt; color: #82193e;\"><a style=\"color: #82193e;\" href=\"https:\/\/transparencia.bahiadebanderas.gob.mx\/ARTICULO33\/XXIII\/2024\/1ER%20TR%202024\/COMUNICACION%20ESTRATEGICA\/LTAIPEN_Art_33_Fr_XXIII_b.xlsx\" rel=\"noopener noreferrer\">Formato XXIIIb. Erogaci\u00f3n de Recursos por Contrataci\u00f3n de Servicios de Impresi\u00f3n,Difusi\u00f3n y Publicidad<\/a><\/span><\/td>\n<td style=\"width: 20.8333%; height: 96px;\"><span style=\"font-size: 10pt; color: #82193e;\"><a style=\"color: #82193e;\" href=\"https:\/\/transparencia.bahiadebanderas.gob.mx\/ARTICULO33\/XXIII\/2024\/1ER%20TR%202024\/COMUNICACION%20ESTRATEGICA\/LTAIPEN_Art_33_Fr_XXIII_b.xlsx\" rel=\"noopener noreferrer\">Formato XXIIIb. Erogaci\u00f3n de Recursos por Contrataci\u00f3n de Servicios de Impresi\u00f3n,Difusi\u00f3n y Publicidad<\/a><\/span><\/td>\n<\/tr>\n<tr style=\"height: 70px;\">\n<td style=\"width: 27.0833%; height: 70px;\"><span style=\"font-size: 10pt; color: #82193e;\"><a style=\"color: #82193e;\" href=\"https:\/\/transparencia.bahiadebanderas.gob.mx\/ARTICULO33\/XXIII\/2024\/1ER%20TR%202024\/COMUNICACION%20ESTRATEGICA\/LTAIPEN_Art_33_Fr_XXIII_c.xlsx\" rel=\"noopener noreferrer\">Formato XXIIIc. Utilizaci\u00f3n de los Tiempos Oficiales: Tiempo de Estado y Tiempo Fiscal<\/a><\/span><\/td>\n<td style=\"width: 25.9722%; height: 70px;\"><span style=\"font-size: 10pt; color: #82193e;\"><a style=\"color: #82193e;\" href=\"https:\/\/transparencia.bahiadebanderas.gob.mx\/ARTICULO33\/XXIII\/2024\/2DO%20TR%202024\/COMUNICACION%20ESTRATEGICA\/LTAIPEN_Art_33_Fr_XXIII_c.xlsx\" rel=\"noopener noreferrer\">Formato XXIIIc. Utilizaci\u00f3n de los Tiempos Oficiales: Tiempo de Estado y Tiempo Fiscal<\/a><\/span><\/td>\n<td style=\"width: 25.9722%; height: 70px;\"><span style=\"font-size: 10pt; color: #82193e;\"><a style=\"color: #82193e;\" href=\"https:\/\/transparencia.bahiadebanderas.gob.mx\/ARTICULO33\/XXIII\/2024\/3ER%20TR%202024\/LTAIPEN_Art_33_Fr_XXIII_c.xlsx\" rel=\"noopener noreferrer\">Formato XXIIIc. Utilizaci\u00f3n de los Tiempos Oficiales: Tiempo de Estado y Tiempo Fiscal<\/a><\/span><\/td>\n<td style=\"width: 20.8333%; height: 70px;\"><span style=\"font-size: 10pt; color: #82193e;\"><a style=\"color: #82193e;\" href=\"https:\/\/transparencia.bahiadebanderas.gob.mx\/ARTICULO33\/XXIII\/2024\/4TO%20TR%202024\/LTAIPEN_Art_33_Fr_XXIII_c.xlsx\" rel=\"noopener noreferrer\">Formato XXIIIc. Utilizaci\u00f3n de los Tiempos Oficiales: Tiempo de Estado y Tiempo Fiscal<\/a><\/span><\/td>\n<\/tr>\n<tr style=\"height: 72px;\">\n<td style=\"width: 27.0833%; height: 72px;\"><\/td>\n<td style=\"width: 25.9722%; height: 72px;\"><\/td>\n<td style=\"width: 25.9722%; height: 72px;\"><\/td>\n<td style=\"width: 20.8333%; height: 72px;\"><\/td>\n<\/tr>\n<\/tbody>\n<\/table>\n<p>[\/vc_column_text][\/vc_tta_section][\/vc_tta_accordion][\/vc_column][\/vc_row][\/vc_section][vc_section][vc_row][vc_column][vc_tta_accordion active_section=\u00bb1&#8243;][vc_tta_section title=\u00bbEjercicio 2023&#8243; tab_id=\u00bb1717527352880-41d129ad-4231&#8243;][vc_column_text]<\/p>\n<table style=\"width: 100%; height: 327px;\">\n<tbody>\n<tr style=\"background-color: #821a3e;\">\n<td style=\"width: 27.0833%; text-align: center; height: 41px;\">\n<h6><span style=\"color: #ffffff; font-size: 14pt;\"><strong>Primer Trimestre<\/strong><\/span><\/h6>\n<\/td>\n<td style=\"width: 25.9722%; text-align: center; height: 41px;\">\n<h6><span style=\"color: #ffffff; font-size: 14pt;\"><strong>Segundo Trimestre<\/strong><\/span><\/h6>\n<\/td>\n<td style=\"width: 25.9722%; text-align: center; height: 41px;\">\n<h6><span style=\"color: #ffffff; font-size: 14pt;\"><strong>Tercer Trimestre<\/strong><\/span><\/h6>\n<\/td>\n<td style=\"width: 20.8333%; text-align: center; height: 41px;\">\n<h6><span style=\"color: #ffffff; font-size: 14pt;\"><strong>Cuarto Trimestre<\/strong><\/span><\/h6>\n<\/td>\n<\/tr>\n<tr style=\"height: 48px;\">\n<td style=\"width: 27.0833%; height: 48px;\"><span style=\"font-size: 10pt; color: #82193e;\"><a style=\"color: #82193e;\" href=\"https:\/\/transparencia.bahiadebanderas.gob.mx\/ARTICULO33\/XXIII\/2023\/1ER%20TR%202023\/COMUNICACION%20ESTRATEGICA\/LTAIPEN_Art_33_Fr_XXIII_a%20%281%29.xlsx\" rel=\"noopener noreferrer\">Formato XXIIIa. Programa Anual de Comunicaci\u00f3n Social o Equivalente<\/a><\/span><\/td>\n<td style=\"width: 25.9722%; height: 48px;\"><\/td>\n<td style=\"width: 25.9722%; height: 48px;\"><\/td>\n<td style=\"width: 20.8333%; height: 48px;\"><span style=\"font-size: 10pt; color: #82193e;\"><a style=\"color: #82193e;\" href=\"https:\/\/transparencia.bahiadebanderas.gob.mx\/ARTICULO33\/XXIII\/2023\/4TO%20TR%202023\/COMUN.ESTRATEGICA\/LTAIPEN_Art_33_Fr_XXIII_a.xlsx\" rel=\"noopener noreferrer\">Formato XXIIIa. Programa Anual de Comunicaci\u00f3n Social o Equivalente<\/a><\/span><\/td>\n<\/tr>\n<tr style=\"height: 96px;\">\n<td style=\"width: 27.0833%; height: 96px;\"><span style=\"font-size: 10pt; color: #82193e;\"><a style=\"color: #82193e;\" href=\"https:\/\/transparencia.bahiadebanderas.gob.mx\/ARTICULO33\/XXIII\/2023\/1ER%20TR%202023\/COMUNICACION%20ESTRATEGICA\/LTAIPEN_Art_33_Fr_XXIII_b.xlsx\" rel=\"noopener noreferrer\">Formato XXIIIb. Erogaci\u00f3n de Recursos por Contrataci\u00f3n de Servicios de Impresi\u00f3n,Difusi\u00f3n y Publicidad<\/a><\/span><\/td>\n<td style=\"width: 25.9722%; height: 96px;\"><span style=\"font-size: 10pt; color: #82193e;\"><a style=\"color: #82193e;\" href=\"https:\/\/transparencia.bahiadebanderas.gob.mx\/ARTICULO33\/XXIII\/2023\/2DO%20TR%202023\/LTAIPEN_Art_33_Fr_XXIII_b_1.xlsx\" rel=\"noopener noreferrer\">Formato XXIIIb. Erogaci\u00f3n de Recursos por Contrataci\u00f3n de Servicios de Impresi\u00f3n,Difusi\u00f3n y Publicidad<\/a><\/span><\/td>\n<td style=\"width: 25.9722%; height: 96px;\"><span style=\"font-size: 10pt; color: #82193e;\"><a style=\"color: #82193e;\" href=\"https:\/\/transparencia.bahiadebanderas.gob.mx\/ARTICULO33\/XXIII\/2023\/3ER%20TR%202023\/LTAIPEN_Art_33_Fr_XXIII_b_1.xlsx\" rel=\"noopener noreferrer\">Formato XXIIIb. Erogaci\u00f3n de Recursos por Contrataci\u00f3n de Servicios de Impresi\u00f3n,Difusi\u00f3n y Publicidad<\/a><\/span><\/td>\n<td style=\"width: 20.8333%; height: 96px;\"><span style=\"font-size: 10pt; color: #82193e;\"><a style=\"color: #82193e;\" href=\"https:\/\/transparencia.bahiadebanderas.gob.mx\/ARTICULO33\/XXIII\/2023\/4TO%20TR%202023\/LTAIPEN_Art_33_Fr_XXIII_b_1.xlsx\" rel=\"noopener noreferrer\">Formato XXIIIb. Erogaci\u00f3n de Recursos por Contrataci\u00f3n de Servicios de Impresi\u00f3n,Difusi\u00f3n y Publicidad<\/a><\/span><\/td>\n<\/tr>\n<tr style=\"height: 70px;\">\n<td style=\"width: 27.0833%; height: 70px;\"><span style=\"font-size: 10pt; color: #82193e;\"><a style=\"color: #82193e;\" href=\"https:\/\/transparencia.bahiadebanderas.gob.mx\/ARTICULO33\/XXIII\/2023\/1ER%20TR%202023\/COMUNICACION%20ESTRATEGICA\/LTAIPEN_Art_33_Fr_XXIII_c.xlsx\" rel=\"noopener noreferrer\">Formato XXIIIc. Utilizaci\u00f3n de los Tiempos Oficiales: Tiempo de Estado y Tiempo Fiscal<\/a><\/span><\/td>\n<td style=\"width: 25.9722%; height: 70px;\"><span style=\"font-size: 10pt; color: #82193e;\"><a style=\"color: #82193e;\" href=\"https:\/\/transparencia.bahiadebanderas.gob.mx\/ARTICULO33\/XXIII\/2023\/2DO%20TR%202023\/LTAIPEN_Art_33_Fr_XXIII_c.xlsx\" rel=\"noopener noreferrer\">Formato XXIIIc. Utilizaci\u00f3n de los Tiempos Oficiales: Tiempo de Estado y Tiempo Fiscal<\/a><\/span><\/td>\n<td style=\"width: 25.9722%; height: 70px;\"><span style=\"font-size: 10pt; color: #82193e;\"><a style=\"color: #82193e;\" href=\"https:\/\/transparencia.bahiadebanderas.gob.mx\/ARTICULO33\/XXIII\/2023\/3ER%20TR%202023\/LTAIPEN_Art_33_Fr_XXIII_c.xlsx\" rel=\"noopener noreferrer\">Formato XXIIIc. Utilizaci\u00f3n de los Tiempos Oficiales: Tiempo de Estado y Tiempo Fiscal<\/a><\/span><\/td>\n<td style=\"width: 20.8333%; height: 70px;\"><span style=\"font-size: 10pt; color: #82193e;\"><a style=\"color: #82193e;\" href=\"https:\/\/transparencia.bahiadebanderas.gob.mx\/ARTICULO33\/XXIII\/2023\/4TO%20TR%202023\/LTAIPEN_Art_33_Fr_XXIII_c.xlsx\" rel=\"noopener noreferrer\">Formato XXIIIc. Utilizaci\u00f3n de los Tiempos Oficiales: Tiempo de Estado y Tiempo Fiscal<\/a><\/span><\/td>\n<\/tr>\n<tr style=\"height: 72px;\">\n<td style=\"width: 27.0833%; height: 72px;\"><\/td>\n<td style=\"width: 25.9722%; height: 72px;\"><\/td>\n<td style=\"width: 25.9722%; height: 72px;\"><\/td>\n<td style=\"width: 20.8333%; height: 72px;\"><span style=\"font-size: 10pt; color: #82193e;\"><a style=\"color: #82193e;\" href=\"https:\/\/transparencia.bahiadebanderas.gob.mx\/ARTICULO33\/XXIII\/2023\/4TO%20TR%202023\/LTAIPEN_Art_33_Fr_XXIII_d.xlsx\" rel=\"noopener noreferrer\">Formato XXIIId. Mensaje e Hiperv\u00ednculo a la Informaci\u00f3n Relacionada con los Tiempos Oficiales<\/a><\/span><\/td>\n<\/tr>\n<\/tbody>\n<\/table>\n<p>[\/vc_column_text][\/vc_tta_section][\/vc_tta_accordion][\/vc_column][\/vc_row][\/vc_section][vc_row][vc_column][vc_column_text]<span style=\"color: #82193e;\"><strong>Per\u00edodo de actualizaci\u00f3n:<\/strong><\/span> trimestral<br \/>\n<span style=\"color: #82193e;\"><strong>Ultima actualizaci\u00f3n:<\/strong><\/span> 27 de Oct de 2025<br \/>\n<span style=\"color: #82193e;\"><strong>\u00c1rea que genera la informaci\u00f3n:<\/strong><\/span> Despacho del Presidente\/Comunicaci\u00f3n Estrat\u00e9gica[\/vc_column_text][\/vc_column][\/vc_row]<\/p>\n","protected":false},"excerpt":{"rendered":"<p>[vc_section][vc_row][vc_column][vc_tta_accordion active_section=\u00bb1&#8243;][vc_tta_section title=\u00bbEjercicio 2025&#8243; tab_id=\u00bb1567199172910-796ae0b1-4dbe\u00bb][vc_column_text] Primer Trimestre Segundo Trimestre Tercer Trimestre Cuarto Trimestre Formato XXIIIa. Programa Anual de Comunicaci\u00f3n Social o Equivalente Formato XXIIIa. Programa Anual de Comunicaci\u00f3n Social o Equivalente \u00a0Formato XXIIIa. Programa Anual de Comunicaci\u00f3n Social o Equivalente \u00a0Formato XXIIIa. Programa Anual de Comunicaci\u00f3n Social o Equivalente Formato XXIIIb. Erogaci\u00f3n de Recursos por [&hellip;]<\/p>\n","protected":false},"author":1,"featured_media":0,"parent":5733,"menu_order":0,"comment_status":"closed","ping_status":"closed","template":"","meta":{"footnotes":""},"class_list":["post-5957","page","type-page","status-publish","hentry"],"_links":{"self":[{"href":"https:\/\/transparencia.bahiadebanderas.gob.mx\/index.php?rest_route=\/wp\/v2\/pages\/5957","targetHints":{"allow":["GET"]}}],"collection":[{"href":"https:\/\/transparencia.bahiadebanderas.gob.mx\/index.php?rest_route=\/wp\/v2\/pages"}],"about":[{"href":"https:\/\/transparencia.bahiadebanderas.gob.mx\/index.php?rest_route=\/wp\/v2\/types\/page"}],"author":[{"embeddable":true,"href":"https:\/\/transparencia.bahiadebanderas.gob.mx\/index.php?rest_route=\/wp\/v2\/users\/1"}],"replies":[{"embeddable":true,"href":"https:\/\/transparencia.bahiadebanderas.gob.mx\/index.php?rest_route=%2Fwp%2Fv2%2Fcomments&post=5957"}],"version-history":[{"count":62,"href":"https:\/\/transparencia.bahiadebanderas.gob.mx\/index.php?rest_route=\/wp\/v2\/pages\/5957\/revisions"}],"predecessor-version":[{"id":20285,"href":"https:\/\/transparencia.bahiadebanderas.gob.mx\/index.php?rest_route=\/wp\/v2\/pages\/5957\/revisions\/20285"}],"up":[{"embeddable":true,"href":"https:\/\/transparencia.bahiadebanderas.gob.mx\/index.php?rest_route=\/wp\/v2\/pages\/5733"}],"wp:attachment":[{"href":"https:\/\/transparencia.bahiadebanderas.gob.mx\/index.php?rest_route=%2Fwp%2Fv2%2Fmedia&parent=5957"}],"curies":[{"name":"wp","href":"https:\/\/api.w.org\/{rel}","templated":true}]}}