{"id":5956,"date":"2019-01-28T10:32:03","date_gmt":"2019-01-28T16:32:03","guid":{"rendered":"http:\/\/dif.bahiadebanderas.gob.mx\/?page_id=5956"},"modified":"2026-02-24T17:50:18","modified_gmt":"2026-02-24T17:50:18","slug":"xxiv-los-informes-de-resultados-de-las-auditorias","status":"publish","type":"page","link":"https:\/\/transparencia.bahiadebanderas.gob.mx\/?page_id=5956","title":{"rendered":"XXIV. Los informes de resultados de las auditor\u00edas al ejercicio presupuestal de cada sujeto obligado que se realicen y, en su caso, las aclaraciones que correspondan."},"content":{"rendered":"<p>[vc_section][vc_row][vc_column][vc_tta_accordion active_section=\u00bb1&#8243; collapsible_all=\u00bbtrue\u00bb][vc_tta_section i_icon_fontawesome=\u00bbfa fa-calendar-check-o\u00bb add_icon=\u00bbtrue\u00bb title=\u00bbEjercicio 2025&#8243; tab_id=\u00bb1683910227734-d6b0d311-02fc\u00bb][vc_column_text]<\/p>\n<table style=\"border-collapse: collapse; width: 666px; height: 235px;\">\n<tbody>\n<tr style=\"background-color: #821a3e;\">\n<td style=\"width: 25%; text-align: center;\"><span style=\"color: #ffffff; font-size: 14pt;\"><strong>Primer Trimestre<\/strong><\/span><\/td>\n<td style=\"width: 25%; text-align: center;\"><span style=\"color: #ffffff; font-size: 14pt;\"><strong>Segundo Trimestre<\/strong><\/span><\/td>\n<td style=\"width: 25%; text-align: center;\"><span style=\"color: #ffffff; font-size: 14pt;\"><strong>Tercer Trimestre<\/strong><\/span><\/td>\n<td style=\"width: 25%; text-align: center;\"><span style=\"color: #ffffff; font-size: 14pt;\"><strong>Cuarto Trimestre<\/strong><\/span><\/td>\n<\/tr>\n<tr>\n<td style=\"width: 25%;\"><a href=\"https:\/\/transparencia.bahiadebanderas.gob.mx\/ARTICULO33\/XXIV\/2025\/1ER%20TR%202025\/CONTRALORIA\/LTAIPEN_Art_33_Fr_XXIV.xlsx\"><span style=\"color: #82193e;\">Formato XXIV. Informes De Resultados De Las Auditor\u00edas Al Ejercicio Presupuestal<\/span><\/a><\/td>\n<td style=\"width: 25%;\"><a href=\"https:\/\/transparencia.bahiadebanderas.gob.mx\/ARTICULO33\/XXIV\/2025\/2DO%20TR%202025\/CONTRALORIA\/LTAIPEN_Art_33_Fr_XXIV.xlsx\"><span style=\"color: #82193e;\">Formato XXIV. Informes De Resultados De Las Auditor\u00edas Al Ejercicio Presupuestal<\/span><\/a><\/td>\n<td style=\"width: 25%;\"><a href=\"https:\/\/transparencia.bahiadebanderas.gob.mx\/ARTICULO33\/XXIV\/2025\/3ER%20TR%202025\/CONTRALORIA\/LTAIPEN_Art_33_Fr_XXIV.xlsx\"><span style=\"color: #82193e;\">Formato XXIV. Informes De Resultados De Las Auditor\u00edas Al Ejercicio Presupuesta<\/span><\/a><\/td>\n<td style=\"width: 25%;\"><a href=\"https:\/\/transparencia.bahiadebanderas.gob.mx\/ARTICULO33\/XXIV\/2025\/4TO%20TR%202025\/CONTRALORIA\/LTAIPEN_Art_33_Fr_XXIV.xlsx\"><span style=\"color: #82193e;\">Formato XXIV. Informes De Resultados De Las Auditor\u00edas Al Ejercicio Presupuesta<\/span><\/a><\/td>\n<\/tr>\n<\/tbody>\n<\/table>\n<p>[\/vc_column_text][\/vc_tta_section][\/vc_tta_accordion][\/vc_column][\/vc_row][\/vc_section][vc_section][vc_row][vc_column][vc_tta_accordion active_section=\u00bb1&#8243; collapsible_all=\u00bbtrue\u00bb][vc_tta_section i_icon_fontawesome=\u00bbfa fa-calendar-check-o\u00bb add_icon=\u00bbtrue\u00bb title=\u00bbEjercicio 2024&#8243; tab_id=\u00bb1744312073403-0f608f1a-2559&#8243;][vc_column_text]<\/p>\n<table style=\"border-collapse: collapse; width: 100%;\">\n<tbody>\n<tr style=\"background-color: #821a3e;\">\n<td style=\"width: 25%; text-align: center;\"><span style=\"color: #ffffff; font-size: 14pt;\"><strong>Primer Trimestre<\/strong><\/span><\/td>\n<td style=\"width: 25%; text-align: center;\"><span style=\"color: #ffffff; font-size: 14pt;\"><strong>Segundo Trimestre<\/strong><\/span><\/td>\n<td style=\"width: 25%; text-align: center;\"><span style=\"color: #ffffff; font-size: 14pt;\"><strong>Tercer Trimestre<\/strong><\/span><\/td>\n<td style=\"width: 25%; text-align: center;\"><span style=\"color: #ffffff; font-size: 14pt;\"><strong>Cuarto Trimestre<\/strong><\/span><\/td>\n<\/tr>\n<tr>\n<td style=\"width: 25%;\"><span style=\"color: #82193e;\"><a style=\"color: #82193e;\" href=\"https:\/\/transparencia.bahiadebanderas.gob.mx\/ARTICULO33\/XXIV\/2024\/1ER%20TR%202024\/CONTRALORIA\/CONTRALORIA\/LTAIPEN_Art_33_Fr_XXIV.xlsx\" target=\"_blank\" rel=\"noopener noreferrer\">Formato XXIV. Informes De Resultados De Las Auditor\u00edas Al Ejercicio Presupuestal<\/a><\/span><\/td>\n<td style=\"width: 25%;\"><span style=\"color: #82193e;\"><a style=\"color: #82193e;\" href=\"https:\/\/transparencia.bahiadebanderas.gob.mx\/ARTICULO33\/XXIV\/2024\/2DO%20TR%202024\/CONTRALORIA\/LTAIPEN_Art_33_Fr_XXIV.xlsx\" target=\"_blank\" rel=\"noopener noreferrer\">Formato XXIV. Informes De Resultados De Las Auditor\u00edas Al Ejercicio Presupuestal<\/a><\/span><\/td>\n<td style=\"width: 25%;\"><span style=\"color: #82193e;\"><a style=\"color: #82193e;\" href=\"https:\/\/transparencia.bahiadebanderas.gob.mx\/ARTICULO33\/XXIV\/2024\/3ER%20TR%202024\/CONTRALORIA\/LTAIPEN_Art_33_Fr_XXIV.xlsx\" target=\"_blank\" rel=\"noopener noreferrer\">Formato XXIV. Informes De Resultados De Las Auditor\u00edas Al Ejercicio Presupuestal<\/a><\/span><\/td>\n<td style=\"width: 25%;\"><span style=\"color: #82193e;\"><a style=\"color: #82193e;\" href=\"https:\/\/transparencia.bahiadebanderas.gob.mx\/wp-content\/uploads\/2018\/04\/LTAIPEN_Art_33_Fr_XXIV-1.xlsx\" target=\"_blank\" rel=\"noopener noreferrer\">Formato XXIV. Informes De Resultados De Las Auditor\u00edas Al Ejercicio Presupuestal<\/a><\/span><\/td>\n<\/tr>\n<\/tbody>\n<\/table>\n<p>[\/vc_column_text][\/vc_tta_section][\/vc_tta_accordion][\/vc_column][\/vc_row][\/vc_section][vc_section][vc_row][vc_column][vc_tta_accordion active_section=\u00bb1&#8243; collapsible_all=\u00bbtrue\u00bb][vc_tta_section i_icon_fontawesome=\u00bbfa fa-calendar-check-o\u00bb add_icon=\u00bbtrue\u00bb title=\u00bbEjercicio 2023&#8243; tab_id=\u00bb1715887002818-189dbb98-2877&#8243;][vc_column_text]<\/p>\n<table style=\"border-collapse: collapse; width: 100%;\">\n<tbody>\n<tr style=\"background-color: #821a3e;\">\n<td style=\"width: 25%; text-align: center;\"><span style=\"color: #ffffff; font-size: 14pt;\"><strong>Primer Trimestre<\/strong><\/span><\/td>\n<td style=\"width: 25%; text-align: center;\"><span style=\"color: #ffffff; font-size: 14pt;\"><strong>Segundo Trimestre<\/strong><\/span><\/td>\n<td style=\"width: 25%; text-align: center;\"><span style=\"color: #ffffff; font-size: 14pt;\"><strong>Tercer Trimestre<\/strong><\/span><\/td>\n<td style=\"width: 25%; text-align: center;\"><span style=\"color: #ffffff; font-size: 14pt;\"><strong>Cuarto Trimestre<\/strong><\/span><\/td>\n<\/tr>\n<tr>\n<td style=\"width: 25%;\"><span style=\"color: #82193e;\"><a style=\"color: #82193e;\" href=\"https:\/\/transparencia.bahiadebanderas.gob.mx\/ARTICULO33\/XXIV\/2023\/1ER%20TR%202023\/CONTRA\/LTAIPEN_Art_33_Fr_XXIV.xlsx\" target=\"_blank\" rel=\"noopener noreferrer\">Formato XXIV. Informes De Resultados De Las Auditor\u00edas Al Ejercicio Presupuestal<\/a><\/span><\/td>\n<td style=\"width: 25%;\"><span style=\"color: #82193e;\"><a style=\"color: #82193e;\" href=\"https:\/\/transparencia.bahiadebanderas.gob.mx\/ARTICULO33\/XXIV\/2023\/2DO%20TR%202023\/CONTRA\/LTAIPEN_Art_33_Fr_XXIV.xlsx\" target=\"_blank\" rel=\"noopener noreferrer\">Formato XXIV. Informes De Resultados De Las Auditor\u00edas Al Ejercicio Presupuestal<\/a><\/span><\/td>\n<td style=\"width: 25%;\"><span style=\"color: #82193e;\"><a style=\"color: #82193e;\" href=\"https:\/\/transparencia.bahiadebanderas.gob.mx\/ARTICULO33\/XXIV\/2023\/3ER%20TR%202023\/CONTRA\/LTAIPEN_Art_33_Fr_XXIV.xlsx\" target=\"_blank\" rel=\"noopener noreferrer\">Formato XXIV. Informes De Resultados De Las Auditor\u00edas Al Ejercicio Presupuestal<\/a><\/span><\/td>\n<td style=\"width: 25%;\"><span style=\"color: #82193e;\"><a style=\"color: #82193e;\" href=\"https:\/\/transparencia.bahiadebanderas.gob.mx\/ARTICULO33\/XXIV\/2023\/4TO%20TR%202023\/CONTRALORIA\/LTAIPEN_Art_33_Fr_XXIV.xlsx\" target=\"_blank\" rel=\"noopener noreferrer\">Formato XXIV. Informes De Resultados De Las Auditor\u00edas Al Ejercicio Presupuestal<\/a><\/span><\/td>\n<\/tr>\n<\/tbody>\n<\/table>\n<p>[\/vc_column_text][\/vc_tta_section][\/vc_tta_accordion][vc_tta_accordion active_section=\u00bb1&#8243; collapsible_all=\u00bbtrue\u00bb][vc_tta_section i_icon_fontawesome=\u00bbfa fa-calendar-check-o\u00bb add_icon=\u00bbtrue\u00bb title=\u00bbEjercicio 2022&#8243; tab_id=\u00bb1715887002818-aaa63b3c-7cdd\u00bb][vc_column_text]<\/p>\n<table style=\"border-collapse: collapse; width: 100%;\">\n<tbody>\n<tr style=\"background-color: #821a3e;\">\n<td style=\"width: 25%; text-align: center;\"><span style=\"color: #ffffff; font-size: 14pt;\"><strong>Primer Trimestre<\/strong><\/span><\/td>\n<td style=\"width: 25%; text-align: center;\"><span style=\"color: #ffffff; font-size: 14pt;\"><strong>Segundo Trimestre<\/strong><\/span><\/td>\n<td style=\"width: 25%; text-align: center;\"><span style=\"color: #ffffff; font-size: 14pt;\"><strong>Tercer Trimestre<\/strong><\/span><\/td>\n<td style=\"width: 25%; text-align: center;\"><span style=\"color: #ffffff; font-size: 14pt;\"><strong>Cuarto Trimestre<\/strong><\/span><\/td>\n<\/tr>\n<tr>\n<td style=\"width: 25%;\"><span style=\"color: #82193e;\"><a style=\"color: #82193e;\" href=\"https:\/\/transparencia.bahiadebanderas.gob.mx\/ARTICULO33\/XXIV\/2022\/1ER%20TR%202022\/CONTRALORIA\/LTAIPEN_Art_33_Fr_XXIV.xlsx\" target=\"_blank\" rel=\"noopener noreferrer\">Formato XXIV. Informes De Resultados De Las Auditor\u00edas Al Ejercicio Presupuestal<\/a><\/span><\/td>\n<td style=\"width: 25%;\"><span style=\"color: #82193e;\"><a style=\"color: #82193e;\" href=\"https:\/\/transparencia.bahiadebanderas.gob.mx\/ARTICULO33\/XXIV\/2022\/2DO%20TR%202022\/CONTRALORIA\/LTAIPEN_Art_33_Fr_XXIV.xlsx\" target=\"_blank\" rel=\"noopener noreferrer\">Formato XXIV. Informes De Resultados De Las Auditor\u00edas Al Ejercicio Presupuestal<\/a><\/span><\/td>\n<td style=\"width: 25%;\"><span style=\"color: #82193e;\"><a style=\"color: #82193e;\" href=\"https:\/\/transparencia.bahiadebanderas.gob.mx\/ARTICULO33\/XXIV\/2022\/TERCER%20TRIMESTRE\/LTAIPEN_Art_33_Fr_XXIV.xlsx\" target=\"_blank\" rel=\"noopener noreferrer\">Formato XXIV. Informes De Resultados De Las Auditor\u00edas Al Ejercicio Presupuestal<\/a><\/span><\/td>\n<td style=\"width: 25%;\"><span style=\"color: #82193e;\"><a style=\"color: #82193e;\" href=\"https:\/\/transparencia.bahiadebanderas.gob.mx\/ARTICULO33\/XXIV\/2022\/4TO%20TR%202022\/LTAIPEN_Art_33_Fr_XXIV.xlsx\" target=\"_blank\" rel=\"noopener noreferrer\">Formato XXIV. Informes De Resultados De Las Auditor\u00edas Al Ejercicio Presupuestal<\/a><\/span><\/td>\n<\/tr>\n<\/tbody>\n<\/table>\n<p>[\/vc_column_text][\/vc_tta_section][\/vc_tta_accordion][\/vc_column][\/vc_row][\/vc_section][vc_row][vc_column][vc_column_text]<span style=\"color: #82193e;\"><strong>Per\u00edodo de actualizaci\u00f3n:<\/strong><\/span> trimestral<br \/>\n<span style=\"color: #82193e;\"><strong>Ultima actualizaci\u00f3n:<\/strong><\/span> 27 de Enero de 2026<br \/>\n<span style=\"color: #82193e;\"><strong>\u00c1rea que genera la informaci\u00f3n:<\/strong><\/span> Controlar\u00eda Municipal[\/vc_column_text][\/vc_column][\/vc_row]<\/p>\n","protected":false},"excerpt":{"rendered":"<p>[vc_section][vc_row][vc_column][vc_tta_accordion active_section=\u00bb1&#8243; collapsible_all=\u00bbtrue\u00bb][vc_tta_section i_icon_fontawesome=\u00bbfa fa-calendar-check-o\u00bb add_icon=\u00bbtrue\u00bb title=\u00bbEjercicio 2025&#8243; tab_id=\u00bb1683910227734-d6b0d311-02fc\u00bb][vc_column_text] Primer Trimestre Segundo Trimestre Tercer Trimestre Cuarto Trimestre Formato XXIV. Informes De Resultados De Las Auditor\u00edas Al Ejercicio Presupuestal Formato XXIV. Informes De Resultados De Las Auditor\u00edas Al Ejercicio Presupuestal Formato XXIV. Informes De Resultados De Las Auditor\u00edas Al Ejercicio Presupuesta Formato XXIV. Informes De Resultados [&hellip;]<\/p>\n","protected":false},"author":1,"featured_media":0,"parent":5733,"menu_order":0,"comment_status":"closed","ping_status":"closed","template":"","meta":{"footnotes":""},"class_list":["post-5956","page","type-page","status-publish","hentry"],"_links":{"self":[{"href":"https:\/\/transparencia.bahiadebanderas.gob.mx\/index.php?rest_route=\/wp\/v2\/pages\/5956","targetHints":{"allow":["GET"]}}],"collection":[{"href":"https:\/\/transparencia.bahiadebanderas.gob.mx\/index.php?rest_route=\/wp\/v2\/pages"}],"about":[{"href":"https:\/\/transparencia.bahiadebanderas.gob.mx\/index.php?rest_route=\/wp\/v2\/types\/page"}],"author":[{"embeddable":true,"href":"https:\/\/transparencia.bahiadebanderas.gob.mx\/index.php?rest_route=\/wp\/v2\/users\/1"}],"replies":[{"embeddable":true,"href":"https:\/\/transparencia.bahiadebanderas.gob.mx\/index.php?rest_route=%2Fwp%2Fv2%2Fcomments&post=5956"}],"version-history":[{"count":49,"href":"https:\/\/transparencia.bahiadebanderas.gob.mx\/index.php?rest_route=\/wp\/v2\/pages\/5956\/revisions"}],"predecessor-version":[{"id":21203,"href":"https:\/\/transparencia.bahiadebanderas.gob.mx\/index.php?rest_route=\/wp\/v2\/pages\/5956\/revisions\/21203"}],"up":[{"embeddable":true,"href":"https:\/\/transparencia.bahiadebanderas.gob.mx\/index.php?rest_route=\/wp\/v2\/pages\/5733"}],"wp:attachment":[{"href":"https:\/\/transparencia.bahiadebanderas.gob.mx\/index.php?rest_route=%2Fwp%2Fv2%2Fmedia&parent=5956"}],"curies":[{"name":"wp","href":"https:\/\/api.w.org\/{rel}","templated":true}]}}