{"id":5925,"date":"2019-01-25T17:04:06","date_gmt":"2019-01-25T23:04:06","guid":{"rendered":"http:\/\/dif.bahiadebanderas.gob.mx\/?page_id=5925"},"modified":"2026-02-20T19:12:19","modified_gmt":"2026-02-20T19:12:19","slug":"xx-los-tramites-requisitos-y-formatos-que-ofrecen","status":"publish","type":"page","link":"https:\/\/transparencia.bahiadebanderas.gob.mx\/?page_id=5925","title":{"rendered":"XX. Los tr\u00e1mites, requisitos y formatos que ofrecen"},"content":{"rendered":"<p>[vc_section][vc_row][vc_column][vc_tta_accordion][vc_tta_section i_icon_fontawesome=\u00bbfa fa-calendar-check-o\u00bb add_icon=\u00bbtrue\u00bb title=\u00bbCuarto Trimestre 2025&#8243; tab_id=\u00bb1715813603818-f2b7f893-ded5&#8243;][vc_column_text]<a href=\"https:\/\/transparencia.bahiadebanderas.gob.mx\/ARTICULO33\/XX\/2025\/4TO%20TR%202025\/PADRON%20Y%20LICENCIAS\/LTAIPEN_Art_33_Fr_XX.xlsx\"><span style=\"color: #82193e;\">Formato XX. Tra\u0301mites que se Realizan<\/span><\/a><\/p>\n<p><span style=\"color: #82193e;\"><strong>\u00c1REA QUE GENERA LA INFORMACI\u00d3N: Padr\u00f3n y Licencias<\/strong><\/span>[\/vc_column_text][vc_separator][vc_column_text]<a href=\"https:\/\/transparencia.bahiadebanderas.gob.mx\/ARTICULO33\/XX\/2025\/4TO%20TR%202025\/TURISMO\/LTAIPEN_Art_33_Fr_XX%20%281%29.xlsx\"><span style=\"color: #82193e;\">Formato XX. Tra\u0301mites que se Realizan<\/span><\/a><\/p>\n<p><span style=\"color: #82193e;\"><strong>\u00c1REA QUE GENERA LA INFORMACI\u00d3N: Direcci\u00f3n de Turismo\u00a0<\/strong><\/span>[\/vc_column_text][vc_separator][vc_column_text]<a href=\"https:\/\/transparencia.bahiadebanderas.gob.mx\/ARTICULO33\/XX\/2025\/4TO%20TR%202025\/DESARROLLO%20ECONOMICO\/LTAIPEN_Art_33_Fr_XX%20%282%29.xlsx\"><span style=\"color: #82193e;\">Formato XX. Tra\u0301mites que se Realizan<\/span><\/a><\/p>\n<p><span style=\"color: #82193e;\"><strong>\u00c1REA QUE GENERA LA INFORMACI\u00d3N: Desarrollo Econ\u00f3mico\/Desarrollo Econ\u00f3mico<\/strong><\/span>[\/vc_column_text][vc_column_text]<a href=\"https:\/\/transparencia.bahiadebanderas.gob.mx\/ARTICULO33\/XX\/2025\/2DO%20TR%202025\/INGRESOS\/LTAIPEN_Art_33_Fr_XX.xlsx\"><span style=\"color: #82193e;\">Formato XX. Tra\u0301mites que se Realizan<\/span><\/a><\/p>\n<p><span style=\"color: #82193e;\"><strong>\u00c1REA QUE GENERA LA INFORMACI\u00d3N: Tesoreria\/Ingresos<\/strong><\/span>[\/vc_column_text][vc_separator][vc_column_text]<a href=\"https:\/\/transparencia.bahiadebanderas.gob.mx\/ARTICULO33\/XX\/2025\/4TO%20TR%202025\/ORDENAMIENTO%20TERRITORIAL\/LTAIPEN_Art_33_Fr_XX%20%281%29.xlsx\"><span style=\"color: #82193e;\">Formato XX. Tra\u0301mites que se Realizan<\/span><\/a><\/p>\n<p><span style=\"color: #82193e;\"><b>\u00c1REA QUE GENERA LA INFORMACI\u00d3N: Direcci\u00f3n de Ordenamiento Territorial y Desarrollo Urbano<\/b><\/span>[\/vc_column_text][vc_separator][vc_column_text]<a href=\"https:\/\/transparencia.bahiadebanderas.gob.mx\/ARTICULO33\/XX\/2025\/4TO%20TR%202025\/TRANSITO%20Y%20VIALIDAD\/LTAIPEN_Art_33_Fr_XX.xlsx\"><span style=\"color: #82193e;\">Formato XX. Tra\u0301mites que se Realizan<\/span><\/a><\/p>\n<p><span style=\"color: #82193e;\"><strong>\u00c1REA QUE GENERA LA INFORMACI\u00d3N: Direcci\u00f3n de Seguridad P\u00fablica y Tr\u00e1nsito\/Subdirecci\u00f3n Transito y Vialidad<\/strong><\/span>[\/vc_column_text][vc_separator][vc_column_text]<a href=\"https:\/\/transparencia.bahiadebanderas.gob.mx\/ARTICULO33\/XX\/2025\/4TO%20TR%202025\/CATASTRO\/LTAIPEN_Art_33_Fr_XX%20%281%29.xlsx\"><span style=\"color: #82193e;\">Formato XX. Tra\u0301mites que se Realizan<\/span><\/a><\/p>\n<p><span style=\"color: #82193e;\"><strong>\u00c1REA QUE GENERA LA INFORMACI\u00d3N: Tesorer\u00eda\/Catastro<\/strong><\/span>[\/vc_column_text][vc_separator][vc_column_text]<a href=\"https:\/\/transparencia.bahiadebanderas.gob.mx\/ARTICULO33\/XX\/2025\/4TO%20TR%202025\/SECRETARIA\/LTAIPEN_Art_33_Fr_XX.xlsx\"><span style=\"color: #82193e;\">Formato XX. Tra\u0301mites que se Realizan<\/span><\/a><br \/>\n<span style=\"color: #82193e;\"><strong>\u00c1REA QUE GENERA LA INFORMACI\u00d3N: Secretar\u00eda del Ayuntamiento<\/strong><\/span>[\/vc_column_text][vc_separator][vc_column_text]<a href=\"https:\/\/transparencia.bahiadebanderas.gob.mx\/ARTICULO33\/XX\/2025\/4TO%20TR%202025\/REGISTRO%20CIVIL\/LTAIPEN_Art_33_Fr_XX%20%281%29.xlsx\"><span style=\"color: #82193e;\">Formato XX. Tra\u0301mites que se Realizan<\/span><\/a><\/p>\n<p><span style=\"color: #82193e;\"><strong>\u00c1REA QUE GENERA LA INFORMACI\u00d3N: Secretar\u00eda del Ayuntamiento\/Registro Civil<\/strong><\/span>[\/vc_column_text][vc_separator][vc_column_text]<a href=\"https:\/\/transparencia.bahiadebanderas.gob.mx\/ARTICULO33\/XX\/2025\/4TO%20TR%202025\/PROTECCION%20CICIL%20Y%20BOMBEROS\/LTAIPEN_Art_33_Fr_XX.xlsx\"><span style=\"color: #82193e;\">Formato XX. Tra\u0301mites que se Realizan<\/span><\/a><\/p>\n<p><span style=\"color: #82193e;\"><strong>\u00c1REA QUE GENERA LA INFORMACI\u00d3N: Unidad Municipal de Protecci\u00f3n Civil<\/strong><\/span>[\/vc_column_text][vc_separator][\/vc_tta_section][vc_tta_section i_icon_fontawesome=\u00bbfa fa-calendar-check-o\u00bb add_icon=\u00bbtrue\u00bb title=\u00bbTercer Trimestre 2025&#8243; tab_id=\u00bb1771617006930-8ded169b-d147&#8243;][vc_column_text]<a href=\"https:\/\/transparencia.bahiadebanderas.gob.mx\/ARTICULO33\/XX\/2025\/3ERT%20TR%202025\/PADRON%20Y%20LICENCIAS\/LTAIPEN_Art_33_Fr_XX.xlsx\"><span style=\"color: #82193e;\">Formato XX. Tra\u0301mites que se Realizan<\/span><\/a><\/p>\n<p><span style=\"color: #82193e;\"><strong>\u00c1REA QUE GENERA LA INFORMACI\u00d3N: Padr\u00f3n y Licencias<\/strong><\/span>[\/vc_column_text][vc_separator][vc_column_text]<a href=\"https:\/\/transparencia.bahiadebanderas.gob.mx\/ARTICULO33\/XX\/2025\/3ERT%20TR%202025\/TURISMO\/LTAIPEN_Art_33_Fr_XX.xlsx\"><span style=\"color: #82193e;\">Formato XX. Tra\u0301mites que se Realizan<\/span><\/a><\/p>\n<p><span style=\"color: #82193e;\"><strong>\u00c1REA QUE GENERA LA INFORMACI\u00d3N: Direcci\u00f3n de Turismo\u00a0<\/strong><\/span>[\/vc_column_text][vc_separator][vc_column_text]<a href=\"https:\/\/transparencia.bahiadebanderas.gob.mx\/ARTICULO33\/XX\/2025\/3ERT%20TR%202025\/TURISMO\/LTAIPEN_Art_33_Fr_XX.xlsx\"><span style=\"color: #82193e;\">Formato XX. Tra\u0301mites que se Realizan<\/span><\/a><\/p>\n<p><span style=\"color: #82193e;\"><strong>\u00c1REA QUE GENERA LA INFORMACI\u00d3N: Desarrollo Econ\u00f3mico\/Desarrollo Econ\u00f3mico<\/strong><\/span>[\/vc_column_text][vc_column_text]<a href=\"https:\/\/transparencia.bahiadebanderas.gob.mx\/ARTICULO33\/XX\/2025\/2DO%20TR%202025\/INGRESOS\/LTAIPEN_Art_33_Fr_XX.xlsx\"><span style=\"color: #82193e;\">Formato XX. Tra\u0301mites que se Realizan<\/span><\/a><\/p>\n<p><span style=\"color: #82193e;\"><strong>\u00c1REA QUE GENERA LA INFORMACI\u00d3N: Tesoreria\/Ingresos<\/strong><\/span>[\/vc_column_text][vc_separator][vc_column_text]<a href=\"https:\/\/transparencia.bahiadebanderas.gob.mx\/ARTICULO33\/XX\/2025\/3ERT%20TR%202025\/ORDENAMIENTO\/LTAIPEN_Art_33_Fr_XX.xlsx\"><span style=\"color: #82193e;\">Formato XX. Tra\u0301mites que se Realizan<\/span><\/a><\/p>\n<p><span style=\"color: #82193e;\"><b>\u00c1REA QUE GENERA LA INFORMACI\u00d3N: Direcci\u00f3n de Ordenamiento Territorial y Desarrollo Urbano<\/b><\/span>[\/vc_column_text][vc_separator][vc_column_text]<a href=\"https:\/\/transparencia.bahiadebanderas.gob.mx\/ARTICULO33\/XX\/2025\/3ERT%20TR%202025\/TRANSITO%20MUNICIPAL\/LTAIPEN_Art_33_Fr_XX%20%281%29.xlsx\"><span style=\"color: #82193e;\">Formato XX. Tra\u0301mites que se Realizan<\/span><\/a><\/p>\n<p><span style=\"color: #82193e;\"><strong>\u00c1REA QUE GENERA LA INFORMACI\u00d3N: Direcci\u00f3n de Seguridad P\u00fablica y Tr\u00e1nsito\/Subdirecci\u00f3n Transito y Vialidad<\/strong><\/span>[\/vc_column_text][vc_separator][vc_column_text]<a href=\"https:\/\/transparencia.bahiadebanderas.gob.mx\/ARTICULO33\/XX\/2025\/2DO%20TR%202025\/CATASTRO\/LTAIPEN_Art_33_Fr_XX.xlsx\"><span style=\"color: #82193e;\">Formato XX. Tra\u0301mites que se Realizan<\/span><\/a><\/p>\n<p><span style=\"color: #82193e;\"><strong>\u00c1REA QUE GENERA LA INFORMACI\u00d3N: Tesorer\u00eda\/Catastro<\/strong><\/span>[\/vc_column_text][vc_separator][vc_column_text]<span style=\"color: #82193e;\">Formato XX. Tra\u0301mites que se Realizan<\/span><br \/>\n<span style=\"color: #82193e;\"><strong>\u00c1REA QUE GENERA LA INFORMACI\u00d3N: Secretar\u00eda del Ayuntamiento<\/strong><\/span>[\/vc_column_text][vc_separator][vc_column_text]<a href=\"https:\/\/transparencia.bahiadebanderas.gob.mx\/ARTICULO33\/XX\/2025\/3ERT%20TR%202025\/REGISTRO%20CIVIL\/LTAIPEN_Art_33_Fr_XX.xlsx\"><span style=\"color: #82193e;\">Formato XX. Tra\u0301mites que se Realizan<\/span><\/a><\/p>\n<p><span style=\"color: #82193e;\"><strong>\u00c1REA QUE GENERA LA INFORMACI\u00d3N: Secretar\u00eda del Ayuntamiento\/Registro Civil<\/strong><\/span>[\/vc_column_text][vc_separator][vc_column_text]<a href=\"https:\/\/transparencia.bahiadebanderas.gob.mx\/ARTICULO33\/XX\/2025\/3ERT%20TR%202025\/PROTECCION%20CIVIL%20Y%20BOMBEROS\/LTAIPEN_Art_33_Fr_XX%20%281%29.xlsx\"><span style=\"color: #82193e;\">Formato XX. Tra\u0301mites que se Realizan<\/span><\/a><\/p>\n<p><span style=\"color: #82193e;\"><strong>\u00c1REA QUE GENERA LA INFORMACI\u00d3N: Unidad Municipal de Protecci\u00f3n Civil<\/strong><\/span>[\/vc_column_text][vc_separator][\/vc_tta_section][\/vc_tta_accordion][\/vc_column][\/vc_row][vc_row][vc_column][vc_tta_accordion][vc_tta_section i_icon_fontawesome=\u00bbfa fa-calendar-check-o\u00bb add_icon=\u00bbtrue\u00bb title=\u00bbSegundo Trimestre 2025&#8243; tab_id=\u00bb1761767661199-326e3f05-4aff\u00bb][vc_column_text]<a href=\"https:\/\/transparencia.bahiadebanderas.gob.mx\/ARTICULO33\/XX\/2025\/2DO%20TR%202025\/PADRON%20Y%20LICENCIAS\/LTAIPEN_Art_33_Fr_XX.xlsx\"><span style=\"color: #82193e;\">Formato XX. Tra\u0301mites que se Realizan<\/span><\/a><\/p>\n<p><span style=\"color: #82193e;\"><strong>\u00c1REA QUE GENERA LA INFORMACI\u00d3N: Padr\u00f3n y Licencias<\/strong><\/span>[\/vc_column_text][vc_separator][vc_column_text]<a href=\"https:\/\/transparencia.bahiadebanderas.gob.mx\/ARTICULO33\/XX\/2025\/2DO%20TR%202025\/TURISMO\/LTAIPEN_Art_33_Fr_XX.xlsx\"><span style=\"color: #82193e;\">Formato XX. Tra\u0301mites que se Realizan<\/span><\/a><\/p>\n<p><span style=\"color: #82193e;\"><strong>\u00c1REA QUE GENERA LA INFORMACI\u00d3N: Direcci\u00f3n de Turismo\u00a0<\/strong><\/span>[\/vc_column_text][vc_separator][vc_column_text]<a href=\"https:\/\/transparencia.bahiadebanderas.gob.mx\/ARTICULO33\/XX\/2025\/2DO%20TR%202025\/DESARROLLO%20ECONOMICO\/LTAIPEN_Art_33_Fr_XX.xlsx\"><span style=\"color: #82193e;\">Formato XX. Tra\u0301mites que se Realizan<\/span><\/a><\/p>\n<p><span style=\"color: #82193e;\"><strong>\u00c1REA QUE GENERA LA INFORMACI\u00d3N: Desarrollo Econ\u00f3mico\/Desarrollo Econ\u00f3mico<\/strong><\/span>[\/vc_column_text][vc_column_text]<a href=\"https:\/\/transparencia.bahiadebanderas.gob.mx\/ARTICULO33\/XX\/2025\/2DO%20TR%202025\/INGRESOS\/LTAIPEN_Art_33_Fr_XX.xlsx\"><span style=\"color: #82193e;\">Formato XX. Tra\u0301mites que se Realizan<\/span><\/a><\/p>\n<p><span style=\"color: #82193e;\"><strong>\u00c1REA QUE GENERA LA INFORMACI\u00d3N: Tesoreria\/Ingresos<\/strong><\/span>[\/vc_column_text][vc_separator][vc_column_text]<a href=\"https:\/\/transparencia.bahiadebanderas.gob.mx\/ARTICULO33\/XX\/2025\/2DO%20TR%202025\/ORDENAMIENTO%20TERRITORIAL\/LTAIPEN_Art_33_Fr_XX.xlsx\"><span style=\"color: #82193e;\">Formato XX. Tra\u0301mites que se Realizan<\/span><\/a><\/p>\n<p><span style=\"color: #82193e;\"><b>\u00c1REA QUE GENERA LA INFORMACI\u00d3N: Direcci\u00f3n de Ordenamiento Territorial y Desarrollo Urbano<\/b><\/span>[\/vc_column_text][vc_separator][vc_column_text]<a href=\"https:\/\/transparencia.bahiadebanderas.gob.mx\/ARTICULO33\/XX\/2025\/2DO%20TR%202025\/TRANSITO%20Y%20VIALIDAD\/LTAIPEN_Art_33_Fr_XX.xlsx\"><span style=\"color: #82193e;\">Formato XX. Tra\u0301mites que se Realizan<\/span><\/a><\/p>\n<p><span style=\"color: #82193e;\"><strong>\u00c1REA QUE GENERA LA INFORMACI\u00d3N: Direcci\u00f3n de Seguridad P\u00fablica y Tr\u00e1nsito\/Subdirecci\u00f3n Transito y Vialidad<\/strong><\/span>[\/vc_column_text][vc_separator][vc_column_text]<a href=\"https:\/\/transparencia.bahiadebanderas.gob.mx\/ARTICULO33\/XX\/2025\/2DO%20TR%202025\/CATASTRO\/LTAIPEN_Art_33_Fr_XX.xlsx\"><span style=\"color: #82193e;\">Formato XX. Tra\u0301mites que se Realizan<\/span><\/a><\/p>\n<p><span style=\"color: #82193e;\"><strong>\u00c1REA QUE GENERA LA INFORMACI\u00d3N: Tesorer\u00eda\/Catastro<\/strong><\/span>[\/vc_column_text][vc_separator][vc_column_text]<span style=\"color: #82193e;\">Formato XX. Tra\u0301mites que se Realizan<\/span><br \/>\n<span style=\"color: #82193e;\"><strong>\u00c1REA QUE GENERA LA INFORMACI\u00d3N: Secretar\u00eda del Ayuntamiento<\/strong><\/span>[\/vc_column_text][vc_separator][vc_column_text]<a href=\"https:\/\/transparencia.bahiadebanderas.gob.mx\/ARTICULO33\/XX\/2025\/3ERT%20TR%202025\/REGISTRO%20CIVIL\/LTAIPEN_Art_33_Fr_XX.xlsx\"><span style=\"color: #82193e;\">Formato XX. Tra\u0301mites que se Realizan<\/span><\/a><\/p>\n<p><span style=\"color: #82193e;\"><strong>\u00c1REA QUE GENERA LA INFORMACI\u00d3N: Secretar\u00eda del Ayuntamiento\/Registro Civil<\/strong><\/span>[\/vc_column_text][vc_separator][vc_column_text]<a href=\"https:\/\/transparencia.bahiadebanderas.gob.mx\/ARTICULO33\/XX\/2025\/3ERT%20TR%202025\/PROTECCION%20CIVIL%20Y%20BOMBEROS\/LTAIPEN_Art_33_Fr_XX%20%281%29.xlsx\"><span style=\"color: #82193e;\">Formato XX. Tra\u0301mites que se Realizan<\/span><\/a><\/p>\n<p><span style=\"color: #82193e;\"><strong>\u00c1REA QUE GENERA LA INFORMACI\u00d3N: Unidad Municipal de Protecci\u00f3n Civil<\/strong><\/span>[\/vc_column_text][vc_separator][\/vc_tta_section][\/vc_tta_accordion][\/vc_column][\/vc_row][\/vc_section][vc_section][vc_row][vc_column][vc_tta_accordion][vc_tta_section i_icon_fontawesome=\u00bbfa fa-calendar-check-o\u00bb add_icon=\u00bbtrue\u00bb title=\u00bbPrimer Trimestre 2025&#8243; tab_id=\u00bb1752181097635-80790ea3-2c70&#8243;][vc_column_text]<a href=\"https:\/\/transparencia.bahiadebanderas.gob.mx\/ARTICULO33\/XX\/2025\/1ER%20TR%202025\/PADRON%20Y%20LICENCIAS\/LTAIPEN_Art_33_Fr_XX%20%281%29.xlsx\"><span style=\"color: #82193e;\">Formato XX. Tra\u0301mites que se Realizan<\/span><\/a><\/p>\n<p><span style=\"color: #82193e;\"><strong>\u00c1REA QUE GENERA LA INFORMACI\u00d3N: Padr\u00f3n y Licencias<\/strong><\/span>[\/vc_column_text][vc_separator][vc_column_text]<a href=\"https:\/\/transparencia.bahiadebanderas.gob.mx\/ARTICULO33\/XX\/2025\/1ER%20TR%202025\/TURISMO\/LTAIPEN_Art_33_Fr_XX.xlsx\"><span style=\"color: #82193e;\">Formato XX. Tra\u0301mites que se Realizan<\/span><\/a><\/p>\n<p><span style=\"color: #82193e;\"><strong>\u00c1REA QUE GENERA LA INFORMACI\u00d3N: Direcci\u00f3n de Turismo\u00a0<\/strong><\/span>[\/vc_column_text][vc_separator][vc_column_text]<a href=\"https:\/\/transparencia.bahiadebanderas.gob.mx\/ARTICULO33\/XX\/2025\/1ER%20TR%202025\/DESA%20ECO\/LTAIPEN_Art_33_Fr_XX%20%281%29.xlsx\"><span style=\"color: #82193e;\">Formato XX. Tra\u0301mites que se Realizan<\/span><\/a><\/p>\n<p><span style=\"color: #82193e;\"><strong>\u00c1REA QUE GENERA LA INFORMACI\u00d3N: Desarrollo Econ\u00f3mico\/Desarrollo Econ\u00f3mico<\/strong><\/span>[\/vc_column_text][vc_separator][vc_column_text]<a href=\"https:\/\/transparencia.bahiadebanderas.gob.mx\/wp-content\/uploads\/2018\/04\/LTAIPEN_Art_33_Fr_XX-1.xlsx\"><span style=\"color: #82193e;\">Formato XX. Tra\u0301mites que se Realizan<\/span><\/a><\/p>\n<p><span style=\"color: #82193e;\"><b>\u00c1REA QUE GENERA LA INFORMACI\u00d3N: Direcci\u00f3n de Ordenamiento Territorial Desarrollo Urbano y Medio Ambiente<\/b><\/span>[\/vc_column_text][vc_separator][vc_column_text]<a href=\"https:\/\/transparencia.bahiadebanderas.gob.mx\/wp-content\/uploads\/2018\/04\/LTAIPEN_Art_33_Fr_XX-3.xlsx\"><span style=\"color: #82193e;\">Formato XX. Tra\u0301mites que se Realizan<\/span><\/a><\/p>\n<p><span style=\"color: #82193e;\"><strong>\u00c1REA QUE GENERA LA INFORMACI\u00d3N: Direcci\u00f3n de Seguridad P\u00fablica y Tr\u00e1nsito\/Subdirecci\u00f3n Transito y Vialidad<\/strong><\/span>[\/vc_column_text][vc_separator][vc_column_text]<a href=\"https:\/\/transparencia.bahiadebanderas.gob.mx\/ARTICULO33\/XX\/2025\/1ER%20TR%202025\/CATASTRO\/LTAIPEN_Art_33_Fr_XX.xlsx\"><span style=\"color: #82193e;\">Formato XX. Tra\u0301mites que se Realizan<\/span><\/a><\/p>\n<p><span style=\"color: #82193e;\"><strong>\u00c1REA QUE GENERA LA INFORMACI\u00d3N: Tesorer\u00eda\/Catastro<\/strong><\/span>[\/vc_column_text][vc_separator][vc_column_text]<span style=\"color: #82193e;\">Formato XX. Tra\u0301mites que se Realizan<\/span><br \/>\n<span style=\"color: #82193e;\"><strong>\u00c1REA QUE GENERA LA INFORMACI\u00d3N: Secretar\u00eda del Ayuntamiento<\/strong><\/span>[\/vc_column_text][vc_separator][vc_column_text]<a href=\"https:\/\/transparencia.bahiadebanderas.gob.mx\/wp-content\/uploads\/2018\/04\/LTAIPEN_Art_33_Fr_XX.xlsx\"><span style=\"color: #82193e;\">Formato XX. Tra\u0301mites que se Realizan<\/span><\/a><\/p>\n<p><span style=\"color: #82193e;\"><strong>\u00c1REA QUE GENERA LA INFORMACI\u00d3N: Secretar\u00eda del Ayuntamiento\/Registro Civil<\/strong><\/span>[\/vc_column_text][vc_separator][vc_column_text]<a href=\"https:\/\/transparencia.bahiadebanderas.gob.mx\/wp-content\/uploads\/2018\/04\/LTAIPEN_Art_33_Fr_XX-2.xlsx\"><span style=\"color: #82193e;\">Formato XX. Tra\u0301mites que se Realizan<\/span><\/a><\/p>\n<p><span style=\"color: #82193e;\"><strong>\u00c1REA QUE GENERA LA INFORMACI\u00d3N: Unidad Municipal de Proteci\u00f3n Civil<\/strong><\/span>[\/vc_column_text][vc_separator][\/vc_tta_section][\/vc_tta_accordion][\/vc_column][\/vc_row][\/vc_section][vc_row][vc_column][vc_column_text]<\/p>\n<table style=\"border-collapse: collapse; width: 30.2281%; height: 32px;\">\n<tbody>\n<tr style=\"background-color: #82193e;\">\n<td style=\"width: 100%; text-align: center;\"><a href=\"https:\/\/transparencia.bahiadebanderas.gob.mx\/ARTICULO33\/XIX\/2024\/3ER%20TR%202024\/SOLICITUD%20%20DE%20ACCESO%20A%20LA%20INFORMACION%20PUBLICA.pdf\"><span style=\"font-size: 14pt; color: #ffffff;\"><strong>Formato de Solicitud de Informaci\u00f3n<\/strong><\/span><\/a><\/td>\n<\/tr>\n<\/tbody>\n<\/table>\n<table style=\"border-collapse: collapse; width: 30.2281%; height: 32px;\">\n<tbody>\n<tr style=\"background-color: #82193e;\">\n<td style=\"width: 100%; text-align: center;\"><a href=\"https:\/\/transparencia.bahiadebanderas.gob.mx\/ARTICULO33\/XIX\/2024\/3ER%20TR%202024\/Solicitud%20Arco%201.pdf\"><span style=\"font-size: 14pt; color: #ffffff;\"><strong>Formato de Solicitud Arco<\/strong><\/span><\/a><\/td>\n<\/tr>\n<\/tbody>\n<\/table>\n<p>[\/vc_column_text][vc_column_text]<span style=\"color: #82193e;\"><strong>Per\u00edodo de actualizaci\u00f3n:<\/strong><\/span> trimestral<br \/>\n<span style=\"color: #82193e;\"><strong>Ultima actualizaci\u00f3n:<\/strong>\u00a0 <span style=\"color: #808080;\">24 de Octubre<\/span><\/span><span style=\"color: #808080;\">\u00a0d<\/span>e 2024[\/vc_column_text][\/vc_column][\/vc_row][vc_row][vc_column][\/vc_column][\/vc_row][vc_row][vc_column][\/vc_column][\/vc_row]<\/p>\n","protected":false},"excerpt":{"rendered":"<p>[vc_section][vc_row][vc_column][vc_tta_accordion][vc_tta_section i_icon_fontawesome=\u00bbfa fa-calendar-check-o\u00bb add_icon=\u00bbtrue\u00bb title=\u00bbCuarto Trimestre 2025&#8243; tab_id=\u00bb1715813603818-f2b7f893-ded5&#8243;][vc_column_text]Formato XX. Tra\u0301mites que se Realizan \u00c1REA QUE GENERA LA INFORMACI\u00d3N: Padr\u00f3n y Licencias[\/vc_column_text][vc_separator][vc_column_text]Formato XX. Tra\u0301mites que se Realizan \u00c1REA QUE GENERA LA INFORMACI\u00d3N: Direcci\u00f3n de Turismo\u00a0[\/vc_column_text][vc_separator][vc_column_text]Formato XX. Tra\u0301mites que se Realizan \u00c1REA QUE GENERA LA INFORMACI\u00d3N: Desarrollo Econ\u00f3mico\/Desarrollo Econ\u00f3mico[\/vc_column_text][vc_column_text]Formato XX. Tra\u0301mites que se Realizan \u00c1REA QUE GENERA [&hellip;]<\/p>\n","protected":false},"author":1,"featured_media":0,"parent":5733,"menu_order":0,"comment_status":"closed","ping_status":"closed","template":"","meta":{"footnotes":""},"class_list":["post-5925","page","type-page","status-publish","hentry"],"_links":{"self":[{"href":"https:\/\/transparencia.bahiadebanderas.gob.mx\/index.php?rest_route=\/wp\/v2\/pages\/5925","targetHints":{"allow":["GET"]}}],"collection":[{"href":"https:\/\/transparencia.bahiadebanderas.gob.mx\/index.php?rest_route=\/wp\/v2\/pages"}],"about":[{"href":"https:\/\/transparencia.bahiadebanderas.gob.mx\/index.php?rest_route=\/wp\/v2\/types\/page"}],"author":[{"embeddable":true,"href":"https:\/\/transparencia.bahiadebanderas.gob.mx\/index.php?rest_route=\/wp\/v2\/users\/1"}],"replies":[{"embeddable":true,"href":"https:\/\/transparencia.bahiadebanderas.gob.mx\/index.php?rest_route=%2Fwp%2Fv2%2Fcomments&post=5925"}],"version-history":[{"count":188,"href":"https:\/\/transparencia.bahiadebanderas.gob.mx\/index.php?rest_route=\/wp\/v2\/pages\/5925\/revisions"}],"predecessor-version":[{"id":21201,"href":"https:\/\/transparencia.bahiadebanderas.gob.mx\/index.php?rest_route=\/wp\/v2\/pages\/5925\/revisions\/21201"}],"up":[{"embeddable":true,"href":"https:\/\/transparencia.bahiadebanderas.gob.mx\/index.php?rest_route=\/wp\/v2\/pages\/5733"}],"wp:attachment":[{"href":"https:\/\/transparencia.bahiadebanderas.gob.mx\/index.php?rest_route=%2Fwp%2Fv2%2Fmedia&parent=5925"}],"curies":[{"name":"wp","href":"https:\/\/api.w.org\/{rel}","templated":true}]}}