{"id":5915,"date":"2019-01-25T13:40:48","date_gmt":"2019-01-25T19:40:48","guid":{"rendered":"http:\/\/dif.bahiadebanderas.gob.mx\/?page_id=5915"},"modified":"2026-02-11T17:01:52","modified_gmt":"2026-02-11T17:01:52","slug":"xvi-las-condiciones-generales-de-trabajo-version-publica-de-los-contratos-o-convenios-que-regulen-las-relaciones-laborales-del-personal-de-base-y-de-confianza","status":"publish","type":"page","link":"https:\/\/transparencia.bahiadebanderas.gob.mx\/?page_id=5915","title":{"rendered":"XVI. Las condiciones generales de trabajo, versi\u00f3n p\u00fablica de los contratos o convenios que regulen las relaciones laborales del personal de base y de confianza."},"content":{"rendered":"<p>[vc_section][vc_row][vc_column][vc_tta_accordion active_section=\u00bb1&#8243;][vc_tta_section title=\u00bbEjercicio 2025&#8243; tab_id=\u00bb1619804976909-c4f62e4e-3236&#8243;][vc_column_text]<\/p>\n<table style=\"width: 100.763%; height: 142px;\">\n<tbody>\n<tr class=\"default-row\" style=\"height: 58px; background-color: #82193e;\">\n<td style=\"width: 24.9485%; height: 58px; text-align: center;\"><span style=\"color: #ffffff; font-size: 14pt;\"><strong>Primer Trimestre<\/strong><\/span><\/td>\n<td style=\"width: 24.9485%; height: 58px; text-align: center;\"><span style=\"color: #ffffff; font-size: 14pt;\"><strong>Segundo Trimestre<\/strong><\/span><\/td>\n<td style=\"width: 24.9485%; height: 58px; text-align: center;\"><span style=\"color: #ffffff; font-size: 14pt;\"><strong>Tercer Trimestre<\/strong><\/span><\/td>\n<td style=\"width: 24.9485%; height: 58px; text-align: center;\"><span style=\"color: #ffffff; font-size: 14pt;\"><strong>Cuarto Trimestre<\/strong><\/span><\/td>\n<\/tr>\n<tr style=\"height: 84px;\">\n<td style=\"width: 24.9485%; height: 84px;\">\n<p><a href=\"https:\/\/transparencia.bahiadebanderas.gob.mx\/wp-content\/uploads\/2018\/04\/LTAIPEN_Art_33_Fr_XVI_a.xlsx\"><span style=\"color: #82193e;\">Formato XVIa. Normatividad Laboral<\/span><\/a><\/p>\n<p><span style=\"color: #82193e;\">Formato XVIb. Recursos P\u00fablicos Entregados a Sindicatos<\/span><\/td>\n<td style=\"width: 24.9485%; height: 84px;\">\n<p><a href=\"https:\/\/transparencia.bahiadebanderas.gob.mx\/ARTICULO33\/XVI\/2025\/2DO%20TR%202025\/JURIDICO\/LTAIPEN_Art_33_Fr_XVI_a.xlsx\"><span style=\"color: #82193e;\">Formato XVIa. Normatividad Laboral<\/span><\/a><\/p>\n<p><a href=\"https:\/\/transparencia.bahiadebanderas.gob.mx\/ARTICULO33\/XVI\/2025\/2DO%20TR%202025\/TESORERIA\/LTAIPEN_Art_33_Fr_XVI_b.xlsx\"><span style=\"color: #82193e;\">Formato XVIb. Recursos P\u00fablicos Entregados a Sindicatos<\/span><\/a><\/td>\n<td style=\"width: 24.9485%; height: 84px;\">\n<p><span style=\"color: #ffffff; font-size: 14pt;\"><strong>S<\/strong><\/span><\/p>\n<p><a href=\"https:\/\/transparencia.bahiadebanderas.gob.mx\/ARTICULO33\/XVI\/2025\/3ER%20TR%202025\/JURIDICO\/LTAIPEN_Art_33_Fr_XVI_a.xlsx\"><span style=\"color: #82193e;\">Formato XVIa. Normatividad Laboral<\/span><\/a><\/p>\n<p><a href=\"sftp:\/\/transparencia@10.0.0.254\/home\/transparencia\/public_html\/ARTICULO33\/XVII\/2025\/3ER%20TR%202025\/RH\/LTAIPEN_Art_33_Fr_XVII.xlsx\"><span style=\"color: #82193e;\">Formato XVIb. Recursos P\u00fablicos Entregados a Sindicatos<\/span><\/a><\/p>\n<p>&nbsp;<\/td>\n<td style=\"width: 24.9485%; height: 84px;\">\n<p>&nbsp;<\/p>\n<p><a href=\"https:\/\/transparencia.bahiadebanderas.gob.mx\/ARTICULO33\/XVI\/2025\/3ER%20TR%202025\/JURIDICO\/LTAIPEN_Art_33_Fr_XVI_a.xlsx\"><span style=\"color: #82193e;\">Formato XVIa. Normatividad Laboral<\/span><\/a><\/p>\n<p><a href=\"https:\/\/transparencia.bahiadebanderas.gob.mx\/ARTICULO33\/XVI\/2025\/4TO%20TR%202025\/JURIDICO\/LTAIPEN_Art_33_Fr_XVI_a.xlsx\"><span style=\"color: #82193e;\">Formato XVIb. Recursos P\u00fablicos Entregados a Sindicatos<\/span><\/a><\/p>\n<p>&nbsp;<\/td>\n<\/tr>\n<\/tbody>\n<\/table>\n<p><strong>\u00c1rea que genera la informaci\u00f3n: Direcci\u00f3n Jur\u00eddica\/ Tesorer\u00eda<br \/>\n<\/strong>[\/vc_column_text][\/vc_tta_section][\/vc_tta_accordion][\/vc_column][\/vc_row][\/vc_section][vc_section][vc_row][vc_column][vc_tta_accordion active_section=\u00bb1&#8243;][vc_tta_section title=\u00bbEjercicio 2024&#8243; tab_id=\u00bb1744310908858-a0d700a9-369a\u00bb][vc_column_text]<\/p>\n<table style=\"width: 100.763%; height: 142px;\">\n<tbody>\n<tr class=\"default-row\" style=\"height: 58px; background-color: #82193e;\">\n<td style=\"width: 24.9485%; height: 58px; text-align: center;\"><span style=\"color: #ffffff; font-size: 14pt;\"><strong>Primer Trimestre<\/strong><\/span><\/td>\n<td style=\"width: 24.9485%; height: 58px; text-align: center;\"><span style=\"color: #ffffff; font-size: 14pt;\"><strong>Segundo Trimestre<\/strong><\/span><\/td>\n<td style=\"width: 24.9485%; height: 58px; text-align: center;\"><span style=\"color: #ffffff; font-size: 14pt;\"><strong>Tercer Trimestre<\/strong><\/span><\/td>\n<td style=\"width: 24.9485%; height: 58px; text-align: center;\"><span style=\"color: #ffffff; font-size: 14pt;\"><strong>Cuarto Trimestre<\/strong><\/span><\/td>\n<\/tr>\n<tr style=\"height: 84px;\">\n<td style=\"width: 24.9485%; height: 84px;\">\n<p><span style=\"color: #82193e;\"><a style=\"color: #82193e;\" href=\"https:\/\/transparencia.bahiadebanderas.gob.mx\/ARTICULO33\/XVI\/2024\/1ER%20TR%202024\/JURIDICO\/LTAIPEN_Art_33_Fr_XVI_a.xlsx\" target=\"_blank\" rel=\"noopener noreferrer\">Formato XVIa. Normatividad Laboral<\/a><\/span><\/p>\n<p><a href=\"https:\/\/transparencia.bahiadebanderas.gob.mx\/ARTICULO33\/XVI\/2024\/1ER%20TR%202024\/TESORERIA\/LTAIPEN_Art_33_Fr_XVI_b.xlsx\"><span style=\"color: #82193e;\">Formato XVIb. Recursos P\u00fablicos Entregados a Sindicatos<\/span><\/a><\/td>\n<td style=\"width: 24.9485%; height: 84px;\">\n<p><span style=\"color: #82193e;\"><a style=\"color: #82193e;\" href=\"https:\/\/transparencia.bahiadebanderas.gob.mx\/ARTICULO33\/XVI\/2024\/1ER%20TR%202024\/JURIDICO\/LTAIPEN_Art_33_Fr_XVI_a.xlsx\" target=\"_blank\" rel=\"noopener noreferrer\">Formato XVIa. Normatividad Laboral<\/a><\/span><\/p>\n<p><a href=\"https:\/\/transparencia.bahiadebanderas.gob.mx\/ARTICULO33\/XVI\/2024\/2DO%20TR%202024\/TESORERIA\/LTAIPEN_Art_33_Fr_XVI_b.xlsx\"><span style=\"color: #82193e;\">Formato XVIb. Recursos P\u00fablicos Entregados a Sindicatos<\/span><\/a><\/p>\n<p>&nbsp;<\/td>\n<td style=\"width: 24.9485%; height: 84px;\">\n<p><span style=\"color: #ffffff; font-size: 14pt;\"><strong>S<\/strong><\/span><span style=\"color: #82193e;\"><a style=\"color: #82193e;\" href=\"https:\/\/transparencia.bahiadebanderas.gob.mx\/ARTICULO33\/XVI\/2024\/3ER%20TR%202024\/JURIDICO\/LTAIPEN_Art_33_Fr_XVI_a.xlsx\" target=\"_blank\" rel=\"noopener noreferrer\">Formato XVIa. Normatividad Laboral<\/a><\/span><\/p>\n<p><a href=\"https:\/\/transparencia.bahiadebanderas.gob.mx\/ARTICULO33\/XVI\/2024\/3ER%20TR%202024\/TESORERIA\/LTAIPEN_Art_33_Fr_XVI_b.xlsx\"><span style=\"color: #82193e;\">Formato XVIb. Recursos P\u00fablicos Entregados a Sindicatos<\/span><\/a><\/p>\n<p>&nbsp;<\/td>\n<td style=\"width: 24.9485%; height: 84px;\">\n<p><span style=\"color: #82193e;\"><a style=\"color: #82193e;\" href=\"https:\/\/transparencia.bahiadebanderas.gob.mx\/ARTICULO33\/XVI\/2024\/4TO%20TR%202024\/TESORERIA\/LTAIPEN_Art_33_Fr_XVI_a.xlsx\" target=\"_blank\" rel=\"noopener noreferrer\">Formato XVIa. Normatividad Laboral<\/a><\/span><\/p>\n<p><a href=\"https:\/\/transparencia.bahiadebanderas.gob.mx\/ARTICULO33\/XVI\/2024\/4TO%20TR%202024\/TESORERIA\/LTAIPEN_Art_33_Fr_XVI_b.xlsx\"><span style=\"color: #82193e;\">Formato XVIb. Recursos P\u00fablicos Entregados a Sindicatos<\/span><\/a><\/td>\n<\/tr>\n<\/tbody>\n<\/table>\n<p><strong>\u00c1rea que genera la informaci\u00f3n: Direcci\u00f3n Jur\u00eddica\/ Tesorer\u00eda<br \/>\n<\/strong>[\/vc_column_text][\/vc_tta_section][\/vc_tta_accordion][\/vc_column][\/vc_row][\/vc_section][vc_section][vc_row][vc_column][vc_tta_accordion active_section=\u00bb1&#8243;][vc_tta_section title=\u00bbEjercicio 2023&#8243; tab_id=\u00bb1715712043147-6ae92f6d-8a43&#8243;][vc_column_text]<\/p>\n<table style=\"width: 100.763%; height: 142px;\">\n<tbody>\n<tr class=\"default-row\" style=\"height: 58px; background-color: #82193e;\">\n<td style=\"width: 24.9485%; height: 58px; text-align: center;\"><span style=\"color: #ffffff; font-size: 14pt;\"><strong>Primer Trimestre<\/strong><\/span><\/td>\n<td style=\"width: 24.9485%; height: 58px; text-align: center;\"><span style=\"color: #ffffff; font-size: 14pt;\"><strong>Segundo Trimestre<\/strong><\/span><\/td>\n<td style=\"width: 24.9485%; height: 58px; text-align: center;\"><span style=\"color: #ffffff; font-size: 14pt;\"><strong>Tercer Trimestre<\/strong><\/span><\/td>\n<td style=\"width: 24.9485%; height: 58px; text-align: center;\"><span style=\"color: #ffffff; font-size: 14pt;\"><strong>Cuarto Trimestre<\/strong><\/span><\/td>\n<\/tr>\n<tr style=\"height: 84px;\">\n<td style=\"width: 24.9485%; height: 84px;\">\n<p>&nbsp;<\/p>\n<p><a href=\"https:\/\/transparencia.bahiadebanderas.gob.mx\/ARTICULO33\/XLVI\/2023\/1ER%20TR%202023\/LTAIPEN_Art_33_Fr_XVI_b.xlsx\"><span style=\"color: #82193e;\">Formato XVIb. Recursos P\u00fablicos Entregados a Sindicatos<\/span><\/a><\/td>\n<td style=\"width: 24.9485%; height: 84px;\">\n<p>&nbsp;<\/p>\n<p><a href=\"https:\/\/transparencia.bahiadebanderas.gob.mx\/ARTICULO33\/XVI\/2023\/2DO%20TR%202023\/LTAIPEN_Art_33_Fr_XVI_b.xlsx\"><span style=\"color: #82193e;\">Formato XVIb. Recursos P\u00fablicos Entregados a Sindicatos<\/span><\/a><\/td>\n<td style=\"width: 24.9485%; height: 84px;\">\n<p><span style=\"color: #82193e;\"><a style=\"color: #82193e;\" href=\"https:\/\/transparencia.bahiadebanderas.gob.mx\/ARTICULO33\/XVI\/2023\/3ER%20TR%202023\/LTAIPEN_Art_33_Fr_XVI_a.xlsx\" target=\"_blank\" rel=\"noopener noreferrer\">Formato XVIa. Normatividad Laboral<\/a><\/span><\/p>\n<p><a href=\"https:\/\/transparencia.bahiadebanderas.gob.mx\/ARTICULO33\/XVI\/2023\/3ER%20TR%202023\/LTAIPEN_Art_33_Fr_XVI_b.xlsx\"><span style=\"color: #82193e;\">Formato XVIb. Recursos P\u00fablicos Entregados a Sindicatos<\/span><\/a><\/td>\n<td style=\"width: 24.9485%; height: 84px;\">\n<p><span style=\"color: #82193e;\"><a style=\"color: #82193e;\" href=\"https:\/\/transparencia.bahiadebanderas.gob.mx\/ARTICULO33\/XVI\/2023\/4TO%20TR%202023\/TESORERIA\/LTAIPEN_Art_33_Fr_XVI_a%20jURIDICO.xlsx\" target=\"_blank\" rel=\"noopener noreferrer\">Formato XVIa. Normatividad Laboral<\/a><\/span><\/p>\n<p><a href=\"https:\/\/transparencia.bahiadebanderas.gob.mx\/ARTICULO33\/XVI\/2023\/4TO%20TR%202023\/TESORERIA\/LTAIPEN_Art_33_Fr_XVI_b.xlsx\"><span style=\"color: #82193e;\">Formato XVIb. Recursos P\u00fablicos Entregados a Sindicatos<\/span><\/a><\/td>\n<\/tr>\n<\/tbody>\n<\/table>\n<p><strong>\u00c1rea que genera la informaci\u00f3n: Direcci\u00f3n Jur\u00eddica\/ Tesorer\u00eda<br \/>\n<\/strong>[\/vc_column_text][\/vc_tta_section][vc_tta_section title=\u00bbEjercicio 2022&#8243; tab_id=\u00bb1715712043148-7a74187c-e5c1&#8243;][vc_column_text]<\/p>\n<table style=\"width: 100.763%; height: 142px;\">\n<tbody>\n<tr class=\"default-row\" style=\"height: 58px; background-color: #82193e;\">\n<td style=\"width: 24.9485%; height: 58px; text-align: center;\"><span style=\"font-size: 14pt; font-family: helvetica, arial, sans-serif; color: #ffffff;\"><strong>Primer Trimestre<br \/>\n<\/strong><\/span><\/td>\n<td style=\"width: 24.9485%; height: 58px; text-align: center;\"><span style=\"font-size: 14pt; font-family: helvetica, arial, sans-serif; color: #ffffff;\"><strong>Segundo Trimestre<br \/>\n<\/strong><\/span><\/td>\n<td style=\"width: 24.9485%; height: 58px; text-align: center;\"><span style=\"font-size: 14pt; font-family: helvetica, arial, sans-serif; color: #ffffff;\"><strong>Tercer Trimestre<br \/>\n<\/strong><\/span><\/td>\n<td style=\"width: 24.9485%; height: 58px; text-align: center;\"><span style=\"font-size: 14pt; font-family: helvetica, arial, sans-serif; color: #ffffff;\"><strong>Cuarto Trimestre<br \/>\n<\/strong><\/span><\/td>\n<\/tr>\n<tr style=\"height: 84px;\">\n<td style=\"width: 24.9485%; height: 84px;\">\n<p>&nbsp;<\/p>\n<p><a href=\"https:\/\/transparencia.bahiadebanderas.gob.mx\/ARTICULO33\/XVI\/2022\/1ER%20TR%202022\/TESORERIA\/LTAIPEN_Art_33_Fr_XVI_b.xlsx\"><span style=\"color: #82193e;\">Formato XVIb. Recursos P\u00fablicos Entregados a Sindicatos<\/span><\/a><\/td>\n<td style=\"width: 24.9485%; height: 84px;\">\n<p>&nbsp;<\/p>\n<p><a href=\"https:\/\/transparencia.bahiadebanderas.gob.mx\/ARTICULO33\/XVI\/2022\/2DO%20TR%202022\/LTAIPEN_Art_33_Fr_XVI_b.xlsx\"><span style=\"color: #82193e;\">Formato XVIb. Recursos P\u00fablicos Entregados a Sindicatos<\/span><\/a><\/td>\n<td style=\"width: 24.9485%; height: 84px;\">\n<p>&nbsp;<\/p>\n<p><a href=\"https:\/\/transparencia.bahiadebanderas.gob.mx\/ARTICULO33\/XVI\/2022\/3ER%20TR%202022\/LTAIPEN_Art_33_Fr_XVI_b.xlsx\"><span style=\"color: #82193e;\">Formato XVIb. Recursos P\u00fablicos Entregados a Sindicatos<\/span><\/a><\/td>\n<td style=\"width: 24.9485%; height: 84px;\">\n<p>&nbsp;<\/p>\n<p><a href=\"https:\/\/transparencia.bahiadebanderas.gob.mx\/ARTICULO33\/XVI\/2022\/4TO%20TR%202022\/LTAIPEN_Art_33_Fr_XVI_b.xlsx\"><span style=\"color: #82193e;\">Formato XVIb. Recursos P\u00fablicos Entregados a Sindicatos<\/span><\/a><\/td>\n<\/tr>\n<\/tbody>\n<\/table>\n<p><strong>\u00c1rea que genera la informaci\u00f3n: Direcci\u00f3n Jur\u00eddica\/ Tesorer\u00eda<br \/>\n<\/strong>[\/vc_column_text][\/vc_tta_section][vc_tta_section title=\u00bbEjercicio 2021&#8243; tab_id=\u00bb1715712043148-cc9b9ac5-03bf\u00bb][vc_column_text]<\/p>\n<table style=\"width: 100.763%; height: 142px;\">\n<tbody>\n<tr class=\"default-row\" style=\"height: 58px;\">\n<td style=\"width: 24.9485%; height: 58px;\"><span style=\"font-size: 10pt; font-family: helvetica, arial, sans-serif;\"><strong>Primer Trimestre<br \/>\n<\/strong><\/span><\/td>\n<td style=\"width: 24.9485%; height: 58px;\"><span style=\"font-size: 10pt; font-family: helvetica, arial, sans-serif;\"><strong>Segundo Trimestre<br \/>\n<\/strong><\/span><\/td>\n<td style=\"width: 24.9485%; height: 58px;\"><span style=\"font-size: 10pt; font-family: helvetica, arial, sans-serif;\"><strong>Tercer Trimestre<br \/>\n<\/strong><\/span><\/td>\n<td style=\"width: 24.9485%; height: 58px;\"><span style=\"font-size: 10pt; font-family: helvetica, arial, sans-serif;\"><strong>Cuarto Trimestre<br \/>\n<\/strong><\/span><\/td>\n<\/tr>\n<tr style=\"height: 84px;\">\n<td style=\"width: 24.9485%; height: 84px;\">\n<p>&nbsp;<\/p>\n<p><span style=\"color: #82193e;\"><a style=\"color: #82193e;\" href=\"https:\/\/transparencia.bahiadebanderas.gob.mx\/ARTICULO33\/XVI\/2021\/PRIMER%20TR%202021\/TESORERIA\/LTAIPEN_Art_33_Fr_XVI_b.xlsx\" target=\"_blank\" rel=\"noopener noreferrer\">Formato XVIb. Recursos P\u00fablicos Entregados a Sindicatos<\/a><\/span><\/td>\n<td style=\"width: 24.9485%; height: 84px;\">\n<p>&nbsp;<\/p>\n<p><span style=\"color: #82193e;\"><a style=\"color: #82193e;\" href=\"https:\/\/transparencia.bahiadebanderas.gob.mx\/ARTICULO33\/XVI\/2021\/SEGUNDO%20TR%202021\/TESORERIA\/LTAIPEN_Art_33_Fr_XVI_b%20ok.xlsx\" target=\"_blank\" rel=\"noopener noreferrer\">Formato XVIb. Recursos P\u00fablicos Entregados a Sindicatos<\/a><\/span><\/td>\n<td style=\"width: 24.9485%; height: 84px;\">\n<p>&nbsp;<\/p>\n<p><a href=\"https:\/\/transparencia.bahiadebanderas.gob.mx\/ARTICULO33\/XVI\/2021\/TERCER%20TR%202021\/TESORERIA\/LTAIPEN_Art_33_Fr_XVI_b.xlsx\"><span style=\"color: #82193e;\">Formato XVIb. Recursos P\u00fablicos Entregados a Sindicatos<\/span><\/a><\/td>\n<td style=\"width: 24.9485%; height: 84px;\">\n<p>&nbsp;<\/p>\n<p><a href=\"https:\/\/transparencia.bahiadebanderas.gob.mx\/ARTICULO33\/XVI\/2021\/CUARTO%20TR%202021\/TESORERIA\/LTAIPEN_Art_33_Fr_XVI_b.xlsx\"><span style=\"color: #82193e;\">Formato XVIb. Recursos P\u00fablicos Entregados a Sindicatos<\/span><\/a><\/td>\n<\/tr>\n<\/tbody>\n<\/table>\n<p><strong>\u00c1rea que genera la informaci\u00f3n: Direcci\u00f3n Jur\u00eddica\/ Tesorer\u00eda<br \/>\n<\/strong>[\/vc_column_text][\/vc_tta_section][\/vc_tta_accordion][\/vc_column][\/vc_row][\/vc_section][vc_row][vc_column][vc_column_text]<span style=\"color: #82193e;\"><strong>Per\u00edodo de actualizaci\u00f3n:<\/strong><\/span> trimestral<br \/>\n<span style=\"color: #82193e;\"><strong>Ultima actualizaci\u00f3n: <\/strong><\/span>\u00a027 de Enero de 2026[\/vc_column_text][\/vc_column][\/vc_row]<\/p>\n","protected":false},"excerpt":{"rendered":"<p>[vc_section][vc_row][vc_column][vc_tta_accordion active_section=\u00bb1&#8243;][vc_tta_section title=\u00bbEjercicio 2025&#8243; tab_id=\u00bb1619804976909-c4f62e4e-3236&#8243;][vc_column_text] Primer Trimestre Segundo Trimestre Tercer Trimestre Cuarto Trimestre Formato XVIa. Normatividad Laboral Formato XVIb. Recursos P\u00fablicos Entregados a Sindicatos Formato XVIa. Normatividad Laboral Formato XVIb. Recursos P\u00fablicos Entregados a Sindicatos S Formato XVIa. Normatividad Laboral Formato XVIb. Recursos P\u00fablicos Entregados a Sindicatos &nbsp; &nbsp; Formato XVIa. Normatividad Laboral Formato XVIb. [&hellip;]<\/p>\n","protected":false},"author":1,"featured_media":0,"parent":5733,"menu_order":0,"comment_status":"closed","ping_status":"closed","template":"","meta":{"footnotes":""},"class_list":["post-5915","page","type-page","status-publish","hentry"],"_links":{"self":[{"href":"https:\/\/transparencia.bahiadebanderas.gob.mx\/index.php?rest_route=\/wp\/v2\/pages\/5915","targetHints":{"allow":["GET"]}}],"collection":[{"href":"https:\/\/transparencia.bahiadebanderas.gob.mx\/index.php?rest_route=\/wp\/v2\/pages"}],"about":[{"href":"https:\/\/transparencia.bahiadebanderas.gob.mx\/index.php?rest_route=\/wp\/v2\/types\/page"}],"author":[{"embeddable":true,"href":"https:\/\/transparencia.bahiadebanderas.gob.mx\/index.php?rest_route=\/wp\/v2\/users\/1"}],"replies":[{"embeddable":true,"href":"https:\/\/transparencia.bahiadebanderas.gob.mx\/index.php?rest_route=%2Fwp%2Fv2%2Fcomments&post=5915"}],"version-history":[{"count":74,"href":"https:\/\/transparencia.bahiadebanderas.gob.mx\/index.php?rest_route=\/wp\/v2\/pages\/5915\/revisions"}],"predecessor-version":[{"id":21184,"href":"https:\/\/transparencia.bahiadebanderas.gob.mx\/index.php?rest_route=\/wp\/v2\/pages\/5915\/revisions\/21184"}],"up":[{"embeddable":true,"href":"https:\/\/transparencia.bahiadebanderas.gob.mx\/index.php?rest_route=\/wp\/v2\/pages\/5733"}],"wp:attachment":[{"href":"https:\/\/transparencia.bahiadebanderas.gob.mx\/index.php?rest_route=%2Fwp%2Fv2%2Fmedia&parent=5915"}],"curies":[{"name":"wp","href":"https:\/\/api.w.org\/{rel}","templated":true}]}}