{"id":5914,"date":"2019-01-25T13:39:10","date_gmt":"2019-01-25T19:39:10","guid":{"rendered":"http:\/\/dif.bahiadebanderas.gob.mx\/?page_id=5914"},"modified":"2026-02-11T15:55:51","modified_gmt":"2026-02-11T15:55:51","slug":"xv-la-informacion-de-los-programas-de-subsidios-estimulos-aportaciones-y-apoyos","status":"publish","type":"page","link":"https:\/\/transparencia.bahiadebanderas.gob.mx\/?page_id=5914","title":{"rendered":"XV. La informaci\u00f3n de los programas de subsidios, est\u00edmulos, aportaciones y apoyos, en el que se deber\u00e1 informar respecto de los programas de transferencia, de servicios, de infraestructura social y de subsidios."},"content":{"rendered":"<p>[vc_section][vc_row][vc_column width=\u00bb1\/4&#8243;][vc_column_text]<a href=\"https:\/\/transparencia.bahiadebanderas.gob.mx\/?page_id=15705\"><img decoding=\"async\" src=\"https:\/\/transparencia.bahiadebanderas.gob.mx\/wp-content\/uploads\/2018\/04\/gobierno-2025-sin-fondo.png\" \/><\/a>[\/vc_column_text][\/vc_column][\/vc_row][vc_row][vc_column width=\u00bb1\/4&#8243;][vc_column_text]<a href=\"https:\/\/transparencia.bahiadebanderas.gob.mx\/?page_id=15174\"><img loading=\"lazy\" decoding=\"async\" class=\"alignnone wp-image-15137 size-medium\" src=\"https:\/\/transparencia.bahiadebanderas.gob.mx\/wp-content\/uploads\/2024\/05\/Etiquetas-para-web-transparencia-08-1-300x135.png\" alt=\"\" width=\"300\" height=\"135\" srcset=\"https:\/\/transparencia.bahiadebanderas.gob.mx\/wp-content\/uploads\/2024\/05\/Etiquetas-para-web-transparencia-08-1-300x135.png 300w, https:\/\/transparencia.bahiadebanderas.gob.mx\/wp-content\/uploads\/2024\/05\/Etiquetas-para-web-transparencia-08-1-1024x459.png 1024w, https:\/\/transparencia.bahiadebanderas.gob.mx\/wp-content\/uploads\/2024\/05\/Etiquetas-para-web-transparencia-08-1-768x345.png 768w, https:\/\/transparencia.bahiadebanderas.gob.mx\/wp-content\/uploads\/2024\/05\/Etiquetas-para-web-transparencia-08-1-1536x689.png 1536w, https:\/\/transparencia.bahiadebanderas.gob.mx\/wp-content\/uploads\/2024\/05\/Etiquetas-para-web-transparencia-08-1.png 1703w\" sizes=\"auto, (max-width: 300px) 100vw, 300px\" \/><\/a>[\/vc_column_text][\/vc_column][vc_column width=\u00bb1\/4&#8243;][vc_column_text]<a href=\"https:\/\/transparencia.bahiadebanderas.gob.mx\/?page_id=9801\"><img loading=\"lazy\" decoding=\"async\" class=\"alignnone wp-image-15130 size-medium\" src=\"https:\/\/transparencia.bahiadebanderas.gob.mx\/wp-content\/uploads\/2024\/05\/Etiquetas-para-web-transparencia-07-300x135.png\" alt=\"\" width=\"300\" height=\"135\" srcset=\"https:\/\/transparencia.bahiadebanderas.gob.mx\/wp-content\/uploads\/2024\/05\/Etiquetas-para-web-transparencia-07-300x135.png 300w, https:\/\/transparencia.bahiadebanderas.gob.mx\/wp-content\/uploads\/2024\/05\/Etiquetas-para-web-transparencia-07-1024x459.png 1024w, https:\/\/transparencia.bahiadebanderas.gob.mx\/wp-content\/uploads\/2024\/05\/Etiquetas-para-web-transparencia-07-768x345.png 768w, https:\/\/transparencia.bahiadebanderas.gob.mx\/wp-content\/uploads\/2024\/05\/Etiquetas-para-web-transparencia-07-1536x689.png 1536w, https:\/\/transparencia.bahiadebanderas.gob.mx\/wp-content\/uploads\/2024\/05\/Etiquetas-para-web-transparencia-07.png 1703w\" sizes=\"auto, (max-width: 300px) 100vw, 300px\" \/><\/a>[\/vc_column_text][\/vc_column][vc_column width=\u00bb1\/4&#8243;][vc_column_text]<a href=\"https:\/\/transparencia.bahiadebanderas.gob.mx\/?page_id=10821\"><img loading=\"lazy\" decoding=\"async\" class=\"alignnone wp-image-15129 size-medium\" src=\"https:\/\/transparencia.bahiadebanderas.gob.mx\/wp-content\/uploads\/2024\/05\/Etiquetas-para-web-transparencia-06-300x135.png\" alt=\"\" width=\"300\" height=\"135\" srcset=\"https:\/\/transparencia.bahiadebanderas.gob.mx\/wp-content\/uploads\/2024\/05\/Etiquetas-para-web-transparencia-06-300x135.png 300w, https:\/\/transparencia.bahiadebanderas.gob.mx\/wp-content\/uploads\/2024\/05\/Etiquetas-para-web-transparencia-06-1024x460.png 1024w, https:\/\/transparencia.bahiadebanderas.gob.mx\/wp-content\/uploads\/2024\/05\/Etiquetas-para-web-transparencia-06-768x345.png 768w, https:\/\/transparencia.bahiadebanderas.gob.mx\/wp-content\/uploads\/2024\/05\/Etiquetas-para-web-transparencia-06-1536x689.png 1536w, https:\/\/transparencia.bahiadebanderas.gob.mx\/wp-content\/uploads\/2024\/05\/Etiquetas-para-web-transparencia-06.png 1702w\" sizes=\"auto, (max-width: 300px) 100vw, 300px\" \/><\/a>[\/vc_column_text][\/vc_column][vc_column width=\u00bb1\/4&#8243;][vc_column_text]<a href=\"https:\/\/transparencia.bahiadebanderas.gob.mx\/?page_id=9804\"><img loading=\"lazy\" decoding=\"async\" class=\"alignnone wp-image-15128 size-medium\" src=\"https:\/\/transparencia.bahiadebanderas.gob.mx\/wp-content\/uploads\/2024\/05\/Etiquetas-para-web-transparencia-05-300x135.png\" alt=\"\" width=\"300\" height=\"135\" srcset=\"https:\/\/transparencia.bahiadebanderas.gob.mx\/wp-content\/uploads\/2024\/05\/Etiquetas-para-web-transparencia-05-300x135.png 300w, https:\/\/transparencia.bahiadebanderas.gob.mx\/wp-content\/uploads\/2024\/05\/Etiquetas-para-web-transparencia-05-1024x460.png 1024w, https:\/\/transparencia.bahiadebanderas.gob.mx\/wp-content\/uploads\/2024\/05\/Etiquetas-para-web-transparencia-05-768x345.png 768w, https:\/\/transparencia.bahiadebanderas.gob.mx\/wp-content\/uploads\/2024\/05\/Etiquetas-para-web-transparencia-05-1536x689.png 1536w, https:\/\/transparencia.bahiadebanderas.gob.mx\/wp-content\/uploads\/2024\/05\/Etiquetas-para-web-transparencia-05.png 1702w\" sizes=\"auto, (max-width: 300px) 100vw, 300px\" \/><\/a>[\/vc_column_text][\/vc_column][\/vc_row][\/vc_section][vc_row][vc_column][vc_column_text]<span style=\"color: #82193e;\"><strong>Per\u00edodo de actualizaci\u00f3n:<\/strong><\/span> trimestral<br \/>\n<strong><span style=\"color: #82193e;\">\u00daltima actualizaci\u00f3n:<\/span><\/strong> 27 de Enero de 2026<br \/>\n<strong><span style=\"color: #82193e;\">Sujetos Obligados:<\/span><\/strong>\u00a0<span style=\"color: #333333;\">Desarrollo y bienestar social\/Tesorer\u00eda Municipal\/Subdirecci\u00f3n de Educaci\u00f3n\/Desarrollo Econ\u00f3mico\/Direcci\u00f3n de Turismo\/Desarrollo Rural\/Obras Publicas\/Instituto de la Juventud\/<\/span>[\/vc_column_text][\/vc_column][\/vc_row][vc_row][vc_column][\/vc_column][\/vc_row]<\/p>\n","protected":false},"excerpt":{"rendered":"<p>[vc_section][vc_row][vc_column width=\u00bb1\/4&#8243;][vc_column_text][\/vc_column_text][\/vc_column][\/vc_row][vc_row][vc_column width=\u00bb1\/4&#8243;][vc_column_text][\/vc_column_text][\/vc_column][vc_column width=\u00bb1\/4&#8243;][vc_column_text][\/vc_column_text][\/vc_column][vc_column width=\u00bb1\/4&#8243;][vc_column_text][\/vc_column_text][\/vc_column][vc_column width=\u00bb1\/4&#8243;][vc_column_text][\/vc_column_text][\/vc_column][\/vc_row][\/vc_section][vc_row][vc_column][vc_column_text]Per\u00edodo de actualizaci\u00f3n: trimestral \u00daltima actualizaci\u00f3n: 27 de Enero de 2026 Sujetos Obligados:\u00a0Desarrollo y bienestar social\/Tesorer\u00eda Municipal\/Subdirecci\u00f3n de Educaci\u00f3n\/Desarrollo Econ\u00f3mico\/Direcci\u00f3n de Turismo\/Desarrollo Rural\/Obras Publicas\/Instituto de la Juventud\/[\/vc_column_text][\/vc_column][\/vc_row][vc_row][vc_column][\/vc_column][\/vc_row]<\/p>\n","protected":false},"author":1,"featured_media":0,"parent":5733,"menu_order":0,"comment_status":"closed","ping_status":"closed","template":"","meta":{"footnotes":""},"class_list":["post-5914","page","type-page","status-publish","hentry"],"_links":{"self":[{"href":"https:\/\/transparencia.bahiadebanderas.gob.mx\/index.php?rest_route=\/wp\/v2\/pages\/5914","targetHints":{"allow":["GET"]}}],"collection":[{"href":"https:\/\/transparencia.bahiadebanderas.gob.mx\/index.php?rest_route=\/wp\/v2\/pages"}],"about":[{"href":"https:\/\/transparencia.bahiadebanderas.gob.mx\/index.php?rest_route=\/wp\/v2\/types\/page"}],"author":[{"embeddable":true,"href":"https:\/\/transparencia.bahiadebanderas.gob.mx\/index.php?rest_route=\/wp\/v2\/users\/1"}],"replies":[{"embeddable":true,"href":"https:\/\/transparencia.bahiadebanderas.gob.mx\/index.php?rest_route=%2Fwp%2Fv2%2Fcomments&post=5914"}],"version-history":[{"count":141,"href":"https:\/\/transparencia.bahiadebanderas.gob.mx\/index.php?rest_route=\/wp\/v2\/pages\/5914\/revisions"}],"predecessor-version":[{"id":21182,"href":"https:\/\/transparencia.bahiadebanderas.gob.mx\/index.php?rest_route=\/wp\/v2\/pages\/5914\/revisions\/21182"}],"up":[{"embeddable":true,"href":"https:\/\/transparencia.bahiadebanderas.gob.mx\/index.php?rest_route=\/wp\/v2\/pages\/5733"}],"wp:attachment":[{"href":"https:\/\/transparencia.bahiadebanderas.gob.mx\/index.php?rest_route=%2Fwp%2Fv2%2Fmedia&parent=5914"}],"curies":[{"name":"wp","href":"https:\/\/api.w.org\/{rel}","templated":true}]}}