{"id":5913,"date":"2019-01-25T13:36:09","date_gmt":"2019-01-25T19:36:09","guid":{"rendered":"http:\/\/dif.bahiadebanderas.gob.mx\/?page_id=5913"},"modified":"2026-02-06T18:52:32","modified_gmt":"2026-02-06T18:52:32","slug":"xiv-las-convocatorias-a-concursos-para-ocupar-cargos-publicos-y-los-resultados-de-los-mismos","status":"publish","type":"page","link":"https:\/\/transparencia.bahiadebanderas.gob.mx\/?page_id=5913","title":{"rendered":"XIV. Las convocatorias a concursos para ocupar cargos p\u00fablicos y los resultados de los mismos."},"content":{"rendered":"<p>[vc_section][vc_row][vc_column][vc_column_text]&nbsp;<\/p>\n<table style=\"height: 572px; width: 941px; background-color: #821a3e; border-style: solid;\">\n<tbody>\n<tr class=\"default-row\" style=\"height: 50px;\">\n<td style=\"width: 32.8085%; height: 50px;\"><span style=\"color: #ffffff;\"><strong>\u00c1REA QUE GENERA LA INFORMACI\u00d3N<\/strong><\/span><\/td>\n<td style=\"width: 16.6556%; height: 50px;\"><span style=\"color: #ffffff;\"><strong>PRIMER TRIMESTRE 2025<\/strong><\/span><\/td>\n<td style=\"width: 17.7341%; height: 50px;\"><span style=\"color: #ffffff;\"><strong>SEGUNDO TRIMESTRE 2025<\/strong><\/span><\/td>\n<td style=\"width: 16.0993%; height: 50px;\"><span style=\"color: #ffffff;\"><strong>TERCER TRIMESTRE 2025<\/strong><\/span><\/td>\n<td style=\"width: 16.5165%; height: 50px;\"><span style=\"color: #ffffff;\"><strong>CUARTO <\/strong><strong>TRIMESTRE 2025<\/strong><\/span><\/td>\n<\/tr>\n<tr class=\"default-row\" style=\"height: 150px;\">\n<td style=\"width: 32.8085%; height: 150px;\"><span style=\"color: #ffffff;\"><strong>Secretar\u00eda del Ayuntamiento<\/strong><\/span><\/td>\n<td style=\"width: 16.6556%; height: 150px;\"><span style=\"color: #ffffff;\">XIV. Concursos, Convocatorias, Invitaciones y\/o Avisos para Ocupar Cargos P\u00fablicos<\/span><\/td>\n<td style=\"width: 17.7341%; height: 150px;\"><span style=\"color: #ffffff;\">XIV. Concursos, Convocatorias, Invitaciones y\/o Avisos para Ocupar Cargos P\u00fablicos<\/span><\/td>\n<td style=\"width: 16.0993%; height: 150px;\"><span style=\"color: #ffffff;\">XIV. Concursos, Convocatorias, Invitaciones y\/o Avisos para Ocupar Cargos P\u00fablicos<\/span><\/td>\n<td style=\"width: 16.5165%; height: 150px;\"><span style=\"color: #ffffff;\">XIV. Concursos, Convocatorias, Invitaciones y\/o Avisos para Ocupar Cargos P\u00fablicos<\/span><\/td>\n<\/tr>\n<tr class=\"default-row\" style=\"height: 125px;\">\n<td style=\"width: 32.8085%; height: 125px;\"><span style=\"color: #ffffff;\"><strong>Direcci\u00f3n de Seguridad P\u00fablica y Tr\u00e1nsito<\/strong><\/span><\/td>\n<td style=\"width: 16.6556%; height: 125px;\"><a href=\"https:\/\/transparencia.bahiadebanderas.gob.mx\/wp-content\/uploads\/2018\/04\/LTAIPEN_Art_33_Fr_XIV.xlsx\"><span style=\"color: #ffffff;\">XIV. Concursos, Convocatorias, Invitaciones y\/o Avisos para Ocupar Cargos P\u00fablicos<\/span><\/a><\/td>\n<td style=\"width: 17.7341%; height: 125px;\">\u00a0<a href=\"https:\/\/transparencia.bahiadebanderas.gob.mx\/ARTICULO33\/XIV\/2025\/2DO%20TR%202025\/SEGURIDAD%20CUIDADANA\/LTAIPEN_Art_33_Fr_XIV.xlsx\"><span style=\"color: #ffffff;\">XIV. Concursos, Convocatorias, Invitaciones y\/o Avisos para Ocupar Cargos P\u00fablicos<\/span><\/a><\/td>\n<td style=\"width: 16.0993%; height: 125px;\">\u00a0<a href=\"https:\/\/transparencia.bahiadebanderas.gob.mx\/ARTICULO33\/XIV\/2025\/3ER%20TR%202025\/SPYT\/LTAIPEN_Art_33_Fr_XIV.xlsx\"><span style=\"color: #ffffff;\">XIV. Concursos, Convocatorias, Invitaciones y\/o Avisos para Ocupar Cargos P\u00fablicos<\/span><\/a><\/td>\n<td style=\"width: 16.5165%; height: 125px;\"><a href=\"https:\/\/transparencia.bahiadebanderas.gob.mx\/ARTICULO33\/XIV\/2025\/4TO%20TR%202025\/SEGURIDAD%20CIUDADANA\/LTAIPEN_Art_33_Fr_XIV.xlsx\"><span style=\"color: #ffffff;\">XIV. Concursos, Convocatorias, Invitaciones y\/o Avisos para Ocupar Cargos P\u00fablicos<\/span><\/a><\/td>\n<\/tr>\n<\/tbody>\n<\/table>\n<p>[\/vc_column_text][\/vc_column][\/vc_row][\/vc_section][vc_section][vc_row][vc_column][vc_column_text]&nbsp;<\/p>\n<table style=\"height: 325px; width: 100%; background-color: #821a3e; border-style: solid;\">\n<tbody>\n<tr class=\"default-row\" style=\"height: 50px;\">\n<td style=\"width: 32.8085%; height: 50px;\"><span style=\"color: #ffffff;\"><strong>\u00c1REA QUE GENERA LA INFORMACI\u00d3N<\/strong><\/span><\/td>\n<td style=\"width: 16.6556%; height: 50px;\"><span style=\"color: #ffffff;\"><strong>PRIMER TRIMESTRE 2024<\/strong><\/span><\/td>\n<td style=\"width: 17.7341%; height: 50px;\"><span style=\"color: #ffffff;\"><strong>SEGUNDO TRIMESTRE 2024<\/strong><\/span><\/td>\n<td style=\"width: 16.0993%; height: 50px;\"><span style=\"color: #ffffff;\"><strong>TERCER TRIMESTRE 2024<\/strong><\/span><\/td>\n<td style=\"width: 16.5165%; height: 50px;\"><span style=\"color: #ffffff;\"><strong>CUARTO <\/strong><strong>TRIMESTRE 2024<\/strong><\/span><\/td>\n<\/tr>\n<tr class=\"default-row\" style=\"height: 150px;\">\n<td style=\"width: 32.8085%; height: 150px;\"><span style=\"color: #ffffff;\"><strong>Secretar\u00eda del Ayuntamiento<\/strong><\/span><\/td>\n<td style=\"width: 16.6556%; height: 150px;\"><span style=\"color: #ffffff;\"><a style=\"color: #ffffff;\" href=\"https:\/\/transparencia.bahiadebanderas.gob.mx\/ARTICULO33\/XIV\/2024\/1ER%20TR%202024\/SECRETARIA\/LTAIPEN_Art_33_Fr_XIV.xlsx\">XIV. Concursos, Convocatorias, Invitaciones y\/o Avisos para Ocupar Cargos P\u00fablicos<\/a><\/span><\/td>\n<td style=\"width: 17.7341%; height: 150px;\"><span style=\"color: #ffffff;\"><a style=\"color: #ffffff;\" href=\"https:\/\/transparencia.bahiadebanderas.gob.mx\/ARTICULO33\/XIV\/2024\/2DO%20TR%202024\/SECRETARIA\/LTAIPEN_Art_33_Fr_XIV%20%281%29.xlsx\">XIV. Concursos, Convocatorias, Invitaciones y\/o Avisos para Ocupar Cargos P\u00fablicos<\/a><\/span><\/td>\n<td style=\"width: 16.0993%; height: 150px;\"><span style=\"color: #ffffff;\"><a style=\"color: #ffffff;\" href=\"https:\/\/transparencia.bahiadebanderas.gob.mx\/ARTICULO33\/XIV\/2024\/3ER%20TR%202024\/LTAIPEN_Art_33_Fr_XIV%20%281%29.xlsx\">XIV. Concursos, Convocatorias, Invitaciones y\/o Avisos para Ocupar Cargos P\u00fablicos<\/a><\/span><\/td>\n<td style=\"width: 16.5165%; height: 150px;\"><span style=\"color: #ffffff;\"><a style=\"color: #ffffff;\" href=\"https:\/\/transparencia.bahiadebanderas.gob.mx\/ARTICULO33\/XIV\/2024\/3ER%20TR%202024\/LTAIPEN_Art_33_Fr_XIV%20%281%29.xlsx\">XIV. Concursos, Convocatorias, Invitaciones y\/o Avisos para Ocupar Cargos P\u00fablicos<\/a><\/span><\/td>\n<\/tr>\n<tr class=\"default-row\" style=\"height: 125px;\">\n<td style=\"width: 32.8085%; height: 125px;\"><span style=\"color: #ffffff;\"><strong>Direcci\u00f3n de Seguridad P\u00fablica y Tr\u00e1nsito<\/strong><\/span><\/td>\n<td style=\"width: 16.6556%; height: 125px;\"><span style=\"color: #ffffff;\"><a style=\"color: #ffffff;\" href=\"https:\/\/transparencia.bahiadebanderas.gob.mx\/ARTICULO33\/XIV\/2024\/1ER%20TR%202024\/SEGURIDAD%20PUBLICA\/LTAIPEN_Art_33_Fr_XIV%20%281%29.xlsx\">XIV. Concursos, Convocatorias, Invitaciones y\/o Avisos para Ocupar Cargos P\u00fablicos<\/a><\/span><\/td>\n<td style=\"width: 17.7341%; height: 125px;\"><span style=\"color: #ffffff;\"><a style=\"color: #ffffff;\" href=\"https:\/\/transparencia.bahiadebanderas.gob.mx\/ARTICULO33\/XIV\/2024\/2DO%20TR%202024\/SEGURIDAD%20CIUDADANA\/LTAIPEN_Art_33_Fr_XIV.xlsx\">XIV. Concursos, Convocatorias, Invitaciones y\/o Avisos para Ocupar Cargos P\u00fablicos<\/a><\/span><\/td>\n<td style=\"width: 16.0993%; height: 125px;\"><span style=\"color: #ffffff;\"><a style=\"color: #ffffff;\" href=\"https:\/\/transparencia.bahiadebanderas.gob.mx\/ARTICULO33\/XIV\/2024\/3ER%20TR%202024\/SEGURIDAD%20CIUD\/LTAIPEN_Art_33_Fr_XIV%20%282%29.xlsx\">XIV. Concursos, Convocatorias, Invitaciones y\/o Avisos para Ocupar Cargos P\u00fablicos<\/a><\/span><\/td>\n<td style=\"width: 16.5165%; height: 125px;\"><span style=\"color: #ffffff;\"><a style=\"color: #ffffff;\" href=\"https:\/\/transparencia.bahiadebanderas.gob.mx\/ARTICULO33\/XIV\/2024\/4TO%20TR%202024\/SEGURIDAD%20CIUDADANA\/LTAIPEN_Art_33_Fr_XIV.xlsx\">XIV. Concursos, Convocatorias, Invitaciones y\/o Avisos para Ocupar Cargos P\u00fablicos<\/a><\/span><\/td>\n<\/tr>\n<\/tbody>\n<\/table>\n<p>[\/vc_column_text][\/vc_column][\/vc_row][\/vc_section][vc_row][vc_column][vc_column_text]<span style=\"color: #82193e;\"><strong>Per\u00edodo de actualizaci\u00f3n:<\/strong> <\/span>trimestral<br \/>\n<span style=\"color: #82193e;\"><strong>Ultima actualizaci\u00f3n:<\/strong><\/span> 27 de Enero de 2026<br \/>\n<span style=\"color: #82193e;\"><strong>\u00c1rea que Posee y Genera la Informaci\u00f3n:<\/strong> <\/span>Secretar\u00eda del Ayuntamiento\/Seguridad P\u00fablica[\/vc_column_text][\/vc_column][\/vc_row]<\/p>\n","protected":false},"excerpt":{"rendered":"<p>[vc_section][vc_row][vc_column][vc_column_text]&nbsp; \u00c1REA QUE GENERA LA INFORMACI\u00d3N PRIMER TRIMESTRE 2025 SEGUNDO TRIMESTRE 2025 TERCER TRIMESTRE 2025 CUARTO TRIMESTRE 2025 Secretar\u00eda del Ayuntamiento XIV. Concursos, Convocatorias, Invitaciones y\/o Avisos para Ocupar Cargos P\u00fablicos XIV. Concursos, Convocatorias, Invitaciones y\/o Avisos para Ocupar Cargos P\u00fablicos XIV. Concursos, Convocatorias, Invitaciones y\/o Avisos para Ocupar Cargos P\u00fablicos XIV. Concursos, Convocatorias, Invitaciones [&hellip;]<\/p>\n","protected":false},"author":1,"featured_media":0,"parent":5733,"menu_order":0,"comment_status":"closed","ping_status":"closed","template":"","meta":{"footnotes":""},"class_list":["post-5913","page","type-page","status-publish","hentry"],"_links":{"self":[{"href":"https:\/\/transparencia.bahiadebanderas.gob.mx\/index.php?rest_route=\/wp\/v2\/pages\/5913","targetHints":{"allow":["GET"]}}],"collection":[{"href":"https:\/\/transparencia.bahiadebanderas.gob.mx\/index.php?rest_route=\/wp\/v2\/pages"}],"about":[{"href":"https:\/\/transparencia.bahiadebanderas.gob.mx\/index.php?rest_route=\/wp\/v2\/types\/page"}],"author":[{"embeddable":true,"href":"https:\/\/transparencia.bahiadebanderas.gob.mx\/index.php?rest_route=\/wp\/v2\/users\/1"}],"replies":[{"embeddable":true,"href":"https:\/\/transparencia.bahiadebanderas.gob.mx\/index.php?rest_route=%2Fwp%2Fv2%2Fcomments&post=5913"}],"version-history":[{"count":65,"href":"https:\/\/transparencia.bahiadebanderas.gob.mx\/index.php?rest_route=\/wp\/v2\/pages\/5913\/revisions"}],"predecessor-version":[{"id":21176,"href":"https:\/\/transparencia.bahiadebanderas.gob.mx\/index.php?rest_route=\/wp\/v2\/pages\/5913\/revisions\/21176"}],"up":[{"embeddable":true,"href":"https:\/\/transparencia.bahiadebanderas.gob.mx\/index.php?rest_route=\/wp\/v2\/pages\/5733"}],"wp:attachment":[{"href":"https:\/\/transparencia.bahiadebanderas.gob.mx\/index.php?rest_route=%2Fwp%2Fv2%2Fmedia&parent=5913"}],"curies":[{"name":"wp","href":"https:\/\/api.w.org\/{rel}","templated":true}]}}