{"id":5907,"date":"2019-01-25T13:43:27","date_gmt":"2019-01-25T19:43:27","guid":{"rendered":"http:\/\/dif.bahiadebanderas.gob.mx\/?page_id=5907"},"modified":"2026-02-11T18:57:25","modified_gmt":"2026-02-11T18:57:25","slug":"xvii-la-informacion-curricular-desde-el-titular-del-sujeto-obligado-hasta-el-nivel-de-jefe-de-departamento-o-equivalente","status":"publish","type":"page","link":"https:\/\/transparencia.bahiadebanderas.gob.mx\/?page_id=5907","title":{"rendered":"XVII. La informaci\u00f3n curricular, desde el Titular del sujeto obligado hasta el nivel de jefe de departamento o equivalente."},"content":{"rendered":"<p>[vc_section][vc_row][vc_column][vc_tta_accordion active_section=\u00bb1&#8243; title=\u00bb2025&#8243;][vc_tta_section i_icon_fontawesome=\u00bbfa fa-calendar-check-o\u00bb add_icon=\u00bbtrue\u00bb title=\u00bb2025&#8243; tab_id=\u00bb1604428819160-d235cf8f-1f65&#8243;][vc_column_text]<a href=\"https:\/\/transparencia.bahiadebanderas.gob.mx\/ARTICULO33\/XVII\/2025\/4TO%20TR%202025\/RH\/LTAIPEN_Art_33_Fr_XVII.xlsx\"><span style=\"color: #82193e;\">Formarto XVII. Informaci\u00f3n Curricular y Sanciones de los(as) Servidores(as) P\u00fablicas(os)<\/span><\/a>[\/vc_column_text][\/vc_tta_section][\/vc_tta_accordion][\/vc_column][\/vc_row][\/vc_section][vc_section][vc_row][vc_column][vc_tta_accordion active_section=\u00bb1&#8243; title=\u00bb2024&#8243;][vc_tta_section i_icon_fontawesome=\u00bbfa fa-calendar-check-o\u00bb add_icon=\u00bbtrue\u00bb title=\u00bb2024&#8243; tab_id=\u00bb1744311051348-85d967ca-2fd9&#8243;][vc_column_text]<span style=\"color: #82193e;\"><a style=\"color: #82193e;\" href=\"https:\/\/transparencia.bahiadebanderas.gob.mx\/ARTICULO33\/XVII\/2024\/3ER%20TR%202024\/OFICIALIA%20MAYOR\/LTAIPEN_Art_33_Fr_XVII.xlsx\" target=\"_blank\" rel=\"noopener noreferrer\">Formarto XVII. Informaci\u00f3n Curricular y Sanciones de los(as) Servidores(as) P\u00fablicas(os)<\/a><\/span>[\/vc_column_text][\/vc_tta_section][\/vc_tta_accordion][\/vc_column][\/vc_row][\/vc_section][vc_row][vc_column][vc_column_text]<span style=\"color: #82193e;\"><strong>Per\u00edodo de actualizaci\u00f3n:<\/strong><\/span> trimestral<br \/>\n<span style=\"color: #82193e;\"><strong>Ultima actualizaci\u00f3n:\u00a0<\/strong> 27 de Enero de 2026<\/span><br \/>\n<span style=\"color: #82193e;\"><strong>\u00c1rea que genera la informaci\u00f3n:<\/strong><\/span> Oficial\u00eda Mayor Administrativa\/ RH[\/vc_column_text][\/vc_column][\/vc_row]<\/p>\n","protected":false},"excerpt":{"rendered":"<p>[vc_section][vc_row][vc_column][vc_tta_accordion active_section=\u00bb1&#8243; title=\u00bb2025&#8243;][vc_tta_section i_icon_fontawesome=\u00bbfa fa-calendar-check-o\u00bb add_icon=\u00bbtrue\u00bb title=\u00bb2025&#8243; tab_id=\u00bb1604428819160-d235cf8f-1f65&#8243;][vc_column_text]Formarto XVII. Informaci\u00f3n Curricular y Sanciones de los(as) Servidores(as) P\u00fablicas(os)[\/vc_column_text][\/vc_tta_section][\/vc_tta_accordion][\/vc_column][\/vc_row][\/vc_section][vc_section][vc_row][vc_column][vc_tta_accordion active_section=\u00bb1&#8243; title=\u00bb2024&#8243;][vc_tta_section i_icon_fontawesome=\u00bbfa fa-calendar-check-o\u00bb add_icon=\u00bbtrue\u00bb title=\u00bb2024&#8243; tab_id=\u00bb1744311051348-85d967ca-2fd9&#8243;][vc_column_text]Formarto XVII. Informaci\u00f3n Curricular y Sanciones de los(as) Servidores(as) P\u00fablicas(os)[\/vc_column_text][\/vc_tta_section][\/vc_tta_accordion][\/vc_column][\/vc_row][\/vc_section][vc_row][vc_column][vc_column_text]Per\u00edodo de actualizaci\u00f3n: trimestral Ultima actualizaci\u00f3n:\u00a0 27 de Enero de 2026 \u00c1rea que genera la informaci\u00f3n: Oficial\u00eda Mayor Administrativa\/ RH[\/vc_column_text][\/vc_column][\/vc_row]<\/p>\n","protected":false},"author":1,"featured_media":0,"parent":5733,"menu_order":0,"comment_status":"closed","ping_status":"closed","template":"","meta":{"footnotes":""},"class_list":["post-5907","page","type-page","status-publish","hentry"],"_links":{"self":[{"href":"https:\/\/transparencia.bahiadebanderas.gob.mx\/index.php?rest_route=\/wp\/v2\/pages\/5907","targetHints":{"allow":["GET"]}}],"collection":[{"href":"https:\/\/transparencia.bahiadebanderas.gob.mx\/index.php?rest_route=\/wp\/v2\/pages"}],"about":[{"href":"https:\/\/transparencia.bahiadebanderas.gob.mx\/index.php?rest_route=\/wp\/v2\/types\/page"}],"author":[{"embeddable":true,"href":"https:\/\/transparencia.bahiadebanderas.gob.mx\/index.php?rest_route=\/wp\/v2\/users\/1"}],"replies":[{"embeddable":true,"href":"https:\/\/transparencia.bahiadebanderas.gob.mx\/index.php?rest_route=%2Fwp%2Fv2%2Fcomments&post=5907"}],"version-history":[{"count":43,"href":"https:\/\/transparencia.bahiadebanderas.gob.mx\/index.php?rest_route=\/wp\/v2\/pages\/5907\/revisions"}],"predecessor-version":[{"id":21186,"href":"https:\/\/transparencia.bahiadebanderas.gob.mx\/index.php?rest_route=\/wp\/v2\/pages\/5907\/revisions\/21186"}],"up":[{"embeddable":true,"href":"https:\/\/transparencia.bahiadebanderas.gob.mx\/index.php?rest_route=\/wp\/v2\/pages\/5733"}],"wp:attachment":[{"href":"https:\/\/transparencia.bahiadebanderas.gob.mx\/index.php?rest_route=%2Fwp%2Fv2%2Fmedia&parent=5907"}],"curies":[{"name":"wp","href":"https:\/\/api.w.org\/{rel}","templated":true}]}}