{"id":5887,"date":"2019-01-25T12:50:04","date_gmt":"2019-01-25T18:50:04","guid":{"rendered":"http:\/\/dif.bahiadebanderas.gob.mx\/?page_id=5887"},"modified":"2026-03-27T15:47:15","modified_gmt":"2026-03-27T15:47:15","slug":"vii-directorio","status":"publish","type":"page","link":"https:\/\/transparencia.bahiadebanderas.gob.mx\/?page_id=5887","title":{"rendered":"VII. Directorio"},"content":{"rendered":"<p>[vc_row][vc_column css_animation=\u00bbnone\u00bb width=\u00bb1\/4&#8243;][vc_column_text]<a href=\"https:\/\/transparencia.bahiadebanderas.gob.mx\/?page_id=10059\"><img loading=\"lazy\" decoding=\"async\" class=\"alignnone size-medium wp-image-10336\" src=\"https:\/\/transparencia.bahiadebanderas.gob.mx\/wp-content\/uploads\/2021\/11\/1-3-300x90.png\" alt=\"\" width=\"300\" height=\"90\" srcset=\"https:\/\/transparencia.bahiadebanderas.gob.mx\/wp-content\/uploads\/2021\/11\/1-3-300x90.png 300w, https:\/\/transparencia.bahiadebanderas.gob.mx\/wp-content\/uploads\/2021\/11\/1-3.png 353w\" sizes=\"auto, (max-width: 300px) 100vw, 300px\" \/><\/a>[\/vc_column_text][\/vc_column][vc_column width=\u00bb1\/4&#8243;][vc_column_text]<a href=\"https:\/\/transparencia.bahiadebanderas.gob.mx\/?page_id=10064\"><img loading=\"lazy\" decoding=\"async\" class=\"alignnone size-medium wp-image-10337\" src=\"https:\/\/transparencia.bahiadebanderas.gob.mx\/wp-content\/uploads\/2021\/11\/2-1-300x90.png\" alt=\"\" width=\"300\" height=\"90\" srcset=\"https:\/\/transparencia.bahiadebanderas.gob.mx\/wp-content\/uploads\/2021\/11\/2-1-300x90.png 300w, https:\/\/transparencia.bahiadebanderas.gob.mx\/wp-content\/uploads\/2021\/11\/2-1.png 353w\" sizes=\"auto, (max-width: 300px) 100vw, 300px\" \/><\/a>[\/vc_column_text][\/vc_column][vc_column width=\u00bb1\/4&#8243;][vc_column_text]<a href=\"https:\/\/transparencia.bahiadebanderas.gob.mx\/?page_id=10068\"><img loading=\"lazy\" decoding=\"async\" class=\"alignnone size-medium wp-image-10338\" src=\"https:\/\/transparencia.bahiadebanderas.gob.mx\/wp-content\/uploads\/2021\/11\/3-1-300x90.png\" alt=\"\" width=\"300\" height=\"90\" srcset=\"https:\/\/transparencia.bahiadebanderas.gob.mx\/wp-content\/uploads\/2021\/11\/3-1-300x90.png 300w, https:\/\/transparencia.bahiadebanderas.gob.mx\/wp-content\/uploads\/2021\/11\/3-1.png 353w\" sizes=\"auto, (max-width: 300px) 100vw, 300px\" \/><\/a>[\/vc_column_text][\/vc_column][vc_column width=\u00bb1\/4&#8243;][vc_column_text]<a href=\"https:\/\/transparencia.bahiadebanderas.gob.mx\/?page_id=10071\"><img loading=\"lazy\" decoding=\"async\" class=\"alignnone size-medium wp-image-10339\" src=\"https:\/\/transparencia.bahiadebanderas.gob.mx\/wp-content\/uploads\/2021\/11\/4-1-300x90.png\" alt=\"\" width=\"300\" height=\"90\" srcset=\"https:\/\/transparencia.bahiadebanderas.gob.mx\/wp-content\/uploads\/2021\/11\/4-1-300x90.png 300w, https:\/\/transparencia.bahiadebanderas.gob.mx\/wp-content\/uploads\/2021\/11\/4-1.png 353w\" sizes=\"auto, (max-width: 300px) 100vw, 300px\" \/><\/a>[\/vc_column_text][\/vc_column][\/vc_row][vc_row][vc_column css_animation=\u00bbnone\u00bb width=\u00bb1\/4&#8243;][vc_column_text]<a href=\"https:\/\/transparencia.bahiadebanderas.gob.mx\/?page_id=10073\"><img loading=\"lazy\" decoding=\"async\" class=\"alignnone size-medium wp-image-10340\" src=\"https:\/\/transparencia.bahiadebanderas.gob.mx\/wp-content\/uploads\/2021\/11\/5-1-300x90.png\" alt=\"\" width=\"300\" height=\"90\" srcset=\"https:\/\/transparencia.bahiadebanderas.gob.mx\/wp-content\/uploads\/2021\/11\/5-1-300x90.png 300w, https:\/\/transparencia.bahiadebanderas.gob.mx\/wp-content\/uploads\/2021\/11\/5-1.png 353w\" sizes=\"auto, (max-width: 300px) 100vw, 300px\" \/><\/a>[\/vc_column_text][\/vc_column][vc_column width=\u00bb1\/4&#8243;][vc_column_text]<a href=\"https:\/\/transparencia.bahiadebanderas.gob.mx\/?page_id=10075\"><img loading=\"lazy\" decoding=\"async\" class=\"alignnone size-medium wp-image-10342\" src=\"https:\/\/transparencia.bahiadebanderas.gob.mx\/wp-content\/uploads\/2021\/11\/6-2-300x90.png\" alt=\"\" width=\"300\" height=\"90\" srcset=\"https:\/\/transparencia.bahiadebanderas.gob.mx\/wp-content\/uploads\/2021\/11\/6-2-300x90.png 300w, https:\/\/transparencia.bahiadebanderas.gob.mx\/wp-content\/uploads\/2021\/11\/6-2.png 353w\" sizes=\"auto, (max-width: 300px) 100vw, 300px\" \/><\/a>[\/vc_column_text][\/vc_column][vc_column width=\u00bb1\/4&#8243;][vc_column_text]<a href=\"https:\/\/transparencia.bahiadebanderas.gob.mx\/?page_id=10077\"><img loading=\"lazy\" decoding=\"async\" class=\"alignnone size-medium wp-image-10343\" src=\"https:\/\/transparencia.bahiadebanderas.gob.mx\/wp-content\/uploads\/2021\/11\/7-1-300x90.png\" alt=\"\" width=\"300\" height=\"90\" srcset=\"https:\/\/transparencia.bahiadebanderas.gob.mx\/wp-content\/uploads\/2021\/11\/7-1-300x90.png 300w, https:\/\/transparencia.bahiadebanderas.gob.mx\/wp-content\/uploads\/2021\/11\/7-1.png 353w\" sizes=\"auto, (max-width: 300px) 100vw, 300px\" \/><\/a>[\/vc_column_text][\/vc_column][vc_column width=\u00bb1\/4&#8243;][vc_column_text]<a href=\"https:\/\/transparencia.bahiadebanderas.gob.mx\/?page_id=10080\"><img loading=\"lazy\" decoding=\"async\" class=\"alignnone size-medium wp-image-10344\" src=\"https:\/\/transparencia.bahiadebanderas.gob.mx\/wp-content\/uploads\/2021\/11\/8-1-300x90.png\" alt=\"\" width=\"300\" height=\"90\" srcset=\"https:\/\/transparencia.bahiadebanderas.gob.mx\/wp-content\/uploads\/2021\/11\/8-1-300x90.png 300w, https:\/\/transparencia.bahiadebanderas.gob.mx\/wp-content\/uploads\/2021\/11\/8-1.png 353w\" sizes=\"auto, (max-width: 300px) 100vw, 300px\" \/><\/a>[\/vc_column_text][\/vc_column][\/vc_row][vc_row][vc_column css_animation=\u00bbnone\u00bb width=\u00bb1\/4&#8243;][vc_column_text]<a href=\"https:\/\/transparencia.bahiadebanderas.gob.mx\/?page_id=10083\"><img loading=\"lazy\" decoding=\"async\" class=\"alignnone size-medium wp-image-10345\" src=\"https:\/\/transparencia.bahiadebanderas.gob.mx\/wp-content\/uploads\/2021\/11\/9-1-300x90.png\" alt=\"\" width=\"300\" height=\"90\" srcset=\"https:\/\/transparencia.bahiadebanderas.gob.mx\/wp-content\/uploads\/2021\/11\/9-1-300x90.png 300w, https:\/\/transparencia.bahiadebanderas.gob.mx\/wp-content\/uploads\/2021\/11\/9-1.png 353w\" sizes=\"auto, (max-width: 300px) 100vw, 300px\" \/><\/a>[\/vc_column_text][\/vc_column][vc_column width=\u00bb1\/4&#8243;][vc_column_text]<a href=\"https:\/\/transparencia.bahiadebanderas.gob.mx\/?page_id=10085\"><img loading=\"lazy\" decoding=\"async\" class=\"alignnone size-medium wp-image-10346\" src=\"https:\/\/transparencia.bahiadebanderas.gob.mx\/wp-content\/uploads\/2021\/11\/10-1-300x90.png\" alt=\"\" width=\"300\" height=\"90\" srcset=\"https:\/\/transparencia.bahiadebanderas.gob.mx\/wp-content\/uploads\/2021\/11\/10-1-300x90.png 300w, https:\/\/transparencia.bahiadebanderas.gob.mx\/wp-content\/uploads\/2021\/11\/10-1.png 353w\" sizes=\"auto, (max-width: 300px) 100vw, 300px\" \/><\/a>[\/vc_column_text][\/vc_column][vc_column width=\u00bb1\/4&#8243;][vc_column_text]<a href=\"https:\/\/transparencia.bahiadebanderas.gob.mx\/?page_id=10087\"><img loading=\"lazy\" decoding=\"async\" class=\"alignnone size-medium wp-image-10347\" src=\"https:\/\/transparencia.bahiadebanderas.gob.mx\/wp-content\/uploads\/2021\/11\/11-1-300x90.png\" alt=\"\" width=\"300\" height=\"90\" srcset=\"https:\/\/transparencia.bahiadebanderas.gob.mx\/wp-content\/uploads\/2021\/11\/11-1-300x90.png 300w, https:\/\/transparencia.bahiadebanderas.gob.mx\/wp-content\/uploads\/2021\/11\/11-1.png 353w\" sizes=\"auto, (max-width: 300px) 100vw, 300px\" \/><\/a>[\/vc_column_text][\/vc_column][vc_column width=\u00bb1\/4&#8243;][vc_column_text]<a href=\"https:\/\/transparencia.bahiadebanderas.gob.mx\/?page_id=10091\"><img loading=\"lazy\" decoding=\"async\" class=\"alignnone size-medium wp-image-10348\" src=\"https:\/\/transparencia.bahiadebanderas.gob.mx\/wp-content\/uploads\/2021\/11\/12-1-300x90.png\" alt=\"\" width=\"300\" height=\"90\" srcset=\"https:\/\/transparencia.bahiadebanderas.gob.mx\/wp-content\/uploads\/2021\/11\/12-1-300x90.png 300w, https:\/\/transparencia.bahiadebanderas.gob.mx\/wp-content\/uploads\/2021\/11\/12-1.png 353w\" sizes=\"auto, (max-width: 300px) 100vw, 300px\" \/><\/a>[\/vc_column_text][\/vc_column][\/vc_row][vc_row][vc_column css_animation=\u00bbnone\u00bb width=\u00bb1\/4&#8243;][vc_column_text]<a href=\"https:\/\/transparencia.bahiadebanderas.gob.mx\/?page_id=10094\"><img loading=\"lazy\" decoding=\"async\" class=\"alignnone size-medium wp-image-10349\" src=\"https:\/\/transparencia.bahiadebanderas.gob.mx\/wp-content\/uploads\/2021\/11\/13-1-300x90.png\" alt=\"\" width=\"300\" height=\"90\" srcset=\"https:\/\/transparencia.bahiadebanderas.gob.mx\/wp-content\/uploads\/2021\/11\/13-1-300x90.png 300w, https:\/\/transparencia.bahiadebanderas.gob.mx\/wp-content\/uploads\/2021\/11\/13-1.png 353w\" sizes=\"auto, (max-width: 300px) 100vw, 300px\" \/><\/a>[\/vc_column_text][\/vc_column][vc_column width=\u00bb1\/4&#8243;][vc_column_text]<a href=\"https:\/\/transparencia.bahiadebanderas.gob.mx\/?page_id=10096\"><img loading=\"lazy\" decoding=\"async\" class=\"alignnone size-medium wp-image-10350\" src=\"https:\/\/transparencia.bahiadebanderas.gob.mx\/wp-content\/uploads\/2021\/11\/14-1-300x90.png\" alt=\"\" width=\"300\" height=\"90\" srcset=\"https:\/\/transparencia.bahiadebanderas.gob.mx\/wp-content\/uploads\/2021\/11\/14-1-300x90.png 300w, https:\/\/transparencia.bahiadebanderas.gob.mx\/wp-content\/uploads\/2021\/11\/14-1.png 353w\" sizes=\"auto, (max-width: 300px) 100vw, 300px\" \/><\/a>[\/vc_column_text][\/vc_column][vc_column width=\u00bb1\/4&#8243;][vc_column_text]<a href=\"https:\/\/transparencia.bahiadebanderas.gob.mx\/?page_id=10098\"><img loading=\"lazy\" decoding=\"async\" class=\"alignnone size-medium wp-image-10351\" src=\"https:\/\/transparencia.bahiadebanderas.gob.mx\/wp-content\/uploads\/2021\/11\/15-1-300x90.png\" alt=\"\" width=\"300\" height=\"90\" srcset=\"https:\/\/transparencia.bahiadebanderas.gob.mx\/wp-content\/uploads\/2021\/11\/15-1-300x90.png 300w, https:\/\/transparencia.bahiadebanderas.gob.mx\/wp-content\/uploads\/2021\/11\/15-1.png 353w\" sizes=\"auto, (max-width: 300px) 100vw, 300px\" \/><\/a>[\/vc_column_text][\/vc_column][vc_column width=\u00bb1\/4&#8243;][vc_column_text]<a href=\"https:\/\/transparencia.bahiadebanderas.gob.mx\/?page_id=10249\"><img loading=\"lazy\" decoding=\"async\" class=\"alignnone size-medium wp-image-10352\" src=\"https:\/\/transparencia.bahiadebanderas.gob.mx\/wp-content\/uploads\/2021\/11\/16-1-300x90.png\" alt=\"\" width=\"300\" height=\"90\" srcset=\"https:\/\/transparencia.bahiadebanderas.gob.mx\/wp-content\/uploads\/2021\/11\/16-1-300x90.png 300w, https:\/\/transparencia.bahiadebanderas.gob.mx\/wp-content\/uploads\/2021\/11\/16-1.png 353w\" sizes=\"auto, (max-width: 300px) 100vw, 300px\" \/><\/a>[\/vc_column_text][\/vc_column][\/vc_row][vc_row][vc_column css_animation=\u00bbnone\u00bb width=\u00bb1\/4&#8243;][vc_column_text]<a href=\"https:\/\/transparencia.bahiadebanderas.gob.mx\/?page_id=10255\"><img loading=\"lazy\" decoding=\"async\" class=\"alignnone size-medium wp-image-10353\" src=\"https:\/\/transparencia.bahiadebanderas.gob.mx\/wp-content\/uploads\/2021\/11\/17-1-300x90.png\" alt=\"\" width=\"300\" height=\"90\" srcset=\"https:\/\/transparencia.bahiadebanderas.gob.mx\/wp-content\/uploads\/2021\/11\/17-1-300x90.png 300w, https:\/\/transparencia.bahiadebanderas.gob.mx\/wp-content\/uploads\/2021\/11\/17-1.png 353w\" sizes=\"auto, (max-width: 300px) 100vw, 300px\" \/><\/a>[\/vc_column_text][\/vc_column][vc_column width=\u00bb1\/4&#8243;][vc_column_text]<a href=\"https:\/\/transparencia.bahiadebanderas.gob.mx\/?page_id=10261\"><img loading=\"lazy\" decoding=\"async\" class=\"alignnone size-medium wp-image-21272\" src=\"https:\/\/transparencia.bahiadebanderas.gob.mx\/wp-content\/uploads\/2026\/03\/WhatsApp-Image-2026-03-27-at-10.40.07-AM-300x115.jpeg\" alt=\"\" width=\"300\" height=\"115\" srcset=\"https:\/\/transparencia.bahiadebanderas.gob.mx\/wp-content\/uploads\/2026\/03\/WhatsApp-Image-2026-03-27-at-10.40.07-AM-300x115.jpeg 300w, https:\/\/transparencia.bahiadebanderas.gob.mx\/wp-content\/uploads\/2026\/03\/WhatsApp-Image-2026-03-27-at-10.40.07-AM-1024x392.jpeg 1024w, https:\/\/transparencia.bahiadebanderas.gob.mx\/wp-content\/uploads\/2026\/03\/WhatsApp-Image-2026-03-27-at-10.40.07-AM-768x294.jpeg 768w, https:\/\/transparencia.bahiadebanderas.gob.mx\/wp-content\/uploads\/2026\/03\/WhatsApp-Image-2026-03-27-at-10.40.07-AM.jpeg 1500w\" sizes=\"auto, (max-width: 300px) 100vw, 300px\" \/><\/a>[\/vc_column_text][\/vc_column][vc_column width=\u00bb1\/4&#8243;][\/vc_column][vc_column width=\u00bb1\/4&#8243;][\/vc_column][\/vc_row][vc_row][vc_column][vc_column_text]<span style=\"font-size: 12pt;\"><strong>Directorio<\/strong><\/span><\/p>\n<p><a href=\"https:\/\/transparencia.bahiadebanderas.gob.mx\/ARTICULO33\/VII\/2025\/4TO%20TR%202025\/RH\/LTAIPEN_Art_33_Fr_VII.xlsx\"><span style=\"color: #82193e;\">Formato VII. Directorio<\/span><\/a>[\/vc_column_text][\/vc_column][\/vc_row][vc_row][vc_column][vc_column_text]<span style=\"color: #82193e;\"><strong>Per\u00edodo de actualizaci\u00f3n:<\/strong> <\/span>trimestral<br \/>\n<span style=\"color: #82193e;\"><strong>Ultima actualizaci\u00f3n:<\/strong><\/span> 27 de Ene de 2026<br \/>\n<span style=\"color: #82193e;\"><strong>\u00c1rea que genera la informaci\u00f3n:<\/strong><\/span> Oficial\u00eda Mayor Administrativa\/ RRHH[\/vc_column_text][\/vc_column][\/vc_row][vc_row][vc_column][vc_column_text][penci_recent_review block_id=\u00bbpenci_recent_review-1614705089650&#8243;][\/vc_column_text][\/vc_column][\/vc_row]<\/p>\n","protected":false},"excerpt":{"rendered":"<p>[vc_row][vc_column css_animation=\u00bbnone\u00bb width=\u00bb1\/4&#8243;][vc_column_text][\/vc_column_text][\/vc_column][vc_column width=\u00bb1\/4&#8243;][vc_column_text][\/vc_column_text][\/vc_column][vc_column width=\u00bb1\/4&#8243;][vc_column_text][\/vc_column_text][\/vc_column][vc_column width=\u00bb1\/4&#8243;][vc_column_text][\/vc_column_text][\/vc_column][\/vc_row][vc_row][vc_column css_animation=\u00bbnone\u00bb width=\u00bb1\/4&#8243;][vc_column_text][\/vc_column_text][\/vc_column][vc_column width=\u00bb1\/4&#8243;][vc_column_text][\/vc_column_text][\/vc_column][vc_column width=\u00bb1\/4&#8243;][vc_column_text][\/vc_column_text][\/vc_column][vc_column width=\u00bb1\/4&#8243;][vc_column_text][\/vc_column_text][\/vc_column][\/vc_row][vc_row][vc_column css_animation=\u00bbnone\u00bb width=\u00bb1\/4&#8243;][vc_column_text][\/vc_column_text][\/vc_column][vc_column width=\u00bb1\/4&#8243;][vc_column_text][\/vc_column_text][\/vc_column][vc_column width=\u00bb1\/4&#8243;][vc_column_text][\/vc_column_text][\/vc_column][vc_column width=\u00bb1\/4&#8243;][vc_column_text][\/vc_column_text][\/vc_column][\/vc_row][vc_row][vc_column css_animation=\u00bbnone\u00bb width=\u00bb1\/4&#8243;][vc_column_text][\/vc_column_text][\/vc_column][vc_column width=\u00bb1\/4&#8243;][vc_column_text][\/vc_column_text][\/vc_column][vc_column width=\u00bb1\/4&#8243;][vc_column_text][\/vc_column_text][\/vc_column][vc_column width=\u00bb1\/4&#8243;][vc_column_text][\/vc_column_text][\/vc_column][\/vc_row][vc_row][vc_column css_animation=\u00bbnone\u00bb width=\u00bb1\/4&#8243;][vc_column_text][\/vc_column_text][\/vc_column][vc_column width=\u00bb1\/4&#8243;][vc_column_text][\/vc_column_text][\/vc_column][vc_column width=\u00bb1\/4&#8243;][\/vc_column][vc_column width=\u00bb1\/4&#8243;][\/vc_column][\/vc_row][vc_row][vc_column][vc_column_text]Directorio Formato VII. Directorio[\/vc_column_text][\/vc_column][\/vc_row][vc_row][vc_column][vc_column_text]Per\u00edodo de actualizaci\u00f3n: trimestral Ultima actualizaci\u00f3n: 27 de Ene de 2026 \u00c1rea que genera la informaci\u00f3n: Oficial\u00eda Mayor Administrativa\/ RRHH[\/vc_column_text][\/vc_column][\/vc_row][vc_row][vc_column][vc_column_text][penci_recent_review block_id=\u00bbpenci_recent_review-1614705089650&#8243;][\/vc_column_text][\/vc_column][\/vc_row]<\/p>\n","protected":false},"author":1,"featured_media":0,"parent":5733,"menu_order":0,"comment_status":"closed","ping_status":"closed","template":"","meta":{"footnotes":""},"class_list":["post-5887","page","type-page","status-publish","hentry"],"_links":{"self":[{"href":"https:\/\/transparencia.bahiadebanderas.gob.mx\/index.php?rest_route=\/wp\/v2\/pages\/5887","targetHints":{"allow":["GET"]}}],"collection":[{"href":"https:\/\/transparencia.bahiadebanderas.gob.mx\/index.php?rest_route=\/wp\/v2\/pages"}],"about":[{"href":"https:\/\/transparencia.bahiadebanderas.gob.mx\/index.php?rest_route=\/wp\/v2\/types\/page"}],"author":[{"embeddable":true,"href":"https:\/\/transparencia.bahiadebanderas.gob.mx\/index.php?rest_route=\/wp\/v2\/users\/1"}],"replies":[{"embeddable":true,"href":"https:\/\/transparencia.bahiadebanderas.gob.mx\/index.php?rest_route=%2Fwp%2Fv2%2Fcomments&post=5887"}],"version-history":[{"count":294,"href":"https:\/\/transparencia.bahiadebanderas.gob.mx\/index.php?rest_route=\/wp\/v2\/pages\/5887\/revisions"}],"predecessor-version":[{"id":21273,"href":"https:\/\/transparencia.bahiadebanderas.gob.mx\/index.php?rest_route=\/wp\/v2\/pages\/5887\/revisions\/21273"}],"up":[{"embeddable":true,"href":"https:\/\/transparencia.bahiadebanderas.gob.mx\/index.php?rest_route=\/wp\/v2\/pages\/5733"}],"wp:attachment":[{"href":"https:\/\/transparencia.bahiadebanderas.gob.mx\/index.php?rest_route=%2Fwp%2Fv2%2Fmedia&parent=5887"}],"curies":[{"name":"wp","href":"https:\/\/api.w.org\/{rel}","templated":true}]}}