{"id":5719,"date":"2018-11-12T13:25:56","date_gmt":"2018-11-12T19:25:56","guid":{"rendered":"http:\/\/dif.bahiadebanderas.gob.mx\/?page_id=5719"},"modified":"2025-06-27T15:34:59","modified_gmt":"2025-06-27T15:34:59","slug":"transparencia-2-2","status":"publish","type":"page","link":"https:\/\/transparencia.bahiadebanderas.gob.mx\/?page_id=5719","title":{"rendered":"TRANSPARENCIA"},"content":{"rendered":"<p>[vc_row][vc_column][vc_column_text]<\/p>\n<div class=\"fw-heading fw-heading-left tf-sh-97f7768851856388eded9a364dbca72d\">\n<h4 class=\"fw-special-title\"><\/h4>\n<\/div>\n<div class=\"fw-text-box tf-sh-25d5e3fc050e2f724ce650fcd481a8eb fw-animated-element animated zoomIn fill-mode-none\" data-animation-type=\"zoomIn\" data-animation-delay=\"100\">\n<div class=\"fw-text-inner\">\n<p align=\"justify\">Las Obligaciones Generales de Transparencia del H. Ayuntamiento de Bah\u00eda de Banderas, Nay., ser\u00e1n p\u00fablicas conforme al art\u00edculo 33 de la Ley de Transparencia y Acceso a la Informaci\u00f3n P\u00fablica del Estado de Nayarit, en apego a los Lineamientos T\u00e9cnicos Generales para la publicaci\u00f3n, homologaci\u00f3n y estandarizaci\u00f3n de la informaci\u00f3n de las obligaciones establecidas en el T\u00edtulo Quinto y en la fracci\u00f3n IV del art\u00edculo 31 de la Ley General de Transparencia y Acceso a la Informaci\u00f3n P\u00fablica.<\/p>\n<\/div>\n<\/div>\n<p>[\/vc_column_text][vc_separator color=\u00bbpurple\u00bb][\/vc_column][\/vc_row][vc_row][vc_column width=\u00bb2\/3&#8243;][vc_single_image image=\u00bb7681&#8243; img_size=\u00bbmedium\u00bb][\/vc_column][vc_column width=\u00bb1\/3&#8243;][vc_column_text]<a href=\"https:\/\/transparencia.bahiadebanderas.gob.mx\/?page_id=5733\"><img loading=\"lazy\" decoding=\"async\" class=\"aligncenter wp-image-16172 size-medium\" src=\"https:\/\/transparencia.bahiadebanderas.gob.mx\/wp-content\/uploads\/2025\/06\/articulo-33-300x109.png\" alt=\"\" width=\"300\" height=\"109\" srcset=\"https:\/\/transparencia.bahiadebanderas.gob.mx\/wp-content\/uploads\/2025\/06\/articulo-33-300x109.png 300w, https:\/\/transparencia.bahiadebanderas.gob.mx\/wp-content\/uploads\/2025\/06\/articulo-33-1024x371.png 1024w, https:\/\/transparencia.bahiadebanderas.gob.mx\/wp-content\/uploads\/2025\/06\/articulo-33-768x278.png 768w, https:\/\/transparencia.bahiadebanderas.gob.mx\/wp-content\/uploads\/2025\/06\/articulo-33.png 1048w\" sizes=\"auto, (max-width: 300px) 100vw, 300px\" \/><\/a><\/p>\n<p>&nbsp;<\/p>\n<h2><a href=\"https:\/\/transparencia.bahiadebanderas.gob.mx\/?page_id=7045\"><img loading=\"lazy\" decoding=\"async\" class=\"aligncenter wp-image-16173 size-medium\" src=\"https:\/\/transparencia.bahiadebanderas.gob.mx\/wp-content\/uploads\/2025\/06\/articulo-39-300x109.png\" alt=\"\" width=\"300\" height=\"109\" srcset=\"https:\/\/transparencia.bahiadebanderas.gob.mx\/wp-content\/uploads\/2025\/06\/articulo-39-300x109.png 300w, https:\/\/transparencia.bahiadebanderas.gob.mx\/wp-content\/uploads\/2025\/06\/articulo-39-1024x371.png 1024w, https:\/\/transparencia.bahiadebanderas.gob.mx\/wp-content\/uploads\/2025\/06\/articulo-39-768x278.png 768w, https:\/\/transparencia.bahiadebanderas.gob.mx\/wp-content\/uploads\/2025\/06\/articulo-39.png 1048w\" sizes=\"auto, (max-width: 300px) 100vw, 300px\" \/><\/a><\/h2>\n<p>[\/vc_column_text][\/vc_column][\/vc_row]<\/p>\n","protected":false},"excerpt":{"rendered":"<p>[vc_row][vc_column][vc_column_text] Las Obligaciones Generales de Transparencia del H. Ayuntamiento de Bah\u00eda de Banderas, Nay., ser\u00e1n p\u00fablicas conforme al art\u00edculo 33 de la Ley de Transparencia y Acceso a la Informaci\u00f3n P\u00fablica del Estado de Nayarit, en apego a los Lineamientos T\u00e9cnicos Generales para la publicaci\u00f3n, homologaci\u00f3n y estandarizaci\u00f3n de la informaci\u00f3n de las obligaciones establecidas [&hellip;]<\/p>\n","protected":false},"author":1,"featured_media":0,"parent":0,"menu_order":0,"comment_status":"closed","ping_status":"closed","template":"","meta":{"footnotes":""},"class_list":["post-5719","page","type-page","status-publish","hentry"],"_links":{"self":[{"href":"https:\/\/transparencia.bahiadebanderas.gob.mx\/index.php?rest_route=\/wp\/v2\/pages\/5719","targetHints":{"allow":["GET"]}}],"collection":[{"href":"https:\/\/transparencia.bahiadebanderas.gob.mx\/index.php?rest_route=\/wp\/v2\/pages"}],"about":[{"href":"https:\/\/transparencia.bahiadebanderas.gob.mx\/index.php?rest_route=\/wp\/v2\/types\/page"}],"author":[{"embeddable":true,"href":"https:\/\/transparencia.bahiadebanderas.gob.mx\/index.php?rest_route=\/wp\/v2\/users\/1"}],"replies":[{"embeddable":true,"href":"https:\/\/transparencia.bahiadebanderas.gob.mx\/index.php?rest_route=%2Fwp%2Fv2%2Fcomments&post=5719"}],"version-history":[{"count":11,"href":"https:\/\/transparencia.bahiadebanderas.gob.mx\/index.php?rest_route=\/wp\/v2\/pages\/5719\/revisions"}],"predecessor-version":[{"id":16175,"href":"https:\/\/transparencia.bahiadebanderas.gob.mx\/index.php?rest_route=\/wp\/v2\/pages\/5719\/revisions\/16175"}],"wp:attachment":[{"href":"https:\/\/transparencia.bahiadebanderas.gob.mx\/index.php?rest_route=%2Fwp%2Fv2%2Fmedia&parent=5719"}],"curies":[{"name":"wp","href":"https:\/\/api.w.org\/{rel}","templated":true}]}}