{"id":5547,"date":"2018-09-27T11:20:15","date_gmt":"2018-09-27T17:20:15","guid":{"rendered":"http:\/\/dif.bahiadebanderas.gob.mx\/?page_id=5547"},"modified":"2018-09-27T11:20:15","modified_gmt":"2018-09-27T17:20:15","slug":"directorio","status":"publish","type":"page","link":"https:\/\/transparencia.bahiadebanderas.gob.mx\/?page_id=5547","title":{"rendered":"DIRECTORIO"},"content":{"rendered":"<table width=\"524\">\n<tbody>\n<tr>\n<td style=\"text-align: center;\" width=\"305\"><strong>DEPENDENCIA\/\u00c1REA<\/strong><\/td>\n<td style=\"text-align: center;\" width=\"123\"><strong>TEL\u00c9FONO DIRECTO<\/strong><\/td>\n<td style=\"text-align: center;\" width=\"96\"><strong>EXTENSI\u00d3N<\/strong><\/td>\n<\/tr>\n<tr>\n<td>DIRECCI\u00d3N<\/td>\n<td style=\"text-align: center;\">3292911871<\/td>\n<td style=\"text-align: center;\">850<\/td>\n<\/tr>\n<tr>\n<td>ADMINISTRADOR GENERAL<\/td>\n<td style=\"text-align: center;\">3292911871<\/td>\n<td style=\"text-align: center;\">855<\/td>\n<\/tr>\n<tr>\n<td>COORDINACI\u00d3N GENERAL<\/td>\n<td style=\"text-align: center;\">3292911871<\/td>\n<td style=\"text-align: center;\">850<\/td>\n<\/tr>\n<tr>\n<td>COORDINACI\u00d3N DE TRABAJO SOCIAL Y DISCAPACIDAD<\/td>\n<td style=\"text-align: center;\">3292911871<\/td>\n<td style=\"text-align: center;\">853<\/td>\n<\/tr>\n<tr>\n<td>COORDINACI\u00d3N DE COMUNICACI\u00d3N SOCIAL<\/td>\n<td style=\"text-align: center;\">3292911871<\/td>\n<td style=\"text-align: center;\">853<\/td>\n<\/tr>\n<tr>\n<td>COORDINACI\u00d3N DE PSICOLOG\u00cdA<\/td>\n<td style=\"text-align: center;\">3292911871<\/td>\n<td style=\"text-align: center;\">859<\/td>\n<\/tr>\n<tr>\n<td>COORDINACI\u00d3N DE ASISTENCIA MEDICA Y SALUD<\/td>\n<td style=\"text-align: center;\">3292911871<\/td>\n<td style=\"text-align: center;\">853<\/td>\n<\/tr>\n<tr>\n<td>COORDINACI\u00d3N DE ALIMENTACI\u00d3N<\/td>\n<td style=\"text-align: center;\">3292911871<\/td>\n<td style=\"text-align: center;\">853<\/td>\n<\/tr>\n<tr>\n<td>COORDINACI\u00d3N DE UNIDAD B\u00c1SICA DE REHABILITACI\u00d3N<\/td>\n<td style=\"text-align: center;\">3292911871<\/td>\n<td style=\"text-align: center;\">862<\/td>\n<\/tr>\n<tr>\n<td>COORDINACI\u00d3N DE ATENCI\u00d3N Y PROTECCI\u00d3N AL ADULTO MAYOR<\/td>\n<td style=\"text-align: center;\">3292911871<\/td>\n<td style=\"text-align: center;\">853<\/td>\n<\/tr>\n<tr>\n<td width=\"305\">COORDINACI\u00d3N DE PROGRAMA DE ATENCI\u00d3N Y MENORES EN RIESGO<\/td>\n<td style=\"text-align: center;\">3292911871<\/td>\n<td style=\"text-align: center;\">853<\/td>\n<\/tr>\n<tr>\n<td>COORDINACI\u00d3N DE EDUCACI\u00d3N Y TALLERES<\/td>\n<td style=\"text-align: center;\">3292911871<\/td>\n<td style=\"text-align: center;\">853<\/td>\n<\/tr>\n<\/tbody>\n<\/table>\n","protected":false},"excerpt":{"rendered":"<p>DEPENDENCIA\/\u00c1REA TEL\u00c9FONO DIRECTO EXTENSI\u00d3N DIRECCI\u00d3N 3292911871 850 ADMINISTRADOR GENERAL 3292911871 855 COORDINACI\u00d3N GENERAL 3292911871 850 COORDINACI\u00d3N DE TRABAJO SOCIAL Y DISCAPACIDAD 3292911871 853 COORDINACI\u00d3N DE COMUNICACI\u00d3N SOCIAL 3292911871 853 COORDINACI\u00d3N DE PSICOLOG\u00cdA 3292911871 859 COORDINACI\u00d3N DE ASISTENCIA MEDICA Y SALUD 3292911871 853 COORDINACI\u00d3N DE ALIMENTACI\u00d3N 3292911871 853 COORDINACI\u00d3N DE UNIDAD B\u00c1SICA DE REHABILITACI\u00d3N 3292911871 862 [&hellip;]<\/p>\n","protected":false},"author":1,"featured_media":0,"parent":0,"menu_order":0,"comment_status":"closed","ping_status":"closed","template":"","meta":{"footnotes":""},"class_list":["post-5547","page","type-page","status-publish","hentry"],"_links":{"self":[{"href":"https:\/\/transparencia.bahiadebanderas.gob.mx\/index.php?rest_route=\/wp\/v2\/pages\/5547","targetHints":{"allow":["GET"]}}],"collection":[{"href":"https:\/\/transparencia.bahiadebanderas.gob.mx\/index.php?rest_route=\/wp\/v2\/pages"}],"about":[{"href":"https:\/\/transparencia.bahiadebanderas.gob.mx\/index.php?rest_route=\/wp\/v2\/types\/page"}],"author":[{"embeddable":true,"href":"https:\/\/transparencia.bahiadebanderas.gob.mx\/index.php?rest_route=\/wp\/v2\/users\/1"}],"replies":[{"embeddable":true,"href":"https:\/\/transparencia.bahiadebanderas.gob.mx\/index.php?rest_route=%2Fwp%2Fv2%2Fcomments&post=5547"}],"version-history":[{"count":0,"href":"https:\/\/transparencia.bahiadebanderas.gob.mx\/index.php?rest_route=\/wp\/v2\/pages\/5547\/revisions"}],"wp:attachment":[{"href":"https:\/\/transparencia.bahiadebanderas.gob.mx\/index.php?rest_route=%2Fwp%2Fv2%2Fmedia&parent=5547"}],"curies":[{"name":"wp","href":"https:\/\/api.w.org\/{rel}","templated":true}]}}