{"id":10261,"date":"2021-11-10T17:07:48","date_gmt":"2021-11-10T17:07:48","guid":{"rendered":"https:\/\/transparencia.bahiadebanderas.gob.mx\/?page_id=10261"},"modified":"2026-03-27T16:11:02","modified_gmt":"2026-03-27T16:11:02","slug":"vii-directorio-desarrollo-integral-de-la-familia","status":"publish","type":"page","link":"https:\/\/transparencia.bahiadebanderas.gob.mx\/?page_id=10261","title":{"rendered":"VII. Directorio\/Desarrollo Integral de la Familia"},"content":{"rendered":"<p>[vc_row][vc_column width=\u00bb1\/3&#8243;][vc_column_text]<\/p>\n<table style=\"width: 86.9195%; border-collapse: collapse; background-color: #82193e; height: 563px;\">\n<tbody>\n<tr style=\"height: 297px;\">\n<td style=\"width: 100%; height: 297px;\"><span style=\"color: #ffffff;\"> <img loading=\"lazy\" decoding=\"async\" class=\" wp-image-15356 aligncenter\" style=\"color: #747474; font-family: 'Open Sans', sans-serif; font-size: 14px;\" src=\"https:\/\/transparencia.bahiadebanderas.gob.mx\/wp-content\/uploads\/2018\/04\/logos-XII-Ayunta-Bahia-corregido-slogan-02-300x87.png\" alt=\"\" width=\"300\" height=\"87\" srcset=\"https:\/\/transparencia.bahiadebanderas.gob.mx\/wp-content\/uploads\/2018\/04\/logos-XII-Ayunta-Bahia-corregido-slogan-02-300x87.png 300w, https:\/\/transparencia.bahiadebanderas.gob.mx\/wp-content\/uploads\/2018\/04\/logos-XII-Ayunta-Bahia-corregido-slogan-02-1024x298.png 1024w, https:\/\/transparencia.bahiadebanderas.gob.mx\/wp-content\/uploads\/2018\/04\/logos-XII-Ayunta-Bahia-corregido-slogan-02-768x223.png 768w, https:\/\/transparencia.bahiadebanderas.gob.mx\/wp-content\/uploads\/2018\/04\/logos-XII-Ayunta-Bahia-corregido-slogan-02-1536x447.png 1536w, https:\/\/transparencia.bahiadebanderas.gob.mx\/wp-content\/uploads\/2018\/04\/logos-XII-Ayunta-Bahia-corregido-slogan-02-2048x595.png 2048w\" sizes=\"auto, (max-width: 300px) 100vw, 300px\" \/><\/span><\/td>\n<\/tr>\n<tr style=\"height: 47px;\">\n<td style=\"width: 100%; text-align: center; height: 47px;\">\n<h4><span style=\"color: #ffffff;\">DIEGO HERNANDEZ ESPINOZA<\/span><\/h4>\n<\/td>\n<\/tr>\n<tr style=\"height: 48px;\">\n<td style=\"width: 100%; height: 48px;\">\n<p style=\"text-align: center;\"><span style=\"color: #ffffff;\"><strong>PUESTO:<\/strong> DIRECTOR DE ARCHIVO MUNICIPAL<br \/>\n<span style=\"text-decoration: underline;\"><strong>CURRICULUM VITAE<\/strong><\/span><br \/>\n<strong>TEL\u00c9FONO:<\/strong> 329291870<br \/>\n<strong>CORREO ELECTR\u00d3NICO:<\/strong> presidencia@bahiadebanderas.gob.mx<br \/>\n<strong>DIRECCI\u00d3N:<\/strong><br \/>\nZACATECAS #12, CENTRO, VALLE DE BANDERAS, NAYARIT.<\/span><\/p>\n<\/td>\n<\/tr>\n<\/tbody>\n<\/table>\n<p>[\/vc_column_text][\/vc_column][vc_column width=\u00bb1\/3&#8243;][\/vc_column][vc_column width=\u00bb1\/3&#8243;][\/vc_column][\/vc_row]<\/p>\n","protected":false},"excerpt":{"rendered":"<p>[vc_row][vc_column width=\u00bb1\/3&#8243;][vc_column_text] DIEGO HERNANDEZ ESPINOZA PUESTO: DIRECTOR DE ARCHIVO MUNICIPAL CURRICULUM VITAE TEL\u00c9FONO: 329291870 CORREO ELECTR\u00d3NICO: presidencia@bahiadebanderas.gob.mx DIRECCI\u00d3N: ZACATECAS #12, CENTRO, VALLE DE BANDERAS, NAYARIT. [\/vc_column_text][\/vc_column][vc_column width=\u00bb1\/3&#8243;][\/vc_column][vc_column width=\u00bb1\/3&#8243;][\/vc_column][\/vc_row]<\/p>\n","protected":false},"author":1,"featured_media":0,"parent":0,"menu_order":0,"comment_status":"closed","ping_status":"closed","template":"","meta":{"footnotes":""},"class_list":["post-10261","page","type-page","status-publish","hentry"],"_links":{"self":[{"href":"https:\/\/transparencia.bahiadebanderas.gob.mx\/index.php?rest_route=\/wp\/v2\/pages\/10261","targetHints":{"allow":["GET"]}}],"collection":[{"href":"https:\/\/transparencia.bahiadebanderas.gob.mx\/index.php?rest_route=\/wp\/v2\/pages"}],"about":[{"href":"https:\/\/transparencia.bahiadebanderas.gob.mx\/index.php?rest_route=\/wp\/v2\/types\/page"}],"author":[{"embeddable":true,"href":"https:\/\/transparencia.bahiadebanderas.gob.mx\/index.php?rest_route=\/wp\/v2\/users\/1"}],"replies":[{"embeddable":true,"href":"https:\/\/transparencia.bahiadebanderas.gob.mx\/index.php?rest_route=%2Fwp%2Fv2%2Fcomments&post=10261"}],"version-history":[{"count":5,"href":"https:\/\/transparencia.bahiadebanderas.gob.mx\/index.php?rest_route=\/wp\/v2\/pages\/10261\/revisions"}],"predecessor-version":[{"id":21274,"href":"https:\/\/transparencia.bahiadebanderas.gob.mx\/index.php?rest_route=\/wp\/v2\/pages\/10261\/revisions\/21274"}],"wp:attachment":[{"href":"https:\/\/transparencia.bahiadebanderas.gob.mx\/index.php?rest_route=%2Fwp%2Fv2%2Fmedia&parent=10261"}],"curies":[{"name":"wp","href":"https:\/\/api.w.org\/{rel}","templated":true}]}}