{"id":10091,"date":"2021-11-05T15:13:48","date_gmt":"2021-11-05T15:13:48","guid":{"rendered":"https:\/\/transparencia.bahiadebanderas.gob.mx\/?page_id=10091"},"modified":"2026-04-10T20:16:04","modified_gmt":"2026-04-10T20:16:04","slug":"vii-directorio-desarrollo-y-bienestar-social","status":"publish","type":"page","link":"https:\/\/transparencia.bahiadebanderas.gob.mx\/?page_id=10091","title":{"rendered":"VII. Directorio\/Desarrollo y Bienestar Social"},"content":{"rendered":"<p>[vc_row][vc_column width=\u00bb1\/3&#8243;][vc_column_text]<\/p>\n<table style=\"width: 86.9195%; border-collapse: collapse; background-color: #82193e; height: 563px;\">\n<tbody>\n<tr style=\"height: 297px;\">\n<td style=\"width: 100%; height: 297px;\"><span style=\"color: #ffffff;\"> <img loading=\"lazy\" decoding=\"async\" class=\" wp-image-15356 aligncenter\" style=\"color: #747474; font-family: 'Open Sans', sans-serif; font-size: 14px;\" src=\"https:\/\/transparencia.bahiadebanderas.gob.mx\/wp-content\/uploads\/2018\/04\/logos-XII-Ayunta-Bahia-corregido-slogan-02-300x87.png\" alt=\"\" width=\"300\" height=\"87\" srcset=\"https:\/\/transparencia.bahiadebanderas.gob.mx\/wp-content\/uploads\/2018\/04\/logos-XII-Ayunta-Bahia-corregido-slogan-02-300x87.png 300w, https:\/\/transparencia.bahiadebanderas.gob.mx\/wp-content\/uploads\/2018\/04\/logos-XII-Ayunta-Bahia-corregido-slogan-02-1024x298.png 1024w, https:\/\/transparencia.bahiadebanderas.gob.mx\/wp-content\/uploads\/2018\/04\/logos-XII-Ayunta-Bahia-corregido-slogan-02-768x223.png 768w, https:\/\/transparencia.bahiadebanderas.gob.mx\/wp-content\/uploads\/2018\/04\/logos-XII-Ayunta-Bahia-corregido-slogan-02-1536x447.png 1536w, https:\/\/transparencia.bahiadebanderas.gob.mx\/wp-content\/uploads\/2018\/04\/logos-XII-Ayunta-Bahia-corregido-slogan-02-2048x595.png 2048w\" sizes=\"auto, (max-width: 300px) 100vw, 300px\" \/><\/span><\/td>\n<\/tr>\n<tr style=\"height: 47px;\">\n<td style=\"width: 100%; text-align: center; height: 47px;\"><span style=\"color: #ffffff; font-family: arial, helvetica, sans-serif;\"><span style=\"font-size: 24px;\"><b>C. INDIANA MANAEN HERRERA FLORES<\/b><\/span><\/span><\/td>\n<\/tr>\n<tr style=\"height: 48px;\">\n<td style=\"width: 100%; height: 48px;\">\n<p style=\"text-align: center;\"><span style=\"color: #ffffff;\"><strong>PUESTO:<\/strong> DIRECTOR DE DESARROLLO Y BIENESTAR SOCIAL<br \/>\n<span style=\"text-decoration: underline;\"><strong>CURRICULUM VITAE<\/strong><\/span><br \/>\n<strong>TEL\u00c9FONO:<\/strong> 3292911870 EXT 101<br \/>\n<strong>CORREO ELECTR\u00d3NICO:<\/strong> presidencia@bahiadebanderas.gob.mx<br \/>\n<strong>DIRECCI\u00d3N:<\/strong><br \/>\nCALLE MORELOS #12, CENTRO, VALLE DE BANDERAS, NAYARIT.<\/span><\/td>\n<\/tr>\n<\/tbody>\n<\/table>\n<p>[\/vc_column_text][vc_column_text]<\/p>\n<table style=\"width: 86.9195%; border-collapse: collapse; background-color: #82193e; height: 392px;\">\n<tbody>\n<tr style=\"height: 297px;\">\n<td style=\"width: 100%; height: 297px;\"><span style=\"color: #ffffff;\"> <img loading=\"lazy\" decoding=\"async\" class=\" wp-image-15356 aligncenter\" style=\"color: #747474; font-family: 'Open Sans', sans-serif; font-size: 14px;\" src=\"https:\/\/transparencia.bahiadebanderas.gob.mx\/wp-content\/uploads\/2018\/04\/logos-XII-Ayunta-Bahia-corregido-slogan-02-300x87.png\" alt=\"\" width=\"300\" height=\"87\" srcset=\"https:\/\/transparencia.bahiadebanderas.gob.mx\/wp-content\/uploads\/2018\/04\/logos-XII-Ayunta-Bahia-corregido-slogan-02-300x87.png 300w, https:\/\/transparencia.bahiadebanderas.gob.mx\/wp-content\/uploads\/2018\/04\/logos-XII-Ayunta-Bahia-corregido-slogan-02-1024x298.png 1024w, https:\/\/transparencia.bahiadebanderas.gob.mx\/wp-content\/uploads\/2018\/04\/logos-XII-Ayunta-Bahia-corregido-slogan-02-768x223.png 768w, https:\/\/transparencia.bahiadebanderas.gob.mx\/wp-content\/uploads\/2018\/04\/logos-XII-Ayunta-Bahia-corregido-slogan-02-1536x447.png 1536w, https:\/\/transparencia.bahiadebanderas.gob.mx\/wp-content\/uploads\/2018\/04\/logos-XII-Ayunta-Bahia-corregido-slogan-02-2048x595.png 2048w\" sizes=\"auto, (max-width: 300px) 100vw, 300px\" \/><\/span><\/td>\n<\/tr>\n<tr style=\"height: 47px;\">\n<td style=\"width: 100%; text-align: center; height: 47px;\"><span style=\"color: #ffffff; font-family: arial, helvetica, sans-serif;\"><span style=\"font-size: 24px;\"><b>C. MILAGROS DE JESUS MONCADA RUVALCABA<\/b><\/span><\/span><\/td>\n<\/tr>\n<tr style=\"height: 48px;\">\n<td style=\"width: 100%; height: 48px;\">\n<p style=\"text-align: center;\"><span style=\"color: #ffffff;\"><strong>PUESTO:<\/strong> INSTITUTO MUNICIPAL DE LA JUVENTUD<br \/>\n<span style=\"text-decoration: underline;\"><strong>CURRICULUM VITAE<\/strong><\/span><br \/>\n<strong>TEL\u00c9FONO:<\/strong> 3292911870 EXT 101<br \/>\n<strong>CORREO ELECTR\u00d3NICO:<\/strong> presidencia@bahiadebanderas.gob.mx<br \/>\n<strong>DIRECCI\u00d3N:<\/strong><br \/>\nCALLE MORELOS #12, CENTRO, VALLE DE BANDERAS, NAYARIT.<\/span><\/td>\n<\/tr>\n<\/tbody>\n<\/table>\n<p>[\/vc_column_text][vc_column_text]<\/p>\n<table style=\"width: 86.9195%; border-collapse: collapse; background-color: #82193e; height: 392px;\">\n<tbody>\n<tr style=\"height: 297px;\">\n<td style=\"width: 100%; height: 297px;\"><span style=\"color: #ffffff;\"> <img loading=\"lazy\" decoding=\"async\" class=\" wp-image-15356 aligncenter\" style=\"color: #747474; font-family: 'Open Sans', sans-serif; font-size: 14px;\" src=\"https:\/\/transparencia.bahiadebanderas.gob.mx\/wp-content\/uploads\/2018\/04\/logos-XII-Ayunta-Bahia-corregido-slogan-02-300x87.png\" alt=\"\" width=\"300\" height=\"87\" srcset=\"https:\/\/transparencia.bahiadebanderas.gob.mx\/wp-content\/uploads\/2018\/04\/logos-XII-Ayunta-Bahia-corregido-slogan-02-300x87.png 300w, https:\/\/transparencia.bahiadebanderas.gob.mx\/wp-content\/uploads\/2018\/04\/logos-XII-Ayunta-Bahia-corregido-slogan-02-1024x298.png 1024w, https:\/\/transparencia.bahiadebanderas.gob.mx\/wp-content\/uploads\/2018\/04\/logos-XII-Ayunta-Bahia-corregido-slogan-02-768x223.png 768w, https:\/\/transparencia.bahiadebanderas.gob.mx\/wp-content\/uploads\/2018\/04\/logos-XII-Ayunta-Bahia-corregido-slogan-02-1536x447.png 1536w, https:\/\/transparencia.bahiadebanderas.gob.mx\/wp-content\/uploads\/2018\/04\/logos-XII-Ayunta-Bahia-corregido-slogan-02-2048x595.png 2048w\" sizes=\"auto, (max-width: 300px) 100vw, 300px\" \/><\/span><\/td>\n<\/tr>\n<tr style=\"height: 47px;\">\n<td style=\"width: 100%; text-align: center; height: 47px;\"><span style=\"color: #ffffff; font-family: helvetica, arial, sans-serif;\"><span style=\"font-size: 24px;\"><b>QFB. JUAN FRANCISCO LEDESMA RICO<\/b><\/span><\/span><\/td>\n<\/tr>\n<tr style=\"height: 48px;\">\n<td style=\"width: 100%; height: 48px;\">\n<p style=\"text-align: center;\"><span style=\"color: #ffffff;\"><strong>PUESTO:<\/strong> COORDINACION DE SALUD MUNICIPAL<br \/>\n<span style=\"text-decoration: underline;\"><strong>CURRICULUM VITAE<\/strong><\/span><br \/>\n<strong>TEL\u00c9FONO:<\/strong> 3292911870 EXT 101<br \/>\n<strong>CORREO ELECTR\u00d3NICO:<\/strong> presidencia@bahiadebanderas.gob.mx<br \/>\n<strong>DIRECCI\u00d3N:<\/strong><br \/>\nCALLE MORELOS #12, CENTRO, VALLE DE BANDERAS, NAYARIT.<\/span><\/p>\n<\/td>\n<\/tr>\n<\/tbody>\n<\/table>\n<p>[\/vc_column_text][vc_column_text]<\/p>\n<table style=\"width: 86.9195%; border-collapse: collapse; background-color: #82193e; height: 392px;\">\n<tbody>\n<tr style=\"height: 297px;\">\n<td style=\"width: 100%; height: 297px;\"><span style=\"color: #ffffff;\"> <img loading=\"lazy\" decoding=\"async\" class=\" wp-image-15356 aligncenter\" style=\"color: #747474; font-family: 'Open Sans', sans-serif; font-size: 14px;\" src=\"https:\/\/transparencia.bahiadebanderas.gob.mx\/wp-content\/uploads\/2018\/04\/logos-XII-Ayunta-Bahia-corregido-slogan-02-300x87.png\" alt=\"\" width=\"300\" height=\"87\" srcset=\"https:\/\/transparencia.bahiadebanderas.gob.mx\/wp-content\/uploads\/2018\/04\/logos-XII-Ayunta-Bahia-corregido-slogan-02-300x87.png 300w, https:\/\/transparencia.bahiadebanderas.gob.mx\/wp-content\/uploads\/2018\/04\/logos-XII-Ayunta-Bahia-corregido-slogan-02-1024x298.png 1024w, https:\/\/transparencia.bahiadebanderas.gob.mx\/wp-content\/uploads\/2018\/04\/logos-XII-Ayunta-Bahia-corregido-slogan-02-768x223.png 768w, https:\/\/transparencia.bahiadebanderas.gob.mx\/wp-content\/uploads\/2018\/04\/logos-XII-Ayunta-Bahia-corregido-slogan-02-1536x447.png 1536w, https:\/\/transparencia.bahiadebanderas.gob.mx\/wp-content\/uploads\/2018\/04\/logos-XII-Ayunta-Bahia-corregido-slogan-02-2048x595.png 2048w\" sizes=\"auto, (max-width: 300px) 100vw, 300px\" \/><\/span><\/td>\n<\/tr>\n<tr style=\"height: 47px;\">\n<td style=\"width: 100%; text-align: center; height: 47px;\"><span style=\"color: #ffffff; font-family: arial, helvetica, sans-serif;\"><span style=\"font-size: 24px;\"><b>LIC. DAVID CAZAREZ ROBLES<\/b><\/span><\/span><\/td>\n<\/tr>\n<tr style=\"height: 48px;\">\n<td style=\"width: 100%; height: 48px;\">\n<p style=\"text-align: center;\"><span style=\"color: #ffffff;\"><strong>PUESTO:<\/strong> SUBDIRECCI\u00d3N ADMINISTRATIVA<br \/>\n<span style=\"text-decoration: underline;\"><strong>CURRICULUM VITAE<\/strong><\/span><br \/>\n<strong>TEL\u00c9FONO:<\/strong> 3292911870 EXT 101<br \/>\n<strong>CORREO ELECTR\u00d3NICO:<\/strong> presidencia@bahiadebanderas.gob.mx<br \/>\n<strong>DIRECCI\u00d3N:<\/strong><br \/>\nCALLE MORELOS #12, CENTRO, VALLE DE BANDERAS, NAYARIT.<\/span><\/td>\n<\/tr>\n<\/tbody>\n<\/table>\n<p>[\/vc_column_text][\/vc_column][vc_column width=\u00bb1\/3&#8243;][vc_column_text]<\/p>\n<table style=\"width: 86.9195%; border-collapse: collapse; background-color: #82193e; height: 563px;\">\n<tbody>\n<tr style=\"height: 297px;\">\n<td style=\"width: 100%; height: 297px;\"><span style=\"color: #ffffff;\"> <img loading=\"lazy\" decoding=\"async\" class=\" wp-image-15356 aligncenter\" style=\"color: #747474; font-family: 'Open Sans', sans-serif; font-size: 14px;\" src=\"https:\/\/transparencia.bahiadebanderas.gob.mx\/wp-content\/uploads\/2018\/04\/logos-XII-Ayunta-Bahia-corregido-slogan-02-300x87.png\" alt=\"\" width=\"300\" height=\"87\" srcset=\"https:\/\/transparencia.bahiadebanderas.gob.mx\/wp-content\/uploads\/2018\/04\/logos-XII-Ayunta-Bahia-corregido-slogan-02-300x87.png 300w, https:\/\/transparencia.bahiadebanderas.gob.mx\/wp-content\/uploads\/2018\/04\/logos-XII-Ayunta-Bahia-corregido-slogan-02-1024x298.png 1024w, https:\/\/transparencia.bahiadebanderas.gob.mx\/wp-content\/uploads\/2018\/04\/logos-XII-Ayunta-Bahia-corregido-slogan-02-768x223.png 768w, https:\/\/transparencia.bahiadebanderas.gob.mx\/wp-content\/uploads\/2018\/04\/logos-XII-Ayunta-Bahia-corregido-slogan-02-1536x447.png 1536w, https:\/\/transparencia.bahiadebanderas.gob.mx\/wp-content\/uploads\/2018\/04\/logos-XII-Ayunta-Bahia-corregido-slogan-02-2048x595.png 2048w\" sizes=\"auto, (max-width: 300px) 100vw, 300px\" \/><\/span><\/td>\n<\/tr>\n<tr style=\"height: 47px;\">\n<td style=\"width: 100%; text-align: center; height: 47px;\"><\/td>\n<\/tr>\n<tr style=\"height: 48px;\">\n<td style=\"width: 100%; height: 48px;\">\n<p style=\"text-align: center;\"><span style=\"color: #ffffff;\"><strong>PUESTO:<\/strong> DELEGADO (A) INST MUN DEP<br \/>\n<span style=\"text-decoration: underline;\"><strong>CURRICULUM VITAE<\/strong><\/span><br \/>\n<strong>TEL\u00c9FONO:<\/strong> 3292911870 EXT 101<br \/>\n<strong>CORREO ELECTR\u00d3NICO:<\/strong> presidencia@bahiadebanderas.gob.mx<br \/>\n<strong>DIRECCI\u00d3N:<\/strong><br \/>\nCALLE MORELOS #12, CENTRO, VALLE DE BANDERAS, NAYARIT.<\/span><\/td>\n<\/tr>\n<\/tbody>\n<\/table>\n<p>[\/vc_column_text][vc_column_text]<\/p>\n<table style=\"width: 86.9195%; border-collapse: collapse; background-color: #82193e; height: 563px;\">\n<tbody>\n<tr style=\"height: 297px;\">\n<td style=\"width: 100%; height: 297px;\"><span style=\"color: #ffffff;\"> <img loading=\"lazy\" decoding=\"async\" class=\" wp-image-15356 aligncenter\" style=\"color: #747474; font-family: 'Open Sans', sans-serif; font-size: 14px;\" src=\"https:\/\/transparencia.bahiadebanderas.gob.mx\/wp-content\/uploads\/2018\/04\/logos-XII-Ayunta-Bahia-corregido-slogan-02-300x87.png\" alt=\"\" width=\"300\" height=\"87\" srcset=\"https:\/\/transparencia.bahiadebanderas.gob.mx\/wp-content\/uploads\/2018\/04\/logos-XII-Ayunta-Bahia-corregido-slogan-02-300x87.png 300w, https:\/\/transparencia.bahiadebanderas.gob.mx\/wp-content\/uploads\/2018\/04\/logos-XII-Ayunta-Bahia-corregido-slogan-02-1024x298.png 1024w, https:\/\/transparencia.bahiadebanderas.gob.mx\/wp-content\/uploads\/2018\/04\/logos-XII-Ayunta-Bahia-corregido-slogan-02-768x223.png 768w, https:\/\/transparencia.bahiadebanderas.gob.mx\/wp-content\/uploads\/2018\/04\/logos-XII-Ayunta-Bahia-corregido-slogan-02-1536x447.png 1536w, https:\/\/transparencia.bahiadebanderas.gob.mx\/wp-content\/uploads\/2018\/04\/logos-XII-Ayunta-Bahia-corregido-slogan-02-2048x595.png 2048w\" sizes=\"auto, (max-width: 300px) 100vw, 300px\" \/><\/span><\/td>\n<\/tr>\n<tr style=\"height: 47px;\">\n<td style=\"width: 100%; text-align: center; height: 47px;\"><span style=\"font-family: helvetica, arial, sans-serif;\"><span style=\"color: #ffffff;\"><span style=\"font-size: 24px;\"><b>C. JANETTE MOSERRAT JUAREZ LARIOS<\/b><\/span><\/span><\/span><\/td>\n<\/tr>\n<tr style=\"height: 48px;\">\n<td style=\"width: 100%; height: 48px;\">\n<p style=\"text-align: center;\"><span style=\"color: #ffffff;\"><strong>PUESTO:<\/strong> COORDINACION DE PLANEACION Y PROGRAMAS SOCIALES<br \/>\n<span style=\"text-decoration: underline;\"><strong>CURRICULUM VITAE<\/strong><\/span><br \/>\n<strong>TEL\u00c9FONO:<\/strong> 3292911870 EXT 101<br \/>\n<strong>CORREO ELECTR\u00d3NICO:<\/strong> presidencia@bahiadebanderas.gob.mx<br \/>\n<strong>DIRECCI\u00d3N:<\/strong><br \/>\nCALLE MORELOS #12, CENTRO, VALLE DE BANDERAS, NAYARIT.<\/span><\/p>\n<\/td>\n<\/tr>\n<\/tbody>\n<\/table>\n<p>[\/vc_column_text][\/vc_column][vc_column width=\u00bb1\/3&#8243;][vc_column_text]<\/p>\n<table style=\"width: 86.9195%; border-collapse: collapse; background-color: #82193e; height: 563px;\">\n<tbody>\n<tr style=\"height: 297px;\">\n<td style=\"width: 100%; height: 297px;\"><span style=\"color: #ffffff;\"> <img loading=\"lazy\" decoding=\"async\" class=\" wp-image-15356 aligncenter\" style=\"color: #747474; font-family: 'Open Sans', sans-serif; font-size: 14px;\" src=\"https:\/\/transparencia.bahiadebanderas.gob.mx\/wp-content\/uploads\/2018\/04\/logos-XII-Ayunta-Bahia-corregido-slogan-02-300x87.png\" alt=\"\" width=\"300\" height=\"87\" srcset=\"https:\/\/transparencia.bahiadebanderas.gob.mx\/wp-content\/uploads\/2018\/04\/logos-XII-Ayunta-Bahia-corregido-slogan-02-300x87.png 300w, https:\/\/transparencia.bahiadebanderas.gob.mx\/wp-content\/uploads\/2018\/04\/logos-XII-Ayunta-Bahia-corregido-slogan-02-1024x298.png 1024w, https:\/\/transparencia.bahiadebanderas.gob.mx\/wp-content\/uploads\/2018\/04\/logos-XII-Ayunta-Bahia-corregido-slogan-02-768x223.png 768w, https:\/\/transparencia.bahiadebanderas.gob.mx\/wp-content\/uploads\/2018\/04\/logos-XII-Ayunta-Bahia-corregido-slogan-02-1536x447.png 1536w, https:\/\/transparencia.bahiadebanderas.gob.mx\/wp-content\/uploads\/2018\/04\/logos-XII-Ayunta-Bahia-corregido-slogan-02-2048x595.png 2048w\" sizes=\"auto, (max-width: 300px) 100vw, 300px\" \/><\/span><\/td>\n<\/tr>\n<tr style=\"height: 47px;\">\n<td style=\"width: 100%; text-align: center; height: 47px;\"><span style=\"color: #ffffff; font-family: helvetica, arial, sans-serif;\"><span style=\"font-size: 24px;\"><b>LIC. KARINA TERESA DE JESUS POLANCO GONZALEZ<\/b><\/span><\/span><\/td>\n<\/tr>\n<tr style=\"height: 48px;\">\n<td style=\"width: 100%; height: 48px;\">\n<p style=\"text-align: center;\"><span style=\"color: #ffffff;\"><strong>PUESTO:<\/strong> SUBDIRECCI\u00d3N DE EDUCACI\u00d3N<br \/>\n<span style=\"text-decoration: underline;\"><strong>CURRICULUM VITAE<\/strong><\/span><br \/>\n<strong>TEL\u00c9FONO:<\/strong> 3292911870 EXT 101<br \/>\n<strong>CORREO ELECTR\u00d3NICO:<\/strong> presidencia@bahiadebanderas.gob.mx<br \/>\n<strong>DIRECCI\u00d3N:<\/strong><br \/>\nCALLE MORELOS #12, CENTRO, VALLE DE BANDERAS, NAYARIT.<\/span><\/td>\n<\/tr>\n<\/tbody>\n<\/table>\n<p>[\/vc_column_text][vc_column_text]<\/p>\n<table style=\"width: 86.9195%; border-collapse: collapse; background-color: #82193e; height: 563px;\">\n<tbody>\n<tr style=\"height: 297px;\">\n<td style=\"width: 100%; height: 297px;\"><span style=\"color: #ffffff;\"> <img loading=\"lazy\" decoding=\"async\" class=\" wp-image-15356 aligncenter\" style=\"color: #747474; font-family: 'Open Sans', sans-serif; font-size: 14px;\" src=\"https:\/\/transparencia.bahiadebanderas.gob.mx\/wp-content\/uploads\/2018\/04\/logos-XII-Ayunta-Bahia-corregido-slogan-02-300x87.png\" alt=\"\" width=\"300\" height=\"87\" srcset=\"https:\/\/transparencia.bahiadebanderas.gob.mx\/wp-content\/uploads\/2018\/04\/logos-XII-Ayunta-Bahia-corregido-slogan-02-300x87.png 300w, https:\/\/transparencia.bahiadebanderas.gob.mx\/wp-content\/uploads\/2018\/04\/logos-XII-Ayunta-Bahia-corregido-slogan-02-1024x298.png 1024w, https:\/\/transparencia.bahiadebanderas.gob.mx\/wp-content\/uploads\/2018\/04\/logos-XII-Ayunta-Bahia-corregido-slogan-02-768x223.png 768w, https:\/\/transparencia.bahiadebanderas.gob.mx\/wp-content\/uploads\/2018\/04\/logos-XII-Ayunta-Bahia-corregido-slogan-02-1536x447.png 1536w, https:\/\/transparencia.bahiadebanderas.gob.mx\/wp-content\/uploads\/2018\/04\/logos-XII-Ayunta-Bahia-corregido-slogan-02-2048x595.png 2048w\" sizes=\"auto, (max-width: 300px) 100vw, 300px\" \/><\/span><\/td>\n<\/tr>\n<tr style=\"height: 47px;\">\n<td style=\"width: 100%; text-align: center; height: 47px;\"><span style=\"color: #ffffff; font-family: arial, helvetica, sans-serif;\"><span style=\"font-size: 24px;\"><b>C. JOSE DE JESUS AGUIRRE FLOREZ<\/b><\/span><\/span><\/td>\n<\/tr>\n<tr style=\"height: 48px;\">\n<td style=\"width: 100%; height: 48px;\">\n<p style=\"text-align: center;\"><span style=\"color: #ffffff;\"><strong>PUESTO:<\/strong> COORDINACION DE DESARROLLO SOCIAL, ORGANIZACION Y VINCULACION CIUDADANA<br \/>\n<span style=\"text-decoration: underline;\"><strong>CURRICULUM VITAE<\/strong><\/span><br \/>\n<strong>TEL\u00c9FONO:<\/strong> 3292911870 EXT 101<br \/>\n<strong>CORREO ELECTR\u00d3NICO:<\/strong> presidencia@bahiadebanderas.gob.mx<br \/>\n<strong>DIRECCI\u00d3N:<\/strong><br \/>\nCALLE MORELOS #12, CENTRO, VALLE DE BANDERAS, NAYARIT.<\/span><\/td>\n<\/tr>\n<\/tbody>\n<\/table>\n<p>[\/vc_column_text][vc_column_text]<\/p>\n<table style=\"width: 86.9195%; border-collapse: collapse; background-color: #82193e; height: 563px;\">\n<tbody>\n<tr style=\"height: 297px;\">\n<td style=\"width: 100%; height: 297px;\"><span style=\"color: #ffffff;\"> <img loading=\"lazy\" decoding=\"async\" class=\" wp-image-15356 aligncenter\" style=\"color: #747474; font-family: 'Open Sans', sans-serif; font-size: 14px;\" src=\"https:\/\/transparencia.bahiadebanderas.gob.mx\/wp-content\/uploads\/2018\/04\/logos-XII-Ayunta-Bahia-corregido-slogan-02-300x87.png\" alt=\"\" width=\"300\" height=\"87\" srcset=\"https:\/\/transparencia.bahiadebanderas.gob.mx\/wp-content\/uploads\/2018\/04\/logos-XII-Ayunta-Bahia-corregido-slogan-02-300x87.png 300w, https:\/\/transparencia.bahiadebanderas.gob.mx\/wp-content\/uploads\/2018\/04\/logos-XII-Ayunta-Bahia-corregido-slogan-02-1024x298.png 1024w, https:\/\/transparencia.bahiadebanderas.gob.mx\/wp-content\/uploads\/2018\/04\/logos-XII-Ayunta-Bahia-corregido-slogan-02-768x223.png 768w, https:\/\/transparencia.bahiadebanderas.gob.mx\/wp-content\/uploads\/2018\/04\/logos-XII-Ayunta-Bahia-corregido-slogan-02-1536x447.png 1536w, https:\/\/transparencia.bahiadebanderas.gob.mx\/wp-content\/uploads\/2018\/04\/logos-XII-Ayunta-Bahia-corregido-slogan-02-2048x595.png 2048w\" sizes=\"auto, (max-width: 300px) 100vw, 300px\" \/><\/span><\/td>\n<\/tr>\n<tr style=\"height: 47px;\">\n<td style=\"width: 100%; text-align: center; height: 47px;\"><span style=\"color: #ffffff; font-family: arial, helvetica, sans-serif;\"><span style=\"font-size: 18.6667px;\"><b>PROF. JUAN FRANCISCO O\u00b4CONNOR AGUIRRE<\/b><\/span><\/span><\/td>\n<\/tr>\n<tr style=\"height: 48px;\">\n<td style=\"width: 100%; height: 48px;\">\n<p style=\"text-align: center;\"><span style=\"color: #ffffff;\"><strong>PUESTO:<\/strong> INSTITUTO MUNICIPAL DE ARTE Y CULTURA<br \/>\n<span style=\"text-decoration: underline;\"><strong>CURRICULUM VITAE<\/strong><\/span><br \/>\n<strong>TEL\u00c9FONO:<\/strong> 3292911870 EXT 101<br \/>\n<strong>CORREO ELECTR\u00d3NICO:<\/strong> presidencia@bahiadebanderas.gob.mx<br \/>\n<strong>DIRECCI\u00d3N:<\/strong><br \/>\nCALLE MORELOS #12, CENTRO, VALLE DE BANDERAS, NAYARIT.<\/span><\/td>\n<\/tr>\n<\/tbody>\n<\/table>\n<p>[\/vc_column_text][\/vc_column][\/vc_row][vc_row][vc_column width=\u00bb1\/3&#8243;][\/vc_column][vc_column width=\u00bb1\/3&#8243;][\/vc_column][vc_column width=\u00bb1\/3&#8243;][\/vc_column][\/vc_row]<\/p>\n","protected":false},"excerpt":{"rendered":"<p>[vc_row][vc_column width=\u00bb1\/3&#8243;][vc_column_text] C. INDIANA MANAEN HERRERA FLORES PUESTO: DIRECTOR DE DESARROLLO Y BIENESTAR SOCIAL CURRICULUM VITAE TEL\u00c9FONO: 3292911870 EXT 101 CORREO ELECTR\u00d3NICO: presidencia@bahiadebanderas.gob.mx DIRECCI\u00d3N: CALLE MORELOS #12, CENTRO, VALLE DE BANDERAS, NAYARIT. [\/vc_column_text][vc_column_text] C. MILAGROS DE JESUS MONCADA RUVALCABA PUESTO: INSTITUTO MUNICIPAL DE LA JUVENTUD CURRICULUM VITAE TEL\u00c9FONO: 3292911870 EXT 101 CORREO ELECTR\u00d3NICO: presidencia@bahiadebanderas.gob.mx DIRECCI\u00d3N: [&hellip;]<\/p>\n","protected":false},"author":1,"featured_media":0,"parent":0,"menu_order":0,"comment_status":"closed","ping_status":"closed","template":"","meta":{"footnotes":""},"class_list":["post-10091","page","type-page","status-publish","hentry"],"_links":{"self":[{"href":"https:\/\/transparencia.bahiadebanderas.gob.mx\/index.php?rest_route=\/wp\/v2\/pages\/10091","targetHints":{"allow":["GET"]}}],"collection":[{"href":"https:\/\/transparencia.bahiadebanderas.gob.mx\/index.php?rest_route=\/wp\/v2\/pages"}],"about":[{"href":"https:\/\/transparencia.bahiadebanderas.gob.mx\/index.php?rest_route=\/wp\/v2\/types\/page"}],"author":[{"embeddable":true,"href":"https:\/\/transparencia.bahiadebanderas.gob.mx\/index.php?rest_route=\/wp\/v2\/users\/1"}],"replies":[{"embeddable":true,"href":"https:\/\/transparencia.bahiadebanderas.gob.mx\/index.php?rest_route=%2Fwp%2Fv2%2Fcomments&post=10091"}],"version-history":[{"count":33,"href":"https:\/\/transparencia.bahiadebanderas.gob.mx\/index.php?rest_route=\/wp\/v2\/pages\/10091\/revisions"}],"predecessor-version":[{"id":21265,"href":"https:\/\/transparencia.bahiadebanderas.gob.mx\/index.php?rest_route=\/wp\/v2\/pages\/10091\/revisions\/21265"}],"wp:attachment":[{"href":"https:\/\/transparencia.bahiadebanderas.gob.mx\/index.php?rest_route=%2Fwp%2Fv2%2Fmedia&parent=10091"}],"curies":[{"name":"wp","href":"https:\/\/api.w.org\/{rel}","templated":true}]}}