{"id":10087,"date":"2021-11-04T22:18:44","date_gmt":"2021-11-04T22:18:44","guid":{"rendered":"https:\/\/transparencia.bahiadebanderas.gob.mx\/?page_id=10087"},"modified":"2026-03-18T19:25:03","modified_gmt":"2026-03-18T19:25:03","slug":"vii-directorio-obras-publicas","status":"publish","type":"page","link":"https:\/\/transparencia.bahiadebanderas.gob.mx\/?page_id=10087","title":{"rendered":"VII. Directorio\/Obras P\u00fablicas"},"content":{"rendered":"<p>[vc_row][vc_column width=\u00bb1\/3&#8243;][vc_column_text]<\/p>\n<table style=\"width: 86.9195%; border-collapse: collapse; background-color: #82193e; height: 563px;\">\n<tbody>\n<tr style=\"height: 297px;\">\n<td style=\"width: 100%; height: 297px;\">\n<p><span style=\"color: #ffffff;\">\u00a0<\/span><\/p>\n<p>&nbsp;<\/p>\n<p>&nbsp;<\/p>\n<p>&nbsp;<\/p>\n<p><img loading=\"lazy\" decoding=\"async\" class=\" wp-image-15356 aligncenter\" style=\"color: #747474; font-family: 'Open Sans', sans-serif; font-size: 14px;\" src=\"https:\/\/transparencia.bahiadebanderas.gob.mx\/wp-content\/uploads\/2018\/04\/logos-XII-Ayunta-Bahia-corregido-slogan-02-300x87.png\" alt=\"\" width=\"300\" height=\"87\" srcset=\"https:\/\/transparencia.bahiadebanderas.gob.mx\/wp-content\/uploads\/2018\/04\/logos-XII-Ayunta-Bahia-corregido-slogan-02-300x87.png 300w, https:\/\/transparencia.bahiadebanderas.gob.mx\/wp-content\/uploads\/2018\/04\/logos-XII-Ayunta-Bahia-corregido-slogan-02-1024x298.png 1024w, https:\/\/transparencia.bahiadebanderas.gob.mx\/wp-content\/uploads\/2018\/04\/logos-XII-Ayunta-Bahia-corregido-slogan-02-768x223.png 768w, https:\/\/transparencia.bahiadebanderas.gob.mx\/wp-content\/uploads\/2018\/04\/logos-XII-Ayunta-Bahia-corregido-slogan-02-1536x447.png 1536w, https:\/\/transparencia.bahiadebanderas.gob.mx\/wp-content\/uploads\/2018\/04\/logos-XII-Ayunta-Bahia-corregido-slogan-02-2048x595.png 2048w\" sizes=\"auto, (max-width: 300px) 100vw, 300px\" \/><\/p>\n<p>&nbsp;<\/td>\n<\/tr>\n<tr style=\"height: 47px;\">\n<td style=\"width: 100%; text-align: center; height: 47px;\"><span style=\"color: #ffffff;\"><strong><span style=\"font-size: 18pt; font-family: helvetica, arial, sans-serif;\">LIC. RAMON GONZALEZ URE\u00d1A<\/span><\/strong><\/span><\/td>\n<\/tr>\n<tr style=\"height: 48px;\">\n<td style=\"width: 100%; height: 48px;\">\n<p style=\"text-align: center;\"><span style=\"color: #ffffff;\"><strong>PUESTO:<\/strong> DIRECTOR DE OBRAS P\u00daBLICAS<br \/>\n<span style=\"text-decoration: underline;\"><strong>CURRICULUM VITAE<\/strong><\/span><br \/>\n<strong>TEL\u00c9FONO:<\/strong> 3292911870 EXT 101<br \/>\n<strong>CORREO ELECTR\u00d3NICO:<\/strong> presidencia@bahiadebanderas.gob.mx<br \/>\n<strong>DIRECCI\u00d3N:<\/strong><br \/>\nCALLE MORELOS #12, CENTRO, VALLE DE BANDERAS, NAYARIT.<\/span><\/td>\n<\/tr>\n<\/tbody>\n<\/table>\n<p>[\/vc_column_text][\/vc_column][vc_column width=\u00bb1\/3&#8243;][vc_column_text]<\/p>\n<table style=\"width: 86.9195%; border-collapse: collapse; background-color: #82193e; height: 563px;\">\n<tbody>\n<tr style=\"height: 297px;\">\n<td style=\"width: 100%; height: 297px;\">\n<p><span style=\"color: #ffffff;\">\u00a0<\/span><\/p>\n<p>&nbsp;<\/p>\n<p>&nbsp;<\/p>\n<p><img loading=\"lazy\" decoding=\"async\" class=\" wp-image-15356 aligncenter\" style=\"color: #747474; font-family: 'Open Sans', sans-serif; font-size: 14px;\" src=\"https:\/\/transparencia.bahiadebanderas.gob.mx\/wp-content\/uploads\/2018\/04\/logos-XII-Ayunta-Bahia-corregido-slogan-02-300x87.png\" alt=\"\" width=\"300\" height=\"87\" srcset=\"https:\/\/transparencia.bahiadebanderas.gob.mx\/wp-content\/uploads\/2018\/04\/logos-XII-Ayunta-Bahia-corregido-slogan-02-300x87.png 300w, https:\/\/transparencia.bahiadebanderas.gob.mx\/wp-content\/uploads\/2018\/04\/logos-XII-Ayunta-Bahia-corregido-slogan-02-1024x298.png 1024w, https:\/\/transparencia.bahiadebanderas.gob.mx\/wp-content\/uploads\/2018\/04\/logos-XII-Ayunta-Bahia-corregido-slogan-02-768x223.png 768w, https:\/\/transparencia.bahiadebanderas.gob.mx\/wp-content\/uploads\/2018\/04\/logos-XII-Ayunta-Bahia-corregido-slogan-02-1536x447.png 1536w, https:\/\/transparencia.bahiadebanderas.gob.mx\/wp-content\/uploads\/2018\/04\/logos-XII-Ayunta-Bahia-corregido-slogan-02-2048x595.png 2048w\" sizes=\"auto, (max-width: 300px) 100vw, 300px\" \/><\/p>\n<p>&nbsp;<\/p>\n<p>&nbsp;<\/td>\n<\/tr>\n<tr style=\"height: 47px;\">\n<td style=\"width: 100%; text-align: center; height: 47px;\"><\/td>\n<\/tr>\n<tr style=\"height: 48px;\">\n<td style=\"width: 100%; height: 48px;\">\n<p style=\"text-align: center;\"><span style=\"color: #ffffff;\"><strong>PUESTO:<\/strong> COORDINADOR DE AREA TECNICA<br \/>\n<span style=\"text-decoration: underline;\"><strong>CURRICULUM VITAE<\/strong><\/span><br \/>\n<strong>TEL\u00c9FONO:<\/strong> 3292911870 EXT 101<br \/>\n<strong>CORREO ELECTR\u00d3NICO:<\/strong> presidencia@bahiadebanderas.gob.mx<br \/>\n<strong>DIRECCI\u00d3N:<\/strong><br \/>\nCALLE MORELOS #12, CENTRO, VALLE DE BANDERAS, NAYARIT.<\/span><\/p>\n<\/td>\n<\/tr>\n<\/tbody>\n<\/table>\n<p>[\/vc_column_text][\/vc_column][vc_column width=\u00bb1\/3&#8243;][vc_column_text]<\/p>\n<table style=\"width: 86.9195%; border-collapse: collapse; background-color: #82193e; height: 563px;\">\n<tbody>\n<tr style=\"height: 297px;\">\n<td style=\"width: 100%; height: 297px;\"><span style=\"color: #ffffff;\"> <img loading=\"lazy\" decoding=\"async\" class=\" wp-image-15356 aligncenter\" style=\"color: #747474; font-family: 'Open Sans', sans-serif; font-size: 14px;\" src=\"https:\/\/transparencia.bahiadebanderas.gob.mx\/wp-content\/uploads\/2018\/04\/logos-XII-Ayunta-Bahia-corregido-slogan-02-300x87.png\" alt=\"\" width=\"300\" height=\"87\" srcset=\"https:\/\/transparencia.bahiadebanderas.gob.mx\/wp-content\/uploads\/2018\/04\/logos-XII-Ayunta-Bahia-corregido-slogan-02-300x87.png 300w, https:\/\/transparencia.bahiadebanderas.gob.mx\/wp-content\/uploads\/2018\/04\/logos-XII-Ayunta-Bahia-corregido-slogan-02-1024x298.png 1024w, https:\/\/transparencia.bahiadebanderas.gob.mx\/wp-content\/uploads\/2018\/04\/logos-XII-Ayunta-Bahia-corregido-slogan-02-768x223.png 768w, https:\/\/transparencia.bahiadebanderas.gob.mx\/wp-content\/uploads\/2018\/04\/logos-XII-Ayunta-Bahia-corregido-slogan-02-1536x447.png 1536w, https:\/\/transparencia.bahiadebanderas.gob.mx\/wp-content\/uploads\/2018\/04\/logos-XII-Ayunta-Bahia-corregido-slogan-02-2048x595.png 2048w\" sizes=\"auto, (max-width: 300px) 100vw, 300px\" \/><\/span><\/td>\n<\/tr>\n<tr style=\"height: 47px;\">\n<td style=\"width: 100%; text-align: center; height: 47px;\"><span style=\"font-family: helvetica, arial, sans-serif;\"><span style=\"color: #ffffff;\"><span style=\"font-size: 24px;\"><b>ARQ. JOEL AGUIRRE PARRA<\/b><\/span><\/span><\/span><\/td>\n<\/tr>\n<tr style=\"height: 48px;\">\n<td style=\"width: 100%; height: 48px;\">\n<p style=\"text-align: center;\"><span style=\"color: #ffffff;\"><strong>PUESTO:<\/strong> JEFATURA DE PLANEACI\u00d3N DE PROYECTOS E INTEGRACI\u00d3N DE EXPEDIENTES<br \/>\n<span style=\"text-decoration: underline;\"><strong>CURRICULUM VITAE<\/strong><\/span><br \/>\n<strong>TEL\u00c9FONO:<\/strong> 3292911870 EXT 101<br \/>\n<strong>CORREO ELECTR\u00d3NICO:<\/strong> presidencia@bahiadebanderas.gob.mx<br \/>\n<strong>DIRECCI\u00d3N:<\/strong><br \/>\nCALLE MORELOS #12, CENTRO, VALLE DE BANDERAS, NAYARIT.<\/span><\/td>\n<\/tr>\n<\/tbody>\n<\/table>\n<p>[\/vc_column_text][\/vc_column][\/vc_row][vc_row][vc_column width=\u00bb1\/3&#8243;][vc_column_text]<\/p>\n<table style=\"width: 86.9195%; border-collapse: collapse; background-color: #82193e; height: 563px;\">\n<tbody>\n<tr style=\"height: 297px;\">\n<td style=\"width: 100%; height: 297px;\"><span style=\"color: #ffffff;\"> <img loading=\"lazy\" decoding=\"async\" class=\" wp-image-15356 aligncenter\" style=\"color: #747474; font-family: 'Open Sans', sans-serif; font-size: 14px;\" src=\"https:\/\/transparencia.bahiadebanderas.gob.mx\/wp-content\/uploads\/2018\/04\/logos-XII-Ayunta-Bahia-corregido-slogan-02-300x87.png\" alt=\"\" width=\"300\" height=\"87\" srcset=\"https:\/\/transparencia.bahiadebanderas.gob.mx\/wp-content\/uploads\/2018\/04\/logos-XII-Ayunta-Bahia-corregido-slogan-02-300x87.png 300w, https:\/\/transparencia.bahiadebanderas.gob.mx\/wp-content\/uploads\/2018\/04\/logos-XII-Ayunta-Bahia-corregido-slogan-02-1024x298.png 1024w, https:\/\/transparencia.bahiadebanderas.gob.mx\/wp-content\/uploads\/2018\/04\/logos-XII-Ayunta-Bahia-corregido-slogan-02-768x223.png 768w, https:\/\/transparencia.bahiadebanderas.gob.mx\/wp-content\/uploads\/2018\/04\/logos-XII-Ayunta-Bahia-corregido-slogan-02-1536x447.png 1536w, https:\/\/transparencia.bahiadebanderas.gob.mx\/wp-content\/uploads\/2018\/04\/logos-XII-Ayunta-Bahia-corregido-slogan-02-2048x595.png 2048w\" sizes=\"auto, (max-width: 300px) 100vw, 300px\" \/><\/span><\/td>\n<\/tr>\n<tr style=\"height: 47px;\">\n<td style=\"width: 100%; text-align: center; height: 47px;\"><span style=\"font-family: helvetica, arial, sans-serif;\"><span style=\"color: #ffffff;\"><span style=\"font-size: 24px;\"><b>L.C.P. MARGARITA RAMIREZ PARRA<\/b><\/span><\/span><\/span><\/td>\n<\/tr>\n<tr style=\"height: 48px;\">\n<td style=\"width: 100%; height: 48px;\">\n<p style=\"text-align: center;\"><span style=\"color: #ffffff;\"><strong>PUESTO:<\/strong> JEFATURA DE LICITACIONES Y CONCURSO DE OBRAS PUBLICAS<br \/>\n<a style=\"color: #ffffff;\" href=\"https:\/\/transparencia.bahiadebanderas.gob.mx\/ARTICULO33\/VII\/2021\/CUARTO%20TR%202021\/CURRICULUM\/LICITACIONES\/Eduardo%20Huerta%20Marcial.docx.pdf\"><span style=\"text-decoration: underline;\"><strong>CURRICULUM VITAE<\/strong><\/span><\/a><br \/>\n<strong>TEL\u00c9FONO:<\/strong> 329-2911893\u00a0 EXT 620<br \/>\n<strong>CORREO ELECTR\u00d3NICO:<\/strong> presidencia@bahiadebanderas.gob.mx<br \/>\n<strong>DIRECCI\u00d3N:<\/strong><br \/>\nCALLE MORELOS #12, CENTRO, VALLE DE BANDERAS, NAYARIT.<\/span><\/td>\n<\/tr>\n<\/tbody>\n<\/table>\n<p>[\/vc_column_text][\/vc_column][vc_column width=\u00bb1\/3&#8243;][vc_column_text]<\/p>\n<table style=\"width: 86.9195%; border-collapse: collapse; background-color: #82193e; height: 563px;\">\n<tbody>\n<tr style=\"height: 297px;\">\n<td style=\"width: 100%; height: 297px;\"><span style=\"color: #ffffff;\"> <img loading=\"lazy\" decoding=\"async\" class=\" wp-image-15356 aligncenter\" style=\"color: #747474; font-family: 'Open Sans', sans-serif; font-size: 14px;\" src=\"https:\/\/transparencia.bahiadebanderas.gob.mx\/wp-content\/uploads\/2018\/04\/logos-XII-Ayunta-Bahia-corregido-slogan-02-300x87.png\" alt=\"\" width=\"300\" height=\"87\" srcset=\"https:\/\/transparencia.bahiadebanderas.gob.mx\/wp-content\/uploads\/2018\/04\/logos-XII-Ayunta-Bahia-corregido-slogan-02-300x87.png 300w, https:\/\/transparencia.bahiadebanderas.gob.mx\/wp-content\/uploads\/2018\/04\/logos-XII-Ayunta-Bahia-corregido-slogan-02-1024x298.png 1024w, https:\/\/transparencia.bahiadebanderas.gob.mx\/wp-content\/uploads\/2018\/04\/logos-XII-Ayunta-Bahia-corregido-slogan-02-768x223.png 768w, https:\/\/transparencia.bahiadebanderas.gob.mx\/wp-content\/uploads\/2018\/04\/logos-XII-Ayunta-Bahia-corregido-slogan-02-1536x447.png 1536w, https:\/\/transparencia.bahiadebanderas.gob.mx\/wp-content\/uploads\/2018\/04\/logos-XII-Ayunta-Bahia-corregido-slogan-02-2048x595.png 2048w\" sizes=\"auto, (max-width: 300px) 100vw, 300px\" \/><\/span><\/td>\n<\/tr>\n<tr style=\"height: 47px;\">\n<td style=\"width: 100%; text-align: center; height: 47px;\"><span style=\"font-family: helvetica, arial, sans-serif;\"><span style=\"color: #ffffff;\"><span style=\"font-size: 24px;\"><b>ING. JOSE ANTONIO GONZALEZ GUARDADO<\/b><\/span><\/span><\/span><\/td>\n<\/tr>\n<tr style=\"height: 48px;\">\n<td style=\"width: 100%; height: 48px;\">\n<p style=\"text-align: center;\"><span style=\"color: #ffffff;\"><strong>PUESTO:<\/strong> JEFATURA DE SUPERVICI\u00d3N Y EJECUCI\u00d3N DE PROYECTOS<br \/>\n<span style=\"text-decoration: underline;\"><strong>CURRICULUM VITAE<\/strong><\/span><br \/>\n<strong>TEL\u00c9FONO:<\/strong> 3292911870 EXT 101<br \/>\n<strong>CORREO ELECTR\u00d3NICO:<\/strong> presidencia@bahiadebanderas.gob.mx<br \/>\n<strong>DIRECCI\u00d3N:<\/strong><br \/>\nCALLE MORELOS #12, CENTRO, VALLE DE BANDERAS, NAYARIT.<\/span><\/td>\n<\/tr>\n<\/tbody>\n<\/table>\n<p>[\/vc_column_text][\/vc_column][vc_column width=\u00bb1\/3&#8243;][vc_column_text]<\/p>\n<table style=\"width: 86.9195%; border-collapse: collapse; background-color: #82193e; height: 563px;\">\n<tbody>\n<tr style=\"height: 297px;\">\n<td style=\"width: 100%; height: 297px;\">\n<p><span style=\"color: #ffffff;\"> <img loading=\"lazy\" decoding=\"async\" class=\" wp-image-15356 aligncenter\" style=\"color: #747474; font-family: 'Open Sans', sans-serif; font-size: 14px;\" src=\"https:\/\/transparencia.bahiadebanderas.gob.mx\/wp-content\/uploads\/2018\/04\/logos-XII-Ayunta-Bahia-corregido-slogan-02-300x87.png\" alt=\"\" width=\"300\" height=\"87\" srcset=\"https:\/\/transparencia.bahiadebanderas.gob.mx\/wp-content\/uploads\/2018\/04\/logos-XII-Ayunta-Bahia-corregido-slogan-02-300x87.png 300w, https:\/\/transparencia.bahiadebanderas.gob.mx\/wp-content\/uploads\/2018\/04\/logos-XII-Ayunta-Bahia-corregido-slogan-02-1024x298.png 1024w, https:\/\/transparencia.bahiadebanderas.gob.mx\/wp-content\/uploads\/2018\/04\/logos-XII-Ayunta-Bahia-corregido-slogan-02-768x223.png 768w, https:\/\/transparencia.bahiadebanderas.gob.mx\/wp-content\/uploads\/2018\/04\/logos-XII-Ayunta-Bahia-corregido-slogan-02-1536x447.png 1536w, https:\/\/transparencia.bahiadebanderas.gob.mx\/wp-content\/uploads\/2018\/04\/logos-XII-Ayunta-Bahia-corregido-slogan-02-2048x595.png 2048w\" sizes=\"auto, (max-width: 300px) 100vw, 300px\" \/><\/span><\/p>\n<p>&nbsp;<\/p>\n<p>&nbsp;<\/td>\n<\/tr>\n<tr style=\"height: 47px;\">\n<td style=\"width: 100%; text-align: center; height: 47px;\">\n<h4><span style=\"color: #ffffff;\"><strong>LIC. EVELYN PALOMA JIMENEZ RAMIREZ<\/strong><\/span><\/h4>\n<\/td>\n<\/tr>\n<tr style=\"height: 48px;\">\n<td style=\"width: 100%; height: 48px;\">\n<p style=\"text-align: center;\"><span style=\"color: #ffffff;\"><strong>PUESTO:<\/strong> JEFE DE COMPROBACI\u00d3N Y CONTROL<br \/>\n<span style=\"text-decoration: underline;\"><strong>CURRICULUM VITAE<\/strong><\/span><br \/>\n<strong>TEL\u00c9FONO:<\/strong> 3292911870 EXT 101<br \/>\n<strong>CORREO ELECTR\u00d3NICO:<\/strong> presidencia@bahiadebanderas.gob.mx<br \/>\n<strong>DIRECCI\u00d3N:<\/strong><br \/>\nCALLE MORELOS #12, CENTRO, VALLE DE BANDERAS, NAYARIT.<\/span><\/td>\n<\/tr>\n<\/tbody>\n<\/table>\n<p>[\/vc_column_text][\/vc_column][\/vc_row][vc_row][vc_column width=\u00bb1\/3&#8243;][vc_column_text]<\/p>\n<table style=\"width: 86.9195%; border-collapse: collapse; background-color: #82193e; height: 563px;\">\n<tbody>\n<tr style=\"height: 297px;\">\n<td style=\"width: 100%; height: 297px;\"><span style=\"color: #ffffff;\"> <img loading=\"lazy\" decoding=\"async\" class=\" wp-image-15356 aligncenter\" style=\"color: #747474; font-family: 'Open Sans', sans-serif; font-size: 14px;\" src=\"https:\/\/transparencia.bahiadebanderas.gob.mx\/wp-content\/uploads\/2018\/04\/logos-XII-Ayunta-Bahia-corregido-slogan-02-300x87.png\" alt=\"\" width=\"300\" height=\"87\" srcset=\"https:\/\/transparencia.bahiadebanderas.gob.mx\/wp-content\/uploads\/2018\/04\/logos-XII-Ayunta-Bahia-corregido-slogan-02-300x87.png 300w, https:\/\/transparencia.bahiadebanderas.gob.mx\/wp-content\/uploads\/2018\/04\/logos-XII-Ayunta-Bahia-corregido-slogan-02-1024x298.png 1024w, https:\/\/transparencia.bahiadebanderas.gob.mx\/wp-content\/uploads\/2018\/04\/logos-XII-Ayunta-Bahia-corregido-slogan-02-768x223.png 768w, https:\/\/transparencia.bahiadebanderas.gob.mx\/wp-content\/uploads\/2018\/04\/logos-XII-Ayunta-Bahia-corregido-slogan-02-1536x447.png 1536w, https:\/\/transparencia.bahiadebanderas.gob.mx\/wp-content\/uploads\/2018\/04\/logos-XII-Ayunta-Bahia-corregido-slogan-02-2048x595.png 2048w\" sizes=\"auto, (max-width: 300px) 100vw, 300px\" \/><\/span><\/td>\n<\/tr>\n<tr style=\"height: 47px;\">\n<td style=\"width: 100%; text-align: center; height: 47px;\"><span style=\"font-family: helvetica, arial, sans-serif;\"><span style=\"color: #ffffff;\"><span style=\"font-size: 24px;\"><b>ING. DAVID DAVALOS SOTO<\/b><\/span><\/span><\/span><\/td>\n<\/tr>\n<tr style=\"height: 48px;\">\n<td style=\"width: 100%; height: 48px;\">\n<p style=\"text-align: center;\"><span style=\"color: #ffffff;\"><strong>PUESTO:<\/strong> SUBDIRECTOR DE OBRAS PUBLICAS<br \/>\n<a style=\"color: #ffffff;\" href=\"https:\/\/transparencia.bahiadebanderas.gob.mx\/ARTICULO33\/VII\/2021\/CUARTO%20TR%202021\/CURRICULUM\/LICITACIONES\/Eduardo%20Huerta%20Marcial.docx.pdf\"><span style=\"text-decoration: underline;\"><strong>CURRICULUM VITAE<\/strong><\/span><\/a><br \/>\n<strong>TEL\u00c9FONO:<\/strong> 329-2911893\u00a0 EXT 620<br \/>\n<strong>CORREO ELECTR\u00d3NICO:<\/strong> presidencia@bahiadebanderas.gob.mx<br \/>\n<strong>DIRECCI\u00d3N:<\/strong><br \/>\nCALLE MORELOS #12, CENTRO, VALLE DE BANDERAS, NAYARIT.<\/span><\/td>\n<\/tr>\n<\/tbody>\n<\/table>\n<p>[\/vc_column_text][\/vc_column][vc_column width=\u00bb1\/3&#8243;][\/vc_column][vc_column width=\u00bb1\/3&#8243;][\/vc_column][\/vc_row]<\/p>\n","protected":false},"excerpt":{"rendered":"<p>[vc_row][vc_column width=\u00bb1\/3&#8243;][vc_column_text] \u00a0 &nbsp; &nbsp; &nbsp; &nbsp; LIC. RAMON GONZALEZ URE\u00d1A PUESTO: DIRECTOR DE OBRAS P\u00daBLICAS CURRICULUM VITAE TEL\u00c9FONO: 3292911870 EXT 101 CORREO ELECTR\u00d3NICO: presidencia@bahiadebanderas.gob.mx DIRECCI\u00d3N: CALLE MORELOS #12, CENTRO, VALLE DE BANDERAS, NAYARIT. [\/vc_column_text][\/vc_column][vc_column width=\u00bb1\/3&#8243;][vc_column_text] \u00a0 &nbsp; &nbsp; &nbsp; &nbsp; PUESTO: COORDINADOR DE AREA TECNICA CURRICULUM VITAE TEL\u00c9FONO: 3292911870 EXT 101 CORREO ELECTR\u00d3NICO: presidencia@bahiadebanderas.gob.mx [&hellip;]<\/p>\n","protected":false},"author":1,"featured_media":0,"parent":0,"menu_order":0,"comment_status":"closed","ping_status":"closed","template":"","meta":{"footnotes":""},"class_list":["post-10087","page","type-page","status-publish","hentry"],"_links":{"self":[{"href":"https:\/\/transparencia.bahiadebanderas.gob.mx\/index.php?rest_route=\/wp\/v2\/pages\/10087","targetHints":{"allow":["GET"]}}],"collection":[{"href":"https:\/\/transparencia.bahiadebanderas.gob.mx\/index.php?rest_route=\/wp\/v2\/pages"}],"about":[{"href":"https:\/\/transparencia.bahiadebanderas.gob.mx\/index.php?rest_route=\/wp\/v2\/types\/page"}],"author":[{"embeddable":true,"href":"https:\/\/transparencia.bahiadebanderas.gob.mx\/index.php?rest_route=\/wp\/v2\/users\/1"}],"replies":[{"embeddable":true,"href":"https:\/\/transparencia.bahiadebanderas.gob.mx\/index.php?rest_route=%2Fwp%2Fv2%2Fcomments&post=10087"}],"version-history":[{"count":24,"href":"https:\/\/transparencia.bahiadebanderas.gob.mx\/index.php?rest_route=\/wp\/v2\/pages\/10087\/revisions"}],"predecessor-version":[{"id":21262,"href":"https:\/\/transparencia.bahiadebanderas.gob.mx\/index.php?rest_route=\/wp\/v2\/pages\/10087\/revisions\/21262"}],"wp:attachment":[{"href":"https:\/\/transparencia.bahiadebanderas.gob.mx\/index.php?rest_route=%2Fwp%2Fv2%2Fmedia&parent=10087"}],"curies":[{"name":"wp","href":"https:\/\/api.w.org\/{rel}","templated":true}]}}