{"id":10083,"date":"2021-11-04T21:54:57","date_gmt":"2021-11-04T21:54:57","guid":{"rendered":"https:\/\/transparencia.bahiadebanderas.gob.mx\/?page_id=10083"},"modified":"2025-11-24T19:51:30","modified_gmt":"2025-11-24T19:51:30","slug":"vii-directorio-proteccion-civil-y-bomberos","status":"publish","type":"page","link":"https:\/\/transparencia.bahiadebanderas.gob.mx\/?page_id=10083","title":{"rendered":"VII. Directorio\/Protecci\u00f3n Civil y Bomberos"},"content":{"rendered":"<p>[vc_row][vc_column width=\u00bb1\/3&#8243;][vc_column_text]<\/p>\n<table style=\"width: 100%; border-collapse: collapse; background-color: #82193e; height: 575px;\">\n<tbody>\n<tr style=\"height: 297px;\">\n<td style=\"width: 100%; height: 297px;\"><span style=\"color: #ffffff;\"> <img loading=\"lazy\" decoding=\"async\" class=\" wp-image-15356 aligncenter\" style=\"color: #747474; font-family: 'Open Sans', sans-serif; font-size: 14px;\" src=\"https:\/\/transparencia.bahiadebanderas.gob.mx\/wp-content\/uploads\/2018\/04\/logos-XII-Ayunta-Bahia-corregido-slogan-02-300x87.png\" alt=\"\" width=\"300\" height=\"87\" srcset=\"https:\/\/transparencia.bahiadebanderas.gob.mx\/wp-content\/uploads\/2018\/04\/logos-XII-Ayunta-Bahia-corregido-slogan-02-300x87.png 300w, https:\/\/transparencia.bahiadebanderas.gob.mx\/wp-content\/uploads\/2018\/04\/logos-XII-Ayunta-Bahia-corregido-slogan-02-1024x298.png 1024w, https:\/\/transparencia.bahiadebanderas.gob.mx\/wp-content\/uploads\/2018\/04\/logos-XII-Ayunta-Bahia-corregido-slogan-02-768x223.png 768w, https:\/\/transparencia.bahiadebanderas.gob.mx\/wp-content\/uploads\/2018\/04\/logos-XII-Ayunta-Bahia-corregido-slogan-02-1536x447.png 1536w, https:\/\/transparencia.bahiadebanderas.gob.mx\/wp-content\/uploads\/2018\/04\/logos-XII-Ayunta-Bahia-corregido-slogan-02-2048x595.png 2048w\" sizes=\"auto, (max-width: 300px) 100vw, 300px\" \/><\/span><\/td>\n<\/tr>\n<tr style=\"height: 47px;\">\n<td style=\"width: 100%; text-align: center; height: 47px;\"><span style=\"color: #ffffff; font-family: arial, helvetica, sans-serif;\"><span style=\"font-size: 24px;\"><b>LIC. LUCERO RODRIGUEZ GUTIERREZ<\/b><\/span><\/span><\/td>\n<\/tr>\n<tr style=\"height: 48px;\">\n<td style=\"width: 100%; height: 48px;\">\n<p style=\"text-align: center;\"><span style=\"color: #ffffff;\"><strong>PUESTO:<\/strong> DIRECCION DE PROTECCI\u00d3N CIVIL Y BOMBEROS<br \/>\n<span style=\"text-decoration: underline;\"><strong>CURRICULUM VITAE<\/strong><\/span><br \/>\n<strong>TEL\u00c9FONO:<\/strong> 3292911870 EXT 101<br \/>\n<strong>CORREO ELECTR\u00d3NICO:<\/strong> presidencia@bahiadebanderas.gob.mx<br \/>\n<strong>DIRECCI\u00d3N:<\/strong><br \/>\nCALLE MORELOS #12, CENTRO, VALLE DE BANDERAS, NAYARIT.<\/span><\/p>\n<\/td>\n<\/tr>\n<\/tbody>\n<\/table>\n<p>[\/vc_column_text][\/vc_column][vc_column width=\u00bb1\/3&#8243;][vc_column_text]<\/p>\n<table style=\"width: 100%; border-collapse: collapse; background-color: #82193e; height: 548px;\">\n<tbody>\n<tr style=\"height: 297px;\">\n<td style=\"width: 100%; height: 297px; padding-left: 40px;\"><span style=\"color: #ffffff;\"> <img loading=\"lazy\" decoding=\"async\" class=\"wp-image-15356 aligncenter\" style=\"color: #747474; font-family: 'Open Sans', sans-serif; font-size: 14px;\" src=\"https:\/\/transparencia.bahiadebanderas.gob.mx\/wp-content\/uploads\/2018\/04\/logos-XII-Ayunta-Bahia-corregido-slogan-02-300x87.png\" alt=\"\" width=\"300\" height=\"87\" srcset=\"https:\/\/transparencia.bahiadebanderas.gob.mx\/wp-content\/uploads\/2018\/04\/logos-XII-Ayunta-Bahia-corregido-slogan-02-300x87.png 300w, https:\/\/transparencia.bahiadebanderas.gob.mx\/wp-content\/uploads\/2018\/04\/logos-XII-Ayunta-Bahia-corregido-slogan-02-1024x298.png 1024w, https:\/\/transparencia.bahiadebanderas.gob.mx\/wp-content\/uploads\/2018\/04\/logos-XII-Ayunta-Bahia-corregido-slogan-02-768x223.png 768w, https:\/\/transparencia.bahiadebanderas.gob.mx\/wp-content\/uploads\/2018\/04\/logos-XII-Ayunta-Bahia-corregido-slogan-02-1536x447.png 1536w, https:\/\/transparencia.bahiadebanderas.gob.mx\/wp-content\/uploads\/2018\/04\/logos-XII-Ayunta-Bahia-corregido-slogan-02-2048x595.png 2048w\" sizes=\"auto, (max-width: 300px) 100vw, 300px\" \/><\/span><\/td>\n<\/tr>\n<tr style=\"height: 47px;\">\n<td style=\"width: 100%; text-align: center; height: 47px;\"><span style=\"color: #ffffff; font-family: helvetica, arial, sans-serif;\"><span style=\"font-size: 24px;\"><b>LIC. FRANCIA ABRIL LOPEZ HERNANDEZ<\/b><\/span><\/span><\/td>\n<\/tr>\n<tr style=\"height: 48px;\">\n<td style=\"width: 100%; height: 48px;\">\n<p style=\"text-align: center;\"><span style=\"color: #ffffff;\"><strong>PUESTO: <\/strong>COORDINADOR DE PLANEACION Y CAPACITACION<br \/>\n<span style=\"text-decoration: underline;\"><strong>CURRICULUM VITAE<\/strong><\/span><br \/>\n<strong>TEL\u00c9FONO:<\/strong> 3292911870 EXT 101<br \/>\n<strong>CORREO ELECTR\u00d3NICO:<\/strong> presidencia@bahiadebanderas.gob.mx<br \/>\n<strong>DIRECCI\u00d3N:<\/strong><br \/>\nCALLE MORELOS #12, CENTRO, VALLE DE BANDERAS, NAYARIT.<\/span><\/td>\n<\/tr>\n<\/tbody>\n<\/table>\n<p>[\/vc_column_text][\/vc_column][vc_column width=\u00bb1\/3&#8243;][vc_column_text]<\/p>\n<table style=\"width: 100%; border-collapse: collapse; background-color: #82193e; height: 562px;\">\n<tbody>\n<tr style=\"height: 297px;\">\n<td style=\"width: 100%; height: 297px;\"><span style=\"color: #ffffff;\"> <img loading=\"lazy\" decoding=\"async\" class=\" wp-image-15356 aligncenter\" style=\"color: #747474; font-family: 'Open Sans', sans-serif; font-size: 14px;\" src=\"https:\/\/transparencia.bahiadebanderas.gob.mx\/wp-content\/uploads\/2018\/04\/logos-XII-Ayunta-Bahia-corregido-slogan-02-300x87.png\" alt=\"\" width=\"300\" height=\"87\" srcset=\"https:\/\/transparencia.bahiadebanderas.gob.mx\/wp-content\/uploads\/2018\/04\/logos-XII-Ayunta-Bahia-corregido-slogan-02-300x87.png 300w, https:\/\/transparencia.bahiadebanderas.gob.mx\/wp-content\/uploads\/2018\/04\/logos-XII-Ayunta-Bahia-corregido-slogan-02-1024x298.png 1024w, https:\/\/transparencia.bahiadebanderas.gob.mx\/wp-content\/uploads\/2018\/04\/logos-XII-Ayunta-Bahia-corregido-slogan-02-768x223.png 768w, https:\/\/transparencia.bahiadebanderas.gob.mx\/wp-content\/uploads\/2018\/04\/logos-XII-Ayunta-Bahia-corregido-slogan-02-1536x447.png 1536w, https:\/\/transparencia.bahiadebanderas.gob.mx\/wp-content\/uploads\/2018\/04\/logos-XII-Ayunta-Bahia-corregido-slogan-02-2048x595.png 2048w\" sizes=\"auto, (max-width: 300px) 100vw, 300px\" \/><\/span><\/td>\n<\/tr>\n<tr style=\"height: 47px;\">\n<td style=\"width: 100%; text-align: center; height: 47px;\"><span style=\"color: #ffffff; font-family: helvetica, arial, sans-serif;\"><span style=\"font-size: 24px;\"><b>LIC. FERNANDO MENDOZA MARTINEZ<\/b><\/span><\/span><\/td>\n<\/tr>\n<tr style=\"height: 48px;\">\n<td style=\"width: 100%; height: 48px;\">\n<p style=\"text-align: center;\"><span style=\"color: #ffffff;\"><strong>PUESTO:<\/strong> COORDINACI\u00d3N DE INSPECCION Y VERIFICACI\u00d3N<br \/>\n<span style=\"text-decoration: underline;\"><strong>CURRICULUM VITAE<\/strong><\/span><br \/>\n<strong>TEL\u00c9FONO:<\/strong> 3292911870 EXT 101<br \/>\n<strong>CORREO ELECTR\u00d3NICO:<\/strong> presidencia@bahiadebanderas.gob.mx<br \/>\n<strong>DIRECCI\u00d3N:<\/strong><br \/>\nCALLE MORELOS #12, CENTRO, VALLE DE BANDERAS, NAYARIT.<\/span><\/p>\n<\/td>\n<\/tr>\n<\/tbody>\n<\/table>\n<p>[\/vc_column_text][\/vc_column][\/vc_row][vc_row][vc_column width=\u00bb1\/3&#8243;][vc_column_text]<\/p>\n<table style=\"width: 100%; border-collapse: collapse; background-color: #82193e; height: 562px;\">\n<tbody>\n<tr style=\"height: 297px;\">\n<td style=\"width: 100%; height: 297px;\"><span style=\"color: #ffffff;\"> <img loading=\"lazy\" decoding=\"async\" class=\" wp-image-15356 aligncenter\" style=\"color: #747474; font-family: 'Open Sans', sans-serif; font-size: 14px;\" src=\"https:\/\/transparencia.bahiadebanderas.gob.mx\/wp-content\/uploads\/2018\/04\/logos-XII-Ayunta-Bahia-corregido-slogan-02-300x87.png\" alt=\"\" width=\"300\" height=\"87\" srcset=\"https:\/\/transparencia.bahiadebanderas.gob.mx\/wp-content\/uploads\/2018\/04\/logos-XII-Ayunta-Bahia-corregido-slogan-02-300x87.png 300w, https:\/\/transparencia.bahiadebanderas.gob.mx\/wp-content\/uploads\/2018\/04\/logos-XII-Ayunta-Bahia-corregido-slogan-02-1024x298.png 1024w, https:\/\/transparencia.bahiadebanderas.gob.mx\/wp-content\/uploads\/2018\/04\/logos-XII-Ayunta-Bahia-corregido-slogan-02-768x223.png 768w, https:\/\/transparencia.bahiadebanderas.gob.mx\/wp-content\/uploads\/2018\/04\/logos-XII-Ayunta-Bahia-corregido-slogan-02-1536x447.png 1536w, https:\/\/transparencia.bahiadebanderas.gob.mx\/wp-content\/uploads\/2018\/04\/logos-XII-Ayunta-Bahia-corregido-slogan-02-2048x595.png 2048w\" sizes=\"auto, (max-width: 300px) 100vw, 300px\" \/><\/span><\/td>\n<\/tr>\n<tr style=\"height: 47px;\">\n<td style=\"width: 100%; text-align: center; height: 47px;\"><span style=\"color: #ffffff; font-family: helvetica, arial, sans-serif;\"><span style=\"font-size: 24px;\"><b>C. JOSE LUIS MARTINEZ GARCIA<\/b><\/span><\/span><\/td>\n<\/tr>\n<tr style=\"height: 48px;\">\n<td style=\"width: 100%; height: 48px;\">\n<p style=\"text-align: center;\"><span style=\"color: #ffffff;\"><strong>PUESTO:<\/strong> COORDINADOR OPERATIVO<br \/>\n<span style=\"text-decoration: underline;\"><strong>CURRICULUM VITAE<\/strong><\/span><br \/>\n<strong>TEL\u00c9FONO:<\/strong> 3292911870 EXT 101<br \/>\n<strong>CORREO ELECTR\u00d3NICO:<\/strong> presidencia@bahiadebanderas.gob.mx<br \/>\n<strong>DIRECCI\u00d3N:<\/strong><br \/>\nCALLE MORELOS #12, CENTRO, VALLE DE BANDERAS, NAYARIT.<\/span><\/td>\n<\/tr>\n<\/tbody>\n<\/table>\n<p>[\/vc_column_text][\/vc_column][vc_column width=\u00bb1\/3&#8243;][vc_column_text]<\/p>\n<table style=\"width: 100%; border-collapse: collapse; background-color: #82193e; height: 563px;\">\n<tbody>\n<tr style=\"height: 297px;\">\n<td style=\"width: 100%; height: 297px;\"><span style=\"color: #ffffff;\"> <img loading=\"lazy\" decoding=\"async\" class=\" wp-image-15356 aligncenter\" style=\"color: #747474; font-family: 'Open Sans', sans-serif; font-size: 14px;\" src=\"https:\/\/transparencia.bahiadebanderas.gob.mx\/wp-content\/uploads\/2018\/04\/logos-XII-Ayunta-Bahia-corregido-slogan-02-300x87.png\" alt=\"\" width=\"300\" height=\"87\" srcset=\"https:\/\/transparencia.bahiadebanderas.gob.mx\/wp-content\/uploads\/2018\/04\/logos-XII-Ayunta-Bahia-corregido-slogan-02-300x87.png 300w, https:\/\/transparencia.bahiadebanderas.gob.mx\/wp-content\/uploads\/2018\/04\/logos-XII-Ayunta-Bahia-corregido-slogan-02-1024x298.png 1024w, https:\/\/transparencia.bahiadebanderas.gob.mx\/wp-content\/uploads\/2018\/04\/logos-XII-Ayunta-Bahia-corregido-slogan-02-768x223.png 768w, https:\/\/transparencia.bahiadebanderas.gob.mx\/wp-content\/uploads\/2018\/04\/logos-XII-Ayunta-Bahia-corregido-slogan-02-1536x447.png 1536w, https:\/\/transparencia.bahiadebanderas.gob.mx\/wp-content\/uploads\/2018\/04\/logos-XII-Ayunta-Bahia-corregido-slogan-02-2048x595.png 2048w\" sizes=\"auto, (max-width: 300px) 100vw, 300px\" \/><\/span><\/td>\n<\/tr>\n<tr style=\"height: 47px;\">\n<td style=\"width: 100%; text-align: center; height: 47px;\"><span style=\"font-family: helvetica, arial, sans-serif;\"><span style=\"color: #ffffff;\"><span style=\"font-size: 24px;\"><b>LIC. MA. EDUWIGES ENCARNACION NU\u00d1EZ<\/b><\/span><\/span><\/span><\/td>\n<\/tr>\n<tr style=\"height: 48px;\">\n<td style=\"width: 100%; height: 48px;\">\n<p style=\"text-align: center;\"><span style=\"color: #ffffff;\"><strong>PUESTO: <\/strong>COORDINACI\u00d3N DE ATENCI\u00d3N PREHOSPITALARIA<br \/>\n<a href=\"https:\/\/transparencia.bahiadebanderas.gob.mx\/ARTICULO33\/XVII\/2022\/curriculares\/Samuel%20Baltazar.pdf\"><span style=\"text-decoration: underline;\"><strong>CURRICULUM VITAE<\/strong><\/span><\/a><br \/>\n<strong>TEL\u00c9FONO:<\/strong> 3292911870 EXT 101<br \/>\n<strong>CORREO ELECTR\u00d3NICO:<\/strong> presidencia@bahiadebanderas.gob.mx<br \/>\n<strong>DIRECCI\u00d3N:<\/strong><br \/>\nCALLE MORELOS #12, CENTRO, VALLE DE BANDERAS, NAYARIT.<\/span><\/td>\n<\/tr>\n<\/tbody>\n<\/table>\n<p>[\/vc_column_text][\/vc_column][vc_column width=\u00bb1\/3&#8243;][vc_column_text]<\/p>\n<table style=\"width: 100%; border-collapse: collapse; background-color: #82193e; height: 563px;\">\n<tbody>\n<tr style=\"height: 297px;\">\n<td style=\"width: 100%; height: 297px;\"><span style=\"color: #ffffff;\"> <img loading=\"lazy\" decoding=\"async\" class=\" wp-image-15356 aligncenter\" style=\"color: #747474; font-family: 'Open Sans', sans-serif; font-size: 14px;\" src=\"https:\/\/transparencia.bahiadebanderas.gob.mx\/wp-content\/uploads\/2018\/04\/logos-XII-Ayunta-Bahia-corregido-slogan-02-300x87.png\" alt=\"\" width=\"300\" height=\"87\" srcset=\"https:\/\/transparencia.bahiadebanderas.gob.mx\/wp-content\/uploads\/2018\/04\/logos-XII-Ayunta-Bahia-corregido-slogan-02-300x87.png 300w, https:\/\/transparencia.bahiadebanderas.gob.mx\/wp-content\/uploads\/2018\/04\/logos-XII-Ayunta-Bahia-corregido-slogan-02-1024x298.png 1024w, https:\/\/transparencia.bahiadebanderas.gob.mx\/wp-content\/uploads\/2018\/04\/logos-XII-Ayunta-Bahia-corregido-slogan-02-768x223.png 768w, https:\/\/transparencia.bahiadebanderas.gob.mx\/wp-content\/uploads\/2018\/04\/logos-XII-Ayunta-Bahia-corregido-slogan-02-1536x447.png 1536w, https:\/\/transparencia.bahiadebanderas.gob.mx\/wp-content\/uploads\/2018\/04\/logos-XII-Ayunta-Bahia-corregido-slogan-02-2048x595.png 2048w\" sizes=\"auto, (max-width: 300px) 100vw, 300px\" \/><\/span><\/td>\n<\/tr>\n<tr style=\"height: 47px;\">\n<td style=\"width: 100%; text-align: center; height: 47px;\"><span style=\"color: #ffffff; font-family: helvetica, arial, sans-serif;\"><span style=\"font-size: 24px;\"><b>C. LUIS FERNANDO TRUJILLO SEGURA<\/b><\/span><\/span><\/td>\n<\/tr>\n<tr style=\"height: 48px;\">\n<td style=\"width: 100%; height: 48px;\">\n<p style=\"text-align: center;\"><span style=\"color: #ffffff;\"><strong>PUESTO:<\/strong>COORDINACI\u00d3N DE SALVAMENTO ACUATICO<br \/>\n<span style=\"text-decoration: underline;\"><strong>CURRICULUM VITAE<\/strong><\/span><br \/>\n<strong>TEL\u00c9FONO:<\/strong> 3292911870 EXT 101<br \/>\n<strong>CORREO ELECTR\u00d3NICO:<\/strong> presidencia@bahiadebanderas.gob.mx<br \/>\n<strong>DIRECCI\u00d3N:<\/strong><br \/>\nCALLE MORELOS #12, CENTRO, VALLE DE BANDERAS, NAYARIT.<\/span><\/td>\n<\/tr>\n<\/tbody>\n<\/table>\n<p>[\/vc_column_text][\/vc_column][\/vc_row][vc_row][vc_column width=\u00bb1\/3&#8243;][vc_column_text]<\/p>\n<table style=\"width: 100%; border-collapse: collapse; background-color: #82193e; height: 563px;\">\n<tbody>\n<tr style=\"height: 297px;\">\n<td style=\"width: 100%; height: 297px;\"><span style=\"color: #ffffff;\"> <img loading=\"lazy\" decoding=\"async\" class=\" wp-image-15356 aligncenter\" style=\"color: #747474; font-family: 'Open Sans', sans-serif; font-size: 14px;\" src=\"https:\/\/transparencia.bahiadebanderas.gob.mx\/wp-content\/uploads\/2018\/04\/logos-XII-Ayunta-Bahia-corregido-slogan-02-300x87.png\" alt=\"\" width=\"300\" height=\"87\" srcset=\"https:\/\/transparencia.bahiadebanderas.gob.mx\/wp-content\/uploads\/2018\/04\/logos-XII-Ayunta-Bahia-corregido-slogan-02-300x87.png 300w, https:\/\/transparencia.bahiadebanderas.gob.mx\/wp-content\/uploads\/2018\/04\/logos-XII-Ayunta-Bahia-corregido-slogan-02-1024x298.png 1024w, https:\/\/transparencia.bahiadebanderas.gob.mx\/wp-content\/uploads\/2018\/04\/logos-XII-Ayunta-Bahia-corregido-slogan-02-768x223.png 768w, https:\/\/transparencia.bahiadebanderas.gob.mx\/wp-content\/uploads\/2018\/04\/logos-XII-Ayunta-Bahia-corregido-slogan-02-1536x447.png 1536w, https:\/\/transparencia.bahiadebanderas.gob.mx\/wp-content\/uploads\/2018\/04\/logos-XII-Ayunta-Bahia-corregido-slogan-02-2048x595.png 2048w\" sizes=\"auto, (max-width: 300px) 100vw, 300px\" \/><\/span><\/td>\n<\/tr>\n<tr style=\"height: 47px;\">\n<td style=\"width: 100%; text-align: center; height: 47px;\"><span style=\"color: #ffffff; font-family: arial, helvetica, sans-serif;\"><span style=\"font-size: 24px;\"><b>C. LEONARDO DANIEL CASTILLO GONZALEZ<\/b><\/span><\/span><\/td>\n<\/tr>\n<tr style=\"height: 48px;\">\n<td style=\"width: 100%; height: 48px;\">\n<p style=\"text-align: center;\"><span style=\"color: #ffffff;\"><strong>PUESTO: <\/strong>COORDINACION DE REDUCCION DE RIESGOS<br \/>\n<span style=\"text-decoration: underline;\"><strong>CURRICULUM VITAE<\/strong><\/span><br \/>\n<strong>TEL\u00c9FONO:<\/strong> 3292911870 EXT 101<br \/>\n<strong>CORREO ELECTR\u00d3NICO:<\/strong> presidencia@bahiadebanderas.gob.mx<br \/>\n<strong>DIRECCI\u00d3N:<\/strong><br \/>\nCALLE MORELOS #12, CENTRO, VALLE DE BANDERAS, NAYARIT.<\/span><\/td>\n<\/tr>\n<\/tbody>\n<\/table>\n<p>[\/vc_column_text][\/vc_column][vc_column width=\u00bb1\/3&#8243;][\/vc_column][vc_column width=\u00bb1\/3&#8243;][vc_column_text]<\/p>\n<table style=\"width: 100%; border-collapse: collapse; background-color: #82193e; height: 563px;\">\n<tbody>\n<tr style=\"height: 297px;\">\n<td style=\"width: 100%; height: 297px;\"><span style=\"color: #ffffff;\"> <img loading=\"lazy\" decoding=\"async\" class=\" wp-image-15356 aligncenter\" style=\"color: #747474; font-family: 'Open Sans', sans-serif; font-size: 14px;\" src=\"https:\/\/transparencia.bahiadebanderas.gob.mx\/wp-content\/uploads\/2018\/04\/logos-XII-Ayunta-Bahia-corregido-slogan-02-300x87.png\" alt=\"\" width=\"300\" height=\"87\" srcset=\"https:\/\/transparencia.bahiadebanderas.gob.mx\/wp-content\/uploads\/2018\/04\/logos-XII-Ayunta-Bahia-corregido-slogan-02-300x87.png 300w, https:\/\/transparencia.bahiadebanderas.gob.mx\/wp-content\/uploads\/2018\/04\/logos-XII-Ayunta-Bahia-corregido-slogan-02-1024x298.png 1024w, https:\/\/transparencia.bahiadebanderas.gob.mx\/wp-content\/uploads\/2018\/04\/logos-XII-Ayunta-Bahia-corregido-slogan-02-768x223.png 768w, https:\/\/transparencia.bahiadebanderas.gob.mx\/wp-content\/uploads\/2018\/04\/logos-XII-Ayunta-Bahia-corregido-slogan-02-1536x447.png 1536w, https:\/\/transparencia.bahiadebanderas.gob.mx\/wp-content\/uploads\/2018\/04\/logos-XII-Ayunta-Bahia-corregido-slogan-02-2048x595.png 2048w\" sizes=\"auto, (max-width: 300px) 100vw, 300px\" \/><\/span><\/td>\n<\/tr>\n<tr style=\"height: 47px;\">\n<td style=\"width: 100%; text-align: center; height: 47px;\"><span style=\"color: #ffffff; font-family: arial, helvetica, sans-serif;\"><span style=\"font-size: 24px;\"><b>C. JOSE SANTOS SALAS HERNANDEZ<\/b><\/span><\/span><\/td>\n<\/tr>\n<tr style=\"height: 48px;\">\n<td style=\"width: 100%; height: 48px;\">\n<p style=\"text-align: center;\"><span style=\"color: #ffffff;\"><strong>PUESTO: <\/strong>SUBDIRECTOR<br \/>\n<span style=\"text-decoration: underline;\"><strong>CURRICULUM VITAE<\/strong><\/span><br \/>\n<strong>TEL\u00c9FONO:<\/strong> 3292911870 EXT 101<br \/>\n<strong>CORREO ELECTR\u00d3NICO:<\/strong> presidencia@bahiadebanderas.gob.mx<br \/>\n<strong>DIRECCI\u00d3N:<\/strong><br \/>\nCALLE MORELOS #12, CENTRO, VALLE DE BANDERAS, NAYARIT.<\/span><\/td>\n<\/tr>\n<\/tbody>\n<\/table>\n<p>[\/vc_column_text][\/vc_column][\/vc_row]<\/p>\n","protected":false},"excerpt":{"rendered":"<p>[vc_row][vc_column width=\u00bb1\/3&#8243;][vc_column_text] LIC. LUCERO RODRIGUEZ GUTIERREZ PUESTO: DIRECCION DE PROTECCI\u00d3N CIVIL Y BOMBEROS CURRICULUM VITAE TEL\u00c9FONO: 3292911870 EXT 101 CORREO ELECTR\u00d3NICO: presidencia@bahiadebanderas.gob.mx DIRECCI\u00d3N: CALLE MORELOS #12, CENTRO, VALLE DE BANDERAS, NAYARIT. [\/vc_column_text][\/vc_column][vc_column width=\u00bb1\/3&#8243;][vc_column_text] LIC. FRANCIA ABRIL LOPEZ HERNANDEZ PUESTO: COORDINADOR DE PLANEACION Y CAPACITACION CURRICULUM VITAE TEL\u00c9FONO: 3292911870 EXT 101 CORREO ELECTR\u00d3NICO: presidencia@bahiadebanderas.gob.mx DIRECCI\u00d3N: CALLE [&hellip;]<\/p>\n","protected":false},"author":1,"featured_media":0,"parent":0,"menu_order":0,"comment_status":"closed","ping_status":"closed","template":"","meta":{"footnotes":""},"class_list":["post-10083","page","type-page","status-publish","hentry"],"_links":{"self":[{"href":"https:\/\/transparencia.bahiadebanderas.gob.mx\/index.php?rest_route=\/wp\/v2\/pages\/10083","targetHints":{"allow":["GET"]}}],"collection":[{"href":"https:\/\/transparencia.bahiadebanderas.gob.mx\/index.php?rest_route=\/wp\/v2\/pages"}],"about":[{"href":"https:\/\/transparencia.bahiadebanderas.gob.mx\/index.php?rest_route=\/wp\/v2\/types\/page"}],"author":[{"embeddable":true,"href":"https:\/\/transparencia.bahiadebanderas.gob.mx\/index.php?rest_route=\/wp\/v2\/users\/1"}],"replies":[{"embeddable":true,"href":"https:\/\/transparencia.bahiadebanderas.gob.mx\/index.php?rest_route=%2Fwp%2Fv2%2Fcomments&post=10083"}],"version-history":[{"count":33,"href":"https:\/\/transparencia.bahiadebanderas.gob.mx\/index.php?rest_route=\/wp\/v2\/pages\/10083\/revisions"}],"predecessor-version":[{"id":16755,"href":"https:\/\/transparencia.bahiadebanderas.gob.mx\/index.php?rest_route=\/wp\/v2\/pages\/10083\/revisions\/16755"}],"wp:attachment":[{"href":"https:\/\/transparencia.bahiadebanderas.gob.mx\/index.php?rest_route=%2Fwp%2Fv2%2Fmedia&parent=10083"}],"curies":[{"name":"wp","href":"https:\/\/api.w.org\/{rel}","templated":true}]}}