{"id":10075,"date":"2021-11-04T20:53:21","date_gmt":"2021-11-04T20:53:21","guid":{"rendered":"https:\/\/transparencia.bahiadebanderas.gob.mx\/?page_id=10075"},"modified":"2026-03-18T18:28:20","modified_gmt":"2026-03-18T18:28:20","slug":"vii-directorio-oficialia-mayor","status":"publish","type":"page","link":"https:\/\/transparencia.bahiadebanderas.gob.mx\/?page_id=10075","title":{"rendered":"VII. Directorio\/Oficial\u00eda Mayor"},"content":{"rendered":"<p>[vc_row][vc_column width=\u00bb1\/3&#8243;][vc_column_text]<\/p>\n<table style=\"width: 86.9195%; border-collapse: collapse; background-color: #82193e; height: 563px;\">\n<tbody>\n<tr style=\"height: 297px;\">\n<td style=\"width: 100%; height: 297px;\">\n<p><span style=\"color: #ffffff;\"> <img loading=\"lazy\" decoding=\"async\" class=\" wp-image-15356 aligncenter\" style=\"color: #747474; font-family: 'Open Sans', sans-serif; font-size: 14px;\" src=\"https:\/\/transparencia.bahiadebanderas.gob.mx\/wp-content\/uploads\/2018\/04\/logos-XII-Ayunta-Bahia-corregido-slogan-02-300x87.png\" alt=\"\" width=\"300\" height=\"87\" srcset=\"https:\/\/transparencia.bahiadebanderas.gob.mx\/wp-content\/uploads\/2018\/04\/logos-XII-Ayunta-Bahia-corregido-slogan-02-300x87.png 300w, https:\/\/transparencia.bahiadebanderas.gob.mx\/wp-content\/uploads\/2018\/04\/logos-XII-Ayunta-Bahia-corregido-slogan-02-1024x298.png 1024w, https:\/\/transparencia.bahiadebanderas.gob.mx\/wp-content\/uploads\/2018\/04\/logos-XII-Ayunta-Bahia-corregido-slogan-02-768x223.png 768w, https:\/\/transparencia.bahiadebanderas.gob.mx\/wp-content\/uploads\/2018\/04\/logos-XII-Ayunta-Bahia-corregido-slogan-02-1536x447.png 1536w, https:\/\/transparencia.bahiadebanderas.gob.mx\/wp-content\/uploads\/2018\/04\/logos-XII-Ayunta-Bahia-corregido-slogan-02-2048x595.png 2048w\" sizes=\"auto, (max-width: 300px) 100vw, 300px\" \/><\/span><\/p>\n<p><span style=\"color: #ffffff;\">\u00a0<\/span><\/td>\n<\/tr>\n<tr style=\"height: 47px;\">\n<td style=\"width: 100%; text-align: center; height: 47px;\"><span style=\"color: #ffffff; font-family: arial, helvetica, sans-serif;\"><span style=\"font-size: 24px;\"><b>C.P.A. MARTHA LILIA GARC\u00cdA SEDANO<\/b><\/span><\/span><\/td>\n<\/tr>\n<tr style=\"height: 48px;\">\n<td style=\"width: 100%; height: 48px;\">\n<p style=\"text-align: center;\"><span style=\"color: #ffffff;\"><strong>PUESTO:<\/strong> DIRECTOR DE LA OFICIALIA MAYOR ADMINISTRATIVA<br \/>\n<span style=\"text-decoration: underline;\"><strong>CURRICULUM VITAE<\/strong><\/span><br \/>\n<strong>TEL\u00c9FONO:<\/strong> 3292911870 EXT 101<br \/>\n<strong>CORREO ELECTR\u00d3NICO:<\/strong> presidencia@bahiadebanderas.gob.mx<br \/>\n<strong>DIRECCI\u00d3N:<\/strong><br \/>\nCALLE MORELOS #12, CENTRO, VALLE DE BANDERAS, NAYARIT.<\/span><\/td>\n<\/tr>\n<\/tbody>\n<\/table>\n<p>[\/vc_column_text][vc_column_text]<\/p>\n<table style=\"width: 86.9195%; border-collapse: collapse; background-color: #82193e; height: 563px;\">\n<tbody>\n<tr style=\"height: 297px;\">\n<td style=\"width: 100%; height: 297px;\"><span style=\"color: #ffffff;\"> <img loading=\"lazy\" decoding=\"async\" class=\" wp-image-15356 aligncenter\" style=\"color: #747474; font-family: 'Open Sans', sans-serif; font-size: 14px;\" src=\"https:\/\/transparencia.bahiadebanderas.gob.mx\/wp-content\/uploads\/2018\/04\/logos-XII-Ayunta-Bahia-corregido-slogan-02-300x87.png\" alt=\"\" width=\"300\" height=\"87\" srcset=\"https:\/\/transparencia.bahiadebanderas.gob.mx\/wp-content\/uploads\/2018\/04\/logos-XII-Ayunta-Bahia-corregido-slogan-02-300x87.png 300w, https:\/\/transparencia.bahiadebanderas.gob.mx\/wp-content\/uploads\/2018\/04\/logos-XII-Ayunta-Bahia-corregido-slogan-02-1024x298.png 1024w, https:\/\/transparencia.bahiadebanderas.gob.mx\/wp-content\/uploads\/2018\/04\/logos-XII-Ayunta-Bahia-corregido-slogan-02-768x223.png 768w, https:\/\/transparencia.bahiadebanderas.gob.mx\/wp-content\/uploads\/2018\/04\/logos-XII-Ayunta-Bahia-corregido-slogan-02-1536x447.png 1536w, https:\/\/transparencia.bahiadebanderas.gob.mx\/wp-content\/uploads\/2018\/04\/logos-XII-Ayunta-Bahia-corregido-slogan-02-2048x595.png 2048w\" sizes=\"auto, (max-width: 300px) 100vw, 300px\" \/><\/span><\/td>\n<\/tr>\n<tr style=\"height: 47px;\">\n<td style=\"width: 100%; text-align: center; height: 47px;\"><span style=\"font-size: 18pt; color: #ffffff;\"><strong><span style=\"font-family: helvetica, arial, sans-serif;\">LIC. JESUS ANTHONEL Y NAVA CASTRO<\/span><\/strong><\/span><\/td>\n<\/tr>\n<tr style=\"height: 48px;\">\n<td style=\"width: 100%; height: 48px;\">\n<p style=\"text-align: center;\"><span style=\"color: #ffffff;\"><strong>PUESTO:<\/strong> JEFATURA DE INFORM\u00c1TICA, SISTEMAS Y APOYO TECNOL\u00d3GICO<br \/>\n<span style=\"text-decoration: underline;\"><strong>CURRICULUM VITAE<\/strong><\/span><br \/>\n<strong>TEL\u00c9FONO:<\/strong> 3292911870 EXT 101<br \/>\n<strong>CORREO ELECTR\u00d3NICO:<\/strong> presidencia@bahiadebanderas.gob.mx<br \/>\n<strong>DIRECCI\u00d3N:<\/strong><br \/>\nCALLE MORELOS #12, CENTRO, VALLE DE BANDERAS, NAYARIT.<\/span><\/td>\n<\/tr>\n<\/tbody>\n<\/table>\n<p>[\/vc_column_text][\/vc_column][vc_column width=\u00bb1\/3&#8243;][vc_column_text]<\/p>\n<table style=\"width: 86.9195%; border-collapse: collapse; background-color: #82193e; height: 563px;\">\n<tbody>\n<tr style=\"height: 297px;\">\n<td style=\"width: 100%; height: 297px;\"><span style=\"color: #ffffff;\"> <img loading=\"lazy\" decoding=\"async\" class=\" wp-image-15356 aligncenter\" style=\"color: #747474; font-family: 'Open Sans', sans-serif; font-size: 14px;\" src=\"https:\/\/transparencia.bahiadebanderas.gob.mx\/wp-content\/uploads\/2018\/04\/logos-XII-Ayunta-Bahia-corregido-slogan-02-300x87.png\" alt=\"\" width=\"300\" height=\"87\" srcset=\"https:\/\/transparencia.bahiadebanderas.gob.mx\/wp-content\/uploads\/2018\/04\/logos-XII-Ayunta-Bahia-corregido-slogan-02-300x87.png 300w, https:\/\/transparencia.bahiadebanderas.gob.mx\/wp-content\/uploads\/2018\/04\/logos-XII-Ayunta-Bahia-corregido-slogan-02-1024x298.png 1024w, https:\/\/transparencia.bahiadebanderas.gob.mx\/wp-content\/uploads\/2018\/04\/logos-XII-Ayunta-Bahia-corregido-slogan-02-768x223.png 768w, https:\/\/transparencia.bahiadebanderas.gob.mx\/wp-content\/uploads\/2018\/04\/logos-XII-Ayunta-Bahia-corregido-slogan-02-1536x447.png 1536w, https:\/\/transparencia.bahiadebanderas.gob.mx\/wp-content\/uploads\/2018\/04\/logos-XII-Ayunta-Bahia-corregido-slogan-02-2048x595.png 2048w\" sizes=\"auto, (max-width: 300px) 100vw, 300px\" \/><\/span><\/td>\n<\/tr>\n<tr style=\"height: 47px;\">\n<td style=\"width: 100%; text-align: center; height: 47px;\"><span style=\"color: #ffffff; font-family: arial, helvetica, sans-serif;\"><span style=\"font-size: 24px;\"><b>C. YOSHIO RAFAEL GARCIA SALAS<\/b><\/span><\/span><\/td>\n<\/tr>\n<tr style=\"height: 48px;\">\n<td style=\"width: 100%; height: 48px;\">\n<p style=\"text-align: center;\"><span style=\"color: #ffffff;\"><strong>PUESTO:<\/strong> JEFATURA DE TALLER MUNICIPAL<br \/>\n<span style=\"text-decoration: underline;\"><strong>CURRICULUM VITAE<\/strong><\/span><br \/>\n<strong>TEL\u00c9FONO:<\/strong> 3292911870 EXT 101<br \/>\n<strong>CORREO ELECTR\u00d3NICO:<\/strong> presidencia@bahiadebanderas.gob.mx<br \/>\n<strong>DIRECCI\u00d3N:<\/strong><br \/>\nCALLE MORELOS #12, CENTRO, VALLE DE BANDERAS, NAYARIT.<\/span><\/td>\n<\/tr>\n<\/tbody>\n<\/table>\n<p>[\/vc_column_text][vc_column_text]<\/p>\n<table style=\"width: 86.9195%; border-collapse: collapse; background-color: #82193e; height: 563px;\">\n<tbody>\n<tr style=\"height: 297px;\">\n<td style=\"width: 100%; height: 297px;\"><span style=\"color: #ffffff;\"> <img loading=\"lazy\" decoding=\"async\" class=\" wp-image-15356 aligncenter\" style=\"color: #747474; font-family: 'Open Sans', sans-serif; font-size: 14px;\" src=\"https:\/\/transparencia.bahiadebanderas.gob.mx\/wp-content\/uploads\/2018\/04\/logos-XII-Ayunta-Bahia-corregido-slogan-02-300x87.png\" alt=\"\" width=\"300\" height=\"87\" srcset=\"https:\/\/transparencia.bahiadebanderas.gob.mx\/wp-content\/uploads\/2018\/04\/logos-XII-Ayunta-Bahia-corregido-slogan-02-300x87.png 300w, https:\/\/transparencia.bahiadebanderas.gob.mx\/wp-content\/uploads\/2018\/04\/logos-XII-Ayunta-Bahia-corregido-slogan-02-1024x298.png 1024w, https:\/\/transparencia.bahiadebanderas.gob.mx\/wp-content\/uploads\/2018\/04\/logos-XII-Ayunta-Bahia-corregido-slogan-02-768x223.png 768w, https:\/\/transparencia.bahiadebanderas.gob.mx\/wp-content\/uploads\/2018\/04\/logos-XII-Ayunta-Bahia-corregido-slogan-02-1536x447.png 1536w, https:\/\/transparencia.bahiadebanderas.gob.mx\/wp-content\/uploads\/2018\/04\/logos-XII-Ayunta-Bahia-corregido-slogan-02-2048x595.png 2048w\" sizes=\"auto, (max-width: 300px) 100vw, 300px\" \/><\/span><\/td>\n<\/tr>\n<tr style=\"height: 47px;\">\n<td style=\"width: 100%; text-align: center; height: 47px;\">\n<h4><span style=\"color: #ffffff;\">C. KATYA JAZMIN PRECIADO BA\u00d1UELOS<\/span><\/h4>\n<\/td>\n<\/tr>\n<tr style=\"height: 48px;\">\n<td style=\"width: 100%; height: 48px;\">\n<p style=\"text-align: center;\"><span style=\"color: #ffffff;\"><strong>PUESTO:<\/strong> JEFATURA DE SERVICIOS GENERALES<br \/>\n<span style=\"text-decoration: underline;\"><strong>CURRICULUM VITAE<\/strong><\/span><br \/>\n<strong>TEL\u00c9FONO:<\/strong> 3292911870 EXT 101<br \/>\n<strong>CORREO ELECTR\u00d3NICO:<\/strong> presidencia@bahiadebanderas.gob.mx<br \/>\n<strong>DIRECCI\u00d3N:<\/strong><br \/>\nCALLE MORELOS #12, CENTRO, VALLE DE BANDERAS, NAYARIT.<\/span><\/p>\n<\/td>\n<\/tr>\n<\/tbody>\n<\/table>\n<p>[\/vc_column_text][vc_column_text]<\/p>\n<table style=\"width: 86.9195%; border-collapse: collapse; background-color: #82193e; height: 563px;\">\n<tbody>\n<tr style=\"height: 297px;\">\n<td style=\"width: 100%; height: 297px;\"><span style=\"color: #ffffff;\"> <img loading=\"lazy\" decoding=\"async\" class=\" wp-image-15356 aligncenter\" style=\"color: #747474; font-family: 'Open Sans', sans-serif; font-size: 14px;\" src=\"https:\/\/transparencia.bahiadebanderas.gob.mx\/wp-content\/uploads\/2018\/04\/logos-XII-Ayunta-Bahia-corregido-slogan-02-300x87.png\" alt=\"\" width=\"300\" height=\"87\" srcset=\"https:\/\/transparencia.bahiadebanderas.gob.mx\/wp-content\/uploads\/2018\/04\/logos-XII-Ayunta-Bahia-corregido-slogan-02-300x87.png 300w, https:\/\/transparencia.bahiadebanderas.gob.mx\/wp-content\/uploads\/2018\/04\/logos-XII-Ayunta-Bahia-corregido-slogan-02-1024x298.png 1024w, https:\/\/transparencia.bahiadebanderas.gob.mx\/wp-content\/uploads\/2018\/04\/logos-XII-Ayunta-Bahia-corregido-slogan-02-768x223.png 768w, https:\/\/transparencia.bahiadebanderas.gob.mx\/wp-content\/uploads\/2018\/04\/logos-XII-Ayunta-Bahia-corregido-slogan-02-1536x447.png 1536w, https:\/\/transparencia.bahiadebanderas.gob.mx\/wp-content\/uploads\/2018\/04\/logos-XII-Ayunta-Bahia-corregido-slogan-02-2048x595.png 2048w\" sizes=\"auto, (max-width: 300px) 100vw, 300px\" \/><\/span><\/td>\n<\/tr>\n<tr style=\"height: 47px;\">\n<td style=\"width: 100%; text-align: center; height: 47px;\"><span style=\"color: #ffffff; font-family: arial, helvetica, sans-serif;\"><span style=\"font-size: 24px;\"><b>ING. JUAN ANTONIO SANTIAGO BUGARIN<\/b><\/span><\/span><\/td>\n<\/tr>\n<tr style=\"height: 48px;\">\n<td style=\"width: 100%; height: 48px;\">\n<p style=\"text-align: center;\"><span style=\"color: #ffffff;\"><strong>PUESTO:<\/strong> JEFATURA DE PATRIMONIO MUNICIPAL<br \/>\n<span style=\"text-decoration: underline;\"><strong>CURRICULUM VITAE<\/strong><\/span><br \/>\n<strong>TEL\u00c9FONO:<\/strong> 3292911870 EXT 101<br \/>\n<strong>CORREO ELECTR\u00d3NICO:<\/strong> presidencia@bahiadebanderas.gob.mx<br \/>\n<strong>DIRECCI\u00d3N:<\/strong><br \/>\nCALLE MORELOS #12, CENTRO, VALLE DE BANDERAS, NAYARIT.<\/span><\/td>\n<\/tr>\n<\/tbody>\n<\/table>\n<p>[\/vc_column_text][\/vc_column][vc_column width=\u00bb1\/3&#8243;][vc_column_text]<\/p>\n<table style=\"width: 86.9195%; border-collapse: collapse; background-color: #82193e; height: 563px;\">\n<tbody>\n<tr style=\"height: 297px;\">\n<td style=\"width: 100%; height: 297px;\"><span style=\"color: #ffffff;\"> <img loading=\"lazy\" decoding=\"async\" class=\" wp-image-15356 aligncenter\" style=\"color: #747474; font-family: 'Open Sans', sans-serif; font-size: 14px;\" src=\"https:\/\/transparencia.bahiadebanderas.gob.mx\/wp-content\/uploads\/2018\/04\/logos-XII-Ayunta-Bahia-corregido-slogan-02-300x87.png\" alt=\"\" width=\"300\" height=\"87\" srcset=\"https:\/\/transparencia.bahiadebanderas.gob.mx\/wp-content\/uploads\/2018\/04\/logos-XII-Ayunta-Bahia-corregido-slogan-02-300x87.png 300w, https:\/\/transparencia.bahiadebanderas.gob.mx\/wp-content\/uploads\/2018\/04\/logos-XII-Ayunta-Bahia-corregido-slogan-02-1024x298.png 1024w, https:\/\/transparencia.bahiadebanderas.gob.mx\/wp-content\/uploads\/2018\/04\/logos-XII-Ayunta-Bahia-corregido-slogan-02-768x223.png 768w, https:\/\/transparencia.bahiadebanderas.gob.mx\/wp-content\/uploads\/2018\/04\/logos-XII-Ayunta-Bahia-corregido-slogan-02-1536x447.png 1536w, https:\/\/transparencia.bahiadebanderas.gob.mx\/wp-content\/uploads\/2018\/04\/logos-XII-Ayunta-Bahia-corregido-slogan-02-2048x595.png 2048w\" sizes=\"auto, (max-width: 300px) 100vw, 300px\" \/><\/span><\/td>\n<\/tr>\n<tr style=\"height: 47px;\">\n<td style=\"width: 100%; text-align: center; height: 47px;\"><span style=\"color: #ffffff; font-family: arial, helvetica, sans-serif;\"><span style=\"font-size: 24px;\"><b>LIC. DANIEL EZEQUIEL LOPEZ SANCHEZ<\/b><\/span><\/span><\/td>\n<\/tr>\n<tr style=\"height: 48px;\">\n<td style=\"width: 100%; height: 48px;\">\n<p style=\"text-align: center;\"><span style=\"color: #ffffff;\"><strong>PUESTO:<\/strong> JEFATURA DE NOMINAS<br \/>\n<span style=\"text-decoration: underline;\"><strong>CURRICULUM VITAE<\/strong><\/span><br \/>\n<strong>TEL\u00c9FONO:<\/strong> 3292911870 EXT 101<br \/>\n<strong>CORREO ELECTR\u00d3NICO:<\/strong> presidencia@bahiadebanderas.gob.mx<br \/>\n<strong>DIRECCI\u00d3N:<\/strong><br \/>\nCALLE MORELOS #12, CENTRO, VALLE DE BANDERAS, NAYARIT.<\/span><\/p>\n<\/td>\n<\/tr>\n<\/tbody>\n<\/table>\n<p>[\/vc_column_text][vc_column_text]<\/p>\n<table style=\"width: 86.9195%; border-collapse: collapse; background-color: #82193e; height: 563px;\">\n<tbody>\n<tr style=\"height: 297px;\">\n<td style=\"width: 100%; height: 297px;\"><span style=\"color: #ffffff;\"> <img loading=\"lazy\" decoding=\"async\" class=\" wp-image-15356 aligncenter\" style=\"color: #747474; font-family: 'Open Sans', sans-serif; font-size: 14px;\" src=\"https:\/\/transparencia.bahiadebanderas.gob.mx\/wp-content\/uploads\/2018\/04\/logos-XII-Ayunta-Bahia-corregido-slogan-02-300x87.png\" alt=\"\" width=\"300\" height=\"87\" srcset=\"https:\/\/transparencia.bahiadebanderas.gob.mx\/wp-content\/uploads\/2018\/04\/logos-XII-Ayunta-Bahia-corregido-slogan-02-300x87.png 300w, https:\/\/transparencia.bahiadebanderas.gob.mx\/wp-content\/uploads\/2018\/04\/logos-XII-Ayunta-Bahia-corregido-slogan-02-1024x298.png 1024w, https:\/\/transparencia.bahiadebanderas.gob.mx\/wp-content\/uploads\/2018\/04\/logos-XII-Ayunta-Bahia-corregido-slogan-02-768x223.png 768w, https:\/\/transparencia.bahiadebanderas.gob.mx\/wp-content\/uploads\/2018\/04\/logos-XII-Ayunta-Bahia-corregido-slogan-02-1536x447.png 1536w, https:\/\/transparencia.bahiadebanderas.gob.mx\/wp-content\/uploads\/2018\/04\/logos-XII-Ayunta-Bahia-corregido-slogan-02-2048x595.png 2048w\" sizes=\"auto, (max-width: 300px) 100vw, 300px\" \/><\/span><\/td>\n<\/tr>\n<tr style=\"height: 47px;\">\n<td style=\"width: 100%; text-align: center; height: 47px;\"><span style=\"color: #ffffff; font-family: arial, helvetica, sans-serif;\"><span style=\"font-size: 24px;\"><b>C. DOLORES DULCE ELENA LOPEZ DIAZ<\/b><\/span><\/span><\/td>\n<\/tr>\n<tr style=\"height: 48px;\">\n<td style=\"width: 100%; height: 48px;\">\n<p style=\"text-align: center;\"><span style=\"color: #ffffff;\"><strong>PUESTO:<\/strong> JEFATURA DE RECURSOS HUMANOS<br \/>\n<span style=\"text-decoration: underline;\"><strong>CURRICULUM VITAE<\/strong><\/span><br \/>\n<strong>TEL\u00c9FONO:<\/strong> 3292911870 EXT 101<br \/>\n<strong>CORREO ELECTR\u00d3NICO:<\/strong> presidencia@bahiadebanderas.gob.mx<br \/>\n<strong>DIRECCI\u00d3N:<\/strong><br \/>\nCALLE MORELOS #12, CENTRO, VALLE DE BANDERAS, NAYARIT.<\/span><\/td>\n<\/tr>\n<\/tbody>\n<\/table>\n<p>[\/vc_column_text][vc_column_text]<\/p>\n<table style=\"width: 86.9195%; border-collapse: collapse; background-color: #82193e; height: 563px;\">\n<tbody>\n<tr style=\"height: 297px;\">\n<td style=\"width: 100%; height: 297px;\"><span style=\"color: #ffffff;\"> <img loading=\"lazy\" decoding=\"async\" class=\" wp-image-15356 aligncenter\" style=\"color: #747474; font-family: 'Open Sans', sans-serif; font-size: 14px;\" src=\"https:\/\/transparencia.bahiadebanderas.gob.mx\/wp-content\/uploads\/2018\/04\/logos-XII-Ayunta-Bahia-corregido-slogan-02-300x87.png\" alt=\"\" width=\"300\" height=\"87\" srcset=\"https:\/\/transparencia.bahiadebanderas.gob.mx\/wp-content\/uploads\/2018\/04\/logos-XII-Ayunta-Bahia-corregido-slogan-02-300x87.png 300w, https:\/\/transparencia.bahiadebanderas.gob.mx\/wp-content\/uploads\/2018\/04\/logos-XII-Ayunta-Bahia-corregido-slogan-02-1024x298.png 1024w, https:\/\/transparencia.bahiadebanderas.gob.mx\/wp-content\/uploads\/2018\/04\/logos-XII-Ayunta-Bahia-corregido-slogan-02-768x223.png 768w, https:\/\/transparencia.bahiadebanderas.gob.mx\/wp-content\/uploads\/2018\/04\/logos-XII-Ayunta-Bahia-corregido-slogan-02-1536x447.png 1536w, https:\/\/transparencia.bahiadebanderas.gob.mx\/wp-content\/uploads\/2018\/04\/logos-XII-Ayunta-Bahia-corregido-slogan-02-2048x595.png 2048w\" sizes=\"auto, (max-width: 300px) 100vw, 300px\" \/><\/span><\/td>\n<\/tr>\n<tr style=\"height: 47px;\">\n<td style=\"width: 100%; text-align: center; height: 47px;\"><span style=\"font-family: arial, helvetica, sans-serif;\"><strong><span style=\"color: #ffffff; font-size: 18pt;\">LIC.JUAN ANTONIO CONTRERAS RODRIGUEZ<\/span><\/strong><\/span><\/td>\n<\/tr>\n<tr style=\"height: 48px;\">\n<td style=\"width: 100%; height: 48px;\">\n<p style=\"text-align: center;\"><span style=\"color: #ffffff;\"><strong>PUESTO:<\/strong> SUBDIRECTOR ADMINISTRATIVO<br \/>\n<span style=\"text-decoration: underline;\"><strong>CURRICULUM VITAE<\/strong><\/span><br \/>\n<strong>TEL\u00c9FONO:<\/strong> 3292911870 EXT 101<br \/>\n<strong>CORREO ELECTR\u00d3NICO:<\/strong> presidencia@bahiadebanderas.gob.mx<br \/>\n<strong>DIRECCI\u00d3N:<\/strong><br \/>\nCALLE MORELOS #12, CENTRO, VALLE DE BANDERAS, NAYARIT.<\/span><\/td>\n<\/tr>\n<\/tbody>\n<\/table>\n<p>[\/vc_column_text][\/vc_column][\/vc_row]<\/p>\n","protected":false},"excerpt":{"rendered":"<p>[vc_row][vc_column width=\u00bb1\/3&#8243;][vc_column_text] \u00a0 C.P.A. MARTHA LILIA GARC\u00cdA SEDANO PUESTO: DIRECTOR DE LA OFICIALIA MAYOR ADMINISTRATIVA CURRICULUM VITAE TEL\u00c9FONO: 3292911870 EXT 101 CORREO ELECTR\u00d3NICO: presidencia@bahiadebanderas.gob.mx DIRECCI\u00d3N: CALLE MORELOS #12, CENTRO, VALLE DE BANDERAS, NAYARIT. [\/vc_column_text][vc_column_text] LIC. JESUS ANTHONEL Y NAVA CASTRO PUESTO: JEFATURA DE INFORM\u00c1TICA, SISTEMAS Y APOYO TECNOL\u00d3GICO CURRICULUM VITAE TEL\u00c9FONO: 3292911870 EXT 101 CORREO [&hellip;]<\/p>\n","protected":false},"author":1,"featured_media":0,"parent":0,"menu_order":0,"comment_status":"closed","ping_status":"closed","template":"","meta":{"footnotes":""},"class_list":["post-10075","page","type-page","status-publish","hentry"],"_links":{"self":[{"href":"https:\/\/transparencia.bahiadebanderas.gob.mx\/index.php?rest_route=\/wp\/v2\/pages\/10075","targetHints":{"allow":["GET"]}}],"collection":[{"href":"https:\/\/transparencia.bahiadebanderas.gob.mx\/index.php?rest_route=\/wp\/v2\/pages"}],"about":[{"href":"https:\/\/transparencia.bahiadebanderas.gob.mx\/index.php?rest_route=\/wp\/v2\/types\/page"}],"author":[{"embeddable":true,"href":"https:\/\/transparencia.bahiadebanderas.gob.mx\/index.php?rest_route=\/wp\/v2\/users\/1"}],"replies":[{"embeddable":true,"href":"https:\/\/transparencia.bahiadebanderas.gob.mx\/index.php?rest_route=%2Fwp%2Fv2%2Fcomments&post=10075"}],"version-history":[{"count":39,"href":"https:\/\/transparencia.bahiadebanderas.gob.mx\/index.php?rest_route=\/wp\/v2\/pages\/10075\/revisions"}],"predecessor-version":[{"id":21259,"href":"https:\/\/transparencia.bahiadebanderas.gob.mx\/index.php?rest_route=\/wp\/v2\/pages\/10075\/revisions\/21259"}],"wp:attachment":[{"href":"https:\/\/transparencia.bahiadebanderas.gob.mx\/index.php?rest_route=%2Fwp%2Fv2%2Fmedia&parent=10075"}],"curies":[{"name":"wp","href":"https:\/\/api.w.org\/{rel}","templated":true}]}}